{"id":35857,"date":"2025-11-30T15:28:37","date_gmt":"2025-11-30T21:28:37","guid":{"rendered":"https:\/\/brakkeconsulting.com\/?post_type=product&#038;p=35857"},"modified":"2025-12-01T09:28:55","modified_gmt":"2025-12-01T15:28:55","slug":"tails-of-talent-branding-lessons-to-win-the-talent-game","status":"publish","type":"product","link":"https:\/\/brakkeconsulting.com\/pt\/produto\/tails-of-talent-branding-lessons-to-win-the-talent-game\/","title":{"rendered":"Hist\u00f3rias de Talento: Li\u00e7\u00f5es de Branding para Vencer a Concorr\u00eancia na \u00c1rea de Recrutamento"},"content":{"rendered":"<div dir=\"ltr\"><span data-olk-copy-source=\"MessageBody\">Hist\u00f3rias de Talento: Li\u00e7\u00f5es de Branding para Vencer a Concorr\u00eancia na \u00c1rea de Recrutamento<br \/>\n<\/span><i><i><i><i><i><i>Por que a reputa\u00e7\u00e3o da marca \u2014 e n\u00e3o apenas as t\u00e1ticas de recrutamento \u2014 determina quem voc\u00ea pode contratar.<\/i><\/i><\/i><\/i><\/i><\/i><\/div>\n<div dir=\"ltr\"><\/div>\n<div dir=\"ltr\"><\/div>\n<div dir=\"ltr\"><\/div>\n<div dir=\"ltr\"><\/div>\n<div dir=\"ltr\">\n<p><b>VMX<\/b> Segunda-feira, 19 de janeiro | 10:00 \u2013 11:00 \u2013 <b><span data-olk-copy-source=\"MessageBody\">Sal\u00e3o de baile da Fl\u00f3rida, Col\u00fambia Brit\u00e2nica<\/span><\/b><\/p>\n<div dir=\"ltr\">\n<p><b>Ocidental<\/b> Segunda-feira, 16 de fevereiro | 10:00 \u2013 11:00 \u2013 <b><span data-olk-copy-source=\"MessageBody\">Sal\u00e3o de Baile Four Seasons 4<\/span><\/b><\/p>\n<p>&nbsp;<\/p>\n<p>*Por favor, indique na se\u00e7\u00e3o de coment\u00e1rios para qual sess\u00e3o voc\u00ea est\u00e1 se inscrevendo.*<\/p>\n<\/div>\n<div dir=\"ltr\">\n<p>Voc\u00ea tamb\u00e9m pode <a href=\"mailto:amcdavid@brakkeconsulting.com?subject=Industry%20Overview\">e-mail Amanda McDavid\u00a0<\/a>ou ligue para 336-396-3916.<\/p>\n<\/div>\n<\/div>","protected":false},"excerpt":{"rendered":"<p><strong>*Observe que a cobran\u00e7a pode refletir empregos em sa\u00fade animal*<\/strong><\/p>","protected":false},"featured_media":35859,"comment_status":"closed","ping_status":"closed","template":"","meta":{"_acf_changed":false,"_et_pb_use_builder":"","_et_pb_old_content":"","_et_gb_content_width":"","_links_to":"","_links_to_target":""},"product_brand":[],"product_cat":[31],"product_tag":[],"class_list":{"0":"post-35857","1":"product","2":"type-product","3":"status-publish","4":"has-post-thumbnail","6":"product_cat-events","8":"first","9":"instock","10":"shipping-taxable","11":"purchasable","12":"product-type-simple"},"acf":[],"yoast_head":"<!-- This site is optimized with the Yoast SEO plugin v27.0 - https:\/\/yoast.com\/product\/yoast-seo-wordpress\/ -->\n<title>Tails of Talent: Branding Lessons to Win the Talent Game | Brakke Consulting Website<\/title>\n<meta name=\"robots\" content=\"index, follow, max-snippet:-1, max-image-preview:large, max-video-preview:-1\" \/>\n<link rel=\"canonical\" href=\"https:\/\/brakkeconsulting.com\/pt\/produto\/tails-of-talent-branding-lessons-to-win-the-talent-game\/\" \/>\n<meta property=\"og:locale\" content=\"pt_PT\" \/>\n<meta property=\"og:type\" content=\"article\" \/>\n<meta property=\"og:title\" content=\"Tails of Talent: Branding Lessons to Win the Talent Game | Brakke Consulting Website\" \/>\n<meta property=\"og:description\" content=\"*Please note the charge may reflect as Animal Health Jobs*\" \/>\n<meta property=\"og:url\" content=\"https:\/\/brakkeconsulting.com\/pt\/produto\/tails-of-talent-branding-lessons-to-win-the-talent-game\/\" \/>\n<meta property=\"og:site_name\" content=\"Brakke Consulting Website\" \/>\n<meta property=\"article:modified_time\" content=\"2025-12-01T15:28:55+00:00\" \/>\n<meta property=\"og:image\" content=\"https:\/\/brakkeconsulting.com\/wp-content\/uploads\/2025\/11\/Brakke-Search-Logo.png\" \/>\n\t<meta property=\"og:image:width\" content=\"252\" \/>\n\t<meta property=\"og:image:height\" content=\"261\" \/>\n\t<meta property=\"og:image:type\" content=\"image\/png\" \/>\n<meta name=\"twitter:card\" content=\"summary_large_image\" \/>\n<meta name=\"twitter:label1\" content=\"Tempo estimado de leitura\" \/>\n\t<meta name=\"twitter:data1\" content=\"1 minuto\" \/>\n<script type=\"application\/ld+json\" class=\"yoast-schema-graph\">{\"@context\":\"https:\/\/schema.org\",\"@graph\":[{\"@type\":\"WebPage\",\"@id\":\"https:\/\/brakkeconsulting.com\/zh\/product\/tails-of-talent-branding-lessons-to-win-the-talent-game\/\",\"url\":\"https:\/\/brakkeconsulting.com\/zh\/product\/tails-of-talent-branding-lessons-to-win-the-talent-game\/\",\"name\":\"Tails of Talent: Branding Lessons to Win the Talent Game | Brakke Consulting Website\",\"isPartOf\":{\"@id\":\"https:\/\/brakkeconsulting.com\/#website\"},\"primaryImageOfPage\":{\"@id\":\"https:\/\/brakkeconsulting.com\/zh\/product\/tails-of-talent-branding-lessons-to-win-the-talent-game\/#primaryimage\"},\"image\":{\"@id\":\"https:\/\/brakkeconsulting.com\/zh\/product\/tails-of-talent-branding-lessons-to-win-the-talent-game\/#primaryimage\"},\"thumbnailUrl\":\"https:\/\/brakkeconsulting.com\/wp-content\/uploads\/2025\/11\/Brakke-Search-Logo.png\",\"datePublished\":\"2025-11-30T21:28:37+00:00\",\"dateModified\":\"2025-12-01T15:28:55+00:00\",\"breadcrumb\":{\"@id\":\"https:\/\/brakkeconsulting.com\/zh\/product\/tails-of-talent-branding-lessons-to-win-the-talent-game\/#breadcrumb\"},\"inLanguage\":\"pt-PT\",\"potentialAction\":[{\"@type\":\"ReadAction\",\"target\":[\"https:\/\/brakkeconsulting.com\/zh\/product\/tails-of-talent-branding-lessons-to-win-the-talent-game\/\"]}]},{\"@type\":\"ImageObject\",\"inLanguage\":\"pt-PT\",\"@id\":\"https:\/\/brakkeconsulting.com\/zh\/product\/tails-of-talent-branding-lessons-to-win-the-talent-game\/#primaryimage\",\"url\":\"https:\/\/brakkeconsulting.com\/wp-content\/uploads\/2025\/11\/Brakke-Search-Logo.png\",\"contentUrl\":\"https:\/\/brakkeconsulting.com\/wp-content\/uploads\/2025\/11\/Brakke-Search-Logo.png\",\"width\":252,\"height\":261},{\"@type\":\"BreadcrumbList\",\"@id\":\"https:\/\/brakkeconsulting.com\/zh\/product\/tails-of-talent-branding-lessons-to-win-the-talent-game\/#breadcrumb\",\"itemListElement\":[{\"@type\":\"ListItem\",\"position\":1,\"name\":\"Home\",\"item\":\"https:\/\/brakkeconsulting.com\/\"},{\"@type\":\"ListItem\",\"position\":2,\"name\":\"Shop\",\"item\":\"https:\/\/brakkeconsulting.com\/shop\/\"},{\"@type\":\"ListItem\",\"position\":3,\"name\":\"Tails of Talent: Branding Lessons to Win the Talent Game\"}]},{\"@type\":\"WebSite\",\"@id\":\"https:\/\/brakkeconsulting.com\/#website\",\"url\":\"https:\/\/brakkeconsulting.com\/\",\"name\":\"Brakke Consulting Website\",\"description\":\"\",\"potentialAction\":[{\"@type\":\"SearchAction\",\"target\":{\"@type\":\"EntryPoint\",\"urlTemplate\":\"https:\/\/brakkeconsulting.com\/?s={search_term_string}\"},\"query-input\":{\"@type\":\"PropertyValueSpecification\",\"valueRequired\":true,\"valueName\":\"search_term_string\"}}],\"inLanguage\":\"pt-PT\"}]}<\/script>\n<!-- \/ Yoast SEO plugin. -->","yoast_head_json":{"title":"Hist\u00f3rias de Talento: Li\u00e7\u00f5es de Branding para Vencer a Jornada dos Talentos | Site da Brakke Consulting","robots":{"index":"index","follow":"follow","max-snippet":"max-snippet:-1","max-image-preview":"max-image-preview:large","max-video-preview":"max-video-preview:-1"},"canonical":"https:\/\/brakkeconsulting.com\/pt\/produto\/tails-of-talent-branding-lessons-to-win-the-talent-game\/","og_locale":"pt_PT","og_type":"article","og_title":"Tails of Talent: Branding Lessons to Win the Talent Game | Brakke Consulting Website","og_description":"*Please note the charge may reflect as Animal Health Jobs*","og_url":"https:\/\/brakkeconsulting.com\/pt\/produto\/tails-of-talent-branding-lessons-to-win-the-talent-game\/","og_site_name":"Brakke Consulting Website","article_modified_time":"2025-12-01T15:28:55+00:00","og_image":[{"width":252,"height":261,"url":"https:\/\/brakkeconsulting.com\/wp-content\/uploads\/2025\/11\/Brakke-Search-Logo.png","type":"image\/png"}],"twitter_card":"summary_large_image","twitter_misc":{"Tempo estimado de leitura":"1 minuto"},"schema":{"@context":"https:\/\/schema.org","@graph":[{"@type":"WebPage","@id":"https:\/\/brakkeconsulting.com\/zh\/product\/tails-of-talent-branding-lessons-to-win-the-talent-game\/","url":"https:\/\/brakkeconsulting.com\/zh\/product\/tails-of-talent-branding-lessons-to-win-the-talent-game\/","name":"Hist\u00f3rias de Talento: Li\u00e7\u00f5es de Branding para Vencer a Jornada dos Talentos | Site da Brakke Consulting","isPartOf":{"@id":"https:\/\/brakkeconsulting.com\/#website"},"primaryImageOfPage":{"@id":"https:\/\/brakkeconsulting.com\/zh\/product\/tails-of-talent-branding-lessons-to-win-the-talent-game\/#primaryimage"},"image":{"@id":"https:\/\/brakkeconsulting.com\/zh\/product\/tails-of-talent-branding-lessons-to-win-the-talent-game\/#primaryimage"},"thumbnailUrl":"https:\/\/brakkeconsulting.com\/wp-content\/uploads\/2025\/11\/Brakke-Search-Logo.png","datePublished":"2025-11-30T21:28:37+00:00","dateModified":"2025-12-01T15:28:55+00:00","breadcrumb":{"@id":"https:\/\/brakkeconsulting.com\/zh\/product\/tails-of-talent-branding-lessons-to-win-the-talent-game\/#breadcrumb"},"inLanguage":"pt-PT","potentialAction":[{"@type":"ReadAction","target":["https:\/\/brakkeconsulting.com\/zh\/product\/tails-of-talent-branding-lessons-to-win-the-talent-game\/"]}]},{"@type":"ImageObject","inLanguage":"pt-PT","@id":"https:\/\/brakkeconsulting.com\/zh\/product\/tails-of-talent-branding-lessons-to-win-the-talent-game\/#primaryimage","url":"https:\/\/brakkeconsulting.com\/wp-content\/uploads\/2025\/11\/Brakke-Search-Logo.png","contentUrl":"https:\/\/brakkeconsulting.com\/wp-content\/uploads\/2025\/11\/Brakke-Search-Logo.png","width":252,"height":261},{"@type":"BreadcrumbList","@id":"https:\/\/brakkeconsulting.com\/zh\/product\/tails-of-talent-branding-lessons-to-win-the-talent-game\/#breadcrumb","itemListElement":[{"@type":"ListItem","position":1,"name":"Home","item":"https:\/\/brakkeconsulting.com\/"},{"@type":"ListItem","position":2,"name":"Shop","item":"https:\/\/brakkeconsulting.com\/shop\/"},{"@type":"ListItem","position":3,"name":"Tails of Talent: Branding Lessons to Win the Talent Game"}]},{"@type":"WebSite","@id":"https:\/\/brakkeconsulting.com\/#website","url":"https:\/\/brakkeconsulting.com\/","name":"Site da Brakke Consulting","description":"","potentialAction":[{"@type":"SearchAction","target":{"@type":"EntryPoint","urlTemplate":"https:\/\/brakkeconsulting.com\/?s={search_term_string}"},"query-input":{"@type":"PropertyValueSpecification","valueRequired":true,"valueName":"search_term_string"}}],"inLanguage":"pt-PT"}]}},"_links":{"self":[{"href":"https:\/\/brakkeconsulting.com\/pt\/wp-json\/wp\/v2\/product\/35857","targetHints":{"allow":["GET"]}}],"collection":[{"href":"https:\/\/brakkeconsulting.com\/pt\/wp-json\/wp\/v2\/product"}],"about":[{"href":"https:\/\/brakkeconsulting.com\/pt\/wp-json\/wp\/v2\/types\/product"}],"replies":[{"embeddable":true,"href":"https:\/\/brakkeconsulting.com\/pt\/wp-json\/wp\/v2\/comments?post=35857"}],"wp:featuredmedia":[{"embeddable":true,"href":"https:\/\/brakkeconsulting.com\/pt\/wp-json\/wp\/v2\/media\/35859"}],"wp:attachment":[{"href":"https:\/\/brakkeconsulting.com\/pt\/wp-json\/wp\/v2\/media?parent=35857"}],"wp:term":[{"taxonomy":"product_brand","embeddable":true,"href":"https:\/\/brakkeconsulting.com\/pt\/wp-json\/wp\/v2\/product_brand?post=35857"},{"taxonomy":"product_cat","embeddable":true,"href":"https:\/\/brakkeconsulting.com\/pt\/wp-json\/wp\/v2\/product_cat?post=35857"},{"taxonomy":"product_tag","embeddable":true,"href":"https:\/\/brakkeconsulting.com\/pt\/wp-json\/wp\/v2\/product_tag?post=35857"}],"curies":[{"name":"wp","href":"https:\/\/api.w.org\/{rel}","templated":true}]}}