{"id":34265,"date":"2024-11-21T12:22:03","date_gmt":"2024-11-21T18:22:03","guid":{"rendered":"https:\/\/brakkeconsulting.com\/?post_type=product&#038;p=34265"},"modified":"2025-11-21T08:16:01","modified_gmt":"2025-11-21T14:16:01","slug":"2026-brakke-consulting-industry-overview-wvc","status":"publish","type":"product","link":"https:\/\/brakkeconsulting.com\/pt\/produto\/2026-brakke-consulting-industry-overview-wvc\/","title":{"rendered":"Vis\u00e3o geral da ind\u00fastria de consultoria Brakke 2026 - WVC"},"content":{"rendered":"<p><strong>Apresenta\u00e7\u00e3o na WVC: segunda-feira, 16 de fevereiro, das 14h \u00e0s 16h, Sal\u00e3o de Baile 4 do Four Seasons.<\/strong><strong>Apresenta\u00e7\u00e3o na WVC: segunda-feira, 16 de fevereiro, das 14h \u00e0s 16h, Sal\u00e3o de Baile 4 do Four Seasons.<\/strong><\/p>\n<p>Voc\u00ea tamb\u00e9m pode\u00a0<a href=\"mailto:amcdavid@brakkeconsulting.com?subject=Industry%20Overview\">e-mail Amanda McDavid\u00a0<\/a>ou ligue para 336-396-3916. O custo do registro \u00e9 $399; h\u00e1 descontos para v\u00e1rios participantes da mesma empresa. Estamos ansiosos para v\u00ea-lo l\u00e1!<\/p>\n<p><a href=\"https:\/\/brakkeconsulting.com\/pt\/\">www.BrakkeConsulting.com<\/a><\/p>\n<p>&nbsp;<\/p>\n<p>&nbsp;<\/p>","protected":false},"excerpt":{"rendered":"<p><strong>Apresenta\u00e7\u00e3o na WVC: segunda-feira, 16 de fevereiro, das 14h \u00e0s 16h, Sal\u00e3o de Baile 4 do Four Seasons.<br \/>\n*Observe que a cobran\u00e7a pode refletir empregos em sa\u00fade animal*<\/strong><\/p>","protected":false},"featured_media":35789,"comment_status":"closed","ping_status":"closed","template":"","meta":{"_acf_changed":false,"_et_pb_use_builder":"","_et_pb_old_content":"","_et_gb_content_width":"","_links_to":"","_links_to_target":""},"product_brand":[],"product_cat":[31],"product_tag":[],"class_list":{"0":"post-34265","1":"product","2":"type-product","3":"status-publish","4":"has-post-thumbnail","6":"product_cat-events","8":"first","9":"instock","10":"shipping-taxable","11":"purchasable","12":"product-type-simple"},"acf":[],"yoast_head":"<!-- This site is optimized with the Yoast SEO plugin v27.0 - https:\/\/yoast.com\/product\/yoast-seo-wordpress\/ -->\n<title>2026 Brakke Consulting Industry Overview - WVC | Brakke Consulting Website<\/title>\n<meta name=\"robots\" content=\"index, follow, max-snippet:-1, max-image-preview:large, max-video-preview:-1\" \/>\n<link rel=\"canonical\" href=\"https:\/\/brakkeconsulting.com\/pt\/produto\/2026-brakke-consulting-industry-overview-wvc\/\" \/>\n<meta property=\"og:locale\" content=\"pt_PT\" \/>\n<meta property=\"og:type\" content=\"article\" \/>\n<meta property=\"og:title\" content=\"2026 Brakke Consulting Industry Overview - WVC | Brakke Consulting Website\" \/>\n<meta property=\"og:description\" content=\"Presented at WVC: Monday, February 16th, 2-4 pm, Four Seasons Ballroom 4 *Please note the charge may reflect as Animal Health Jobs*\" \/>\n<meta property=\"og:url\" content=\"https:\/\/brakkeconsulting.com\/pt\/produto\/2026-brakke-consulting-industry-overview-wvc\/\" \/>\n<meta property=\"og:site_name\" content=\"Brakke Consulting Website\" \/>\n<meta property=\"article:modified_time\" content=\"2025-11-21T14:16:01+00:00\" \/>\n<meta property=\"og:image\" content=\"https:\/\/brakkeconsulting.com\/wp-content\/uploads\/2024\/11\/2026-Industry-Overview-Logo-1-e1763733856729.png\" \/>\n\t<meta property=\"og:image:width\" content=\"600\" \/>\n\t<meta property=\"og:image:height\" content=\"227\" \/>\n\t<meta property=\"og:image:type\" content=\"image\/png\" \/>\n<meta name=\"twitter:card\" content=\"summary_large_image\" \/>\n<meta name=\"twitter:label1\" content=\"Tempo estimado de leitura\" \/>\n\t<meta name=\"twitter:data1\" content=\"1 minuto\" \/>\n<script type=\"application\/ld+json\" class=\"yoast-schema-graph\">{\"@context\":\"https:\/\/schema.org\",\"@graph\":[{\"@type\":\"WebPage\",\"@id\":\"https:\/\/brakkeconsulting.com\/zh\/product\/2026-brakke-consulting-industry-overview-wvc\/\",\"url\":\"https:\/\/brakkeconsulting.com\/zh\/product\/2026-brakke-consulting-industry-overview-wvc\/\",\"name\":\"2026 Brakke Consulting Industry Overview - WVC | Brakke Consulting Website\",\"isPartOf\":{\"@id\":\"https:\/\/brakkeconsulting.com\/#website\"},\"primaryImageOfPage\":{\"@id\":\"https:\/\/brakkeconsulting.com\/zh\/product\/2026-brakke-consulting-industry-overview-wvc\/#primaryimage\"},\"image\":{\"@id\":\"https:\/\/brakkeconsulting.com\/zh\/product\/2026-brakke-consulting-industry-overview-wvc\/#primaryimage\"},\"thumbnailUrl\":\"https:\/\/brakkeconsulting.com\/wp-content\/uploads\/2024\/11\/2026-Industry-Overview-Logo-1-e1763733856729.png\",\"datePublished\":\"2024-11-21T18:22:03+00:00\",\"dateModified\":\"2025-11-21T14:16:01+00:00\",\"breadcrumb\":{\"@id\":\"https:\/\/brakkeconsulting.com\/zh\/product\/2026-brakke-consulting-industry-overview-wvc\/#breadcrumb\"},\"inLanguage\":\"pt-PT\",\"potentialAction\":[{\"@type\":\"ReadAction\",\"target\":[\"https:\/\/brakkeconsulting.com\/zh\/product\/2026-brakke-consulting-industry-overview-wvc\/\"]}]},{\"@type\":\"ImageObject\",\"inLanguage\":\"pt-PT\",\"@id\":\"https:\/\/brakkeconsulting.com\/zh\/product\/2026-brakke-consulting-industry-overview-wvc\/#primaryimage\",\"url\":\"https:\/\/brakkeconsulting.com\/wp-content\/uploads\/2024\/11\/2026-Industry-Overview-Logo-1-e1763733856729.png\",\"contentUrl\":\"https:\/\/brakkeconsulting.com\/wp-content\/uploads\/2024\/11\/2026-Industry-Overview-Logo-1-e1763733856729.png\",\"width\":600,\"height\":227},{\"@type\":\"BreadcrumbList\",\"@id\":\"https:\/\/brakkeconsulting.com\/zh\/product\/2026-brakke-consulting-industry-overview-wvc\/#breadcrumb\",\"itemListElement\":[{\"@type\":\"ListItem\",\"position\":1,\"name\":\"Home\",\"item\":\"https:\/\/brakkeconsulting.com\/\"},{\"@type\":\"ListItem\",\"position\":2,\"name\":\"Shop\",\"item\":\"https:\/\/brakkeconsulting.com\/shop\/\"},{\"@type\":\"ListItem\",\"position\":3,\"name\":\"2026 Brakke Consulting Industry Overview &#8211; WVC\"}]},{\"@type\":\"WebSite\",\"@id\":\"https:\/\/brakkeconsulting.com\/#website\",\"url\":\"https:\/\/brakkeconsulting.com\/\",\"name\":\"Brakke Consulting Website\",\"description\":\"\",\"potentialAction\":[{\"@type\":\"SearchAction\",\"target\":{\"@type\":\"EntryPoint\",\"urlTemplate\":\"https:\/\/brakkeconsulting.com\/?s={search_term_string}\"},\"query-input\":{\"@type\":\"PropertyValueSpecification\",\"valueRequired\":true,\"valueName\":\"search_term_string\"}}],\"inLanguage\":\"pt-PT\"}]}<\/script>\n<!-- \/ Yoast SEO plugin. -->","yoast_head_json":{"title":"Vis\u00e3o geral da ind\u00fastria de consultoria Brakke 2026 - WVC | Site de consultoria Brakke","robots":{"index":"index","follow":"follow","max-snippet":"max-snippet:-1","max-image-preview":"max-image-preview:large","max-video-preview":"max-video-preview:-1"},"canonical":"https:\/\/brakkeconsulting.com\/pt\/produto\/2026-brakke-consulting-industry-overview-wvc\/","og_locale":"pt_PT","og_type":"article","og_title":"2026 Brakke Consulting Industry Overview - WVC | Brakke Consulting Website","og_description":"Presented at WVC: Monday, February 16th, 2-4 pm, Four Seasons Ballroom 4 *Please note the charge may reflect as Animal Health Jobs*","og_url":"https:\/\/brakkeconsulting.com\/pt\/produto\/2026-brakke-consulting-industry-overview-wvc\/","og_site_name":"Brakke Consulting Website","article_modified_time":"2025-11-21T14:16:01+00:00","og_image":[{"width":600,"height":227,"url":"https:\/\/brakkeconsulting.com\/wp-content\/uploads\/2024\/11\/2026-Industry-Overview-Logo-1-e1763733856729.png","type":"image\/png"}],"twitter_card":"summary_large_image","twitter_misc":{"Tempo estimado de leitura":"1 minuto"},"schema":{"@context":"https:\/\/schema.org","@graph":[{"@type":"WebPage","@id":"https:\/\/brakkeconsulting.com\/zh\/product\/2026-brakke-consulting-industry-overview-wvc\/","url":"https:\/\/brakkeconsulting.com\/zh\/product\/2026-brakke-consulting-industry-overview-wvc\/","name":"Vis\u00e3o geral da ind\u00fastria de consultoria Brakke 2026 - WVC | Site de consultoria Brakke","isPartOf":{"@id":"https:\/\/brakkeconsulting.com\/#website"},"primaryImageOfPage":{"@id":"https:\/\/brakkeconsulting.com\/zh\/product\/2026-brakke-consulting-industry-overview-wvc\/#primaryimage"},"image":{"@id":"https:\/\/brakkeconsulting.com\/zh\/product\/2026-brakke-consulting-industry-overview-wvc\/#primaryimage"},"thumbnailUrl":"https:\/\/brakkeconsulting.com\/wp-content\/uploads\/2024\/11\/2026-Industry-Overview-Logo-1-e1763733856729.png","datePublished":"2024-11-21T18:22:03+00:00","dateModified":"2025-11-21T14:16:01+00:00","breadcrumb":{"@id":"https:\/\/brakkeconsulting.com\/zh\/product\/2026-brakke-consulting-industry-overview-wvc\/#breadcrumb"},"inLanguage":"pt-PT","potentialAction":[{"@type":"ReadAction","target":["https:\/\/brakkeconsulting.com\/zh\/product\/2026-brakke-consulting-industry-overview-wvc\/"]}]},{"@type":"ImageObject","inLanguage":"pt-PT","@id":"https:\/\/brakkeconsulting.com\/zh\/product\/2026-brakke-consulting-industry-overview-wvc\/#primaryimage","url":"https:\/\/brakkeconsulting.com\/wp-content\/uploads\/2024\/11\/2026-Industry-Overview-Logo-1-e1763733856729.png","contentUrl":"https:\/\/brakkeconsulting.com\/wp-content\/uploads\/2024\/11\/2026-Industry-Overview-Logo-1-e1763733856729.png","width":600,"height":227},{"@type":"BreadcrumbList","@id":"https:\/\/brakkeconsulting.com\/zh\/product\/2026-brakke-consulting-industry-overview-wvc\/#breadcrumb","itemListElement":[{"@type":"ListItem","position":1,"name":"Home","item":"https:\/\/brakkeconsulting.com\/"},{"@type":"ListItem","position":2,"name":"Shop","item":"https:\/\/brakkeconsulting.com\/shop\/"},{"@type":"ListItem","position":3,"name":"2026 Brakke Consulting Industry Overview &#8211; WVC"}]},{"@type":"WebSite","@id":"https:\/\/brakkeconsulting.com\/#website","url":"https:\/\/brakkeconsulting.com\/","name":"Site da Brakke Consulting","description":"","potentialAction":[{"@type":"SearchAction","target":{"@type":"EntryPoint","urlTemplate":"https:\/\/brakkeconsulting.com\/?s={search_term_string}"},"query-input":{"@type":"PropertyValueSpecification","valueRequired":true,"valueName":"search_term_string"}}],"inLanguage":"pt-PT"}]}},"_links":{"self":[{"href":"https:\/\/brakkeconsulting.com\/pt\/wp-json\/wp\/v2\/product\/34265","targetHints":{"allow":["GET"]}}],"collection":[{"href":"https:\/\/brakkeconsulting.com\/pt\/wp-json\/wp\/v2\/product"}],"about":[{"href":"https:\/\/brakkeconsulting.com\/pt\/wp-json\/wp\/v2\/types\/product"}],"replies":[{"embeddable":true,"href":"https:\/\/brakkeconsulting.com\/pt\/wp-json\/wp\/v2\/comments?post=34265"}],"wp:featuredmedia":[{"embeddable":true,"href":"https:\/\/brakkeconsulting.com\/pt\/wp-json\/wp\/v2\/media\/35789"}],"wp:attachment":[{"href":"https:\/\/brakkeconsulting.com\/pt\/wp-json\/wp\/v2\/media?parent=34265"}],"wp:term":[{"taxonomy":"product_brand","embeddable":true,"href":"https:\/\/brakkeconsulting.com\/pt\/wp-json\/wp\/v2\/product_brand?post=34265"},{"taxonomy":"product_cat","embeddable":true,"href":"https:\/\/brakkeconsulting.com\/pt\/wp-json\/wp\/v2\/product_cat?post=34265"},{"taxonomy":"product_tag","embeddable":true,"href":"https:\/\/brakkeconsulting.com\/pt\/wp-json\/wp\/v2\/product_tag?post=34265"}],"curies":[{"name":"wp","href":"https:\/\/api.w.org\/{rel}","templated":true}]}}