{"id":95,"date":"2018-01-21T19:22:58","date_gmt":"2018-01-21T19:22:58","guid":{"rendered":"\/?page_id=95"},"modified":"2022-01-21T12:20:51","modified_gmt":"2022-01-21T18:20:51","slug":"welcome-to-brakke-consulting-inc","status":"publish","type":"page","link":"https:\/\/brakkeconsulting.com\/pt\/welcome-to-brakke-consulting-inc\/","title":{"rendered":"<span class=\"size15\">BEM-VINDO AO<\/span><br \/>CONSULTORIA DE FREIO"},"content":{"rendered":"<p>A Brakke Consulting \u00e9 a principal empresa de consultoria em sa\u00fade animal que atende empresas em sa\u00fade e nutri\u00e7\u00e3o animal, cuidados com animais de estima\u00e7\u00e3o e servi\u00e7os veterin\u00e1rios.<\/p>\n<p>Seja voc\u00ea um profissional de marketing global, iniciante ou investidor, os experientes consultores da Brakke podem ajud\u00e1-lo com:<\/p>\n<p><img loading=\"lazy\" decoding=\"async\" style=\"padding-bottom: 10px; padding-right: 5px;\" src=\"\/wp-content\/themes\/brakkeconsulting\/images\/arrow.gif\" alt=\"\" width=\"11\" height=\"9\" align=\"left\" vspace=\"3\" \/> <strong><a class=\"color_blue\" href=\"\/pt\/our-services\/general-consultation-solutions\/\">CONSULTORIA E SOLU\u00c7\u00d5ES GERAIS<\/a><\/strong><br \/>\nSolu\u00e7\u00e3o de problemas de gest\u00e3o e servi\u00e7os de consultoria<\/p>\n<p><img loading=\"lazy\" decoding=\"async\" style=\"padding-bottom: 10px; padding-right: 5px;\" src=\"\/wp-content\/themes\/brakkeconsulting\/images\/arrow.gif\" alt=\"\" width=\"11\" height=\"9\" align=\"left\" vspace=\"3\" \/> <strong><a class=\"color_blue\" href=\"\/pt\/our-services\/information\/\">INFORMA\u00c7\u00c3O<\/a> <\/strong><br \/>\nInsights da ind\u00fastria, dados, pesquisa de mercado, intelig\u00eancia competitiva<\/p>\n<p><img loading=\"lazy\" decoding=\"async\" style=\"padding-bottom: 10px; padding-right: 5px;\" src=\"\/wp-content\/themes\/brakkeconsulting\/images\/arrow.gif\" alt=\"\" width=\"11\" height=\"9\" align=\"left\" vspace=\"3\" \/> <strong><a class=\"color_blue\" href=\"\/pt\/our-services\/recruiting\/\">RECRUTAMENTO<\/a> <\/strong><br \/>\nPesquisa executiva, <a href=\"http:\/\/www.animalhealthjobs.com\" target=\"_blank\" rel=\"noopener\">AnimalHealthJobs.com<\/a><\/p>\n<p><img loading=\"lazy\" decoding=\"async\" style=\"padding-bottom: 10px; padding-right: 5px;\" src=\"\/wp-content\/themes\/brakkeconsulting\/images\/arrow.gif\" alt=\"\" width=\"11\" height=\"9\" align=\"left\" vspace=\"3\" \/> <strong><a class=\"color_blue\" href=\"\/pt\/our-services\/transactions\/\">TRANSA\u00c7\u00d5ES<\/a> <\/strong><br \/>\nFus\u00e3o, aquisi\u00e7\u00e3o, aliena\u00e7\u00e3o, licenciamento, due diligence<\/p>\n<p><img loading=\"lazy\" decoding=\"async\" style=\"padding-bottom: 10px; padding-right: 5px;\" src=\"\/wp-content\/themes\/brakkeconsulting\/images\/arrow.gif\" alt=\"\" width=\"11\" height=\"9\" align=\"left\" vspace=\"3\" \/><strong><a class=\"color_blue\" href=\"\/pt\/our-services\/veterinary-practice-insights\/\">INFORMA\u00c7\u00d5ES SOBRE A PR\u00c1TICA VETERIN\u00c1RIA<\/a><\/strong><\/p>\n<p>&nbsp;<\/p>\n<p><a href=\"https:\/\/www.linkedin.com\/company\/brakke-consulting-inc\"><img loading=\"lazy\" decoding=\"async\" class=\"\" src=\"\/wp-content\/themes\/brakkeconsulting\/images\/linkedin.png\" alt=\"\" width=\"90\" height=\"38\" \/><\/a><\/p>","protected":false},"excerpt":{"rendered":"<p>A Brakke Consulting \u00e9 a empresa l\u00edder em consultoria em sa\u00fade animal que atende empresas em sa\u00fade e nutri\u00e7\u00e3o animal, cuidados com animais de estima\u00e7\u00e3o e servi\u00e7os veterin\u00e1rios. Quer voc\u00ea seja um profissional de marketing global, start-up ou investidor, os consultores experientes da Brakke podem ajud\u00e1-lo com: CONSULTA E SOLU\u00c7\u00d5ES GERAIS Solu\u00e7\u00e3o de problemas de gerenciamento e servi\u00e7os de consultoria INFORMA\u00c7\u00d5ES Insights do setor, dados, pesquisa de mercado, intelig\u00eancia competitiva RECRUTAMENTO Pesquisa de executivos, AnimalHealthJobs.com TRANSA\u00c7\u00d5ES Fus\u00e3o, aquisi\u00e7\u00e3o, aliena\u00e7\u00e3o, licenciamento, due diligence INSIGHTS DE PR\u00c1TICA VETERIN\u00c1RIA &nbsp;<\/p>","protected":false},"author":1,"featured_media":0,"parent":0,"menu_order":1,"comment_status":"closed","ping_status":"closed","template":"","meta":{"_acf_changed":false,"_et_pb_use_builder":"","_et_pb_old_content":"","_et_gb_content_width":"","footnotes":"","_links_to":"","_links_to_target":""},"class_list":["post-95","page","type-page","status-publish","hentry"],"acf":[],"yoast_head":"<!-- This site is optimized with the Yoast SEO plugin v27.0 - https:\/\/yoast.com\/product\/yoast-seo-wordpress\/ -->\n<title>animal health consulting | recruiting | market research | due diligence | newsletter<\/title>\n<meta name=\"description\" content=\"Brakke Consulting is the leading animal health consulting firm serving the veterinary, pet and animal health industries.\" \/>\n<meta name=\"robots\" content=\"index, follow, max-snippet:-1, max-image-preview:large, max-video-preview:-1\" \/>\n<link rel=\"canonical\" href=\"https:\/\/brakkeconsulting.com\/pt\/welcome-to-brakke-consulting-inc\/\" \/>\n<meta property=\"og:locale\" content=\"pt_PT\" \/>\n<meta property=\"og:type\" content=\"article\" \/>\n<meta property=\"og:title\" content=\"animal health consulting | recruiting | market research | due diligence | newsletter\" \/>\n<meta property=\"og:description\" content=\"Brakke Consulting is the leading animal health consulting firm serving the veterinary, pet and animal health industries.\" \/>\n<meta property=\"og:url\" content=\"https:\/\/brakkeconsulting.com\/pt\/welcome-to-brakke-consulting-inc\/\" \/>\n<meta property=\"og:site_name\" content=\"Brakke Consulting Website\" \/>\n<meta property=\"article:modified_time\" content=\"2022-01-21T18:20:51+00:00\" \/>\n<meta name=\"twitter:card\" content=\"summary_large_image\" \/>\n<script type=\"application\/ld+json\" class=\"yoast-schema-graph\">{\"@context\":\"https:\/\/schema.org\",\"@graph\":[{\"@type\":\"WebPage\",\"@id\":\"https:\/\/brakkeconsulting.com\/welcome-to-brakke-consulting-inc\/\",\"url\":\"https:\/\/brakkeconsulting.com\/welcome-to-brakke-consulting-inc\/\",\"name\":\"animal health consulting | recruiting | market research | due diligence | newsletter\",\"isPartOf\":{\"@id\":\"https:\/\/brakkeconsulting.com\/#website\"},\"datePublished\":\"2018-01-21T19:22:58+00:00\",\"dateModified\":\"2022-01-21T18:20:51+00:00\",\"description\":\"Brakke Consulting is the leading animal health consulting firm serving the veterinary, pet and animal health industries.\",\"breadcrumb\":{\"@id\":\"https:\/\/brakkeconsulting.com\/welcome-to-brakke-consulting-inc\/#breadcrumb\"},\"inLanguage\":\"pt-PT\",\"potentialAction\":[{\"@type\":\"ReadAction\",\"target\":[\"https:\/\/brakkeconsulting.com\/welcome-to-brakke-consulting-inc\/\"]}]},{\"@type\":\"BreadcrumbList\",\"@id\":\"https:\/\/brakkeconsulting.com\/welcome-to-brakke-consulting-inc\/#breadcrumb\",\"itemListElement\":[{\"@type\":\"ListItem\",\"position\":1,\"name\":\"Home\",\"item\":\"https:\/\/brakkeconsulting.com\/\"},{\"@type\":\"ListItem\",\"position\":2,\"name\":\"WELCOME TOBRAKKE CONSULTING\"}]},{\"@type\":\"WebSite\",\"@id\":\"https:\/\/brakkeconsulting.com\/#website\",\"url\":\"https:\/\/brakkeconsulting.com\/\",\"name\":\"Brakke Consulting Website\",\"description\":\"\",\"potentialAction\":[{\"@type\":\"SearchAction\",\"target\":{\"@type\":\"EntryPoint\",\"urlTemplate\":\"https:\/\/brakkeconsulting.com\/?s={search_term_string}\"},\"query-input\":{\"@type\":\"PropertyValueSpecification\",\"valueRequired\":true,\"valueName\":\"search_term_string\"}}],\"inLanguage\":\"pt-PT\"}]}<\/script>\n<!-- \/ Yoast SEO plugin. -->","yoast_head_json":{"title":"animal health consulting | recruiting | market research | due diligence | newsletter","description":"A Brakke Consulting \u00e9 a principal empresa de consultoria em sa\u00fade animal, atendendo aos setores veterin\u00e1rio, de animais de estima\u00e7\u00e3o e de sa\u00fade animal em geral.","robots":{"index":"index","follow":"follow","max-snippet":"max-snippet:-1","max-image-preview":"max-image-preview:large","max-video-preview":"max-video-preview:-1"},"canonical":"https:\/\/brakkeconsulting.com\/pt\/welcome-to-brakke-consulting-inc\/","og_locale":"pt_PT","og_type":"article","og_title":"animal health consulting | recruiting | market research | due diligence | newsletter","og_description":"Brakke Consulting is the leading animal health consulting firm serving the veterinary, pet and animal health industries.","og_url":"https:\/\/brakkeconsulting.com\/pt\/welcome-to-brakke-consulting-inc\/","og_site_name":"Brakke Consulting Website","article_modified_time":"2022-01-21T18:20:51+00:00","twitter_card":"summary_large_image","schema":{"@context":"https:\/\/schema.org","@graph":[{"@type":"WebPage","@id":"https:\/\/brakkeconsulting.com\/welcome-to-brakke-consulting-inc\/","url":"https:\/\/brakkeconsulting.com\/welcome-to-brakke-consulting-inc\/","name":"animal health consulting | recruiting | market research | due diligence | newsletter","isPartOf":{"@id":"https:\/\/brakkeconsulting.com\/#website"},"datePublished":"2018-01-21T19:22:58+00:00","dateModified":"2022-01-21T18:20:51+00:00","description":"A Brakke Consulting \u00e9 a principal empresa de consultoria em sa\u00fade animal, atendendo aos setores veterin\u00e1rio, de animais de estima\u00e7\u00e3o e de sa\u00fade animal em geral.","breadcrumb":{"@id":"https:\/\/brakkeconsulting.com\/welcome-to-brakke-consulting-inc\/#breadcrumb"},"inLanguage":"pt-PT","potentialAction":[{"@type":"ReadAction","target":["https:\/\/brakkeconsulting.com\/welcome-to-brakke-consulting-inc\/"]}]},{"@type":"BreadcrumbList","@id":"https:\/\/brakkeconsulting.com\/welcome-to-brakke-consulting-inc\/#breadcrumb","itemListElement":[{"@type":"ListItem","position":1,"name":"Home","item":"https:\/\/brakkeconsulting.com\/"},{"@type":"ListItem","position":2,"name":"WELCOME TOBRAKKE CONSULTING"}]},{"@type":"WebSite","@id":"https:\/\/brakkeconsulting.com\/#website","url":"https:\/\/brakkeconsulting.com\/","name":"Site da Brakke Consulting","description":"","potentialAction":[{"@type":"SearchAction","target":{"@type":"EntryPoint","urlTemplate":"https:\/\/brakkeconsulting.com\/?s={search_term_string}"},"query-input":{"@type":"PropertyValueSpecification","valueRequired":true,"valueName":"search_term_string"}}],"inLanguage":"pt-PT"}]}},"_links":{"self":[{"href":"https:\/\/brakkeconsulting.com\/pt\/wp-json\/wp\/v2\/pages\/95","targetHints":{"allow":["GET"]}}],"collection":[{"href":"https:\/\/brakkeconsulting.com\/pt\/wp-json\/wp\/v2\/pages"}],"about":[{"href":"https:\/\/brakkeconsulting.com\/pt\/wp-json\/wp\/v2\/types\/page"}],"author":[{"embeddable":true,"href":"https:\/\/brakkeconsulting.com\/pt\/wp-json\/wp\/v2\/users\/1"}],"replies":[{"embeddable":true,"href":"https:\/\/brakkeconsulting.com\/pt\/wp-json\/wp\/v2\/comments?post=95"}],"version-history":[{"count":7,"href":"https:\/\/brakkeconsulting.com\/pt\/wp-json\/wp\/v2\/pages\/95\/revisions"}],"predecessor-version":[{"id":30040,"href":"https:\/\/brakkeconsulting.com\/pt\/wp-json\/wp\/v2\/pages\/95\/revisions\/30040"}],"wp:attachment":[{"href":"https:\/\/brakkeconsulting.com\/pt\/wp-json\/wp\/v2\/media?parent=95"}],"curies":[{"name":"wp","href":"https:\/\/api.w.org\/{rel}","templated":true}]}}