{"id":75,"date":"2018-01-20T15:52:08","date_gmt":"2018-01-20T15:52:08","guid":{"rendered":"\/?page_id=75"},"modified":"2022-03-31T13:17:41","modified_gmt":"2022-03-31T19:17:41","slug":"privacy-policy","status":"publish","type":"page","link":"https:\/\/brakkeconsulting.com\/pt\/privacy-policy\/","title":{"rendered":"pol\u00edtica de Privacidade"},"content":{"rendered":"<p>As listas de e-mail para nossos boletins s\u00e3o hospedadas e gerenciadas por Campaigner.com. Para denunciar qualquer abuso ou viola\u00e7\u00e3o desta Pol\u00edtica de Privacidade da Lista de E-mail, envie um e-mail para <a href=\"mailto:info@brakkeconsulting.com\">info@brakkeconsulting.com<\/a> e inclua quaisquer notas ou outras informa\u00e7\u00f5es que considere pertinentes.<\/p>\n<h5>Coleta de informa\u00e7\u00f5es da lista de e-mail<\/h5>\n<p>Para cada visitante que se inscreve em nossa lista de e-mail, coletamos apenas as informa\u00e7\u00f5es solicitadas no formul\u00e1rio de inscri\u00e7\u00e3o na lista. Os campos obrigat\u00f3rios s\u00e3o indicados com um asterisco (*). Nossos servidores da web podem coletar o nome de dom\u00ednio ou endere\u00e7o IP dos visitantes de nossa(s) p\u00e1gina(s) da web. Salvo indica\u00e7\u00e3o em contr\u00e1rio em nosso site, coletamos os endere\u00e7os de e-mail daqueles que se comunicam conosco por e-mail e informa\u00e7\u00f5es fornecidas por voc\u00ea, como, entre outros, informa\u00e7\u00f5es de inscri\u00e7\u00e3o em listas, informa\u00e7\u00f5es de pesquisas e\/ou registros no site. Tamb\u00e9m podemos coletar informa\u00e7\u00f5es de sequ\u00eancia de cliques.<\/p>\n<h5>Contato por e-mail e resposta direta<\/h5>\n<p>Se voc\u00ea se inscreveu em nosso(s) boletim(ns) por e-mail, mas n\u00e3o deseja receb\u00ea-lo no futuro, siga as instru\u00e7\u00f5es de \u201ccancelamento de assinatura\u201d contidas no(s) boletim(s).<\/p>\n<h5>Biscoitos<\/h5>\n<p>Podemos usar cookies para registrar informa\u00e7\u00f5es espec\u00edficas do usu\u00e1rio sobre quais p\u00e1ginas os usu\u00e1rios acessam ou visitam, registrar atividades anteriores em um site para fornecer um melhor servi\u00e7o quando voc\u00ea retornar ao nosso site e personalizar o conte\u00fado da p\u00e1gina da web ou da mensagem de e-mail com base no tipo do seu navegador ou outras informa\u00e7\u00f5es.<\/p>\n<h5>Altera\u00e7\u00f5es na Pol\u00edtica de Privacidade da Lista de Email<\/h5>\n<p>De tempos em tempos, podemos usar as informa\u00e7\u00f5es do cliente para usos novos e imprevistos n\u00e3o divulgados anteriormente neste aviso de Pol\u00edtica de Privacidade da Lista de E-mail. Se nossas pr\u00e1ticas de informa\u00e7\u00f5es mudarem em algum momento no futuro, publicaremos as altera\u00e7\u00f5es de pol\u00edtica nesta p\u00e1gina de Pol\u00edtica de privacidade da lista de e-mail para notific\u00e1-lo sobre essas altera\u00e7\u00f5es e fornecer a voc\u00ea a capacidade de optar por n\u00e3o participar de nossa lista. Se voc\u00ea est\u00e1 preocupado com a forma como suas informa\u00e7\u00f5es s\u00e3o usadas, verifique esta p\u00e1gina de pol\u00edtica de privacidade da lista de e-mail periodicamente.<\/p>","protected":false},"excerpt":{"rendered":"<p>As listas de e-mail para nossos boletins informativos s\u00e3o hospedadas e gerenciadas por Campaigner.com. Para denunciar qualquer abuso ou viola\u00e7\u00e3o desta Pol\u00edtica de Privacidade da Lista de Email, envie um email para info@brakkeconsulting.com e inclua quaisquer notas ou outras informa\u00e7\u00f5es que voc\u00ea considere pertinentes. Coleta de informa\u00e7\u00f5es da lista de e-mail Para cada visitante que se cadastra em nossa lista de e-mail, coletamos apenas as informa\u00e7\u00f5es solicitadas no formul\u00e1rio de inscri\u00e7\u00e3o na lista. Os campos obrigat\u00f3rios s\u00e3o indicados com um asterisco (*). Nossos servidores web podem coletar o nome de dom\u00ednio ou endere\u00e7o IP dos visitantes de nossas p\u00e1ginas web. Salvo indica\u00e7\u00e3o em contr\u00e1rio em nosso site, coletamos os endere\u00e7os de e-mail daqueles que se comunicam conosco por e-mail e informa\u00e7\u00f5es fornecidas voluntariamente por voc\u00ea, como, entre outras, informa\u00e7\u00f5es de inscri\u00e7\u00e3o em listas, informa\u00e7\u00f5es de pesquisas e\/ou registros em sites. Tamb\u00e9m podemos coletar informa\u00e7\u00f5es de clickstream. E-mail e contato de resposta direta Se voc\u00ea assinou nosso(s) boletim(s) por e-mail, mas n\u00e3o deseja receb\u00ea-lo(s) no futuro, siga as instru\u00e7\u00f5es de \u201ccancelamento de assinatura\u201d contidas no(s) boletim(s). Cookies Podemos usar cookies para registrar informa\u00e7\u00f5es espec\u00edficas do usu\u00e1rio sobre quais p\u00e1ginas os usu\u00e1rios acessam ou visitam, registrar atividades anteriores em um site para fornecer um melhor servi\u00e7o quando voc\u00ea retornar ao nosso site e personalizar o conte\u00fado da p\u00e1gina da web ou da mensagem de e-mail com base no seu navegador. tipo ou outras informa\u00e7\u00f5es. Mudan\u00e7as<\/p>\n<div class=\"view-full-post\"><a href=\"https:\/\/brakkeconsulting.com\/pt\/privacy-policy\/\" class=\"view-full-post-btn\">Ver postagem completa<\/a><\/div>\n<p>;<\/p>","protected":false},"author":1,"featured_media":0,"parent":0,"menu_order":20,"comment_status":"closed","ping_status":"closed","template":"","meta":{"_acf_changed":false,"_et_pb_use_builder":"","_et_pb_old_content":"","_et_gb_content_width":"","footnotes":"","_links_to":"","_links_to_target":""},"class_list":["post-75","page","type-page","status-publish","hentry"],"acf":[],"yoast_head":"<!-- This site is optimized with the Yoast SEO plugin v27.5 - https:\/\/yoast.com\/product\/yoast-seo-wordpress\/ -->\n<title>Brakke Consulting, Inc. animal health consultants<\/title>\n<meta name=\"description\" content=\"For over 30 years, Brakke Consulting has been the leading management consulting firm specializing in the animal health, veterinary and pet industries.\" \/>\n<meta name=\"robots\" content=\"index, follow, max-snippet:-1, max-image-preview:large, max-video-preview:-1\" \/>\n<link rel=\"canonical\" href=\"https:\/\/brakkeconsulting.com\/pt\/privacy-policy\/\" \/>\n<meta property=\"og:locale\" content=\"pt_PT\" \/>\n<meta property=\"og:type\" content=\"article\" \/>\n<meta property=\"og:title\" content=\"Brakke Consulting, Inc. animal health consultants\" \/>\n<meta property=\"og:description\" content=\"For over 30 years, Brakke Consulting has been the leading management consulting firm specializing in the animal health, veterinary and pet industries.\" \/>\n<meta property=\"og:url\" content=\"https:\/\/brakkeconsulting.com\/pt\/privacy-policy\/\" \/>\n<meta property=\"og:site_name\" content=\"Brakke Consulting Website\" \/>\n<meta property=\"article:modified_time\" content=\"2022-03-31T19:17:41+00:00\" \/>\n<meta name=\"twitter:card\" content=\"summary_large_image\" \/>\n<meta name=\"twitter:label1\" content=\"Tempo estimado de leitura\" \/>\n\t<meta name=\"twitter:data1\" content=\"2 minutos\" \/>\n<script type=\"application\/ld+json\" class=\"yoast-schema-graph\">{\"@context\":\"https:\\\/\\\/schema.org\",\"@graph\":[{\"@type\":\"WebPage\",\"@id\":\"https:\\\/\\\/brakkeconsulting.com\\\/privacy-policy\\\/\",\"url\":\"https:\\\/\\\/brakkeconsulting.com\\\/privacy-policy\\\/\",\"name\":\"Brakke Consulting, Inc. animal health consultants\",\"isPartOf\":{\"@id\":\"https:\\\/\\\/brakkeconsulting.com\\\/#website\"},\"datePublished\":\"2018-01-20T15:52:08+00:00\",\"dateModified\":\"2022-03-31T19:17:41+00:00\",\"description\":\"For over 30 years, Brakke Consulting has been the leading management consulting firm specializing in the animal health, veterinary and pet industries.\",\"breadcrumb\":{\"@id\":\"https:\\\/\\\/brakkeconsulting.com\\\/privacy-policy\\\/#breadcrumb\"},\"inLanguage\":\"pt-PT\",\"potentialAction\":[{\"@type\":\"ReadAction\",\"target\":[\"https:\\\/\\\/brakkeconsulting.com\\\/privacy-policy\\\/\"]}]},{\"@type\":\"BreadcrumbList\",\"@id\":\"https:\\\/\\\/brakkeconsulting.com\\\/privacy-policy\\\/#breadcrumb\",\"itemListElement\":[{\"@type\":\"ListItem\",\"position\":1,\"name\":\"Home\",\"item\":\"https:\\\/\\\/brakkeconsulting.com\\\/\"},{\"@type\":\"ListItem\",\"position\":2,\"name\":\"Privacy Policy\"}]},{\"@type\":\"WebSite\",\"@id\":\"https:\\\/\\\/brakkeconsulting.com\\\/#website\",\"url\":\"https:\\\/\\\/brakkeconsulting.com\\\/\",\"name\":\"Brakke Consulting Website\",\"description\":\"\",\"potentialAction\":[{\"@type\":\"SearchAction\",\"target\":{\"@type\":\"EntryPoint\",\"urlTemplate\":\"https:\\\/\\\/brakkeconsulting.com\\\/?s={search_term_string}\"},\"query-input\":{\"@type\":\"PropertyValueSpecification\",\"valueRequired\":true,\"valueName\":\"search_term_string\"}}],\"inLanguage\":\"pt-PT\"}]}<\/script>\n<!-- \/ Yoast SEO plugin. -->","yoast_head_json":{"title":"Brakke Consulting, Inc. consultores em sa\u00fade animal","description":"H\u00e1 mais de 30 anos, a Brakke Consulting \u00e9 a principal empresa de consultoria de gest\u00e3o especializada nos setores de sa\u00fade animal, veterin\u00e1ria e animais de estima\u00e7\u00e3o.","robots":{"index":"index","follow":"follow","max-snippet":"max-snippet:-1","max-image-preview":"max-image-preview:large","max-video-preview":"max-video-preview:-1"},"canonical":"https:\/\/brakkeconsulting.com\/pt\/privacy-policy\/","og_locale":"pt_PT","og_type":"article","og_title":"Brakke Consulting, Inc. animal health consultants","og_description":"For over 30 years, Brakke Consulting has been the leading management consulting firm specializing in the animal health, veterinary and pet industries.","og_url":"https:\/\/brakkeconsulting.com\/pt\/privacy-policy\/","og_site_name":"Brakke Consulting Website","article_modified_time":"2022-03-31T19:17:41+00:00","twitter_card":"summary_large_image","twitter_misc":{"Tempo estimado de leitura":"2 minutos"},"schema":{"@context":"https:\/\/schema.org","@graph":[{"@type":"WebPage","@id":"https:\/\/brakkeconsulting.com\/privacy-policy\/","url":"https:\/\/brakkeconsulting.com\/privacy-policy\/","name":"Brakke Consulting, Inc. consultores em sa\u00fade animal","isPartOf":{"@id":"https:\/\/brakkeconsulting.com\/#website"},"datePublished":"2018-01-20T15:52:08+00:00","dateModified":"2022-03-31T19:17:41+00:00","description":"H\u00e1 mais de 30 anos, a Brakke Consulting \u00e9 a principal empresa de consultoria de gest\u00e3o especializada nos setores de sa\u00fade animal, veterin\u00e1ria e animais de estima\u00e7\u00e3o.","breadcrumb":{"@id":"https:\/\/brakkeconsulting.com\/privacy-policy\/#breadcrumb"},"inLanguage":"pt-PT","potentialAction":[{"@type":"ReadAction","target":["https:\/\/brakkeconsulting.com\/privacy-policy\/"]}]},{"@type":"BreadcrumbList","@id":"https:\/\/brakkeconsulting.com\/privacy-policy\/#breadcrumb","itemListElement":[{"@type":"ListItem","position":1,"name":"Home","item":"https:\/\/brakkeconsulting.com\/"},{"@type":"ListItem","position":2,"name":"Privacy Policy"}]},{"@type":"WebSite","@id":"https:\/\/brakkeconsulting.com\/#website","url":"https:\/\/brakkeconsulting.com\/","name":"Site da Brakke Consulting","description":"","potentialAction":[{"@type":"SearchAction","target":{"@type":"EntryPoint","urlTemplate":"https:\/\/brakkeconsulting.com\/?s={search_term_string}"},"query-input":{"@type":"PropertyValueSpecification","valueRequired":true,"valueName":"search_term_string"}}],"inLanguage":"pt-PT"}]}},"_links":{"self":[{"href":"https:\/\/brakkeconsulting.com\/pt\/wp-json\/wp\/v2\/pages\/75","targetHints":{"allow":["GET"]}}],"collection":[{"href":"https:\/\/brakkeconsulting.com\/pt\/wp-json\/wp\/v2\/pages"}],"about":[{"href":"https:\/\/brakkeconsulting.com\/pt\/wp-json\/wp\/v2\/types\/page"}],"author":[{"embeddable":true,"href":"https:\/\/brakkeconsulting.com\/pt\/wp-json\/wp\/v2\/users\/1"}],"replies":[{"embeddable":true,"href":"https:\/\/brakkeconsulting.com\/pt\/wp-json\/wp\/v2\/comments?post=75"}],"version-history":[{"count":5,"href":"https:\/\/brakkeconsulting.com\/pt\/wp-json\/wp\/v2\/pages\/75\/revisions"}],"predecessor-version":[{"id":30373,"href":"https:\/\/brakkeconsulting.com\/pt\/wp-json\/wp\/v2\/pages\/75\/revisions\/30373"}],"wp:attachment":[{"href":"https:\/\/brakkeconsulting.com\/pt\/wp-json\/wp\/v2\/media?parent=75"}],"curies":[{"name":"wp","href":"https:\/\/api.w.org\/{rel}","templated":true}]}}