{"id":60,"date":"2018-01-20T01:05:50","date_gmt":"2018-01-20T01:05:50","guid":{"rendered":"\/?page_id=60"},"modified":"2018-06-26T13:38:47","modified_gmt":"2018-06-26T19:38:47","slug":"bayer-veterinary-care-usage-study","status":"publish","type":"page","link":"https:\/\/brakkeconsulting.com\/pt\/our-services\/information\/market-research-old\/bayer-veterinary-care-usage-study\/","title":{"rendered":"Estudo de Uso de Cuidados Veterin\u00e1rios da Bayer"},"content":{"rendered":"<p>A Brakke Consulting gerenciou o Bayer Veterinary Care Usage Study, que mudou o setor, em 2011 e 2012. Abaixo est\u00e3o os links para os resultados do estudo.<\/p>\n<p>Parte I: <a href=\"\/wp-content\/uploads\/2018\/01\/BAYERBCI_VET_CARE_USAGE_STUDY.pdf\" target=\"_blank\" rel=\"noopener\">Clique aqui<\/a><\/p>\n<p>Parte II: <a href=\"\/wp-content\/uploads\/2018\/01\/BAYERBCI_VET_CARE_USAGE_STUDY_PART2.pdf\" target=\"_blank\" rel=\"noopener\">Clique aqui<\/a><\/p>\n<p>Parte III - Descobertas felinas: <a href=\"\/wp-content\/uploads\/2018\/01\/BayerBCI_BVCUS_III_Feline_Findings_2013.pdf\" target=\"_blank\" rel=\"noopener\">Clique aqui<\/a><\/p>\n<p>Parte III \u2013 Descobertas felinas, coletiva de imprensa de julho de 2013: <a href=\"\/wp-content\/uploads\/2018\/01\/BVCUS_III_NewsConf_7-16-13.pdf\" target=\"_blank\" rel=\"noopener\">Clique aqui<\/a><\/p>","protected":false},"excerpt":{"rendered":"<p>A Brakke Consulting gerenciou o estudo de uso de cuidados veterin\u00e1rios da Bayer, que mudou o setor, em 2011 e 2012. Abaixo est\u00e3o links para os resultados do estudo. Parte I: clique aqui Parte II: clique aqui Parte III \u2013 Descobertas Felinas: clique aqui Parte III \u2013 Descobertas Felinas, coletiva de imprensa de julho de 2013: clique aqui<\/p>","protected":false},"author":1,"featured_media":0,"parent":56,"menu_order":0,"comment_status":"closed","ping_status":"closed","template":"","meta":{"_acf_changed":false,"_et_pb_use_builder":"","_et_pb_old_content":"","_et_gb_content_width":"","footnotes":"","_links_to":"","_links_to_target":""},"class_list":["post-60","page","type-page","status-publish","hentry"],"acf":[],"yoast_head":"<!-- This site is optimized with the Yoast SEO plugin v27.0 - https:\/\/yoast.com\/product\/yoast-seo-wordpress\/ -->\n<title>Brakke Consulting | animal health consulting | veterinary | information | veterinary care usage<\/title>\n<meta name=\"description\" content=\"The Bayer Veterinary Care Usage Study, conducted by Brakke Consulting, examines pet owners&#039; perceptions of their veterinarians.\" \/>\n<meta name=\"robots\" content=\"index, follow, max-snippet:-1, max-image-preview:large, max-video-preview:-1\" \/>\n<link rel=\"canonical\" href=\"https:\/\/brakkeconsulting.com\/pt\/our-services\/information\/market-research-old\/bayer-veterinary-care-usage-study\/\" \/>\n<meta property=\"og:locale\" content=\"pt_PT\" \/>\n<meta property=\"og:type\" content=\"article\" \/>\n<meta property=\"og:title\" content=\"Brakke Consulting | animal health consulting | veterinary | information | veterinary care usage\" \/>\n<meta property=\"og:description\" content=\"The Bayer Veterinary Care Usage Study, conducted by Brakke Consulting, examines pet owners&#039; perceptions of their veterinarians.\" \/>\n<meta property=\"og:url\" content=\"https:\/\/brakkeconsulting.com\/pt\/our-services\/information\/market-research-old\/bayer-veterinary-care-usage-study\/\" \/>\n<meta property=\"og:site_name\" content=\"Brakke Consulting Website\" \/>\n<meta property=\"article:modified_time\" content=\"2018-06-26T19:38:47+00:00\" \/>\n<meta name=\"twitter:card\" content=\"summary_large_image\" \/>\n<script type=\"application\/ld+json\" class=\"yoast-schema-graph\">{\"@context\":\"https:\/\/schema.org\",\"@graph\":[{\"@type\":\"WebPage\",\"@id\":\"https:\/\/brakkeconsulting.com\/pt\/our-services\/information\/market-research-old\/bayer-veterinary-care-usage-study\/\",\"url\":\"https:\/\/brakkeconsulting.com\/pt\/our-services\/information\/market-research-old\/bayer-veterinary-care-usage-study\/\",\"name\":\"Brakke Consulting | animal health consulting | veterinary | information | veterinary care usage\",\"isPartOf\":{\"@id\":\"https:\/\/brakkeconsulting.com\/#website\"},\"datePublished\":\"2018-01-20T01:05:50+00:00\",\"dateModified\":\"2018-06-26T19:38:47+00:00\",\"description\":\"The Bayer Veterinary Care Usage Study, conducted by Brakke Consulting, examines pet owners' perceptions of their veterinarians.\",\"breadcrumb\":{\"@id\":\"https:\/\/brakkeconsulting.com\/pt\/our-services\/information\/market-research-old\/bayer-veterinary-care-usage-study\/#breadcrumb\"},\"inLanguage\":\"pt-PT\",\"potentialAction\":[{\"@type\":\"ReadAction\",\"target\":[\"https:\/\/brakkeconsulting.com\/pt\/our-services\/information\/market-research-old\/bayer-veterinary-care-usage-study\/\"]}]},{\"@type\":\"BreadcrumbList\",\"@id\":\"https:\/\/brakkeconsulting.com\/pt\/our-services\/information\/market-research-old\/bayer-veterinary-care-usage-study\/#breadcrumb\",\"itemListElement\":[{\"@type\":\"ListItem\",\"position\":1,\"name\":\"Home\",\"item\":\"https:\/\/brakkeconsulting.com\/\"},{\"@type\":\"ListItem\",\"position\":2,\"name\":\"Our Services\",\"item\":\"https:\/\/brakkeconsulting.com\/our-services\/\"},{\"@type\":\"ListItem\",\"position\":3,\"name\":\"Information\",\"item\":\"https:\/\/brakkeconsulting.com\/our-services\/information\/\"},{\"@type\":\"ListItem\",\"position\":4,\"name\":\"Market Research\",\"item\":\"https:\/\/brakkeconsulting.com\/our-services\/information\/market-research-old\/\"},{\"@type\":\"ListItem\",\"position\":5,\"name\":\"Bayer Veterinary Care Usage Study\"}]},{\"@type\":\"WebSite\",\"@id\":\"https:\/\/brakkeconsulting.com\/#website\",\"url\":\"https:\/\/brakkeconsulting.com\/\",\"name\":\"Brakke Consulting Website\",\"description\":\"\",\"potentialAction\":[{\"@type\":\"SearchAction\",\"target\":{\"@type\":\"EntryPoint\",\"urlTemplate\":\"https:\/\/brakkeconsulting.com\/?s={search_term_string}\"},\"query-input\":{\"@type\":\"PropertyValueSpecification\",\"valueRequired\":true,\"valueName\":\"search_term_string\"}}],\"inLanguage\":\"pt-PT\"}]}<\/script>\n<!-- \/ Yoast SEO plugin. -->","yoast_head_json":{"title":"Brakke Consulting | consultoria em sa\u00fade animal | veterin\u00e1ria | informa\u00e7\u00f5es | utiliza\u00e7\u00e3o de cuidados veterin\u00e1rios","description":"O estudo Bayer Veterinary Care Usage Study, conduzido pela Brakke Consulting, examina a percep\u00e7\u00e3o dos donos de animais de estima\u00e7\u00e3o sobre seus veterin\u00e1rios.","robots":{"index":"index","follow":"follow","max-snippet":"max-snippet:-1","max-image-preview":"max-image-preview:large","max-video-preview":"max-video-preview:-1"},"canonical":"https:\/\/brakkeconsulting.com\/pt\/our-services\/information\/market-research-old\/bayer-veterinary-care-usage-study\/","og_locale":"pt_PT","og_type":"article","og_title":"Brakke Consulting | animal health consulting | veterinary | information | veterinary care usage","og_description":"The Bayer Veterinary Care Usage Study, conducted by Brakke Consulting, examines pet owners' perceptions of their veterinarians.","og_url":"https:\/\/brakkeconsulting.com\/pt\/our-services\/information\/market-research-old\/bayer-veterinary-care-usage-study\/","og_site_name":"Brakke Consulting Website","article_modified_time":"2018-06-26T19:38:47+00:00","twitter_card":"summary_large_image","schema":{"@context":"https:\/\/schema.org","@graph":[{"@type":"WebPage","@id":"https:\/\/brakkeconsulting.com\/pt\/our-services\/information\/market-research-old\/bayer-veterinary-care-usage-study\/","url":"https:\/\/brakkeconsulting.com\/pt\/our-services\/information\/market-research-old\/bayer-veterinary-care-usage-study\/","name":"Brakke Consulting | consultoria em sa\u00fade animal | veterin\u00e1ria | informa\u00e7\u00f5es | utiliza\u00e7\u00e3o de cuidados veterin\u00e1rios","isPartOf":{"@id":"https:\/\/brakkeconsulting.com\/#website"},"datePublished":"2018-01-20T01:05:50+00:00","dateModified":"2018-06-26T19:38:47+00:00","description":"O estudo Bayer Veterinary Care Usage Study, conduzido pela Brakke Consulting, examina a percep\u00e7\u00e3o dos donos de animais de estima\u00e7\u00e3o sobre seus veterin\u00e1rios.","breadcrumb":{"@id":"https:\/\/brakkeconsulting.com\/pt\/our-services\/information\/market-research-old\/bayer-veterinary-care-usage-study\/#breadcrumb"},"inLanguage":"pt-PT","potentialAction":[{"@type":"ReadAction","target":["https:\/\/brakkeconsulting.com\/pt\/our-services\/information\/market-research-old\/bayer-veterinary-care-usage-study\/"]}]},{"@type":"BreadcrumbList","@id":"https:\/\/brakkeconsulting.com\/pt\/our-services\/information\/market-research-old\/bayer-veterinary-care-usage-study\/#breadcrumb","itemListElement":[{"@type":"ListItem","position":1,"name":"Home","item":"https:\/\/brakkeconsulting.com\/"},{"@type":"ListItem","position":2,"name":"Our Services","item":"https:\/\/brakkeconsulting.com\/our-services\/"},{"@type":"ListItem","position":3,"name":"Information","item":"https:\/\/brakkeconsulting.com\/our-services\/information\/"},{"@type":"ListItem","position":4,"name":"Market Research","item":"https:\/\/brakkeconsulting.com\/our-services\/information\/market-research-old\/"},{"@type":"ListItem","position":5,"name":"Bayer Veterinary Care Usage Study"}]},{"@type":"WebSite","@id":"https:\/\/brakkeconsulting.com\/#website","url":"https:\/\/brakkeconsulting.com\/","name":"Site da Brakke Consulting","description":"","potentialAction":[{"@type":"SearchAction","target":{"@type":"EntryPoint","urlTemplate":"https:\/\/brakkeconsulting.com\/?s={search_term_string}"},"query-input":{"@type":"PropertyValueSpecification","valueRequired":true,"valueName":"search_term_string"}}],"inLanguage":"pt-PT"}]}},"_links":{"self":[{"href":"https:\/\/brakkeconsulting.com\/pt\/wp-json\/wp\/v2\/pages\/60","targetHints":{"allow":["GET"]}}],"collection":[{"href":"https:\/\/brakkeconsulting.com\/pt\/wp-json\/wp\/v2\/pages"}],"about":[{"href":"https:\/\/brakkeconsulting.com\/pt\/wp-json\/wp\/v2\/types\/page"}],"author":[{"embeddable":true,"href":"https:\/\/brakkeconsulting.com\/pt\/wp-json\/wp\/v2\/users\/1"}],"replies":[{"embeddable":true,"href":"https:\/\/brakkeconsulting.com\/pt\/wp-json\/wp\/v2\/comments?post=60"}],"version-history":[{"count":4,"href":"https:\/\/brakkeconsulting.com\/pt\/wp-json\/wp\/v2\/pages\/60\/revisions"}],"predecessor-version":[{"id":25760,"href":"https:\/\/brakkeconsulting.com\/pt\/wp-json\/wp\/v2\/pages\/60\/revisions\/25760"}],"up":[{"embeddable":true,"href":"https:\/\/brakkeconsulting.com\/pt\/wp-json\/wp\/v2\/pages\/56"}],"wp:attachment":[{"href":"https:\/\/brakkeconsulting.com\/pt\/wp-json\/wp\/v2\/media?parent=60"}],"curies":[{"name":"wp","href":"https:\/\/api.w.org\/{rel}","templated":true}]}}