{"id":56,"date":"2018-01-20T01:05:44","date_gmt":"2018-01-20T01:05:44","guid":{"rendered":"\/?page_id=56"},"modified":"2021-06-10T13:35:52","modified_gmt":"2021-06-10T19:35:52","slug":"market-research-old","status":"publish","type":"page","link":"https:\/\/brakkeconsulting.com\/pt\/our-services\/information\/market-research-old\/","title":{"rendered":"Pesquisa de mercado"},"content":{"rendered":"<p>A dedicada equipe de recrutamento de executivos da Brakke Consulting est\u00e1 posicionada de maneira \u00fanica para fazer parceria com empresas de sa\u00fade e nutri\u00e7\u00e3o animal por meio de sua combina\u00e7\u00e3o de conhecimento incompar\u00e1vel do setor e servi\u00e7o individualizado para que voc\u00ea possa encontrar a pessoa certa para sua equipe.<\/p>\n<p>E encontrar a pessoa certa est\u00e1 cada vez mais dif\u00edcil, apesar de todas as m\u00eddias sociais e relacionadas ao trabalho, como o LinkedIn, que podem ser acessadas hoje. Nossa equipe pode eliminar a desordem, economizando tempo e dinheiro e encontrando a combina\u00e7\u00e3o certa para sua contrata\u00e7\u00e3o importante. \u00c0s vezes, voc\u00ea precisa de um especialista, um humano para ajudar.<\/p>\n<p><u>Nosso Processo<\/u><\/p>\n<p>Nosso processo come\u00e7a com uma reuni\u00e3o detalhada \u2013 pessoalmente, online ou por telefone. Definimos suas necessidades, habilidades e experi\u00eancia, fornecendo um resumo por escrito para confirmar essas necessidades. Tamb\u00e9m reservamos um tempo para entender a cultura da sua empresa e aprender como o ajuste cultural \u00e9 importante para a sua empresa. Ent\u00e3o a busca come\u00e7a. Utilizamos todas as ferramentas adequadas para a sua pesquisa. Isso pode incluir nosso banco de dados de curr\u00edculos, consultas em nosso site, <a href=\"http:\/\/www.animalhealthjobs.com\">www.animalhealthjobs.com<\/a>, e, mais importante, nossa rede de consultores e contatos experientes em todos os aspectos da ind\u00fastria de nutri\u00e7\u00e3o e sa\u00fade animal.<\/p>\n<p>Refinamos a lista de candidatos e apresentamos uma lista acordada para voc\u00ea, que inclui nosso pr\u00f3prio resumo escrito e avalia\u00e7\u00e3o qualitativa de cada candidato. Esse pacote tamb\u00e9m inclui uma descri\u00e7\u00e3o de ajuste e alinhamento de cada candidato com base em uma ferramenta de avalia\u00e7\u00e3o de talentos comprovada. Estamos dispon\u00edveis para ajud\u00e1-lo a avaliar, escolher, fazer uma oferta e contratar seu melhor candidato.<\/p>\n<p><u>Servi\u00e7os Dispon\u00edveis <\/u><\/p>\n<ul>\n<li>Reda\u00e7\u00e3o da descri\u00e7\u00e3o da posi\u00e7\u00e3o<\/li>\n<li>Enquadramento de Compensa\u00e7\u00e3o<\/li>\n<li>Networking, Divulga\u00e7\u00e3o e Recrutamento<\/li>\n<li>Apresenta\u00e7\u00e3o do Candidato<\/li>\n<li>Avalia\u00e7\u00e3o Qualitativa de Adequa\u00e7\u00e3o e Alinhamento<\/li>\n<li>Licita\u00e7\u00e3o e Negocia\u00e7\u00e3o de Ofertas<\/li>\n<\/ul>\n<p>Trabalhamos com voc\u00ea individualmente para garantir que voc\u00ea contrate o melhor candidato com base em suas necessidades espec\u00edficas.<\/p>\n<p><u>O que torna a Brakke Consulting especial <\/u><\/p>\n<ul>\n<li><strong>Atendimento individualizado<\/strong> \u2013 Dedicamos um Consultor para conduzir sua busca, apoiado por uma experiente equipe de suporte. N\u00f3s nos concentramos apenas em vendas e busca de executivos em sa\u00fade e nutri\u00e7\u00e3o animal.<\/li>\n<li><strong>Alcance da ind\u00fastria<\/strong> \u2013 Nossa rede incompar\u00e1vel de consultores que se especializam em uma ampla gama de \u00e1reas funcionais, esp\u00e9cies e geogr\u00e1ficas normalmente est\u00e1 a um ou dois apertos de m\u00e3o da maioria dos principais indiv\u00edduos do setor, incluindo aqueles que podem n\u00e3o estar procurando ativamente, mas podem achar sua posi\u00e7\u00e3o atraente.<\/li>\n<li><strong>Recursos de rede<\/strong> \u2013 Utilizamos nosso banco de dados de quase 5.000 candidatos diretamente de profissionais apropriados do setor, juntamente com nossa lista semanal de assinantes de boletins informativos de profissionais de sa\u00fade animal. Tamb\u00e9m podemos postar sua posi\u00e7\u00e3o em <a href=\"http:\/\/www.animalhealthjobs.com\">animalhealthjobs.com<\/a>. Cada um desses ativos economiza um tempo valioso e identifica indiv\u00edduos com os <em>experi\u00eancia t\u00e9cnica e industrial<\/em> voc\u00ea procura.<\/li>\n<li><strong>Diagn\u00f3stico de Avalia\u00e7\u00e3o Especializada <\/strong>\u2013 Para cada candidato que apresentamos, inclu\u00edmos um perfil de talento perspicaz e avaliado que o ajuda a encontrar o candidato certo que atender\u00e1 \u00e0s necessidades do trabalho.<\/li>\n<li><strong>Discri\u00e7\u00e3o e Confidencialidade <\/strong>\u2013 Por mais de 35 anos, com centenas de clientes e projetos, conquistamos nossa reputa\u00e7\u00e3o por proteger sua reputa\u00e7\u00e3o e circunst\u00e2ncias.<\/li>\n<\/ul>\n<p align=\"right\"><a href=\"\/pt\/our-services\/information\/\">Voltar para informa\u00e7\u00f5es<\/a><\/p>","protected":false},"excerpt":{"rendered":"<p>A equipe dedicada de recrutamento de executivos da Brakke Consulting est\u00e1 exclusivamente posicionada para fazer parceria com empresas de sa\u00fade e nutri\u00e7\u00e3o animal atrav\u00e9s de sua combina\u00e7\u00e3o de conhecimento incompar\u00e1vel do setor e servi\u00e7o individualizado para que voc\u00ea seja capaz de encontrar a pessoa certa para sua equipe. E encontrar a pessoa certa est\u00e1 cada vez mais dif\u00edcil, apesar de todas as redes sociais e meios de comunica\u00e7\u00e3o relacionados com o trabalho, como o LinkedIn, que podem ser acedidos hoje em dia. Nossa equipe pode eliminar a desordem, economizando tempo e dinheiro, e encontrar a combina\u00e7\u00e3o certa para sua importante contrata\u00e7\u00e3o. \u00c0s vezes, voc\u00ea precisa de um especialista, um humano para ajudar. Nosso Processo Nosso processo come\u00e7a com uma reuni\u00e3o aprofundada \u2013 pessoalmente, online ou por telefone. Definimos as suas necessidades, tanto de compet\u00eancias como de experi\u00eancia, fornecendo um resumo escrito para confirmar essas necessidades. Tamb\u00e9m dedicamos tempo para entender a cultura da sua empresa e aprender como a adequa\u00e7\u00e3o cultural \u00e9 importante para ela. Ent\u00e3o a busca come\u00e7a. Utilizamos todas as ferramentas adequadas \u00e0 sua pesquisa. Estes podem incluir a nossa base de dados de curr\u00edculos, consultas no nosso website, www.animalhealthjobs.com, e, o mais importante, a nossa rede de consultores e contactos com experi\u00eancia em todos os aspectos da ind\u00fastria de sa\u00fade e nutri\u00e7\u00e3o animal. Refinamos a lista de candidatos e apresentamos a voc\u00ea uma lista acordada, que inclui nosso pr\u00f3prio resumo escrito e avalia\u00e7\u00e3o qualitativa de cada candidato. Esse pacote tamb\u00e9m inclui um<\/p>\n<div class=\"view-full-post\"><a href=\"https:\/\/brakkeconsulting.com\/pt\/our-services\/information\/market-research-old\/\" class=\"view-full-post-btn\">Ver postagem completa<\/a><\/div>\n<p>;<\/p>","protected":false},"author":1,"featured_media":0,"parent":36,"menu_order":0,"comment_status":"closed","ping_status":"closed","template":"","meta":{"_acf_changed":false,"_et_pb_use_builder":"","_et_pb_old_content":"","_et_gb_content_width":"","footnotes":"","_links_to":"","_links_to_target":""},"class_list":["post-56","page","type-page","status-publish","hentry"],"acf":[],"yoast_head":"<!-- This site is optimized with the Yoast SEO plugin v27.0 - https:\/\/yoast.com\/product\/yoast-seo-wordpress\/ -->\n<title>Brakke Consulting | animal health consulting | veterinary | information | market research<\/title>\n<meta name=\"description\" content=\"Brakke Consulting provides expert assistance in market research, from questionnaire design to insightful analysis of survey results.\" \/>\n<meta name=\"robots\" content=\"index, follow, max-snippet:-1, max-image-preview:large, max-video-preview:-1\" \/>\n<link rel=\"canonical\" href=\"https:\/\/brakkeconsulting.com\/pt\/our-services\/information\/market-research-old\/\" \/>\n<meta property=\"og:locale\" content=\"pt_PT\" \/>\n<meta property=\"og:type\" content=\"article\" \/>\n<meta property=\"og:title\" content=\"Brakke Consulting | animal health consulting | veterinary | information | market research\" \/>\n<meta property=\"og:description\" content=\"Brakke Consulting provides expert assistance in market research, from questionnaire design to insightful analysis of survey results.\" \/>\n<meta property=\"og:url\" content=\"https:\/\/brakkeconsulting.com\/pt\/our-services\/information\/market-research-old\/\" \/>\n<meta property=\"og:site_name\" content=\"Brakke Consulting Website\" \/>\n<meta property=\"article:modified_time\" content=\"2021-06-10T19:35:52+00:00\" \/>\n<meta name=\"twitter:card\" content=\"summary_large_image\" \/>\n<meta name=\"twitter:label1\" content=\"Tempo estimado de leitura\" \/>\n\t<meta name=\"twitter:data1\" content=\"3 minutos\" \/>\n<script type=\"application\/ld+json\" class=\"yoast-schema-graph\">{\"@context\":\"https:\/\/schema.org\",\"@graph\":[{\"@type\":\"WebPage\",\"@id\":\"https:\/\/brakkeconsulting.com\/our-services\/information\/market-research-old\/\",\"url\":\"https:\/\/brakkeconsulting.com\/our-services\/information\/market-research-old\/\",\"name\":\"Brakke Consulting | animal health consulting | veterinary | information | market research\",\"isPartOf\":{\"@id\":\"https:\/\/brakkeconsulting.com\/#website\"},\"datePublished\":\"2018-01-20T01:05:44+00:00\",\"dateModified\":\"2021-06-10T19:35:52+00:00\",\"description\":\"Brakke Consulting provides expert assistance in market research, from questionnaire design to insightful analysis of survey results.\",\"breadcrumb\":{\"@id\":\"https:\/\/brakkeconsulting.com\/our-services\/information\/market-research-old\/#breadcrumb\"},\"inLanguage\":\"pt-PT\",\"potentialAction\":[{\"@type\":\"ReadAction\",\"target\":[\"https:\/\/brakkeconsulting.com\/our-services\/information\/market-research-old\/\"]}]},{\"@type\":\"BreadcrumbList\",\"@id\":\"https:\/\/brakkeconsulting.com\/our-services\/information\/market-research-old\/#breadcrumb\",\"itemListElement\":[{\"@type\":\"ListItem\",\"position\":1,\"name\":\"Home\",\"item\":\"https:\/\/brakkeconsulting.com\/\"},{\"@type\":\"ListItem\",\"position\":2,\"name\":\"Our Services\",\"item\":\"https:\/\/brakkeconsulting.com\/our-services\/\"},{\"@type\":\"ListItem\",\"position\":3,\"name\":\"Information\",\"item\":\"https:\/\/brakkeconsulting.com\/our-services\/information\/\"},{\"@type\":\"ListItem\",\"position\":4,\"name\":\"Market Research\"}]},{\"@type\":\"WebSite\",\"@id\":\"https:\/\/brakkeconsulting.com\/#website\",\"url\":\"https:\/\/brakkeconsulting.com\/\",\"name\":\"Brakke Consulting Website\",\"description\":\"\",\"potentialAction\":[{\"@type\":\"SearchAction\",\"target\":{\"@type\":\"EntryPoint\",\"urlTemplate\":\"https:\/\/brakkeconsulting.com\/?s={search_term_string}\"},\"query-input\":{\"@type\":\"PropertyValueSpecification\",\"valueRequired\":true,\"valueName\":\"search_term_string\"}}],\"inLanguage\":\"pt-PT\"}]}<\/script>\n<!-- \/ Yoast SEO plugin. -->","yoast_head_json":{"title":"Brakke Consulting | animal health consulting | veterinary | information | market research","description":"Brakke Consulting provides expert assistance in market research, from questionnaire design to insightful analysis of survey results.","robots":{"index":"index","follow":"follow","max-snippet":"max-snippet:-1","max-image-preview":"max-image-preview:large","max-video-preview":"max-video-preview:-1"},"canonical":"https:\/\/brakkeconsulting.com\/pt\/our-services\/information\/market-research-old\/","og_locale":"pt_PT","og_type":"article","og_title":"Brakke Consulting | animal health consulting | veterinary | information | market research","og_description":"Brakke Consulting provides expert assistance in market research, from questionnaire design to insightful analysis of survey results.","og_url":"https:\/\/brakkeconsulting.com\/pt\/our-services\/information\/market-research-old\/","og_site_name":"Brakke Consulting Website","article_modified_time":"2021-06-10T19:35:52+00:00","twitter_card":"summary_large_image","twitter_misc":{"Tempo estimado de leitura":"3 minutos"},"schema":{"@context":"https:\/\/schema.org","@graph":[{"@type":"WebPage","@id":"https:\/\/brakkeconsulting.com\/our-services\/information\/market-research-old\/","url":"https:\/\/brakkeconsulting.com\/our-services\/information\/market-research-old\/","name":"Brakke Consulting | animal health consulting | veterinary | information | market research","isPartOf":{"@id":"https:\/\/brakkeconsulting.com\/#website"},"datePublished":"2018-01-20T01:05:44+00:00","dateModified":"2021-06-10T19:35:52+00:00","description":"Brakke Consulting provides expert assistance in market research, from questionnaire design to insightful analysis of survey results.","breadcrumb":{"@id":"https:\/\/brakkeconsulting.com\/our-services\/information\/market-research-old\/#breadcrumb"},"inLanguage":"pt-PT","potentialAction":[{"@type":"ReadAction","target":["https:\/\/brakkeconsulting.com\/our-services\/information\/market-research-old\/"]}]},{"@type":"BreadcrumbList","@id":"https:\/\/brakkeconsulting.com\/our-services\/information\/market-research-old\/#breadcrumb","itemListElement":[{"@type":"ListItem","position":1,"name":"Home","item":"https:\/\/brakkeconsulting.com\/"},{"@type":"ListItem","position":2,"name":"Our Services","item":"https:\/\/brakkeconsulting.com\/our-services\/"},{"@type":"ListItem","position":3,"name":"Information","item":"https:\/\/brakkeconsulting.com\/our-services\/information\/"},{"@type":"ListItem","position":4,"name":"Market Research"}]},{"@type":"WebSite","@id":"https:\/\/brakkeconsulting.com\/#website","url":"https:\/\/brakkeconsulting.com\/","name":"Site da Brakke Consulting","description":"","potentialAction":[{"@type":"SearchAction","target":{"@type":"EntryPoint","urlTemplate":"https:\/\/brakkeconsulting.com\/?s={search_term_string}"},"query-input":{"@type":"PropertyValueSpecification","valueRequired":true,"valueName":"search_term_string"}}],"inLanguage":"pt-PT"}]}},"_links":{"self":[{"href":"https:\/\/brakkeconsulting.com\/pt\/wp-json\/wp\/v2\/pages\/56","targetHints":{"allow":["GET"]}}],"collection":[{"href":"https:\/\/brakkeconsulting.com\/pt\/wp-json\/wp\/v2\/pages"}],"about":[{"href":"https:\/\/brakkeconsulting.com\/pt\/wp-json\/wp\/v2\/types\/page"}],"author":[{"embeddable":true,"href":"https:\/\/brakkeconsulting.com\/pt\/wp-json\/wp\/v2\/users\/1"}],"replies":[{"embeddable":true,"href":"https:\/\/brakkeconsulting.com\/pt\/wp-json\/wp\/v2\/comments?post=56"}],"version-history":[{"count":6,"href":"https:\/\/brakkeconsulting.com\/pt\/wp-json\/wp\/v2\/pages\/56\/revisions"}],"predecessor-version":[{"id":29338,"href":"https:\/\/brakkeconsulting.com\/pt\/wp-json\/wp\/v2\/pages\/56\/revisions\/29338"}],"up":[{"embeddable":true,"href":"https:\/\/brakkeconsulting.com\/pt\/wp-json\/wp\/v2\/pages\/36"}],"wp:attachment":[{"href":"https:\/\/brakkeconsulting.com\/pt\/wp-json\/wp\/v2\/media?parent=56"}],"curies":[{"name":"wp","href":"https:\/\/api.w.org\/{rel}","templated":true}]}}