{"id":45,"date":"2018-01-20T00:55:42","date_gmt":"2018-01-20T00:55:42","guid":{"rendered":"\/?page_id=45"},"modified":"2018-06-26T12:51:02","modified_gmt":"2018-06-26T18:51:02","slug":"general-consultation-solutions","status":"publish","type":"page","link":"https:\/\/brakkeconsulting.com\/pt\/our-services\/general-consultation-solutions\/","title":{"rendered":"Consulta Geral e Solu\u00e7\u00f5es"},"content":{"rendered":"<p>A equipe da Brakke Consulting re\u00fane indiv\u00edduos altamente talentosos com experi\u00eancia significativa em CEO ou gerenciamento de divis\u00e3o. Nossos consultores s\u00e3o l\u00edderes do setor que constru\u00edram neg\u00f3cios de sucesso, negociaram grandes aquisi\u00e7\u00f5es e desinvestimentos, desenvolveram tecnologia e trouxeram ao mercado alguns dos produtos de maior sucesso do setor.<\/p>\n<p>A Brakke Consulting oferece servi\u00e7os de consultoria geral, como assist\u00eancia em planejamento estrat\u00e9gico; conselho executivo; avalia\u00e7\u00f5es de produtos; planejamento de desenvolvimento de neg\u00f3cios; e formula\u00e7\u00e3o de estrat\u00e9gia de distribui\u00e7\u00e3o. Podemos personalizar nossos servi\u00e7os de acordo com suas necessidades.<\/p>\n<p><a href=\"\/wp-content\/uploads\/2018\/01\/Brakke_Mgmt_brochure.pdf\" target=\"_blank\" rel=\"noopener\">Baixar folheto<\/a><\/p>\n<p>Por favor <a href=\"\/pt\/contact-us\/\">Contate-nos<\/a> para saber como podemos ajud\u00e1-lo a alcan\u00e7ar seus objetivos.<\/p>","protected":false},"excerpt":{"rendered":"<p>A equipe da Brakke Consulting re\u00fane profissionais altamente talentosos com vasta experi\u00eancia em gest\u00e3o de CEOs ou divis\u00f5es. Nossos consultores s\u00e3o l\u00edderes do setor que constru\u00edram neg\u00f3cios de sucesso, negociaram grandes aquisi\u00e7\u00f5es e desinvestimentos, desenvolveram tecnologia e lan\u00e7aram no mercado alguns dos produtos de maior sucesso do setor. A Brakke Consulting oferece servi\u00e7os gerais de consultoria, como assist\u00eancia em planejamento estrat\u00e9gico; consultoria executiva; avalia\u00e7\u00e3o de produtos; planejamento de desenvolvimento de neg\u00f3cios; e formula\u00e7\u00e3o de estrat\u00e9gias de distribui\u00e7\u00e3o. Podemos personalizar nossos servi\u00e7os de acordo com suas necessidades. Baixe o folheto. Entre em contato conosco para saber como podemos ajud\u00e1-lo a atingir seus objetivos.<\/p>","protected":false},"author":1,"featured_media":0,"parent":10,"menu_order":0,"comment_status":"closed","ping_status":"closed","template":"","meta":{"_acf_changed":false,"_et_pb_use_builder":"","_et_pb_old_content":"","_et_gb_content_width":"","footnotes":"","_links_to":"","_links_to_target":""},"class_list":["post-45","page","type-page","status-publish","hentry"],"acf":[],"yoast_head":"<!-- This site is optimized with the Yoast SEO plugin v27.0 - https:\/\/yoast.com\/product\/yoast-seo-wordpress\/ -->\n<title>Brakke Consulting | animal health consulting | veterinary | experts<\/title>\n<meta name=\"description\" content=\"The Brakke Consulting team brings together highly talented individuals who have significant CEO or division management experience in animal health.\" \/>\n<meta name=\"robots\" content=\"index, follow, max-snippet:-1, max-image-preview:large, max-video-preview:-1\" \/>\n<link rel=\"canonical\" href=\"https:\/\/brakkeconsulting.com\/pt\/our-services\/general-consultation-solutions\/\" \/>\n<meta property=\"og:locale\" content=\"pt_PT\" \/>\n<meta property=\"og:type\" content=\"article\" \/>\n<meta property=\"og:title\" content=\"Brakke Consulting | animal health consulting | veterinary | experts\" \/>\n<meta property=\"og:description\" content=\"The Brakke Consulting team brings together highly talented individuals who have significant CEO or division management experience in animal health.\" \/>\n<meta property=\"og:url\" content=\"https:\/\/brakkeconsulting.com\/pt\/our-services\/general-consultation-solutions\/\" \/>\n<meta property=\"og:site_name\" content=\"Brakke Consulting Website\" \/>\n<meta property=\"article:modified_time\" content=\"2018-06-26T18:51:02+00:00\" \/>\n<meta name=\"twitter:card\" content=\"summary_large_image\" \/>\n<script type=\"application\/ld+json\" class=\"yoast-schema-graph\">{\"@context\":\"https:\/\/schema.org\",\"@graph\":[{\"@type\":\"WebPage\",\"@id\":\"https:\/\/brakkeconsulting.com\/our-services\/general-consultation-solutions\/\",\"url\":\"https:\/\/brakkeconsulting.com\/our-services\/general-consultation-solutions\/\",\"name\":\"Brakke Consulting | animal health consulting | veterinary | experts\",\"isPartOf\":{\"@id\":\"https:\/\/brakkeconsulting.com\/#website\"},\"datePublished\":\"2018-01-20T00:55:42+00:00\",\"dateModified\":\"2018-06-26T18:51:02+00:00\",\"description\":\"The Brakke Consulting team brings together highly talented individuals who have significant CEO or division management experience in animal health.\",\"breadcrumb\":{\"@id\":\"https:\/\/brakkeconsulting.com\/our-services\/general-consultation-solutions\/#breadcrumb\"},\"inLanguage\":\"pt-PT\",\"potentialAction\":[{\"@type\":\"ReadAction\",\"target\":[\"https:\/\/brakkeconsulting.com\/our-services\/general-consultation-solutions\/\"]}]},{\"@type\":\"BreadcrumbList\",\"@id\":\"https:\/\/brakkeconsulting.com\/our-services\/general-consultation-solutions\/#breadcrumb\",\"itemListElement\":[{\"@type\":\"ListItem\",\"position\":1,\"name\":\"Home\",\"item\":\"https:\/\/brakkeconsulting.com\/\"},{\"@type\":\"ListItem\",\"position\":2,\"name\":\"Our Services\",\"item\":\"https:\/\/brakkeconsulting.com\/pt\/our-services\/\"},{\"@type\":\"ListItem\",\"position\":3,\"name\":\"General Consultation &#038; Solutions\"}]},{\"@type\":\"WebSite\",\"@id\":\"https:\/\/brakkeconsulting.com\/#website\",\"url\":\"https:\/\/brakkeconsulting.com\/\",\"name\":\"Brakke Consulting Website\",\"description\":\"\",\"potentialAction\":[{\"@type\":\"SearchAction\",\"target\":{\"@type\":\"EntryPoint\",\"urlTemplate\":\"https:\/\/brakkeconsulting.com\/?s={search_term_string}\"},\"query-input\":{\"@type\":\"PropertyValueSpecification\",\"valueRequired\":true,\"valueName\":\"search_term_string\"}}],\"inLanguage\":\"pt-PT\"}]}<\/script>\n<!-- \/ Yoast SEO plugin. -->","yoast_head_json":{"title":"Brakke Consulting | animal health consulting | veterinary | experts","description":"The Brakke Consulting team brings together highly talented individuals who have significant CEO or division management experience in animal health.","robots":{"index":"index","follow":"follow","max-snippet":"max-snippet:-1","max-image-preview":"max-image-preview:large","max-video-preview":"max-video-preview:-1"},"canonical":"https:\/\/brakkeconsulting.com\/pt\/our-services\/general-consultation-solutions\/","og_locale":"pt_PT","og_type":"article","og_title":"Brakke Consulting | animal health consulting | veterinary | experts","og_description":"The Brakke Consulting team brings together highly talented individuals who have significant CEO or division management experience in animal health.","og_url":"https:\/\/brakkeconsulting.com\/pt\/our-services\/general-consultation-solutions\/","og_site_name":"Brakke Consulting Website","article_modified_time":"2018-06-26T18:51:02+00:00","twitter_card":"summary_large_image","schema":{"@context":"https:\/\/schema.org","@graph":[{"@type":"WebPage","@id":"https:\/\/brakkeconsulting.com\/our-services\/general-consultation-solutions\/","url":"https:\/\/brakkeconsulting.com\/our-services\/general-consultation-solutions\/","name":"Brakke Consulting | animal health consulting | veterinary | experts","isPartOf":{"@id":"https:\/\/brakkeconsulting.com\/#website"},"datePublished":"2018-01-20T00:55:42+00:00","dateModified":"2018-06-26T18:51:02+00:00","description":"The Brakke Consulting team brings together highly talented individuals who have significant CEO or division management experience in animal health.","breadcrumb":{"@id":"https:\/\/brakkeconsulting.com\/our-services\/general-consultation-solutions\/#breadcrumb"},"inLanguage":"pt-PT","potentialAction":[{"@type":"ReadAction","target":["https:\/\/brakkeconsulting.com\/our-services\/general-consultation-solutions\/"]}]},{"@type":"BreadcrumbList","@id":"https:\/\/brakkeconsulting.com\/our-services\/general-consultation-solutions\/#breadcrumb","itemListElement":[{"@type":"ListItem","position":1,"name":"Home","item":"https:\/\/brakkeconsulting.com\/"},{"@type":"ListItem","position":2,"name":"Our Services","item":"https:\/\/brakkeconsulting.com\/pt\/our-services\/"},{"@type":"ListItem","position":3,"name":"General Consultation &#038; Solutions"}]},{"@type":"WebSite","@id":"https:\/\/brakkeconsulting.com\/#website","url":"https:\/\/brakkeconsulting.com\/","name":"Site da Brakke Consulting","description":"","potentialAction":[{"@type":"SearchAction","target":{"@type":"EntryPoint","urlTemplate":"https:\/\/brakkeconsulting.com\/?s={search_term_string}"},"query-input":{"@type":"PropertyValueSpecification","valueRequired":true,"valueName":"search_term_string"}}],"inLanguage":"pt-PT"}]}},"_links":{"self":[{"href":"https:\/\/brakkeconsulting.com\/pt\/wp-json\/wp\/v2\/pages\/45","targetHints":{"allow":["GET"]}}],"collection":[{"href":"https:\/\/brakkeconsulting.com\/pt\/wp-json\/wp\/v2\/pages"}],"about":[{"href":"https:\/\/brakkeconsulting.com\/pt\/wp-json\/wp\/v2\/types\/page"}],"author":[{"embeddable":true,"href":"https:\/\/brakkeconsulting.com\/pt\/wp-json\/wp\/v2\/users\/1"}],"replies":[{"embeddable":true,"href":"https:\/\/brakkeconsulting.com\/pt\/wp-json\/wp\/v2\/comments?post=45"}],"version-history":[{"count":2,"href":"https:\/\/brakkeconsulting.com\/pt\/wp-json\/wp\/v2\/pages\/45\/revisions"}],"predecessor-version":[{"id":25731,"href":"https:\/\/brakkeconsulting.com\/pt\/wp-json\/wp\/v2\/pages\/45\/revisions\/25731"}],"up":[{"embeddable":true,"href":"https:\/\/brakkeconsulting.com\/pt\/wp-json\/wp\/v2\/pages\/10"}],"wp:attachment":[{"href":"https:\/\/brakkeconsulting.com\/pt\/wp-json\/wp\/v2\/media?parent=45"}],"curies":[{"name":"wp","href":"https:\/\/api.w.org\/{rel}","templated":true}]}}