{"id":36,"date":"2018-01-20T00:49:09","date_gmt":"2018-01-20T00:49:09","guid":{"rendered":"\/?page_id=36"},"modified":"2024-07-22T14:42:20","modified_gmt":"2024-07-22T20:42:20","slug":"information","status":"publish","type":"page","link":"https:\/\/brakkeconsulting.com\/pt\/our-services\/information\/","title":{"rendered":"Informa\u00e7\u00e3o"},"content":{"rendered":"<p>[et_pb_section fb_built=&#8221;1&#8243; fullwidth=&#8221;on&#8221; _builder_version=&#8221;4.16&#8243; inner_width_tablet=&#8221;50px&#8221; inner_max_width_tablet=&#8221;100px&#8221; inner_max_width_phone=&#8221;50px&#8221; custom_margin=&#8221;-30px|||&#8221; z_index_tablet=&#8221;500&#8243; box_shadow_horizontal_tablet=&#8221;0px&#8221; box_shadow_vertical_tablet=&#8221;0px&#8221; box_shadow_blur_tablet=&#8221;40px&#8221; box_shadow_spread_tablet=&#8221;0px&#8221; global_colors_info=&#8221;{}&#8221;][et_pb_fullwidth_header title=&#8221;Information&#8221; subhead=&#8221;One stop shop for industry insights&#8221; logo_image_url=&#8221;https:\/\/brakkeconsulting.com\/wp-content\/uploads\/2019\/09\/nformation-new.png&#8221; module_class=&#8221;inner-header  logoimage-left&#8221; _builder_version=&#8221;4.18.0&#8243; title_level=&#8221;h3&#8243; title_font=&#8221;|600|||||||&#8221; title_text_align=&#8221;left&#8221; title_text_color=&#8221;#253f8c&#8221; title_font_size=&#8221;28px&#8221; title_line_height=&#8221;1.3em&#8221; subhead_font=&#8221;|600|||||||&#8221; subhead_text_align=&#8221;left&#8221; subhead_text_color=&#8221;#253f8c&#8221; background_color=&#8221;rgba(0,44,84,0.34)&#8221; background_image=&#8221;https:\/\/brakkeconsulting.com\/wp-content\/uploads\/2022\/11\/Depositphotos_71191527_S.jpg&#8221; background_position=&#8221;bottom_center&#8221; background_vertical_offset=&#8221;63%&#8221; custom_padding=&#8221;180px||180px|&#8221; z_index_tablet=&#8221;500&#8243; title_text_shadow_horizontal_length_tablet=&#8221;0px&#8221; title_text_shadow_vertical_length_tablet=&#8221;0px&#8221; title_text_shadow_blur_strength_tablet=&#8221;1px&#8221; content_text_shadow_horizontal_length_tablet=&#8221;0px&#8221; content_text_shadow_vertical_length_tablet=&#8221;0px&#8221; content_text_shadow_blur_strength_tablet=&#8221;1px&#8221; subhead_text_shadow_horizontal_length_tablet=&#8221;0px&#8221; subhead_text_shadow_vertical_length_tablet=&#8221;0px&#8221; subhead_text_shadow_blur_strength_tablet=&#8221;1px&#8221; content_link_text_shadow_horizontal_length_tablet=&#8221;0px&#8221; content_link_text_shadow_vertical_length_tablet=&#8221;0px&#8221; content_link_text_shadow_blur_strength_tablet=&#8221;1px&#8221; content_ul_text_shadow_horizontal_length_tablet=&#8221;0px&#8221; content_ul_text_shadow_vertical_length_tablet=&#8221;0px&#8221; content_ul_text_shadow_blur_strength_tablet=&#8221;1px&#8221; content_ol_text_shadow_horizontal_length_tablet=&#8221;0px&#8221; content_ol_text_shadow_vertical_length_tablet=&#8221;0px&#8221; content_ol_text_shadow_blur_strength_tablet=&#8221;1px&#8221; content_quote_text_shadow_horizontal_length_tablet=&#8221;0px&#8221; content_quote_text_shadow_vertical_length_tablet=&#8221;0px&#8221; content_quote_text_shadow_blur_strength_tablet=&#8221;1px&#8221; button_one_text_shadow_horizontal_length_tablet=&#8221;0px&#8221; button_one_text_shadow_vertical_length_tablet=&#8221;0px&#8221; button_one_text_shadow_blur_strength_tablet=&#8221;1px&#8221; button_two_text_shadow_horizontal_length_tablet=&#8221;0px&#8221; button_two_text_shadow_vertical_length_tablet=&#8221;0px&#8221; button_two_text_shadow_blur_strength_tablet=&#8221;1px&#8221; box_shadow_horizontal_tablet=&#8221;0px&#8221; box_shadow_vertical_tablet=&#8221;0px&#8221; box_shadow_blur_tablet=&#8221;40px&#8221; box_shadow_spread_tablet=&#8221;0px&#8221; box_shadow_horizontal_image_tablet=&#8221;0px&#8221; box_shadow_vertical_image_tablet=&#8221;0px&#8221; box_shadow_blur_image_tablet=&#8221;40px&#8221; box_shadow_spread_image_tablet=&#8221;0px&#8221; box_shadow_horizontal_button_one_tablet=&#8221;0px&#8221; box_shadow_vertical_button_one_tablet=&#8221;0px&#8221; box_shadow_blur_button_one_tablet=&#8221;40px&#8221; box_shadow_spread_button_one_tablet=&#8221;0px&#8221; box_shadow_horizontal_button_two_tablet=&#8221;0px&#8221; box_shadow_vertical_button_two_tablet=&#8221;0px&#8221; box_shadow_blur_button_two_tablet=&#8221;40px&#8221; box_shadow_spread_button_two_tablet=&#8221;0px&#8221; text_shadow_horizontal_length_tablet=&#8221;0px&#8221; text_shadow_vertical_length_tablet=&#8221;0px&#8221; text_shadow_blur_strength_tablet=&#8221;1px&#8221; global_colors_info=&#8221;{}&#8221;][\/et_pb_fullwidth_header][\/et_pb_section][et_pb_section fb_built=&#8221;1&#8243; specialty=&#8221;on&#8221; padding_right_1=&#8221;0px&#8221; _builder_version=&#8221;4.16&#8243; inner_width_tablet=&#8221;50px&#8221; inner_max_width_tablet=&#8221;100px&#8221; inner_max_width_phone=&#8221;50px&#8221; custom_margin=&#8221;0px||0px|&#8221; custom_padding=&#8221;0px||0px|&#8221; z_index_tablet=&#8221;500&#8243; box_shadow_horizontal_tablet=&#8221;0px&#8221; box_shadow_vertical_tablet=&#8221;0px&#8221; box_shadow_blur_tablet=&#8221;40px&#8221; box_shadow_spread_tablet=&#8221;0px&#8221; global_colors_info=&#8221;{}&#8221;][et_pb_column type=&#8221;3_4&#8243; specialty_columns=&#8221;3&#8243; _builder_version=&#8221;4.16&#8243; custom_padding=&#8221;|||&#8221; global_colors_info=&#8221;{}&#8221; custom_padding__hover=&#8221;|||&#8221;][et_pb_row_inner use_custom_gutter=&#8221;on&#8221; gutter_width=&#8221;1&#8243; module_class=&#8221;left-inner-page&#8221; _builder_version=&#8221;4.16&#8243; custom_margin=&#8221;0px|0px||&#8221; custom_padding=&#8221;60px|40px||&#8221; z_index_tablet=&#8221;500&#8243; box_shadow_horizontal_tablet=&#8221;0px&#8221; box_shadow_vertical_tablet=&#8221;0px&#8221; box_shadow_blur_tablet=&#8221;40px&#8221; box_shadow_spread_tablet=&#8221;0px&#8221; global_colors_info=&#8221;{}&#8221;][et_pb_column_inner saved_specialty_column_type=&#8221;3_4&#8243; _builder_version=&#8221;4.16&#8243; custom_padding=&#8221;|||&#8221; global_colors_info=&#8221;{}&#8221; custom_padding__hover=&#8221;|||&#8221;][et_pb_text _builder_version=&#8221;4.18.0&#8243; header_3_font=&#8221;|600|||||||&#8221; header_3_text_color=&#8221;#1d458c&#8221; header_3_font_size=&#8221;24px&#8221; hover_enabled=&#8221;0&#8243; z_index_tablet=&#8221;500&#8243; text_text_shadow_horizontal_length_tablet=&#8221;0px&#8221; text_text_shadow_vertical_length_tablet=&#8221;0px&#8221; text_text_shadow_blur_strength_tablet=&#8221;1px&#8221; link_text_shadow_horizontal_length_tablet=&#8221;0px&#8221; link_text_shadow_vertical_length_tablet=&#8221;0px&#8221; link_text_shadow_blur_strength_tablet=&#8221;1px&#8221; ul_text_shadow_horizontal_length_tablet=&#8221;0px&#8221; ul_text_shadow_vertical_length_tablet=&#8221;0px&#8221; ul_text_shadow_blur_strength_tablet=&#8221;1px&#8221; ol_text_shadow_horizontal_length_tablet=&#8221;0px&#8221; ol_text_shadow_vertical_length_tablet=&#8221;0px&#8221; ol_text_shadow_blur_strength_tablet=&#8221;1px&#8221; quote_text_shadow_horizontal_length_tablet=&#8221;0px&#8221; quote_text_shadow_vertical_length_tablet=&#8221;0px&#8221; quote_text_shadow_blur_strength_tablet=&#8221;1px&#8221; header_text_shadow_horizontal_length_tablet=&#8221;0px&#8221; header_text_shadow_vertical_length_tablet=&#8221;0px&#8221; header_text_shadow_blur_strength_tablet=&#8221;1px&#8221; header_2_text_shadow_horizontal_length_tablet=&#8221;0px&#8221; header_2_text_shadow_vertical_length_tablet=&#8221;0px&#8221; header_2_text_shadow_blur_strength_tablet=&#8221;1px&#8221; header_3_text_shadow_horizontal_length_tablet=&#8221;0px&#8221; header_3_text_shadow_vertical_length_tablet=&#8221;0px&#8221; header_3_text_shadow_blur_strength_tablet=&#8221;1px&#8221; header_4_text_shadow_horizontal_length_tablet=&#8221;0px&#8221; header_4_text_shadow_vertical_length_tablet=&#8221;0px&#8221; header_4_text_shadow_blur_strength_tablet=&#8221;1px&#8221; header_5_text_shadow_horizontal_length_tablet=&#8221;0px&#8221; header_5_text_shadow_vertical_length_tablet=&#8221;0px&#8221; header_5_text_shadow_blur_strength_tablet=&#8221;1px&#8221; header_6_text_shadow_horizontal_length_tablet=&#8221;0px&#8221; header_6_text_shadow_vertical_length_tablet=&#8221;0px&#8221; header_6_text_shadow_blur_strength_tablet=&#8221;1px&#8221; box_shadow_horizontal_tablet=&#8221;0px&#8221; box_shadow_vertical_tablet=&#8221;0px&#8221; box_shadow_blur_tablet=&#8221;40px&#8221; box_shadow_spread_tablet=&#8221;0px&#8221; global_colors_info=&#8221;{}&#8221; sticky_enabled=&#8221;0&#8243;]<\/p>\n<h3><strong>Brakke Consulting is a vast resource of current animal health events and news and<br \/>provides valuable knowledge and insight around industry trends.<\/strong><\/h3>\n<p>Brakke Consulting offe<img loading=\"lazy\" decoding=\"async\" class=\"wp-image-32482  alignleft\" src=\"https:\/\/brakkeconsulting.com\/wp-content\/uploads\/2023\/06\/Transactions-Logo-300x194.jpg\" alt=\"\" width=\"260\" height=\"168\" \/>rs a wide variety of information regarding the animal health, pet and veterinary industries. From published reports on high-interest market segments, to a weekly recap of industry news, to customized market research, Brakke is the one place to learn everything you need to know about the animal health industry.<\/p>\n<p>We provide valuable information through the following services:<\/p>\n<p>&nbsp;<\/p>\n<p>&nbsp;<\/p>\n<ul style=\"margin-top: 10px;\">\n<li class=\"color_blue\" style=\"text-align: left;\"><a class=\"color_blue\" href=\"\/our-services\/information\/market-research\/\">MARKET RESEARCH<\/a><\/li>\n<li class=\"color_blue\" style=\"text-align: left;\"><a class=\"color_blue\" href=\"\/our-services\/information\/multi-client-studies\/\">MULTI-CLIENT STUDIES<\/a><\/li>\n<li class=\"color_blue\" style=\"text-align: left;\"><a class=\"color_blue\" href=\"\/our-services\/information\/newsletter\/\">NEWSLETTER<\/a><\/li>\n<li class=\"color_blue\" style=\"text-align: left;\"><a class=\"color_blue\" href=\"\/our-services\/information\/industry-overview\/\">INDUSTRY OVERVIEW<\/a><\/li>\n<li class=\"color_blue\" style=\"text-align: left;\"><a class=\"color_blue\" href=\"\/our-services\/information\/industry-presentations\/\">INDUSTRY PRESENTATIONS<\/a><\/li>\n<li class=\"color_blue\" style=\"text-align: left;\"><a class=\"color_blue\" href=\"\/our-services\/information\/industry-directory\/\">INDUSTRY DIRECTORY<\/a><\/li>\n<li class=\"color_blue\" style=\"text-align: left;\"><a class=\"color_blue\" href=\"\/our-services\/information\/animal-health-history-book\/\">ANIMAL HEALTH HISTORY BOOK<\/a><\/li>\n<li class=\"color_blue\" style=\"text-align: left;\"><a class=\"color_blue\" href=\"\/our-services\/information\/company-news\/\">COMPANY NEWS<\/a><\/li>\n<\/ul>\n<p>[\/et_pb_text][\/et_pb_column_inner][\/et_pb_row_inner][\/et_pb_column][et_pb_column type=&#8221;1_4&#8243; _builder_version=&#8221;4.16&#8243; custom_padding=&#8221;|||&#8221; global_colors_info=&#8221;{}&#8221; custom_padding__hover=&#8221;|||&#8221;][et_pb_sidebar area=&#8221;sidebar-1&#8243; module_class=&#8221;divi_sidebar&#8221; _builder_version=&#8221;4.18.0&#8243; _dynamic_attributes=&#8221;link_option_url&#8221; custom_padding=&#8221;|0px||&#8221; link_option_url=&#8221;@ET-DC@eyJkeW5hbWljIjp0cnVlLCJjb250ZW50IjoiaG9tZV91cmwiLCJzZXR0aW5ncyI6e319@&#8221; z_index_tablet=&#8221;500&#8243; custom_css_main_element=&#8221;border-right:none;&#8221; header_text_shadow_horizontal_length_tablet=&#8221;0px&#8221; header_text_shadow_vertical_length_tablet=&#8221;0px&#8221; header_text_shadow_blur_strength_tablet=&#8221;1px&#8221; body_text_shadow_horizontal_length_tablet=&#8221;0px&#8221; body_text_shadow_vertical_length_tablet=&#8221;0px&#8221; body_text_shadow_blur_strength_tablet=&#8221;1px&#8221; box_shadow_horizontal_tablet=&#8221;0px&#8221; box_shadow_vertical_tablet=&#8221;0px&#8221; box_shadow_blur_tablet=&#8221;40px&#8221; box_shadow_spread_tablet=&#8221;0px&#8221; text_shadow_horizontal_length_tablet=&#8221;0px&#8221; text_shadow_vertical_length_tablet=&#8221;0px&#8221; text_shadow_blur_strength_tablet=&#8221;1px&#8221; global_module=&#8221;26426&#8243; saved_tabs=&#8221;all&#8221; global_colors_info=&#8221;{}&#8221;][\/et_pb_sidebar][\/et_pb_column][\/et_pb_section]<\/p>\n","protected":false},"excerpt":{"rendered":"<p>A Brakke Consulting \u00e9 um vasto recurso de not\u00edcias e eventos atuais sobre sa\u00fade animal e fornece conhecimento e insights valiosos sobre as tend\u00eancias do setor. A Brakke Consulting oferece uma ampla variedade de informa\u00e7\u00f5es sobre as ind\u00fastrias de sa\u00fade animal, pet e veterin\u00e1ria. Desde relat\u00f3rios publicados sobre segmentos de mercado de alto interesse at\u00e9 uma recapitula\u00e7\u00e3o semanal de not\u00edcias do setor e pesquisas de mercado personalizadas, Brakke \u00e9 o \u00fanico lugar para aprender tudo o que voc\u00ea precisa saber sobre o setor de sa\u00fade animal. Fornecemos informa\u00e7\u00f5es valiosas atrav\u00e9s dos seguintes servi\u00e7os: PESQUISA DE MERCADO ESTUDOS MULTI-CLIENTES NEWSLETTER VIS\u00c3O GERAL DA IND\u00daSTRIA APRESENTA\u00c7\u00d5ES DA IND\u00daSTRIA DIRET\u00d3RIO DA IND\u00daSTRIA LIVRO DE HIST\u00d3RIA DE SA\u00daDE ANIMAL NOT\u00cdCIAS DA EMPRESA<\/p>","protected":false},"author":1,"featured_media":0,"parent":10,"menu_order":0,"comment_status":"closed","ping_status":"closed","template":"","meta":{"_acf_changed":false,"_et_pb_use_builder":"on","_et_pb_old_content":"","_et_gb_content_width":"","footnotes":"","_links_to":"","_links_to_target":""},"class_list":["post-36","page","type-page","status-publish","hentry"],"acf":[],"yoast_head":"<!-- This site is optimized with the Yoast SEO plugin v27.0 - https:\/\/yoast.com\/product\/yoast-seo-wordpress\/ -->\n<title>Information Regarding the Animal Health, Pet and Veterinary Industries<\/title>\n<meta name=\"description\" content=\"Brakke Consulting is a vast resource of current animal health events and news andprovides valuable knowledge and insight around industry trends.\" \/>\n<meta name=\"robots\" content=\"index, follow, max-snippet:-1, max-image-preview:large, max-video-preview:-1\" \/>\n<link rel=\"canonical\" href=\"https:\/\/brakkeconsulting.com\/pt\/our-services\/information\/\" \/>\n<meta property=\"og:locale\" content=\"pt_PT\" \/>\n<meta property=\"og:type\" content=\"article\" \/>\n<meta property=\"og:title\" content=\"Information Regarding the Animal Health, Pet and Veterinary Industries\" \/>\n<meta property=\"og:description\" content=\"Brakke Consulting is a vast resource of current animal health events and news andprovides valuable knowledge and insight around industry trends.\" \/>\n<meta property=\"og:url\" content=\"https:\/\/brakkeconsulting.com\/pt\/our-services\/information\/\" \/>\n<meta property=\"og:site_name\" content=\"Brakke Consulting Website\" \/>\n<meta property=\"article:modified_time\" content=\"2024-07-22T20:42:20+00:00\" \/>\n<meta property=\"og:image\" content=\"https:\/\/brakkeconsulting.com\/wp-content\/uploads\/2023\/06\/Transactions-Logo-300x194.jpg\" \/>\n<meta name=\"twitter:card\" content=\"summary_large_image\" \/>\n<meta name=\"twitter:label1\" content=\"Tempo estimado de leitura\" \/>\n\t<meta name=\"twitter:data1\" content=\"2 minutos\" \/>\n<script type=\"application\/ld+json\" class=\"yoast-schema-graph\">{\"@context\":\"https:\/\/schema.org\",\"@graph\":[{\"@type\":\"WebPage\",\"@id\":\"https:\/\/brakkeconsulting.com\/pt\/our-services\/information\/\",\"url\":\"https:\/\/brakkeconsulting.com\/pt\/our-services\/information\/\",\"name\":\"Information Regarding the Animal Health, Pet and Veterinary Industries\",\"isPartOf\":{\"@id\":\"https:\/\/brakkeconsulting.com\/#website\"},\"primaryImageOfPage\":{\"@id\":\"https:\/\/brakkeconsulting.com\/pt\/our-services\/information\/#primaryimage\"},\"image\":{\"@id\":\"https:\/\/brakkeconsulting.com\/pt\/our-services\/information\/#primaryimage\"},\"thumbnailUrl\":\"https:\/\/brakkeconsulting.com\/wp-content\/uploads\/2023\/06\/Transactions-Logo-300x194.jpg\",\"datePublished\":\"2018-01-20T00:49:09+00:00\",\"dateModified\":\"2024-07-22T20:42:20+00:00\",\"description\":\"Brakke Consulting is a vast resource of current animal health events and news andprovides valuable knowledge and insight around industry trends.\",\"breadcrumb\":{\"@id\":\"https:\/\/brakkeconsulting.com\/pt\/our-services\/information\/#breadcrumb\"},\"inLanguage\":\"pt-PT\",\"potentialAction\":[{\"@type\":\"ReadAction\",\"target\":[\"https:\/\/brakkeconsulting.com\/pt\/our-services\/information\/\"]}]},{\"@type\":\"ImageObject\",\"inLanguage\":\"pt-PT\",\"@id\":\"https:\/\/brakkeconsulting.com\/pt\/our-services\/information\/#primaryimage\",\"url\":\"https:\/\/brakkeconsulting.com\/wp-content\/uploads\/2023\/06\/Transactions-Logo-300x194.jpg\",\"contentUrl\":\"https:\/\/brakkeconsulting.com\/wp-content\/uploads\/2023\/06\/Transactions-Logo-300x194.jpg\"},{\"@type\":\"BreadcrumbList\",\"@id\":\"https:\/\/brakkeconsulting.com\/pt\/our-services\/information\/#breadcrumb\",\"itemListElement\":[{\"@type\":\"ListItem\",\"position\":1,\"name\":\"Home\",\"item\":\"https:\/\/brakkeconsulting.com\/\"},{\"@type\":\"ListItem\",\"position\":2,\"name\":\"Our Services\",\"item\":\"https:\/\/brakkeconsulting.com\/pt\/our-services\/\"},{\"@type\":\"ListItem\",\"position\":3,\"name\":\"Information\"}]},{\"@type\":\"WebSite\",\"@id\":\"https:\/\/brakkeconsulting.com\/#website\",\"url\":\"https:\/\/brakkeconsulting.com\/\",\"name\":\"Brakke Consulting Website\",\"description\":\"\",\"potentialAction\":[{\"@type\":\"SearchAction\",\"target\":{\"@type\":\"EntryPoint\",\"urlTemplate\":\"https:\/\/brakkeconsulting.com\/?s={search_term_string}\"},\"query-input\":{\"@type\":\"PropertyValueSpecification\",\"valueRequired\":true,\"valueName\":\"search_term_string\"}}],\"inLanguage\":\"pt-PT\"}]}<\/script>\n<!-- \/ Yoast SEO plugin. -->","yoast_head_json":{"title":"Informa\u00e7\u00f5es sobre os setores de sa\u00fade animal, animais de estima\u00e7\u00e3o e veterin\u00e1ria.","description":"A Brakke Consulting \u00e9 uma vasta fonte de informa\u00e7\u00f5es sobre eventos e not\u00edcias atuais na \u00e1rea de sa\u00fade animal, al\u00e9m de fornecer conhecimento e insights valiosos sobre as tend\u00eancias do setor.","robots":{"index":"index","follow":"follow","max-snippet":"max-snippet:-1","max-image-preview":"max-image-preview:large","max-video-preview":"max-video-preview:-1"},"canonical":"https:\/\/brakkeconsulting.com\/pt\/our-services\/information\/","og_locale":"pt_PT","og_type":"article","og_title":"Information Regarding the Animal Health, Pet and Veterinary Industries","og_description":"Brakke Consulting is a vast resource of current animal health events and news andprovides valuable knowledge and insight around industry trends.","og_url":"https:\/\/brakkeconsulting.com\/pt\/our-services\/information\/","og_site_name":"Brakke Consulting Website","article_modified_time":"2024-07-22T20:42:20+00:00","og_image":[{"url":"https:\/\/brakkeconsulting.com\/wp-content\/uploads\/2023\/06\/Transactions-Logo-300x194.jpg","type":"","width":"","height":""}],"twitter_card":"summary_large_image","twitter_misc":{"Tempo estimado de leitura":"2 minutos"},"schema":{"@context":"https:\/\/schema.org","@graph":[{"@type":"WebPage","@id":"https:\/\/brakkeconsulting.com\/pt\/our-services\/information\/","url":"https:\/\/brakkeconsulting.com\/pt\/our-services\/information\/","name":"Informa\u00e7\u00f5es sobre os setores de sa\u00fade animal, animais de estima\u00e7\u00e3o e veterin\u00e1ria.","isPartOf":{"@id":"https:\/\/brakkeconsulting.com\/#website"},"primaryImageOfPage":{"@id":"https:\/\/brakkeconsulting.com\/pt\/our-services\/information\/#primaryimage"},"image":{"@id":"https:\/\/brakkeconsulting.com\/pt\/our-services\/information\/#primaryimage"},"thumbnailUrl":"https:\/\/brakkeconsulting.com\/wp-content\/uploads\/2023\/06\/Transactions-Logo-300x194.jpg","datePublished":"2018-01-20T00:49:09+00:00","dateModified":"2024-07-22T20:42:20+00:00","description":"A Brakke Consulting \u00e9 uma vasta fonte de informa\u00e7\u00f5es sobre eventos e not\u00edcias atuais na \u00e1rea de sa\u00fade animal, al\u00e9m de fornecer conhecimento e insights valiosos sobre as tend\u00eancias do setor.","breadcrumb":{"@id":"https:\/\/brakkeconsulting.com\/pt\/our-services\/information\/#breadcrumb"},"inLanguage":"pt-PT","potentialAction":[{"@type":"ReadAction","target":["https:\/\/brakkeconsulting.com\/pt\/our-services\/information\/"]}]},{"@type":"ImageObject","inLanguage":"pt-PT","@id":"https:\/\/brakkeconsulting.com\/pt\/our-services\/information\/#primaryimage","url":"https:\/\/brakkeconsulting.com\/wp-content\/uploads\/2023\/06\/Transactions-Logo-300x194.jpg","contentUrl":"https:\/\/brakkeconsulting.com\/wp-content\/uploads\/2023\/06\/Transactions-Logo-300x194.jpg"},{"@type":"BreadcrumbList","@id":"https:\/\/brakkeconsulting.com\/pt\/our-services\/information\/#breadcrumb","itemListElement":[{"@type":"ListItem","position":1,"name":"Home","item":"https:\/\/brakkeconsulting.com\/"},{"@type":"ListItem","position":2,"name":"Our Services","item":"https:\/\/brakkeconsulting.com\/pt\/our-services\/"},{"@type":"ListItem","position":3,"name":"Information"}]},{"@type":"WebSite","@id":"https:\/\/brakkeconsulting.com\/#website","url":"https:\/\/brakkeconsulting.com\/","name":"Site da Brakke Consulting","description":"","potentialAction":[{"@type":"SearchAction","target":{"@type":"EntryPoint","urlTemplate":"https:\/\/brakkeconsulting.com\/?s={search_term_string}"},"query-input":{"@type":"PropertyValueSpecification","valueRequired":true,"valueName":"search_term_string"}}],"inLanguage":"pt-PT"}]}},"_links":{"self":[{"href":"https:\/\/brakkeconsulting.com\/pt\/wp-json\/wp\/v2\/pages\/36","targetHints":{"allow":["GET"]}}],"collection":[{"href":"https:\/\/brakkeconsulting.com\/pt\/wp-json\/wp\/v2\/pages"}],"about":[{"href":"https:\/\/brakkeconsulting.com\/pt\/wp-json\/wp\/v2\/types\/page"}],"author":[{"embeddable":true,"href":"https:\/\/brakkeconsulting.com\/pt\/wp-json\/wp\/v2\/users\/1"}],"replies":[{"embeddable":true,"href":"https:\/\/brakkeconsulting.com\/pt\/wp-json\/wp\/v2\/comments?post=36"}],"version-history":[{"count":34,"href":"https:\/\/brakkeconsulting.com\/pt\/wp-json\/wp\/v2\/pages\/36\/revisions"}],"predecessor-version":[{"id":32628,"href":"https:\/\/brakkeconsulting.com\/pt\/wp-json\/wp\/v2\/pages\/36\/revisions\/32628"}],"up":[{"embeddable":true,"href":"https:\/\/brakkeconsulting.com\/pt\/wp-json\/wp\/v2\/pages\/10"}],"wp:attachment":[{"href":"https:\/\/brakkeconsulting.com\/pt\/wp-json\/wp\/v2\/media?parent=36"}],"curies":[{"name":"wp","href":"https:\/\/api.w.org\/{rel}","templated":true}]}}