{"id":35701,"date":"2025-11-19T13:41:38","date_gmt":"2025-11-19T19:41:38","guid":{"rendered":"https:\/\/brakkeconsulting.com\/?page_id=35701"},"modified":"2026-02-20T19:45:28","modified_gmt":"2026-02-21T01:45:28","slug":"advisory-for-investing","status":"publish","type":"page","link":"https:\/\/brakkeconsulting.com\/pt\/genesys-program\/advisory-for-investing\/","title":{"rendered":"Trilha do Investidor"},"content":{"rendered":"<p>[et_pb_section fb_built=&#8221;1&#8243; fullwidth=&#8221;on&#8221; _builder_version=&#8221;4.16&#8243; inner_width_tablet=&#8221;50px&#8221; inner_max_width_tablet=&#8221;100px&#8221; inner_max_width_phone=&#8221;50px&#8221; custom_margin=&#8221;-30px|||&#8221; z_index_tablet=&#8221;500&#8243; box_shadow_horizontal_tablet=&#8221;0px&#8221; box_shadow_vertical_tablet=&#8221;0px&#8221; box_shadow_blur_tablet=&#8221;40px&#8221; box_shadow_spread_tablet=&#8221;0px&#8221; global_colors_info=&#8221;{}&#8221;][et_pb_fullwidth_header title=&#8221;Investor Track &#8221; subhead=&#8221;Build Confidence about Investing&#8221; logo_image_url=&#8221;https:\/\/brakkeconsulting.com\/wp-content\/uploads\/2019\/09\/services-icon.png&#8221; module_class=&#8221;inner-header  logoimage-left&#8221; _builder_version=&#8221;4.18.0&#8243; title_level=&#8221;h3&#8243; title_font=&#8221;|600|||||||&#8221; title_text_align=&#8221;left&#8221; title_text_color=&#8221;#253f8c&#8221; title_font_size=&#8221;28px&#8221; content_text_color=&#8221;#253f8c&#8221; subhead_font=&#8221;|600|||||||&#8221; subhead_text_align=&#8221;left&#8221; subhead_text_color=&#8221;#253f8c&#8221; background_color=&#8221;rgba(0,44,84,0.34)&#8221; background_image=&#8221;https:\/\/brakkeconsulting.com\/wp-content\/uploads\/2025\/11\/iStock-2165849406.jpg&#8221; background_position=&#8221;bottom_center&#8221; background_vertical_offset=&#8221;50%&#8221; custom_padding=&#8221;180px||180px|&#8221; z_index_tablet=&#8221;500&#8243; title_text_shadow_horizontal_length_tablet=&#8221;0px&#8221; title_text_shadow_vertical_length_tablet=&#8221;0px&#8221; title_text_shadow_blur_strength_tablet=&#8221;1px&#8221; content_text_shadow_horizontal_length_tablet=&#8221;0px&#8221; content_text_shadow_vertical_length_tablet=&#8221;0px&#8221; content_text_shadow_blur_strength_tablet=&#8221;1px&#8221; subhead_text_shadow_horizontal_length_tablet=&#8221;0px&#8221; subhead_text_shadow_vertical_length_tablet=&#8221;0px&#8221; subhead_text_shadow_blur_strength_tablet=&#8221;1px&#8221; content_link_text_shadow_horizontal_length_tablet=&#8221;0px&#8221; content_link_text_shadow_vertical_length_tablet=&#8221;0px&#8221; content_link_text_shadow_blur_strength_tablet=&#8221;1px&#8221; content_ul_text_shadow_horizontal_length_tablet=&#8221;0px&#8221; content_ul_text_shadow_vertical_length_tablet=&#8221;0px&#8221; content_ul_text_shadow_blur_strength_tablet=&#8221;1px&#8221; content_ol_text_shadow_horizontal_length_tablet=&#8221;0px&#8221; content_ol_text_shadow_vertical_length_tablet=&#8221;0px&#8221; content_ol_text_shadow_blur_strength_tablet=&#8221;1px&#8221; content_quote_text_shadow_horizontal_length_tablet=&#8221;0px&#8221; content_quote_text_shadow_vertical_length_tablet=&#8221;0px&#8221; content_quote_text_shadow_blur_strength_tablet=&#8221;1px&#8221; button_one_text_shadow_horizontal_length_tablet=&#8221;0px&#8221; button_one_text_shadow_vertical_length_tablet=&#8221;0px&#8221; button_one_text_shadow_blur_strength_tablet=&#8221;1px&#8221; button_two_text_shadow_horizontal_length_tablet=&#8221;0px&#8221; button_two_text_shadow_vertical_length_tablet=&#8221;0px&#8221; button_two_text_shadow_blur_strength_tablet=&#8221;1px&#8221; box_shadow_horizontal_tablet=&#8221;0px&#8221; box_shadow_vertical_tablet=&#8221;0px&#8221; box_shadow_blur_tablet=&#8221;40px&#8221; box_shadow_spread_tablet=&#8221;0px&#8221; box_shadow_horizontal_image_tablet=&#8221;0px&#8221; box_shadow_vertical_image_tablet=&#8221;0px&#8221; box_shadow_blur_image_tablet=&#8221;40px&#8221; box_shadow_spread_image_tablet=&#8221;0px&#8221; box_shadow_horizontal_button_one_tablet=&#8221;0px&#8221; box_shadow_vertical_button_one_tablet=&#8221;0px&#8221; box_shadow_blur_button_one_tablet=&#8221;40px&#8221; box_shadow_spread_button_one_tablet=&#8221;0px&#8221; box_shadow_horizontal_button_two_tablet=&#8221;0px&#8221; box_shadow_vertical_button_two_tablet=&#8221;0px&#8221; box_shadow_blur_button_two_tablet=&#8221;40px&#8221; box_shadow_spread_button_two_tablet=&#8221;0px&#8221; text_shadow_vertical_length_tablet=&#8221;0px&#8221; text_shadow_blur_strength_tablet=&#8221;1px&#8221; global_colors_info=&#8221;{}&#8221;][\/et_pb_fullwidth_header][\/et_pb_section][et_pb_section fb_built=&#8221;1&#8243; specialty=&#8221;on&#8221; padding_right_1=&#8221;0px&#8221; _builder_version=&#8221;4.16&#8243; inner_width_tablet=&#8221;50px&#8221; inner_max_width_tablet=&#8221;100px&#8221; inner_max_width_phone=&#8221;50px&#8221; custom_margin=&#8221;0px|||&#8221; custom_padding=&#8221;0px||0px|&#8221; z_index_tablet=&#8221;500&#8243; box_shadow_horizontal_tablet=&#8221;0px&#8221; box_shadow_vertical_tablet=&#8221;0px&#8221; box_shadow_blur_tablet=&#8221;40px&#8221; box_shadow_spread_tablet=&#8221;0px&#8221; global_colors_info=&#8221;{}&#8221;][et_pb_column type=&#8221;3_4&#8243; specialty_columns=&#8221;3&#8243; _builder_version=&#8221;4.16&#8243; custom_padding=&#8221;|||&#8221; global_colors_info=&#8221;{}&#8221; custom_padding__hover=&#8221;|||&#8221;][et_pb_row_inner use_custom_gutter=&#8221;on&#8221; gutter_width=&#8221;1&#8243; module_class=&#8221;left-inner-page&#8221; _builder_version=&#8221;4.18.0&#8243; custom_margin=&#8221;0px|0px||&#8221; custom_padding=&#8221;60px|40px||&#8221; z_index_tablet=&#8221;500&#8243; box_shadow_horizontal_tablet=&#8221;0px&#8221; box_shadow_vertical_tablet=&#8221;0px&#8221; box_shadow_blur_tablet=&#8221;40px&#8221; box_shadow_spread_tablet=&#8221;0px&#8221; global_colors_info=&#8221;{}&#8221;][et_pb_column_inner saved_specialty_column_type=&#8221;3_4&#8243; _builder_version=&#8221;4.16&#8243; custom_padding=&#8221;|||&#8221; global_colors_info=&#8221;{}&#8221; custom_padding__hover=&#8221;|||&#8221;][et_pb_text ul_item_indent=&#8221;13px&#8221; _builder_version=&#8221;4.18.0&#8243; header_3_text_color=&#8221;#1d458c&#8221; hover_enabled=&#8221;0&#8243; z_index_tablet=&#8221;500&#8243; text_text_shadow_horizontal_length_tablet=&#8221;0px&#8221; text_text_shadow_vertical_length_tablet=&#8221;0px&#8221; text_text_shadow_blur_strength_tablet=&#8221;1px&#8221; link_text_shadow_horizontal_length_tablet=&#8221;0px&#8221; link_text_shadow_vertical_length_tablet=&#8221;0px&#8221; link_text_shadow_blur_strength_tablet=&#8221;1px&#8221; ul_text_shadow_horizontal_length_tablet=&#8221;0px&#8221; ul_text_shadow_vertical_length_tablet=&#8221;0px&#8221; ul_text_shadow_blur_strength_tablet=&#8221;1px&#8221; ol_text_shadow_horizontal_length_tablet=&#8221;0px&#8221; ol_text_shadow_vertical_length_tablet=&#8221;0px&#8221; ol_text_shadow_blur_strength_tablet=&#8221;1px&#8221; quote_text_shadow_horizontal_length_tablet=&#8221;0px&#8221; quote_text_shadow_vertical_length_tablet=&#8221;0px&#8221; quote_text_shadow_blur_strength_tablet=&#8221;1px&#8221; header_text_shadow_horizontal_length_tablet=&#8221;0px&#8221; header_text_shadow_vertical_length_tablet=&#8221;0px&#8221; header_text_shadow_blur_strength_tablet=&#8221;1px&#8221; header_2_text_shadow_horizontal_length_tablet=&#8221;0px&#8221; header_2_text_shadow_vertical_length_tablet=&#8221;0px&#8221; header_2_text_shadow_blur_strength_tablet=&#8221;1px&#8221; header_3_text_shadow_horizontal_length_tablet=&#8221;0px&#8221; header_3_text_shadow_vertical_length_tablet=&#8221;0px&#8221; header_3_text_shadow_blur_strength_tablet=&#8221;1px&#8221; header_4_text_shadow_horizontal_length_tablet=&#8221;0px&#8221; header_4_text_shadow_vertical_length_tablet=&#8221;0px&#8221; header_4_text_shadow_blur_strength_tablet=&#8221;1px&#8221; header_5_text_shadow_horizontal_length_tablet=&#8221;0px&#8221; header_5_text_shadow_vertical_length_tablet=&#8221;0px&#8221; header_5_text_shadow_blur_strength_tablet=&#8221;1px&#8221; header_6_text_shadow_horizontal_length_tablet=&#8221;0px&#8221; header_6_text_shadow_vertical_length_tablet=&#8221;0px&#8221; header_6_text_shadow_blur_strength_tablet=&#8221;1px&#8221; box_shadow_horizontal_tablet=&#8221;0px&#8221; box_shadow_vertical_tablet=&#8221;0px&#8221; box_shadow_blur_tablet=&#8221;40px&#8221; box_shadow_spread_tablet=&#8221;0px&#8221; global_colors_info=&#8221;{}&#8221; sticky_enabled=&#8221;0&#8243;]<\/p>\n<p><strong>For Investors wanting to build confidence about investing in the animal health sector<br \/><\/strong><strong>Onboarding &amp; Advisory for Animal Health Investing<\/strong><\/p>\n<p>Animal health is a resilient, high-growth sector, yet often unfamiliar to generalist investors, even those that invest in the life sciences sectors. Brakke provides the education, diligence, and understanding you need to invest confidently.<\/p>\n<p><strong>Levels of Engagement<\/strong><\/p>\n<ul>\n<li><strong>Free Access<\/strong>\n<ul>\n<li>Quarterly newsletter<\/li>\n<li>Online seminars<\/li>\n<li>\u201cAnimal Health 101\u201d educational sessions.<\/li>\n<\/ul>\n<\/li>\n<li><strong>Advisory (Fee-Based)<\/strong>\n<ul>\n<li>Deal diligence and market analysis to reduce investment risk.<\/li>\n<li>Tailored guidance on capital deployment and portfolio strategy.<\/li>\n<\/ul>\n<\/li>\n<\/ul>\n<p><strong>Value Delivered<\/strong><\/p>\n<ul>\n<li><strong>Risk Mitigation<\/strong>\u00a0\u2013 Independent validation of opportunities before you commit capital.<\/li>\n<li><strong>Market Understanding<\/strong>\u00a0\u2013 Clear, digestible analysis for non-specialist investors.<\/li>\n<li><strong>Flexibility<\/strong>\u00a0\u2013 From a single project diligence to ongoing advisory mandates.<\/li>\n<\/ul>\n<p><strong>Cost Structure<\/strong><\/p>\n<ul>\n<li><strong>Learning tier<\/strong>: newsletters, education, and access to events.<\/li>\n<li><strong>Advisory tier<\/strong>: fixed-fee or hourly, depending on diligence depth and scope.<\/li>\n<\/ul>\n<p><strong>Interested in learning more about animal health investing? Contact us today.<\/strong><\/p>\n<p>&nbsp;<\/p>\n<p>&nbsp;<\/p>\n<p>[\/et_pb_text][\/et_pb_column_inner][\/et_pb_row_inner][\/et_pb_column][et_pb_column type=&#8221;1_4&#8243; _builder_version=&#8221;4.16&#8243; custom_padding=&#8221;|||&#8221; global_colors_info=&#8221;{}&#8221; custom_padding__hover=&#8221;|||&#8221;][et_pb_sidebar area=&#8221;sidebar-1&#8243; module_class=&#8221;divi_sidebar&#8221; _builder_version=&#8221;4.18.0&#8243; _dynamic_attributes=&#8221;link_option_url&#8221; custom_padding=&#8221;|0px||&#8221; link_option_url=&#8221;@ET-DC@eyJkeW5hbWljIjp0cnVlLCJjb250ZW50IjoiaG9tZV91cmwiLCJzZXR0aW5ncyI6e319@&#8221; z_index_tablet=&#8221;500&#8243; custom_css_main_element=&#8221;border-right:none;&#8221; header_text_shadow_horizontal_length_tablet=&#8221;0px&#8221; header_text_shadow_vertical_length_tablet=&#8221;0px&#8221; header_text_shadow_blur_strength_tablet=&#8221;1px&#8221; body_text_shadow_horizontal_length_tablet=&#8221;0px&#8221; body_text_shadow_vertical_length_tablet=&#8221;0px&#8221; body_text_shadow_blur_strength_tablet=&#8221;1px&#8221; box_shadow_horizontal_tablet=&#8221;0px&#8221; box_shadow_vertical_tablet=&#8221;0px&#8221; box_shadow_blur_tablet=&#8221;40px&#8221; box_shadow_spread_tablet=&#8221;0px&#8221; text_shadow_horizontal_length_tablet=&#8221;0px&#8221; text_shadow_vertical_length_tablet=&#8221;0px&#8221; text_shadow_blur_strength_tablet=&#8221;1px&#8221; global_module=&#8221;26426&#8243; saved_tabs=&#8221;all&#8221; global_colors_info=&#8221;{}&#8221;][\/et_pb_sidebar][\/et_pb_column][\/et_pb_section]<\/p>\n","protected":false},"excerpt":{"rendered":"<p>Para investidores que desejam ter mais confian\u00e7a para investir no setor de sa\u00fade animal: Integra\u00e7\u00e3o e Consultoria para Investimentos em Sa\u00fade Animal. A sa\u00fade animal \u00e9 um setor resiliente e de alto crescimento, por\u00e9m frequentemente desconhecido para investidores generalistas, mesmo aqueles que investem no setor de ci\u00eancias da vida. A Brakke oferece a educa\u00e7\u00e3o, a dilig\u00eancia e o conhecimento necess\u00e1rios para que voc\u00ea invista com confian\u00e7a. N\u00edveis de Engajamento: Acesso Gratuito: Boletim informativo trimestral; Semin\u00e1rios online; Sess\u00f5es educativas &quot;Sa\u00fade Animal 101&quot;. Consultoria (Com Taxa): Dilig\u00eancia de neg\u00f3cios e an\u00e1lise de mercado para reduzir o risco de investimento; Orienta\u00e7\u00e3o personalizada sobre aloca\u00e7\u00e3o de capital e estrat\u00e9gia de portf\u00f3lio. Valor Agregado: Mitiga\u00e7\u00e3o de Riscos \u2013 Valida\u00e7\u00e3o independente de oportunidades antes de investir capital; Compreens\u00e3o do Mercado \u2013 An\u00e1lise clara e acess\u00edvel para investidores n\u00e3o especializados; Flexibilidade \u2013 De uma dilig\u00eancia para um \u00fanico projeto a mandatos de consultoria cont\u00ednua. Estrutura de Custos: N\u00edvel de Aprendizado: boletins informativos, educa\u00e7\u00e3o e acesso a eventos; N\u00edvel de Consultoria: taxa fixa ou por hora, dependendo da profundidade e do escopo da dilig\u00eancia. Interessado em saber mais sobre investimentos em sa\u00fade animal? Entre em contato conosco hoje mesmo. &nbsp; &nbsp;<\/p>","protected":false},"author":1,"featured_media":0,"parent":35693,"menu_order":0,"comment_status":"closed","ping_status":"closed","template":"","meta":{"_acf_changed":false,"_et_pb_use_builder":"on","_et_pb_old_content":"","_et_gb_content_width":"","footnotes":"","_links_to":"","_links_to_target":""},"class_list":["post-35701","page","type-page","status-publish","hentry"],"acf":[],"yoast_head":"<!-- This site is optimized with the Yoast SEO plugin v27.0 - https:\/\/yoast.com\/product\/yoast-seo-wordpress\/ -->\n<title>Brakke Consulting, Inc. animal health consultants<\/title>\n<meta name=\"description\" content=\"For over 30 years, Brakke Consulting has been the leading management consulting firm specializing in the animal health, veterinary and pet industries.\" \/>\n<meta name=\"robots\" content=\"index, follow, max-snippet:-1, max-image-preview:large, max-video-preview:-1\" \/>\n<link rel=\"canonical\" href=\"https:\/\/brakkeconsulting.com\/pt\/genesys-program\/advisory-for-investing\/\" \/>\n<meta property=\"og:locale\" content=\"pt_PT\" \/>\n<meta property=\"og:type\" content=\"article\" \/>\n<meta property=\"og:title\" content=\"Brakke Consulting, Inc. animal health consultants\" \/>\n<meta property=\"og:description\" content=\"For over 30 years, Brakke Consulting has been the leading management consulting firm specializing in the animal health, veterinary and pet industries.\" \/>\n<meta property=\"og:url\" content=\"https:\/\/brakkeconsulting.com\/pt\/genesys-program\/advisory-for-investing\/\" \/>\n<meta property=\"og:site_name\" content=\"Brakke Consulting Website\" \/>\n<meta property=\"article:modified_time\" content=\"2026-02-21T01:45:28+00:00\" \/>\n<meta name=\"twitter:card\" content=\"summary_large_image\" \/>\n<meta name=\"twitter:label1\" content=\"Tempo estimado de leitura\" \/>\n\t<meta name=\"twitter:data1\" content=\"2 minutos\" \/>\n<script type=\"application\/ld+json\" class=\"yoast-schema-graph\">{\"@context\":\"https:\/\/schema.org\",\"@graph\":[{\"@type\":\"WebPage\",\"@id\":\"https:\/\/brakkeconsulting.com\/genesys-program\/advisory-for-investing\/\",\"url\":\"https:\/\/brakkeconsulting.com\/genesys-program\/advisory-for-investing\/\",\"name\":\"Brakke Consulting, Inc. animal health consultants\",\"isPartOf\":{\"@id\":\"https:\/\/brakkeconsulting.com\/#website\"},\"datePublished\":\"2025-11-19T19:41:38+00:00\",\"dateModified\":\"2026-02-21T01:45:28+00:00\",\"description\":\"For over 30 years, Brakke Consulting has been the leading management consulting firm specializing in the animal health, veterinary and pet industries.\",\"breadcrumb\":{\"@id\":\"https:\/\/brakkeconsulting.com\/genesys-program\/advisory-for-investing\/#breadcrumb\"},\"inLanguage\":\"pt-PT\",\"potentialAction\":[{\"@type\":\"ReadAction\",\"target\":[\"https:\/\/brakkeconsulting.com\/genesys-program\/advisory-for-investing\/\"]}]},{\"@type\":\"BreadcrumbList\",\"@id\":\"https:\/\/brakkeconsulting.com\/genesys-program\/advisory-for-investing\/#breadcrumb\",\"itemListElement\":[{\"@type\":\"ListItem\",\"position\":1,\"name\":\"Home\",\"item\":\"https:\/\/brakkeconsulting.com\/\"},{\"@type\":\"ListItem\",\"position\":2,\"name\":\"Genesys Program\",\"item\":\"https:\/\/brakkeconsulting.com\/genesys-program\/\"},{\"@type\":\"ListItem\",\"position\":3,\"name\":\"Investor Track\"}]},{\"@type\":\"WebSite\",\"@id\":\"https:\/\/brakkeconsulting.com\/#website\",\"url\":\"https:\/\/brakkeconsulting.com\/\",\"name\":\"Brakke Consulting Website\",\"description\":\"\",\"potentialAction\":[{\"@type\":\"SearchAction\",\"target\":{\"@type\":\"EntryPoint\",\"urlTemplate\":\"https:\/\/brakkeconsulting.com\/?s={search_term_string}\"},\"query-input\":{\"@type\":\"PropertyValueSpecification\",\"valueRequired\":true,\"valueName\":\"search_term_string\"}}],\"inLanguage\":\"pt-PT\"}]}<\/script>\n<!-- \/ Yoast SEO plugin. -->","yoast_head_json":{"title":"Brakke Consulting, Inc. consultores em sa\u00fade animal","description":"H\u00e1 mais de 30 anos, a Brakke Consulting \u00e9 a principal empresa de consultoria de gest\u00e3o especializada nos setores de sa\u00fade animal, veterin\u00e1ria e animais de estima\u00e7\u00e3o.","robots":{"index":"index","follow":"follow","max-snippet":"max-snippet:-1","max-image-preview":"max-image-preview:large","max-video-preview":"max-video-preview:-1"},"canonical":"https:\/\/brakkeconsulting.com\/pt\/genesys-program\/advisory-for-investing\/","og_locale":"pt_PT","og_type":"article","og_title":"Brakke Consulting, Inc. animal health consultants","og_description":"For over 30 years, Brakke Consulting has been the leading management consulting firm specializing in the animal health, veterinary and pet industries.","og_url":"https:\/\/brakkeconsulting.com\/pt\/genesys-program\/advisory-for-investing\/","og_site_name":"Brakke Consulting Website","article_modified_time":"2026-02-21T01:45:28+00:00","twitter_card":"summary_large_image","twitter_misc":{"Tempo estimado de leitura":"2 minutos"},"schema":{"@context":"https:\/\/schema.org","@graph":[{"@type":"WebPage","@id":"https:\/\/brakkeconsulting.com\/genesys-program\/advisory-for-investing\/","url":"https:\/\/brakkeconsulting.com\/genesys-program\/advisory-for-investing\/","name":"Brakke Consulting, Inc. consultores em sa\u00fade animal","isPartOf":{"@id":"https:\/\/brakkeconsulting.com\/#website"},"datePublished":"2025-11-19T19:41:38+00:00","dateModified":"2026-02-21T01:45:28+00:00","description":"H\u00e1 mais de 30 anos, a Brakke Consulting \u00e9 a principal empresa de consultoria de gest\u00e3o especializada nos setores de sa\u00fade animal, veterin\u00e1ria e animais de estima\u00e7\u00e3o.","breadcrumb":{"@id":"https:\/\/brakkeconsulting.com\/genesys-program\/advisory-for-investing\/#breadcrumb"},"inLanguage":"pt-PT","potentialAction":[{"@type":"ReadAction","target":["https:\/\/brakkeconsulting.com\/genesys-program\/advisory-for-investing\/"]}]},{"@type":"BreadcrumbList","@id":"https:\/\/brakkeconsulting.com\/genesys-program\/advisory-for-investing\/#breadcrumb","itemListElement":[{"@type":"ListItem","position":1,"name":"Home","item":"https:\/\/brakkeconsulting.com\/"},{"@type":"ListItem","position":2,"name":"Genesys Program","item":"https:\/\/brakkeconsulting.com\/genesys-program\/"},{"@type":"ListItem","position":3,"name":"Investor Track"}]},{"@type":"WebSite","@id":"https:\/\/brakkeconsulting.com\/#website","url":"https:\/\/brakkeconsulting.com\/","name":"Site da Brakke Consulting","description":"","potentialAction":[{"@type":"SearchAction","target":{"@type":"EntryPoint","urlTemplate":"https:\/\/brakkeconsulting.com\/?s={search_term_string}"},"query-input":{"@type":"PropertyValueSpecification","valueRequired":true,"valueName":"search_term_string"}}],"inLanguage":"pt-PT"}]}},"_links":{"self":[{"href":"https:\/\/brakkeconsulting.com\/pt\/wp-json\/wp\/v2\/pages\/35701","targetHints":{"allow":["GET"]}}],"collection":[{"href":"https:\/\/brakkeconsulting.com\/pt\/wp-json\/wp\/v2\/pages"}],"about":[{"href":"https:\/\/brakkeconsulting.com\/pt\/wp-json\/wp\/v2\/types\/page"}],"author":[{"embeddable":true,"href":"https:\/\/brakkeconsulting.com\/pt\/wp-json\/wp\/v2\/users\/1"}],"replies":[{"embeddable":true,"href":"https:\/\/brakkeconsulting.com\/pt\/wp-json\/wp\/v2\/comments?post=35701"}],"version-history":[{"count":9,"href":"https:\/\/brakkeconsulting.com\/pt\/wp-json\/wp\/v2\/pages\/35701\/revisions"}],"predecessor-version":[{"id":36237,"href":"https:\/\/brakkeconsulting.com\/pt\/wp-json\/wp\/v2\/pages\/35701\/revisions\/36237"}],"up":[{"embeddable":true,"href":"https:\/\/brakkeconsulting.com\/pt\/wp-json\/wp\/v2\/pages\/35693"}],"wp:attachment":[{"href":"https:\/\/brakkeconsulting.com\/pt\/wp-json\/wp\/v2\/media?parent=35701"}],"curies":[{"name":"wp","href":"https:\/\/api.w.org\/{rel}","templated":true}]}}