{"id":29477,"date":"2021-07-27T07:27:47","date_gmt":"2021-07-27T13:27:47","guid":{"rendered":"https:\/\/brakkeconsulting.com\/?page_id=29477"},"modified":"2022-11-30T09:28:12","modified_gmt":"2022-11-30T15:28:12","slug":"product-strategy","status":"publish","type":"page","link":"https:\/\/brakkeconsulting.com\/pt\/consulting\/product-strategy\/","title":{"rendered":"Estrat\u00e9gia de produto"},"content":{"rendered":"<p>[et_pb_section fb_built=&#8221;1&#8243; fullwidth=&#8221;on&#8221; _builder_version=&#8221;4.16&#8243; inner_width_tablet=&#8221;50px&#8221; inner_max_width_tablet=&#8221;100px&#8221; inner_max_width_phone=&#8221;50px&#8221; custom_margin=&#8221;-30px|||&#8221; z_index_tablet=&#8221;500&#8243; box_shadow_horizontal_tablet=&#8221;0px&#8221; box_shadow_vertical_tablet=&#8221;0px&#8221; box_shadow_blur_tablet=&#8221;40px&#8221; box_shadow_spread_tablet=&#8221;0px&#8221; global_colors_info=&#8221;{}&#8221;][et_pb_fullwidth_header title=&#8221;Product Strategy&#8221; logo_image_url=&#8221;https:\/\/brakkeconsulting.com\/wp-content\/uploads\/2019\/09\/consulting-new.png&#8221; module_class=&#8221;inner-header  logoimage-left&#8221; _builder_version=&#8221;4.18.0&#8243; title_level=&#8221;h3&#8243; title_font=&#8221;|600|||||||&#8221; title_text_align=&#8221;left&#8221; title_text_color=&#8221;#253f8c&#8221; title_font_size=&#8221;28px&#8221; content_text_align=&#8221;left&#8221; content_text_color=&#8221;#253f8c&#8221; subhead_font=&#8221;|600|||||||&#8221; subhead_text_align=&#8221;left&#8221; subhead_text_color=&#8221;#253f8c&#8221; background_color=&#8221;rgba(0,44,84,0.34)&#8221; background_image=&#8221;https:\/\/brakkeconsulting.com\/wp-content\/uploads\/2022\/11\/Edit-Bull-.jpg&#8221; background_position=&#8221;bottom_center&#8221; background_vertical_offset=&#8221;70%&#8221; custom_padding=&#8221;180px||180px|&#8221; hover_enabled=&#8221;0&#8243; z_index_tablet=&#8221;500&#8243; title_text_shadow_horizontal_length_tablet=&#8221;0px&#8221; title_text_shadow_vertical_length_tablet=&#8221;0px&#8221; title_text_shadow_blur_strength_tablet=&#8221;1px&#8221; content_text_shadow_horizontal_length_tablet=&#8221;0px&#8221; content_text_shadow_vertical_length_tablet=&#8221;0px&#8221; content_text_shadow_blur_strength_tablet=&#8221;1px&#8221; subhead_text_shadow_horizontal_length_tablet=&#8221;0px&#8221; subhead_text_shadow_vertical_length_tablet=&#8221;0px&#8221; subhead_text_shadow_blur_strength_tablet=&#8221;1px&#8221; content_link_text_shadow_horizontal_length_tablet=&#8221;0px&#8221; content_link_text_shadow_vertical_length_tablet=&#8221;0px&#8221; content_link_text_shadow_blur_strength_tablet=&#8221;1px&#8221; content_ul_text_shadow_horizontal_length_tablet=&#8221;0px&#8221; content_ul_text_shadow_vertical_length_tablet=&#8221;0px&#8221; content_ul_text_shadow_blur_strength_tablet=&#8221;1px&#8221; content_ol_text_shadow_horizontal_length_tablet=&#8221;0px&#8221; content_ol_text_shadow_vertical_length_tablet=&#8221;0px&#8221; content_ol_text_shadow_blur_strength_tablet=&#8221;1px&#8221; content_quote_text_shadow_horizontal_length_tablet=&#8221;0px&#8221; content_quote_text_shadow_vertical_length_tablet=&#8221;0px&#8221; content_quote_text_shadow_blur_strength_tablet=&#8221;1px&#8221; button_one_text_shadow_horizontal_length_tablet=&#8221;0px&#8221; button_one_text_shadow_vertical_length_tablet=&#8221;0px&#8221; button_one_text_shadow_blur_strength_tablet=&#8221;1px&#8221; button_two_text_shadow_horizontal_length_tablet=&#8221;0px&#8221; button_two_text_shadow_vertical_length_tablet=&#8221;0px&#8221; button_two_text_shadow_blur_strength_tablet=&#8221;1px&#8221; box_shadow_horizontal_tablet=&#8221;0px&#8221; box_shadow_vertical_tablet=&#8221;0px&#8221; box_shadow_blur_tablet=&#8221;40px&#8221; box_shadow_spread_tablet=&#8221;0px&#8221; box_shadow_horizontal_image_tablet=&#8221;0px&#8221; box_shadow_vertical_image_tablet=&#8221;0px&#8221; box_shadow_blur_image_tablet=&#8221;40px&#8221; box_shadow_spread_image_tablet=&#8221;0px&#8221; box_shadow_horizontal_button_one_tablet=&#8221;0px&#8221; box_shadow_vertical_button_one_tablet=&#8221;0px&#8221; box_shadow_blur_button_one_tablet=&#8221;40px&#8221; box_shadow_spread_button_one_tablet=&#8221;0px&#8221; box_shadow_horizontal_button_two_tablet=&#8221;0px&#8221; box_shadow_vertical_button_two_tablet=&#8221;0px&#8221; box_shadow_blur_button_two_tablet=&#8221;40px&#8221; box_shadow_spread_button_two_tablet=&#8221;0px&#8221; text_shadow_vertical_length_tablet=&#8221;0px&#8221; text_shadow_blur_strength_tablet=&#8221;1px&#8221; global_colors_info=&#8221;{}&#8221; sticky_enabled=&#8221;0&#8243;][\/et_pb_fullwidth_header][\/et_pb_section][et_pb_section fb_built=&#8221;1&#8243; specialty=&#8221;on&#8221; padding_right_1=&#8221;0px&#8221; _builder_version=&#8221;4.16&#8243; inner_width_tablet=&#8221;50px&#8221; inner_max_width_tablet=&#8221;100px&#8221; inner_max_width_phone=&#8221;50px&#8221; custom_margin=&#8221;0px||0px|&#8221; custom_padding=&#8221;0px||0px|&#8221; z_index_tablet=&#8221;500&#8243; box_shadow_horizontal_tablet=&#8221;0px&#8221; box_shadow_vertical_tablet=&#8221;0px&#8221; box_shadow_blur_tablet=&#8221;40px&#8221; box_shadow_spread_tablet=&#8221;0px&#8221; global_colors_info=&#8221;{}&#8221;][et_pb_column type=&#8221;3_4&#8243; specialty_columns=&#8221;3&#8243; _builder_version=&#8221;4.16&#8243; custom_padding=&#8221;|||&#8221; global_colors_info=&#8221;{}&#8221; custom_padding__hover=&#8221;|||&#8221;][et_pb_row_inner use_custom_gutter=&#8221;on&#8221; gutter_width=&#8221;1&#8243; module_class=&#8221;left-inner-page&#8221; _builder_version=&#8221;4.16&#8243; custom_margin=&#8221;0px|0px||&#8221; custom_padding=&#8221;60px|40px||&#8221; z_index_tablet=&#8221;500&#8243; box_shadow_horizontal_tablet=&#8221;0px&#8221; box_shadow_vertical_tablet=&#8221;0px&#8221; box_shadow_blur_tablet=&#8221;40px&#8221; box_shadow_spread_tablet=&#8221;0px&#8221; global_colors_info=&#8221;{}&#8221;][et_pb_column_inner saved_specialty_column_type=&#8221;3_4&#8243; _builder_version=&#8221;4.16&#8243; custom_padding=&#8221;|||&#8221; global_colors_info=&#8221;{}&#8221; custom_padding__hover=&#8221;|||&#8221;][et_pb_text _builder_version=&#8221;4.16&#8243; header_4_line_height=&#8221;1.2em&#8221; z_index_tablet=&#8221;500&#8243; text_text_shadow_horizontal_length_tablet=&#8221;0px&#8221; text_text_shadow_vertical_length_tablet=&#8221;0px&#8221; text_text_shadow_blur_strength_tablet=&#8221;1px&#8221; link_text_shadow_horizontal_length_tablet=&#8221;0px&#8221; link_text_shadow_vertical_length_tablet=&#8221;0px&#8221; link_text_shadow_blur_strength_tablet=&#8221;1px&#8221; ul_text_shadow_horizontal_length_tablet=&#8221;0px&#8221; ul_text_shadow_vertical_length_tablet=&#8221;0px&#8221; ul_text_shadow_blur_strength_tablet=&#8221;1px&#8221; ol_text_shadow_horizontal_length_tablet=&#8221;0px&#8221; ol_text_shadow_vertical_length_tablet=&#8221;0px&#8221; ol_text_shadow_blur_strength_tablet=&#8221;1px&#8221; quote_text_shadow_horizontal_length_tablet=&#8221;0px&#8221; quote_text_shadow_vertical_length_tablet=&#8221;0px&#8221; quote_text_shadow_blur_strength_tablet=&#8221;1px&#8221; header_text_shadow_horizontal_length_tablet=&#8221;0px&#8221; header_text_shadow_vertical_length_tablet=&#8221;0px&#8221; header_text_shadow_blur_strength_tablet=&#8221;1px&#8221; header_2_text_shadow_horizontal_length_tablet=&#8221;0px&#8221; header_2_text_shadow_vertical_length_tablet=&#8221;0px&#8221; header_2_text_shadow_blur_strength_tablet=&#8221;1px&#8221; header_3_text_shadow_horizontal_length_tablet=&#8221;0px&#8221; header_3_text_shadow_vertical_length_tablet=&#8221;0px&#8221; header_3_text_shadow_blur_strength_tablet=&#8221;1px&#8221; header_4_text_shadow_horizontal_length_tablet=&#8221;0px&#8221; header_4_text_shadow_vertical_length_tablet=&#8221;0px&#8221; header_4_text_shadow_blur_strength_tablet=&#8221;1px&#8221; header_5_text_shadow_horizontal_length_tablet=&#8221;0px&#8221; header_5_text_shadow_vertical_length_tablet=&#8221;0px&#8221; header_5_text_shadow_blur_strength_tablet=&#8221;1px&#8221; header_6_text_shadow_horizontal_length_tablet=&#8221;0px&#8221; header_6_text_shadow_vertical_length_tablet=&#8221;0px&#8221; header_6_text_shadow_blur_strength_tablet=&#8221;1px&#8221; box_shadow_horizontal_tablet=&#8221;0px&#8221; box_shadow_vertical_tablet=&#8221;0px&#8221; box_shadow_blur_tablet=&#8221;40px&#8221; box_shadow_spread_tablet=&#8221;0px&#8221; global_colors_info=&#8221;{}&#8221;]<\/p>\n<p>Every business is built on its products, and each product needs its own strategy for success. At Brakke Consulting, our team members have built some of the veterinary industry&#8217;s best-known and best-loved brands for companion animals, food animals and horses. Our deep knowledge and experience can help your brands too.<\/p>\n<p>We provide expert product-specific support for:<\/p>\n<ul>\n<li>Developing and defining positioning, go-to-market strategies and forecasts for new products<\/li>\n<li>Technology assessments for new products and entirely new innovations<\/li>\n<li>Revitalizing older brands with new positioning or new marketing strategies<\/li>\n<li>Developing strategic brand development plans for vaccines, diagnostics and drugs for food and companion animals<\/li>\n<li>Developing regulatory strategies for products regulated by FDA\u2019s Center for Veterinary Medicine and the USDA\u2019s Center for Veterinary Biologics.<\/li>\n<li>Preparing for inspections though independent auditing of dossiers and manufacturing sites for animal drugs, diagnostics or vaccines<\/li>\n<\/ul>\n<p>Take advantage of our industry-spanning expertise and our incomparable <a href=\"https:\/\/brakkeconsulting.com\/our-services\/information\/market-research\/\">Brakke market research<\/a> to develop your brands for peak performance in the market.<\/p>\n<p>Brakke Consulting has the experience and expertise to provide top-quality, product-specific consulting services to companies already in the animal health and nutrition industries and companies considering entry.<\/p>\n<p>[\/et_pb_text][\/et_pb_column_inner][\/et_pb_row_inner][\/et_pb_column][et_pb_column type=&#8221;1_4&#8243; _builder_version=&#8221;4.16&#8243; custom_padding=&#8221;|||&#8221; global_colors_info=&#8221;{}&#8221; custom_padding__hover=&#8221;|||&#8221;][et_pb_sidebar area=&#8221;sidebar-1&#8243; module_class=&#8221;divi_sidebar&#8221; _builder_version=&#8221;4.18.0&#8243; _dynamic_attributes=&#8221;link_option_url&#8221; custom_padding=&#8221;|0px||&#8221; link_option_url=&#8221;@ET-DC@eyJkeW5hbWljIjp0cnVlLCJjb250ZW50IjoiaG9tZV91cmwiLCJzZXR0aW5ncyI6e319@&#8221; z_index_tablet=&#8221;500&#8243; custom_css_main_element=&#8221;border-right:none;&#8221; header_text_shadow_horizontal_length_tablet=&#8221;0px&#8221; header_text_shadow_vertical_length_tablet=&#8221;0px&#8221; header_text_shadow_blur_strength_tablet=&#8221;1px&#8221; body_text_shadow_horizontal_length_tablet=&#8221;0px&#8221; body_text_shadow_vertical_length_tablet=&#8221;0px&#8221; body_text_shadow_blur_strength_tablet=&#8221;1px&#8221; box_shadow_horizontal_tablet=&#8221;0px&#8221; box_shadow_vertical_tablet=&#8221;0px&#8221; box_shadow_blur_tablet=&#8221;40px&#8221; box_shadow_spread_tablet=&#8221;0px&#8221; text_shadow_horizontal_length_tablet=&#8221;0px&#8221; text_shadow_vertical_length_tablet=&#8221;0px&#8221; text_shadow_blur_strength_tablet=&#8221;1px&#8221; global_module=&#8221;26426&#8243; saved_tabs=&#8221;all&#8221; global_colors_info=&#8221;{}&#8221;][\/et_pb_sidebar][\/et_pb_column][\/et_pb_section]<\/p>\n","protected":false},"excerpt":{"rendered":"<p>Cada empresa \u00e9 constru\u00edda sobre seus produtos, e cada produto precisa de sua pr\u00f3pria estrat\u00e9gia para o sucesso. Na Brakke Consulting, os membros de nossa equipe criaram algumas das marcas mais conhecidas e amadas da ind\u00fastria veterin\u00e1ria para animais de companhia, animais para alimenta\u00e7\u00e3o e cavalos. Nosso profundo conhecimento e experi\u00eancia tamb\u00e9m podem ajudar suas marcas. Oferecemos suporte especializado espec\u00edfico para produtos para: Desenvolver e definir posicionamento, estrat\u00e9gias de entrada no mercado e previs\u00f5es para novos produtos Avalia\u00e7\u00f5es de tecnologia para novos produtos e inova\u00e7\u00f5es totalmente novas Revitalizar marcas antigas com novo posicionamento ou novas estrat\u00e9gias de marketing Desenvolver planos estrat\u00e9gicos de desenvolvimento de marcas para vacinas, diagn\u00f3sticos e medicamentos para alimenta\u00e7\u00e3o e animais de companhia Desenvolvimento de estrat\u00e9gias regulat\u00f3rias para produtos regulamentados pelo Centro de Medicina Veterin\u00e1ria da FDA e pelo Centro de Biol\u00f3gicos Veterin\u00e1rios do USDA. Preparando-se para inspe\u00e7\u00f5es por meio de auditoria independente de dossi\u00eas e locais de fabrica\u00e7\u00e3o de medicamentos, diagn\u00f3sticos ou vacinas para animais Aproveite nossa experi\u00eancia em todo o setor e nossa incompar\u00e1vel pesquisa de mercado Brakke para desenvolver suas marcas para desempenho m\u00e1ximo no mercado. A Brakke Consulting tem a experi\u00eancia e o conhecimento para fornecer servi\u00e7os de consultoria espec\u00edficos de produtos de alta qualidade para empresas que j\u00e1 atuam nos setores de sa\u00fade e nutri\u00e7\u00e3o animal e empresas que est\u00e3o considerando entrar.<\/p>","protected":false},"author":1,"featured_media":0,"parent":26362,"menu_order":0,"comment_status":"closed","ping_status":"closed","template":"","meta":{"_acf_changed":false,"_et_pb_use_builder":"on","_et_pb_old_content":"","_et_gb_content_width":"","footnotes":"","_links_to":"","_links_to_target":""},"class_list":["post-29477","page","type-page","status-publish","hentry"],"acf":[],"yoast_head":"<!-- This site is optimized with the Yoast SEO plugin v27.0 - https:\/\/yoast.com\/product\/yoast-seo-wordpress\/ -->\n<title>Brakke Consulting, Inc. animal health consultants<\/title>\n<meta name=\"description\" content=\"For over 30 years, Brakke Consulting has been the leading management consulting firm specializing in the animal health, veterinary and pet industries.\" \/>\n<meta name=\"robots\" content=\"index, follow, max-snippet:-1, max-image-preview:large, max-video-preview:-1\" \/>\n<link rel=\"canonical\" href=\"https:\/\/brakkeconsulting.com\/pt\/consulting\/product-strategy\/\" \/>\n<meta property=\"og:locale\" content=\"pt_PT\" \/>\n<meta property=\"og:type\" content=\"article\" \/>\n<meta property=\"og:title\" content=\"Brakke Consulting, Inc. animal health consultants\" \/>\n<meta property=\"og:description\" content=\"For over 30 years, Brakke Consulting has been the leading management consulting firm specializing in the animal health, veterinary and pet industries.\" \/>\n<meta property=\"og:url\" content=\"https:\/\/brakkeconsulting.com\/pt\/consulting\/product-strategy\/\" \/>\n<meta property=\"og:site_name\" content=\"Brakke Consulting Website\" \/>\n<meta property=\"article:modified_time\" content=\"2022-11-30T15:28:12+00:00\" \/>\n<meta name=\"twitter:card\" content=\"summary_large_image\" \/>\n<meta name=\"twitter:label1\" content=\"Tempo estimado de leitura\" \/>\n\t<meta name=\"twitter:data1\" content=\"2 minutos\" \/>\n<script type=\"application\/ld+json\" class=\"yoast-schema-graph\">{\"@context\":\"https:\/\/schema.org\",\"@graph\":[{\"@type\":\"WebPage\",\"@id\":\"https:\/\/brakkeconsulting.com\/consulting\/product-strategy\/\",\"url\":\"https:\/\/brakkeconsulting.com\/consulting\/product-strategy\/\",\"name\":\"Brakke Consulting, Inc. animal health consultants\",\"isPartOf\":{\"@id\":\"https:\/\/brakkeconsulting.com\/#website\"},\"datePublished\":\"2021-07-27T13:27:47+00:00\",\"dateModified\":\"2022-11-30T15:28:12+00:00\",\"description\":\"For over 30 years, Brakke Consulting has been the leading management consulting firm specializing in the animal health, veterinary and pet industries.\",\"breadcrumb\":{\"@id\":\"https:\/\/brakkeconsulting.com\/consulting\/product-strategy\/#breadcrumb\"},\"inLanguage\":\"pt-PT\",\"potentialAction\":[{\"@type\":\"ReadAction\",\"target\":[\"https:\/\/brakkeconsulting.com\/consulting\/product-strategy\/\"]}]},{\"@type\":\"BreadcrumbList\",\"@id\":\"https:\/\/brakkeconsulting.com\/consulting\/product-strategy\/#breadcrumb\",\"itemListElement\":[{\"@type\":\"ListItem\",\"position\":1,\"name\":\"Home\",\"item\":\"https:\/\/brakkeconsulting.com\/\"},{\"@type\":\"ListItem\",\"position\":2,\"name\":\"Consulting\",\"item\":\"https:\/\/brakkeconsulting.com\/consulting\/\"},{\"@type\":\"ListItem\",\"position\":3,\"name\":\"Product Strategy\"}]},{\"@type\":\"WebSite\",\"@id\":\"https:\/\/brakkeconsulting.com\/#website\",\"url\":\"https:\/\/brakkeconsulting.com\/\",\"name\":\"Brakke Consulting Website\",\"description\":\"\",\"potentialAction\":[{\"@type\":\"SearchAction\",\"target\":{\"@type\":\"EntryPoint\",\"urlTemplate\":\"https:\/\/brakkeconsulting.com\/?s={search_term_string}\"},\"query-input\":{\"@type\":\"PropertyValueSpecification\",\"valueRequired\":true,\"valueName\":\"search_term_string\"}}],\"inLanguage\":\"pt-PT\"}]}<\/script>\n<!-- \/ Yoast SEO plugin. -->","yoast_head_json":{"title":"Brakke Consulting, Inc. consultores em sa\u00fade animal","description":"H\u00e1 mais de 30 anos, a Brakke Consulting \u00e9 a principal empresa de consultoria de gest\u00e3o especializada nos setores de sa\u00fade animal, veterin\u00e1ria e animais de estima\u00e7\u00e3o.","robots":{"index":"index","follow":"follow","max-snippet":"max-snippet:-1","max-image-preview":"max-image-preview:large","max-video-preview":"max-video-preview:-1"},"canonical":"https:\/\/brakkeconsulting.com\/pt\/consulting\/product-strategy\/","og_locale":"pt_PT","og_type":"article","og_title":"Brakke Consulting, Inc. animal health consultants","og_description":"For over 30 years, Brakke Consulting has been the leading management consulting firm specializing in the animal health, veterinary and pet industries.","og_url":"https:\/\/brakkeconsulting.com\/pt\/consulting\/product-strategy\/","og_site_name":"Brakke Consulting Website","article_modified_time":"2022-11-30T15:28:12+00:00","twitter_card":"summary_large_image","twitter_misc":{"Tempo estimado de leitura":"2 minutos"},"schema":{"@context":"https:\/\/schema.org","@graph":[{"@type":"WebPage","@id":"https:\/\/brakkeconsulting.com\/consulting\/product-strategy\/","url":"https:\/\/brakkeconsulting.com\/consulting\/product-strategy\/","name":"Brakke Consulting, Inc. consultores em sa\u00fade animal","isPartOf":{"@id":"https:\/\/brakkeconsulting.com\/#website"},"datePublished":"2021-07-27T13:27:47+00:00","dateModified":"2022-11-30T15:28:12+00:00","description":"H\u00e1 mais de 30 anos, a Brakke Consulting \u00e9 a principal empresa de consultoria de gest\u00e3o especializada nos setores de sa\u00fade animal, veterin\u00e1ria e animais de estima\u00e7\u00e3o.","breadcrumb":{"@id":"https:\/\/brakkeconsulting.com\/consulting\/product-strategy\/#breadcrumb"},"inLanguage":"pt-PT","potentialAction":[{"@type":"ReadAction","target":["https:\/\/brakkeconsulting.com\/consulting\/product-strategy\/"]}]},{"@type":"BreadcrumbList","@id":"https:\/\/brakkeconsulting.com\/consulting\/product-strategy\/#breadcrumb","itemListElement":[{"@type":"ListItem","position":1,"name":"Home","item":"https:\/\/brakkeconsulting.com\/"},{"@type":"ListItem","position":2,"name":"Consulting","item":"https:\/\/brakkeconsulting.com\/consulting\/"},{"@type":"ListItem","position":3,"name":"Product Strategy"}]},{"@type":"WebSite","@id":"https:\/\/brakkeconsulting.com\/#website","url":"https:\/\/brakkeconsulting.com\/","name":"Site da Brakke Consulting","description":"","potentialAction":[{"@type":"SearchAction","target":{"@type":"EntryPoint","urlTemplate":"https:\/\/brakkeconsulting.com\/?s={search_term_string}"},"query-input":{"@type":"PropertyValueSpecification","valueRequired":true,"valueName":"search_term_string"}}],"inLanguage":"pt-PT"}]}},"_links":{"self":[{"href":"https:\/\/brakkeconsulting.com\/pt\/wp-json\/wp\/v2\/pages\/29477","targetHints":{"allow":["GET"]}}],"collection":[{"href":"https:\/\/brakkeconsulting.com\/pt\/wp-json\/wp\/v2\/pages"}],"about":[{"href":"https:\/\/brakkeconsulting.com\/pt\/wp-json\/wp\/v2\/types\/page"}],"author":[{"embeddable":true,"href":"https:\/\/brakkeconsulting.com\/pt\/wp-json\/wp\/v2\/users\/1"}],"replies":[{"embeddable":true,"href":"https:\/\/brakkeconsulting.com\/pt\/wp-json\/wp\/v2\/comments?post=29477"}],"version-history":[{"count":10,"href":"https:\/\/brakkeconsulting.com\/pt\/wp-json\/wp\/v2\/pages\/29477\/revisions"}],"predecessor-version":[{"id":31419,"href":"https:\/\/brakkeconsulting.com\/pt\/wp-json\/wp\/v2\/pages\/29477\/revisions\/31419"}],"up":[{"embeddable":true,"href":"https:\/\/brakkeconsulting.com\/pt\/wp-json\/wp\/v2\/pages\/26362"}],"wp:attachment":[{"href":"https:\/\/brakkeconsulting.com\/pt\/wp-json\/wp\/v2\/media?parent=29477"}],"curies":[{"name":"wp","href":"https:\/\/api.w.org\/{rel}","templated":true}]}}