{"id":27266,"date":"2019-11-21T03:39:35","date_gmt":"2019-11-21T09:39:35","guid":{"rendered":"https:\/\/brakkeconsulting.com\/?page_id=27266"},"modified":"2020-01-15T15:24:29","modified_gmt":"2020-01-15T21:24:29","slug":"pet-health-products-changing-channels","status":"publish","type":"page","link":"https:\/\/brakkeconsulting.com\/pt\/our-services\/information\/pet-health-products-changing-channels\/","title":{"rendered":"canais de mudan\u00e7a de produtos para sa\u00fade de animais de estima\u00e7\u00e3o"},"content":{"rendered":"<p>[et_pb_section fb_built=&#8221;1&#8243; specialty=&#8221;on&#8221; padding_right_1=&#8221;0px&#8221; _builder_version=&#8221;3.25.2&#8243; inner_width_tablet=&#8221;50px&#8221; inner_max_width_tablet=&#8221;100px&#8221; inner_max_width_phone=&#8221;50px&#8221; custom_margin=&#8221;0px|||&#8221; custom_padding=&#8221;0px||0px|&#8221; z_index_tablet=&#8221;500&#8243; box_shadow_horizontal_tablet=&#8221;0px&#8221; box_shadow_vertical_tablet=&#8221;0px&#8221; box_shadow_blur_tablet=&#8221;40px&#8221; box_shadow_spread_tablet=&#8221;0px&#8221;][et_pb_column type=&#8221;3_4&#8243; specialty_columns=&#8221;3&#8243; _builder_version=&#8221;3.25&#8243; custom_padding=&#8221;|||&#8221; custom_padding__hover=&#8221;|||&#8221;][et_pb_row_inner use_custom_gutter=&#8221;on&#8221; gutter_width=&#8221;1&#8243; module_class=&#8221;left-inner-page&#8221; _builder_version=&#8221;3.25.2&#8243; custom_margin=&#8221;0px|0px||&#8221; custom_padding=&#8221;60px|40px||&#8221; z_index_tablet=&#8221;500&#8243; box_shadow_horizontal_tablet=&#8221;0px&#8221; box_shadow_vertical_tablet=&#8221;0px&#8221; box_shadow_blur_tablet=&#8221;40px&#8221; box_shadow_spread_tablet=&#8221;0px&#8221;][et_pb_column_inner saved_specialty_column_type=&#8221;3_4&#8243; _builder_version=&#8221;3.0.47&#8243; custom_padding=&#8221;|||&#8221; custom_padding__hover=&#8221;|||&#8221;][et_pb_text _builder_version=&#8221;4.0.11&#8243; header_4_line_height=&#8221;1.2em&#8221; z_index_tablet=&#8221;500&#8243; hover_enabled=&#8221;0&#8243; text_text_shadow_horizontal_length_tablet=&#8221;0px&#8221; text_text_shadow_vertical_length_tablet=&#8221;0px&#8221; text_text_shadow_blur_strength_tablet=&#8221;1px&#8221; link_text_shadow_horizontal_length_tablet=&#8221;0px&#8221; link_text_shadow_vertical_length_tablet=&#8221;0px&#8221; link_text_shadow_blur_strength_tablet=&#8221;1px&#8221; ul_text_shadow_horizontal_length_tablet=&#8221;0px&#8221; ul_text_shadow_vertical_length_tablet=&#8221;0px&#8221; ul_text_shadow_blur_strength_tablet=&#8221;1px&#8221; ol_text_shadow_horizontal_length_tablet=&#8221;0px&#8221; ol_text_shadow_vertical_length_tablet=&#8221;0px&#8221; ol_text_shadow_blur_strength_tablet=&#8221;1px&#8221; quote_text_shadow_horizontal_length_tablet=&#8221;0px&#8221; quote_text_shadow_vertical_length_tablet=&#8221;0px&#8221; quote_text_shadow_blur_strength_tablet=&#8221;1px&#8221; header_text_shadow_horizontal_length_tablet=&#8221;0px&#8221; header_text_shadow_vertical_length_tablet=&#8221;0px&#8221; header_text_shadow_blur_strength_tablet=&#8221;1px&#8221; header_2_text_shadow_horizontal_length_tablet=&#8221;0px&#8221; header_2_text_shadow_vertical_length_tablet=&#8221;0px&#8221; header_2_text_shadow_blur_strength_tablet=&#8221;1px&#8221; header_3_text_shadow_horizontal_length_tablet=&#8221;0px&#8221; header_3_text_shadow_vertical_length_tablet=&#8221;0px&#8221; header_3_text_shadow_blur_strength_tablet=&#8221;1px&#8221; header_4_text_shadow_horizontal_length_tablet=&#8221;0px&#8221; header_4_text_shadow_vertical_length_tablet=&#8221;0px&#8221; header_4_text_shadow_blur_strength_tablet=&#8221;1px&#8221; header_5_text_shadow_horizontal_length_tablet=&#8221;0px&#8221; header_5_text_shadow_vertical_length_tablet=&#8221;0px&#8221; header_5_text_shadow_blur_strength_tablet=&#8221;1px&#8221; header_6_text_shadow_horizontal_length_tablet=&#8221;0px&#8221; header_6_text_shadow_vertical_length_tablet=&#8221;0px&#8221; header_6_text_shadow_blur_strength_tablet=&#8221;1px&#8221; box_shadow_horizontal_tablet=&#8221;0px&#8221; box_shadow_vertical_tablet=&#8221;0px&#8221; box_shadow_blur_tablet=&#8221;40px&#8221; box_shadow_spread_tablet=&#8221;0px&#8221;]<\/p>\n<h2>Pet Health Products: Changing Channels<\/h2>\n<h2>December 2019<\/h2>\n<p>A new research study from Brakke Consulting is mapping the changing dynamics of pet product distribution and retailing, especially health and nutrition products.<\/p>\n<p>Pet Health Products: Changing Channels aims to show how pet owner purchasing patterns are changing in light of new sales channels, as well as new ways to obtain veterinary services.<\/p>\n<p>The new Brakke study includes nationally representative surveys of 1,000 pet owners and 500 veterinarians. Findings will be segmented by pet owner purchaser segments, regions of the country and type of veterinary service provider.<\/p>\n<p>Among topics covered in the pet owner research are:<br \/>\n\u2022 Where are pet owners purchasing health and nutrition-related products, at what frequency and at what spending level?<br \/>\n\u2022 Has their preferred channel changed within the last year, and how?<br \/>\n\u2022 How important are convenience, online ordering and home delivery?<br \/>\n\u2022 Does where they get their veterinary services impact where they buy products?<br \/>\n\u2022 What role does the veterinarian play in influencing brand choice, regardless of purchase location?<\/p>\n<p>Topics covered in the veterinarian survey include:<br \/>\n\u2022 Percentage of revenue from product sales<br \/>\n\u2022 Impact of outside services (Chewy, 1800PetMeds, etc.) on product sales<br \/>\n\u2022 Availability of online sales and home delivery through practice<br \/>\n\u2022 Sales volume of home delivered products, and trends<br \/>\n\u2022 Service providers used, if any<br \/>\n\u2022 Satisfaction with service providers<\/p>\n<p>For more information, contact us at\u00a0<a href=\"mailto:info@brakkeconsulting.com\">info@brakkeconsulting.com<\/a>.[\/et_pb_text][\/et_pb_column_inner][\/et_pb_row_inner][\/et_pb_column][et_pb_column type=&#8221;1_4&#8243; _builder_version=&#8221;3.25&#8243; custom_padding=&#8221;|||&#8221; custom_padding__hover=&#8221;|||&#8221;][et_pb_sidebar area=&#8221;sidebar-1&#8243; module_class=&#8221;divi_sidebar&#8221; _builder_version=&#8221;3.25.2&#8243; custom_padding=&#8221;|0px||&#8221; z_index_tablet=&#8221;500&#8243; custom_css_main_element=&#8221;border-right:none;&#8221; header_text_shadow_horizontal_length_tablet=&#8221;0px&#8221; header_text_shadow_vertical_length_tablet=&#8221;0px&#8221; header_text_shadow_blur_strength_tablet=&#8221;1px&#8221; body_text_shadow_horizontal_length_tablet=&#8221;0px&#8221; body_text_shadow_vertical_length_tablet=&#8221;0px&#8221; body_text_shadow_blur_strength_tablet=&#8221;1px&#8221; box_shadow_horizontal_tablet=&#8221;0px&#8221; box_shadow_vertical_tablet=&#8221;0px&#8221; box_shadow_blur_tablet=&#8221;40px&#8221; box_shadow_spread_tablet=&#8221;0px&#8221; text_shadow_horizontal_length_tablet=&#8221;0px&#8221; text_shadow_vertical_length_tablet=&#8221;0px&#8221; text_shadow_blur_strength_tablet=&#8221;1px&#8221; global_module=&#8221;26426&#8243; saved_tabs=&#8221;all&#8221;][\/et_pb_sidebar][\/et_pb_column][\/et_pb_section]<\/p>\n","protected":false},"excerpt":{"rendered":"<p>Produtos para sa\u00fade de animais de estima\u00e7\u00e3o: mudan\u00e7a de canal Dezembro de 2019 Um novo estudo da Brakke Consulting est\u00e1 mapeando a din\u00e2mica de mudan\u00e7a na distribui\u00e7\u00e3o e varejo de produtos para animais de estima\u00e7\u00e3o, especialmente produtos de sa\u00fade e nutri\u00e7\u00e3o. Pet Health Products: Changing Channels tem como objetivo mostrar como os padr\u00f5es de compra dos propriet\u00e1rios de animais de estima\u00e7\u00e3o est\u00e3o mudando \u00e0 luz dos novos canais de vendas, bem como das novas formas de obter servi\u00e7os veterin\u00e1rios. O novo estudo da Brakke inclui pesquisas representativas em n\u00edvel nacional com 1.000 donos de animais de estima\u00e7\u00e3o e 500 veterin\u00e1rios. As descobertas ser\u00e3o segmentadas por segmento de compradores de propriet\u00e1rios de animais de estima\u00e7\u00e3o, regi\u00f5es do pa\u00eds e tipo de prestador de servi\u00e7os veterin\u00e1rios. Entre os t\u00f3picos abordados na pesquisa sobre propriet\u00e1rios de animais de estima\u00e7\u00e3o est\u00e3o: \u2022 Onde os propriet\u00e1rios de animais de estima\u00e7\u00e3o compram produtos relacionados \u00e0 sa\u00fade e \u00e0 nutri\u00e7\u00e3o, com que frequ\u00eancia e com que n\u00edvel de gastos? \u2022 O canal preferido deles mudou no \u00faltimo ano e como? \u2022 Qual a import\u00e2ncia da conveni\u00eancia, dos pedidos on-line e da entrega em domic\u00edlio? \u2022 O local onde obt\u00eam os seus servi\u00e7os veterin\u00e1rios tem impacto no local onde compram os produtos? \u2022 Qual \u00e9 o papel do veterin\u00e1rio na influ\u00eancia na escolha da marca, independentemente do local de compra? Os t\u00f3picos abordados na pesquisa veterin\u00e1ria incluem: \u2022 Porcentagem de receita proveniente de vendas de produtos \u2022 Impacto de servi\u00e7os externos (Chewy, 1800PetMeds, etc.) nas vendas de produtos \u2022 Disponibilidade de vendas on-line e entrega em domic\u00edlio atrav\u00e9s da pr\u00e1tica \u2022 Volume de vendas de produtos entregues em domic\u00edlio, e tend\u00eancias \u2022 Provedores de servi\u00e7os usados, se<\/p>\n<div class=\"view-full-post\"><a href=\"https:\/\/brakkeconsulting.com\/pt\/our-services\/information\/pet-health-products-changing-channels\/\" class=\"view-full-post-btn\">Ver postagem completa<\/a><\/div>\n<p>;<\/p>","protected":false},"author":1,"featured_media":0,"parent":36,"menu_order":0,"comment_status":"closed","ping_status":"closed","template":"","meta":{"_acf_changed":false,"_et_pb_use_builder":"on","_et_pb_old_content":"","_et_gb_content_width":"","footnotes":"","_links_to":"","_links_to_target":""},"class_list":["post-27266","page","type-page","status-publish","hentry"],"acf":[],"yoast_head":"<!-- This site is optimized with the Yoast SEO plugin v27.0 - https:\/\/yoast.com\/product\/yoast-seo-wordpress\/ -->\n<title>Brakke Consulting, Inc. animal health consultants<\/title>\n<meta name=\"description\" content=\"For over 30 years, Brakke Consulting has been the leading management consulting firm specializing in the animal health, veterinary and pet industries.\" \/>\n<meta name=\"robots\" content=\"index, follow, max-snippet:-1, max-image-preview:large, max-video-preview:-1\" \/>\n<link rel=\"canonical\" href=\"https:\/\/brakkeconsulting.com\/pt\/our-services\/information\/pet-health-products-changing-channels\/\" \/>\n<meta property=\"og:locale\" content=\"pt_PT\" \/>\n<meta property=\"og:type\" content=\"article\" \/>\n<meta property=\"og:title\" content=\"Brakke Consulting, Inc. animal health consultants\" \/>\n<meta property=\"og:description\" content=\"For over 30 years, Brakke Consulting has been the leading management consulting firm specializing in the animal health, veterinary and pet industries.\" \/>\n<meta property=\"og:url\" content=\"https:\/\/brakkeconsulting.com\/pt\/our-services\/information\/pet-health-products-changing-channels\/\" \/>\n<meta property=\"og:site_name\" content=\"Brakke Consulting Website\" \/>\n<meta property=\"article:modified_time\" content=\"2020-01-15T21:24:29+00:00\" \/>\n<meta name=\"twitter:card\" content=\"summary_large_image\" \/>\n<meta name=\"twitter:label1\" content=\"Tempo estimado de leitura\" \/>\n\t<meta name=\"twitter:data1\" content=\"4 minutos\" \/>\n<script type=\"application\/ld+json\" class=\"yoast-schema-graph\">{\"@context\":\"https:\/\/schema.org\",\"@graph\":[{\"@type\":\"WebPage\",\"@id\":\"https:\/\/brakkeconsulting.com\/zh\/our-services\/information\/pet-health-products-changing-channels\/\",\"url\":\"https:\/\/brakkeconsulting.com\/zh\/our-services\/information\/pet-health-products-changing-channels\/\",\"name\":\"Brakke Consulting, Inc. animal health consultants\",\"isPartOf\":{\"@id\":\"https:\/\/brakkeconsulting.com\/zh\/#website\"},\"datePublished\":\"2019-11-21T09:39:35+00:00\",\"dateModified\":\"2020-01-15T21:24:29+00:00\",\"description\":\"For over 30 years, Brakke Consulting has been the leading management consulting firm specializing in the animal health, veterinary and pet industries.\",\"breadcrumb\":{\"@id\":\"https:\/\/brakkeconsulting.com\/zh\/our-services\/information\/pet-health-products-changing-channels\/#breadcrumb\"},\"inLanguage\":\"pt-PT\",\"potentialAction\":[{\"@type\":\"ReadAction\",\"target\":[\"https:\/\/brakkeconsulting.com\/zh\/our-services\/information\/pet-health-products-changing-channels\/\"]}]},{\"@type\":\"BreadcrumbList\",\"@id\":\"https:\/\/brakkeconsulting.com\/zh\/our-services\/information\/pet-health-products-changing-channels\/#breadcrumb\",\"itemListElement\":[{\"@type\":\"ListItem\",\"position\":1,\"name\":\"Home\",\"item\":\"https:\/\/brakkeconsulting.com\/zh\/\"},{\"@type\":\"ListItem\",\"position\":2,\"name\":\"Our Services\",\"item\":\"https:\/\/brakkeconsulting.com\/our-services\/\"},{\"@type\":\"ListItem\",\"position\":3,\"name\":\"Information\",\"item\":\"https:\/\/brakkeconsulting.com\/zh\/our-services\/information\/\"},{\"@type\":\"ListItem\",\"position\":4,\"name\":\"pet-health-products-changing-channels\"}]},{\"@type\":\"WebSite\",\"@id\":\"https:\/\/brakkeconsulting.com\/zh\/#website\",\"url\":\"https:\/\/brakkeconsulting.com\/zh\/\",\"name\":\"Brakke Consulting Website\",\"description\":\"\",\"potentialAction\":[{\"@type\":\"SearchAction\",\"target\":{\"@type\":\"EntryPoint\",\"urlTemplate\":\"https:\/\/brakkeconsulting.com\/zh\/?s={search_term_string}\"},\"query-input\":{\"@type\":\"PropertyValueSpecification\",\"valueRequired\":true,\"valueName\":\"search_term_string\"}}],\"inLanguage\":\"pt-PT\"}]}<\/script>\n<!-- \/ Yoast SEO plugin. -->","yoast_head_json":{"title":"Brakke Consulting, Inc. consultores em sa\u00fade animal","description":"H\u00e1 mais de 30 anos, a Brakke Consulting \u00e9 a principal empresa de consultoria de gest\u00e3o especializada nos setores de sa\u00fade animal, veterin\u00e1ria e animais de estima\u00e7\u00e3o.","robots":{"index":"index","follow":"follow","max-snippet":"max-snippet:-1","max-image-preview":"max-image-preview:large","max-video-preview":"max-video-preview:-1"},"canonical":"https:\/\/brakkeconsulting.com\/pt\/our-services\/information\/pet-health-products-changing-channels\/","og_locale":"pt_PT","og_type":"article","og_title":"Brakke Consulting, Inc. animal health consultants","og_description":"For over 30 years, Brakke Consulting has been the leading management consulting firm specializing in the animal health, veterinary and pet industries.","og_url":"https:\/\/brakkeconsulting.com\/pt\/our-services\/information\/pet-health-products-changing-channels\/","og_site_name":"Brakke Consulting Website","article_modified_time":"2020-01-15T21:24:29+00:00","twitter_card":"summary_large_image","twitter_misc":{"Tempo estimado de leitura":"4 minutos"},"schema":{"@context":"https:\/\/schema.org","@graph":[{"@type":"WebPage","@id":"https:\/\/brakkeconsulting.com\/zh\/our-services\/information\/pet-health-products-changing-channels\/","url":"https:\/\/brakkeconsulting.com\/zh\/our-services\/information\/pet-health-products-changing-channels\/","name":"Brakke Consulting, Inc. consultores em sa\u00fade animal","isPartOf":{"@id":"https:\/\/brakkeconsulting.com\/zh\/#website"},"datePublished":"2019-11-21T09:39:35+00:00","dateModified":"2020-01-15T21:24:29+00:00","description":"H\u00e1 mais de 30 anos, a Brakke Consulting \u00e9 a principal empresa de consultoria de gest\u00e3o especializada nos setores de sa\u00fade animal, veterin\u00e1ria e animais de estima\u00e7\u00e3o.","breadcrumb":{"@id":"https:\/\/brakkeconsulting.com\/zh\/our-services\/information\/pet-health-products-changing-channels\/#breadcrumb"},"inLanguage":"pt-PT","potentialAction":[{"@type":"ReadAction","target":["https:\/\/brakkeconsulting.com\/zh\/our-services\/information\/pet-health-products-changing-channels\/"]}]},{"@type":"BreadcrumbList","@id":"https:\/\/brakkeconsulting.com\/zh\/our-services\/information\/pet-health-products-changing-channels\/#breadcrumb","itemListElement":[{"@type":"ListItem","position":1,"name":"Home","item":"https:\/\/brakkeconsulting.com\/zh\/"},{"@type":"ListItem","position":2,"name":"Our Services","item":"https:\/\/brakkeconsulting.com\/our-services\/"},{"@type":"ListItem","position":3,"name":"Information","item":"https:\/\/brakkeconsulting.com\/zh\/our-services\/information\/"},{"@type":"ListItem","position":4,"name":"pet-health-products-changing-channels"}]},{"@type":"WebSite","@id":"https:\/\/brakkeconsulting.com\/zh\/#website","url":"https:\/\/brakkeconsulting.com\/zh\/","name":"Site da Brakke Consulting","description":"","potentialAction":[{"@type":"SearchAction","target":{"@type":"EntryPoint","urlTemplate":"https:\/\/brakkeconsulting.com\/zh\/?s={search_term_string}"},"query-input":{"@type":"PropertyValueSpecification","valueRequired":true,"valueName":"search_term_string"}}],"inLanguage":"pt-PT"}]}},"_links":{"self":[{"href":"https:\/\/brakkeconsulting.com\/pt\/wp-json\/wp\/v2\/pages\/27266","targetHints":{"allow":["GET"]}}],"collection":[{"href":"https:\/\/brakkeconsulting.com\/pt\/wp-json\/wp\/v2\/pages"}],"about":[{"href":"https:\/\/brakkeconsulting.com\/pt\/wp-json\/wp\/v2\/types\/page"}],"author":[{"embeddable":true,"href":"https:\/\/brakkeconsulting.com\/pt\/wp-json\/wp\/v2\/users\/1"}],"replies":[{"embeddable":true,"href":"https:\/\/brakkeconsulting.com\/pt\/wp-json\/wp\/v2\/comments?post=27266"}],"version-history":[{"count":4,"href":"https:\/\/brakkeconsulting.com\/pt\/wp-json\/wp\/v2\/pages\/27266\/revisions"}],"predecessor-version":[{"id":27697,"href":"https:\/\/brakkeconsulting.com\/pt\/wp-json\/wp\/v2\/pages\/27266\/revisions\/27697"}],"up":[{"embeddable":true,"href":"https:\/\/brakkeconsulting.com\/pt\/wp-json\/wp\/v2\/pages\/36"}],"wp:attachment":[{"href":"https:\/\/brakkeconsulting.com\/pt\/wp-json\/wp\/v2\/media?parent=27266"}],"curies":[{"name":"wp","href":"https:\/\/api.w.org\/{rel}","templated":true}]}}