{"id":26558,"date":"2019-08-16T08:50:33","date_gmt":"2019-08-16T14:50:33","guid":{"rendered":"https:\/\/brakkeconsulting.com\/?page_id=26558"},"modified":"2025-11-20T18:49:37","modified_gmt":"2025-11-21T00:49:37","slug":"market-research","status":"publish","type":"page","link":"https:\/\/brakkeconsulting.com\/pt\/our-services\/information\/market-research\/","title":{"rendered":"PESQUISA DE MERCADO"},"content":{"rendered":"<p>[et_pb_section fb_built=&#8221;1&#8243; fullwidth=&#8221;on&#8221; _builder_version=&#8221;4.16&#8243; inner_width_tablet=&#8221;50px&#8221; inner_max_width_tablet=&#8221;100px&#8221; inner_max_width_phone=&#8221;50px&#8221; custom_margin=&#8221;-30px|||&#8221; z_index_tablet=&#8221;500&#8243; box_shadow_horizontal_tablet=&#8221;0px&#8221; box_shadow_vertical_tablet=&#8221;0px&#8221; box_shadow_blur_tablet=&#8221;40px&#8221; box_shadow_spread_tablet=&#8221;0px&#8221; global_colors_info=&#8221;{}&#8221;][et_pb_fullwidth_header title=&#8221;Market Research&#8221; subhead=&#8221;Solid research leads to solid decisions&#8221; logo_image_url=&#8221;https:\/\/brakkeconsulting.com\/wp-content\/uploads\/2019\/08\/marketresearch-icon.png&#8221; module_class=&#8221;inner-header  logoimage-left&#8221; _builder_version=&#8221;4.18.0&#8243; title_level=&#8221;h3&#8243; title_font=&#8221;|600|||||||&#8221; title_text_align=&#8221;left&#8221; title_text_color=&#8221;#253f8c&#8221; title_font_size=&#8221;28px&#8221; content_text_color=&#8221;#253f8c&#8221; subhead_font=&#8221;|600|||||||&#8221; subhead_text_align=&#8221;left&#8221; subhead_text_color=&#8221;#253f8c&#8221; background_color=&#8221;rgba(0,44,84,0.34)&#8221; background_image=&#8221;https:\/\/brakkeconsulting.com\/wp-content\/uploads\/2022\/11\/Depositphotos_210351722_XL-scaled.jpg&#8221; background_position=&#8221;bottom_center&#8221; background_vertical_offset=&#8221;46%&#8221; custom_padding=&#8221;180px||180px|&#8221; hover_enabled=&#8221;0&#8243; z_index_tablet=&#8221;500&#8243; title_text_shadow_horizontal_length_tablet=&#8221;0px&#8221; title_text_shadow_vertical_length_tablet=&#8221;0px&#8221; title_text_shadow_blur_strength_tablet=&#8221;1px&#8221; content_text_shadow_horizontal_length_tablet=&#8221;0px&#8221; content_text_shadow_vertical_length_tablet=&#8221;0px&#8221; content_text_shadow_blur_strength_tablet=&#8221;1px&#8221; subhead_text_shadow_horizontal_length_tablet=&#8221;0px&#8221; subhead_text_shadow_vertical_length_tablet=&#8221;0px&#8221; subhead_text_shadow_blur_strength_tablet=&#8221;1px&#8221; content_link_text_shadow_horizontal_length_tablet=&#8221;0px&#8221; content_link_text_shadow_vertical_length_tablet=&#8221;0px&#8221; content_link_text_shadow_blur_strength_tablet=&#8221;1px&#8221; content_ul_text_shadow_horizontal_length_tablet=&#8221;0px&#8221; content_ul_text_shadow_vertical_length_tablet=&#8221;0px&#8221; content_ul_text_shadow_blur_strength_tablet=&#8221;1px&#8221; content_ol_text_shadow_horizontal_length_tablet=&#8221;0px&#8221; content_ol_text_shadow_vertical_length_tablet=&#8221;0px&#8221; content_ol_text_shadow_blur_strength_tablet=&#8221;1px&#8221; content_quote_text_shadow_horizontal_length_tablet=&#8221;0px&#8221; content_quote_text_shadow_vertical_length_tablet=&#8221;0px&#8221; content_quote_text_shadow_blur_strength_tablet=&#8221;1px&#8221; button_one_text_shadow_horizontal_length_tablet=&#8221;0px&#8221; button_one_text_shadow_vertical_length_tablet=&#8221;0px&#8221; button_one_text_shadow_blur_strength_tablet=&#8221;1px&#8221; button_two_text_shadow_horizontal_length_tablet=&#8221;0px&#8221; button_two_text_shadow_vertical_length_tablet=&#8221;0px&#8221; button_two_text_shadow_blur_strength_tablet=&#8221;1px&#8221; box_shadow_horizontal_tablet=&#8221;0px&#8221; box_shadow_vertical_tablet=&#8221;0px&#8221; box_shadow_blur_tablet=&#8221;40px&#8221; box_shadow_spread_tablet=&#8221;0px&#8221; box_shadow_horizontal_image_tablet=&#8221;0px&#8221; box_shadow_vertical_image_tablet=&#8221;0px&#8221; box_shadow_blur_image_tablet=&#8221;40px&#8221; box_shadow_spread_image_tablet=&#8221;0px&#8221; box_shadow_horizontal_button_one_tablet=&#8221;0px&#8221; box_shadow_vertical_button_one_tablet=&#8221;0px&#8221; box_shadow_blur_button_one_tablet=&#8221;40px&#8221; box_shadow_spread_button_one_tablet=&#8221;0px&#8221; box_shadow_horizontal_button_two_tablet=&#8221;0px&#8221; box_shadow_vertical_button_two_tablet=&#8221;0px&#8221; box_shadow_blur_button_two_tablet=&#8221;40px&#8221; box_shadow_spread_button_two_tablet=&#8221;0px&#8221; text_shadow_horizontal_length_tablet=&#8221;0px&#8221; text_shadow_vertical_length_tablet=&#8221;0px&#8221; text_shadow_blur_strength_tablet=&#8221;1px&#8221; global_colors_info=&#8221;{}&#8221; sticky_enabled=&#8221;0&#8243;][\/et_pb_fullwidth_header][\/et_pb_section][et_pb_section fb_built=&#8221;1&#8243; specialty=&#8221;on&#8221; padding_right_1=&#8221;0px&#8221; _builder_version=&#8221;4.16&#8243; inner_width_tablet=&#8221;50px&#8221; inner_max_width_tablet=&#8221;100px&#8221; inner_max_width_phone=&#8221;50px&#8221; custom_margin=&#8221;0px|||&#8221; custom_padding=&#8221;0px||0px|&#8221; z_index_tablet=&#8221;500&#8243; box_shadow_horizontal_tablet=&#8221;0px&#8221; box_shadow_vertical_tablet=&#8221;0px&#8221; box_shadow_blur_tablet=&#8221;40px&#8221; box_shadow_spread_tablet=&#8221;0px&#8221; global_colors_info=&#8221;{}&#8221;][et_pb_column type=&#8221;3_4&#8243; specialty_columns=&#8221;3&#8243; _builder_version=&#8221;4.16&#8243; custom_padding=&#8221;|||&#8221; global_colors_info=&#8221;{}&#8221; custom_padding__hover=&#8221;|||&#8221;][et_pb_row_inner use_custom_gutter=&#8221;on&#8221; gutter_width=&#8221;1&#8243; module_class=&#8221;left-inner-page&#8221; _builder_version=&#8221;4.16&#8243; custom_margin=&#8221;0px|0px||&#8221; custom_padding=&#8221;60px|40px||&#8221; z_index_tablet=&#8221;500&#8243; box_shadow_horizontal_tablet=&#8221;0px&#8221; box_shadow_vertical_tablet=&#8221;0px&#8221; box_shadow_blur_tablet=&#8221;40px&#8221; box_shadow_spread_tablet=&#8221;0px&#8221; global_colors_info=&#8221;{}&#8221;][et_pb_column_inner saved_specialty_column_type=&#8221;3_4&#8243; _builder_version=&#8221;4.16&#8243; custom_padding=&#8221;|||&#8221; global_colors_info=&#8221;{}&#8221; custom_padding__hover=&#8221;|||&#8221;][et_pb_text _builder_version=&#8221;4.18.0&#8243; header_3_text_color=&#8221;#1d458c&#8221; header_3_line_height=&#8221;1.3em&#8221; z_index_tablet=&#8221;500&#8243; text_text_shadow_horizontal_length_tablet=&#8221;0px&#8221; text_text_shadow_vertical_length_tablet=&#8221;0px&#8221; text_text_shadow_blur_strength_tablet=&#8221;1px&#8221; link_text_shadow_horizontal_length_tablet=&#8221;0px&#8221; link_text_shadow_vertical_length_tablet=&#8221;0px&#8221; link_text_shadow_blur_strength_tablet=&#8221;1px&#8221; ul_text_shadow_horizontal_length_tablet=&#8221;0px&#8221; ul_text_shadow_vertical_length_tablet=&#8221;0px&#8221; ul_text_shadow_blur_strength_tablet=&#8221;1px&#8221; ol_text_shadow_horizontal_length_tablet=&#8221;0px&#8221; ol_text_shadow_vertical_length_tablet=&#8221;0px&#8221; ol_text_shadow_blur_strength_tablet=&#8221;1px&#8221; quote_text_shadow_horizontal_length_tablet=&#8221;0px&#8221; quote_text_shadow_vertical_length_tablet=&#8221;0px&#8221; quote_text_shadow_blur_strength_tablet=&#8221;1px&#8221; header_text_shadow_horizontal_length_tablet=&#8221;0px&#8221; header_text_shadow_vertical_length_tablet=&#8221;0px&#8221; header_text_shadow_blur_strength_tablet=&#8221;1px&#8221; header_2_text_shadow_horizontal_length_tablet=&#8221;0px&#8221; header_2_text_shadow_vertical_length_tablet=&#8221;0px&#8221; header_2_text_shadow_blur_strength_tablet=&#8221;1px&#8221; header_3_text_shadow_horizontal_length_tablet=&#8221;0px&#8221; header_3_text_shadow_vertical_length_tablet=&#8221;0px&#8221; header_3_text_shadow_blur_strength_tablet=&#8221;1px&#8221; header_4_text_shadow_horizontal_length_tablet=&#8221;0px&#8221; header_4_text_shadow_vertical_length_tablet=&#8221;0px&#8221; header_4_text_shadow_blur_strength_tablet=&#8221;1px&#8221; header_5_text_shadow_horizontal_length_tablet=&#8221;0px&#8221; header_5_text_shadow_vertical_length_tablet=&#8221;0px&#8221; header_5_text_shadow_blur_strength_tablet=&#8221;1px&#8221; header_6_text_shadow_horizontal_length_tablet=&#8221;0px&#8221; header_6_text_shadow_vertical_length_tablet=&#8221;0px&#8221; header_6_text_shadow_blur_strength_tablet=&#8221;1px&#8221; box_shadow_horizontal_tablet=&#8221;0px&#8221; box_shadow_vertical_tablet=&#8221;0px&#8221; box_shadow_blur_tablet=&#8221;40px&#8221; box_shadow_spread_tablet=&#8221;0px&#8221; global_colors_info=&#8221;{}&#8221;]<\/p>\n<h3><strong>Comprehensive Market Insights Through the Trone\/Brakke Partnership<\/strong><\/h3>\n<p>Brakke Consulting has long been recognized as the leading source of multi-client market studies in animal health and pet care. Now, with the formation of a joint venture with <strong>Trone Research and Consulting (TRC)<\/strong>, our market research capabilities are stronger than ever.<\/p>\n<p>The new entity, operating as <strong>Trone Research and Consulting<\/strong>, brings together more than 50 years of combined expertise in animal health consulting and veterinary market research. Clients will benefit from broader research offerings, expanded global reach, and exclusive access to the <strong>largest veterinary panel in the United States<\/strong>.<\/p>\n<p><strong>Veterinary &amp; Pet Owner Panels<\/strong><\/p>\n<p>Through the merger, clients now gain access to <strong>the most robust veterinary panel in the U.S.<\/strong>, along with extensive pet owner research capabilities. This resource provides a foundation for deeper insights into prescribing behaviors, purchasing patterns, and evolving attitudes in veterinary and retail pet care.<\/p>\n<hr \/>\n<p><strong>What kind of market research do you need for your decision?<\/strong><\/p>\n<ul>\n<li>\n<p><a href=\"https:\/\/brakkeconsulting.com\/our-services\/information\/market-research\/custom-market-research\/\">Custom Market Research<\/a><\/p>\n<\/li>\n<li>\n<p><a href=\"https:\/\/brakkeconsulting.com\/our-services\/information\/market-research\/landmark-industry\/\">Landmark Industry Research<\/a><\/p>\n<\/li>\n<li>\n<p><a href=\"https:\/\/brakkeconsulting.com\/our-services\/information\/market-research\/multi-client-studies\/\">Multi-client studies<\/a><\/p>\n<\/li>\n<\/ul>\n<p><a href=\"https:\/\/brakkeconsulting.com\/contact-us\">Contact us<\/a>\u00a0to find out more about how our market research services can strengthen your decision-making.<\/p>\n<p>[\/et_pb_text][\/et_pb_column_inner][\/et_pb_row_inner][\/et_pb_column][et_pb_column type=&#8221;1_4&#8243; _builder_version=&#8221;4.16&#8243; custom_padding=&#8221;|||&#8221; global_colors_info=&#8221;{}&#8221; custom_padding__hover=&#8221;|||&#8221;][et_pb_sidebar area=&#8221;sidebar-1&#8243; module_class=&#8221;divi_sidebar&#8221; _builder_version=&#8221;4.18.0&#8243; _dynamic_attributes=&#8221;link_option_url&#8221; custom_padding=&#8221;|0px||&#8221; link_option_url=&#8221;@ET-DC@eyJkeW5hbWljIjp0cnVlLCJjb250ZW50IjoiaG9tZV91cmwiLCJzZXR0aW5ncyI6e319@&#8221; z_index_tablet=&#8221;500&#8243; custom_css_main_element=&#8221;border-right:none;&#8221; header_text_shadow_horizontal_length_tablet=&#8221;0px&#8221; header_text_shadow_vertical_length_tablet=&#8221;0px&#8221; header_text_shadow_blur_strength_tablet=&#8221;1px&#8221; body_text_shadow_horizontal_length_tablet=&#8221;0px&#8221; body_text_shadow_vertical_length_tablet=&#8221;0px&#8221; body_text_shadow_blur_strength_tablet=&#8221;1px&#8221; box_shadow_horizontal_tablet=&#8221;0px&#8221; box_shadow_vertical_tablet=&#8221;0px&#8221; box_shadow_blur_tablet=&#8221;40px&#8221; box_shadow_spread_tablet=&#8221;0px&#8221; text_shadow_horizontal_length_tablet=&#8221;0px&#8221; text_shadow_vertical_length_tablet=&#8221;0px&#8221; text_shadow_blur_strength_tablet=&#8221;1px&#8221; global_module=&#8221;26426&#8243; saved_tabs=&#8221;all&#8221; global_colors_info=&#8221;{}&#8221;][\/et_pb_sidebar][\/et_pb_column][\/et_pb_section]<\/p>\n","protected":false},"excerpt":{"rendered":"<p>An\u00e1lises Abrangentes do Mercado por Meio da Parceria Trone\/Brakke A Brakke Consulting \u00e9 reconhecida h\u00e1 muito tempo como a principal fonte de estudos de mercado multiclientes em sa\u00fade animal e cuidados com animais de estima\u00e7\u00e3o. Agora, com a forma\u00e7\u00e3o de uma joint venture com a Trone Research and Consulting (TRC), nossas capacidades de pesquisa de mercado est\u00e3o mais robustas do que nunca. A nova entidade, operando como Trone Research and Consulting, re\u00fane mais de 50 anos de experi\u00eancia combinada em consultoria em sa\u00fade animal e pesquisa de mercado veterin\u00e1ria. Os clientes se beneficiar\u00e3o de uma oferta de pesquisas mais ampla, alcance global expandido e acesso exclusivo ao maior painel veterin\u00e1rio dos Estados Unidos. Pain\u00e9is de Veterin\u00e1rios e Propriet\u00e1rios de Animais de Estima\u00e7\u00e3o Por meio da fus\u00e3o, os clientes agora t\u00eam acesso ao painel veterin\u00e1rio mais robusto dos EUA, juntamente com amplas capacidades de pesquisa com propriet\u00e1rios de animais de estima\u00e7\u00e3o. Esse recurso fornece uma base para an\u00e1lises mais profundas sobre comportamentos de prescri\u00e7\u00e3o, padr\u00f5es de compra e mudan\u00e7as de atitudes em rela\u00e7\u00e3o a cuidados veterin\u00e1rios e de varejo para animais de estima\u00e7\u00e3o. Que tipo de pesquisa de mercado voc\u00ea precisa para sua decis\u00e3o? Pesquisa de Mercado Personalizada Pesquisa de Refer\u00eancia do Setor Estudos Multiclientes Entre em contato conosco para saber mais sobre como nossos servi\u00e7os de pesquisa de mercado podem fortalecer sua tomada de decis\u00e3o.<\/p>","protected":false},"author":1,"featured_media":0,"parent":36,"menu_order":0,"comment_status":"closed","ping_status":"closed","template":"","meta":{"_acf_changed":false,"_et_pb_use_builder":"on","_et_pb_old_content":"","_et_gb_content_width":"","footnotes":"","_links_to":"","_links_to_target":""},"class_list":["post-26558","page","type-page","status-publish","hentry"],"acf":[],"yoast_head":"<!-- This site is optimized with the Yoast SEO plugin v27.0 - https:\/\/yoast.com\/product\/yoast-seo-wordpress\/ -->\n<title>Veterinary Studies | Industry Analysis | Veterinary Market Research.<\/title>\n<meta name=\"description\" content=\"Whether it is veterinary industry analysis or veterinary market research, whether it is for companion animals or livestock, we have experts that can help.\" \/>\n<meta name=\"robots\" content=\"index, follow, max-snippet:-1, max-image-preview:large, max-video-preview:-1\" \/>\n<link rel=\"canonical\" href=\"https:\/\/brakkeconsulting.com\/pt\/our-services\/information\/market-research\/\" \/>\n<meta property=\"og:locale\" content=\"pt_PT\" \/>\n<meta property=\"og:type\" content=\"article\" \/>\n<meta property=\"og:title\" content=\"Veterinary Studies | Industry Analysis | Veterinary Market Research.\" \/>\n<meta property=\"og:description\" content=\"Whether it is veterinary industry analysis or veterinary market research, whether it is for companion animals or livestock, we have experts that can help.\" \/>\n<meta property=\"og:url\" content=\"https:\/\/brakkeconsulting.com\/pt\/our-services\/information\/market-research\/\" \/>\n<meta property=\"og:site_name\" content=\"Brakke Consulting Website\" \/>\n<meta property=\"article:modified_time\" content=\"2025-11-21T00:49:37+00:00\" \/>\n<meta name=\"twitter:card\" content=\"summary_large_image\" \/>\n<meta name=\"twitter:label1\" content=\"Tempo estimado de leitura\" \/>\n\t<meta name=\"twitter:data1\" content=\"2 minutos\" \/>\n<script type=\"application\/ld+json\" class=\"yoast-schema-graph\">{\"@context\":\"https:\/\/schema.org\",\"@graph\":[{\"@type\":\"WebPage\",\"@id\":\"https:\/\/brakkeconsulting.com\/pt\/our-services\/information\/market-research\/\",\"url\":\"https:\/\/brakkeconsulting.com\/pt\/our-services\/information\/market-research\/\",\"name\":\"Veterinary Studies | Industry Analysis | Veterinary Market Research.\",\"isPartOf\":{\"@id\":\"https:\/\/brakkeconsulting.com\/#website\"},\"datePublished\":\"2019-08-16T14:50:33+00:00\",\"dateModified\":\"2025-11-21T00:49:37+00:00\",\"description\":\"Whether it is veterinary industry analysis or veterinary market research, whether it is for companion animals or livestock, we have experts that can help.\",\"breadcrumb\":{\"@id\":\"https:\/\/brakkeconsulting.com\/pt\/our-services\/information\/market-research\/#breadcrumb\"},\"inLanguage\":\"pt-PT\",\"potentialAction\":[{\"@type\":\"ReadAction\",\"target\":[\"https:\/\/brakkeconsulting.com\/pt\/our-services\/information\/market-research\/\"]}]},{\"@type\":\"BreadcrumbList\",\"@id\":\"https:\/\/brakkeconsulting.com\/pt\/our-services\/information\/market-research\/#breadcrumb\",\"itemListElement\":[{\"@type\":\"ListItem\",\"position\":1,\"name\":\"Home\",\"item\":\"https:\/\/brakkeconsulting.com\/\"},{\"@type\":\"ListItem\",\"position\":2,\"name\":\"Our Services\",\"item\":\"https:\/\/brakkeconsulting.com\/pt\/our-services\/\"},{\"@type\":\"ListItem\",\"position\":3,\"name\":\"Information\",\"item\":\"https:\/\/brakkeconsulting.com\/pt\/our-services\/information\/\"},{\"@type\":\"ListItem\",\"position\":4,\"name\":\"MARKET RESEARCH\"}]},{\"@type\":\"WebSite\",\"@id\":\"https:\/\/brakkeconsulting.com\/#website\",\"url\":\"https:\/\/brakkeconsulting.com\/\",\"name\":\"Brakke Consulting Website\",\"description\":\"\",\"potentialAction\":[{\"@type\":\"SearchAction\",\"target\":{\"@type\":\"EntryPoint\",\"urlTemplate\":\"https:\/\/brakkeconsulting.com\/?s={search_term_string}\"},\"query-input\":{\"@type\":\"PropertyValueSpecification\",\"valueRequired\":true,\"valueName\":\"search_term_string\"}}],\"inLanguage\":\"pt-PT\"}]}<\/script>\n<!-- \/ Yoast SEO plugin. -->","yoast_head_json":{"title":"Estudos Veterin\u00e1rios | An\u00e1lise da Ind\u00fastria | Pesquisa de Mercado Veterin\u00e1rio.","description":"Seja para an\u00e1lises da ind\u00fastria veterin\u00e1ria ou pesquisas de mercado veterin\u00e1rias, seja para animais de companhia ou de produ\u00e7\u00e3o, temos especialistas que podem ajudar.","robots":{"index":"index","follow":"follow","max-snippet":"max-snippet:-1","max-image-preview":"max-image-preview:large","max-video-preview":"max-video-preview:-1"},"canonical":"https:\/\/brakkeconsulting.com\/pt\/our-services\/information\/market-research\/","og_locale":"pt_PT","og_type":"article","og_title":"Veterinary Studies | Industry Analysis | Veterinary Market Research.","og_description":"Whether it is veterinary industry analysis or veterinary market research, whether it is for companion animals or livestock, we have experts that can help.","og_url":"https:\/\/brakkeconsulting.com\/pt\/our-services\/information\/market-research\/","og_site_name":"Brakke Consulting Website","article_modified_time":"2025-11-21T00:49:37+00:00","twitter_card":"summary_large_image","twitter_misc":{"Tempo estimado de leitura":"2 minutos"},"schema":{"@context":"https:\/\/schema.org","@graph":[{"@type":"WebPage","@id":"https:\/\/brakkeconsulting.com\/pt\/our-services\/information\/market-research\/","url":"https:\/\/brakkeconsulting.com\/pt\/our-services\/information\/market-research\/","name":"Estudos Veterin\u00e1rios | An\u00e1lise da Ind\u00fastria | Pesquisa de Mercado Veterin\u00e1rio.","isPartOf":{"@id":"https:\/\/brakkeconsulting.com\/#website"},"datePublished":"2019-08-16T14:50:33+00:00","dateModified":"2025-11-21T00:49:37+00:00","description":"Seja para an\u00e1lises da ind\u00fastria veterin\u00e1ria ou pesquisas de mercado veterin\u00e1rias, seja para animais de companhia ou de produ\u00e7\u00e3o, temos especialistas que podem ajudar.","breadcrumb":{"@id":"https:\/\/brakkeconsulting.com\/pt\/our-services\/information\/market-research\/#breadcrumb"},"inLanguage":"pt-PT","potentialAction":[{"@type":"ReadAction","target":["https:\/\/brakkeconsulting.com\/pt\/our-services\/information\/market-research\/"]}]},{"@type":"BreadcrumbList","@id":"https:\/\/brakkeconsulting.com\/pt\/our-services\/information\/market-research\/#breadcrumb","itemListElement":[{"@type":"ListItem","position":1,"name":"Home","item":"https:\/\/brakkeconsulting.com\/"},{"@type":"ListItem","position":2,"name":"Our Services","item":"https:\/\/brakkeconsulting.com\/pt\/our-services\/"},{"@type":"ListItem","position":3,"name":"Information","item":"https:\/\/brakkeconsulting.com\/pt\/our-services\/information\/"},{"@type":"ListItem","position":4,"name":"MARKET RESEARCH"}]},{"@type":"WebSite","@id":"https:\/\/brakkeconsulting.com\/#website","url":"https:\/\/brakkeconsulting.com\/","name":"Site da Brakke Consulting","description":"","potentialAction":[{"@type":"SearchAction","target":{"@type":"EntryPoint","urlTemplate":"https:\/\/brakkeconsulting.com\/?s={search_term_string}"},"query-input":{"@type":"PropertyValueSpecification","valueRequired":true,"valueName":"search_term_string"}}],"inLanguage":"pt-PT"}]}},"_links":{"self":[{"href":"https:\/\/brakkeconsulting.com\/pt\/wp-json\/wp\/v2\/pages\/26558","targetHints":{"allow":["GET"]}}],"collection":[{"href":"https:\/\/brakkeconsulting.com\/pt\/wp-json\/wp\/v2\/pages"}],"about":[{"href":"https:\/\/brakkeconsulting.com\/pt\/wp-json\/wp\/v2\/types\/page"}],"author":[{"embeddable":true,"href":"https:\/\/brakkeconsulting.com\/pt\/wp-json\/wp\/v2\/users\/1"}],"replies":[{"embeddable":true,"href":"https:\/\/brakkeconsulting.com\/pt\/wp-json\/wp\/v2\/comments?post=26558"}],"version-history":[{"count":35,"href":"https:\/\/brakkeconsulting.com\/pt\/wp-json\/wp\/v2\/pages\/26558\/revisions"}],"predecessor-version":[{"id":35746,"href":"https:\/\/brakkeconsulting.com\/pt\/wp-json\/wp\/v2\/pages\/26558\/revisions\/35746"}],"up":[{"embeddable":true,"href":"https:\/\/brakkeconsulting.com\/pt\/wp-json\/wp\/v2\/pages\/36"}],"wp:attachment":[{"href":"https:\/\/brakkeconsulting.com\/pt\/wp-json\/wp\/v2\/media?parent=26558"}],"curies":[{"name":"wp","href":"https:\/\/api.w.org\/{rel}","templated":true}]}}