{"id":26551,"date":"2019-08-16T08:30:08","date_gmt":"2019-08-16T14:30:08","guid":{"rendered":"https:\/\/brakkeconsulting.com\/?page_id=26551"},"modified":"2024-08-08T13:00:39","modified_gmt":"2024-08-08T19:00:39","slug":"our-services","status":"publish","type":"page","link":"https:\/\/brakkeconsulting.com\/pt\/about-us\/our-services\/","title":{"rendered":"Nossos servi\u00e7os"},"content":{"rendered":"<p>[et_pb_section fb_built=&#8221;1&#8243; fullwidth=&#8221;on&#8221; _builder_version=&#8221;4.16&#8243; inner_width_tablet=&#8221;50px&#8221; inner_max_width_tablet=&#8221;100px&#8221; inner_max_width_phone=&#8221;50px&#8221; custom_margin=&#8221;-30px|||&#8221; z_index_tablet=&#8221;500&#8243; box_shadow_horizontal_tablet=&#8221;0px&#8221; box_shadow_vertical_tablet=&#8221;0px&#8221; box_shadow_blur_tablet=&#8221;40px&#8221; box_shadow_spread_tablet=&#8221;0px&#8221; global_colors_info=&#8221;{}&#8221;][et_pb_fullwidth_header title=&#8221;Our Services&#8221; subhead=&#8221;Results-oriented solutions&#8221; logo_image_url=&#8221;https:\/\/brakkeconsulting.com\/wp-content\/uploads\/2019\/09\/services-icon.png&#8221; module_class=&#8221;inner-header  logoimage-left&#8221; _builder_version=&#8221;4.18.0&#8243; title_level=&#8221;h3&#8243; title_font=&#8221;|600|||||||&#8221; title_text_align=&#8221;left&#8221; title_text_color=&#8221;#253f8c&#8221; title_font_size=&#8221;28px&#8221; content_text_color=&#8221;#253f8c&#8221; subhead_font=&#8221;|600|||||||&#8221; subhead_text_align=&#8221;left&#8221; subhead_text_color=&#8221;#253f8c&#8221; background_color=&#8221;rgba(0,44,84,0.34)&#8221; background_image=&#8221;https:\/\/brakkeconsulting.com\/wp-content\/uploads\/2022\/11\/Flower-Dog-scaled.jpg&#8221; background_position=&#8221;bottom_center&#8221; background_vertical_offset=&#8221;50%&#8221; custom_padding=&#8221;180px||180px|&#8221; z_index_tablet=&#8221;500&#8243; title_text_shadow_horizontal_length_tablet=&#8221;0px&#8221; title_text_shadow_vertical_length_tablet=&#8221;0px&#8221; title_text_shadow_blur_strength_tablet=&#8221;1px&#8221; content_text_shadow_horizontal_length_tablet=&#8221;0px&#8221; content_text_shadow_vertical_length_tablet=&#8221;0px&#8221; content_text_shadow_blur_strength_tablet=&#8221;1px&#8221; subhead_text_shadow_horizontal_length_tablet=&#8221;0px&#8221; subhead_text_shadow_vertical_length_tablet=&#8221;0px&#8221; subhead_text_shadow_blur_strength_tablet=&#8221;1px&#8221; content_link_text_shadow_horizontal_length_tablet=&#8221;0px&#8221; content_link_text_shadow_vertical_length_tablet=&#8221;0px&#8221; content_link_text_shadow_blur_strength_tablet=&#8221;1px&#8221; content_ul_text_shadow_horizontal_length_tablet=&#8221;0px&#8221; content_ul_text_shadow_vertical_length_tablet=&#8221;0px&#8221; content_ul_text_shadow_blur_strength_tablet=&#8221;1px&#8221; content_ol_text_shadow_horizontal_length_tablet=&#8221;0px&#8221; content_ol_text_shadow_vertical_length_tablet=&#8221;0px&#8221; content_ol_text_shadow_blur_strength_tablet=&#8221;1px&#8221; content_quote_text_shadow_horizontal_length_tablet=&#8221;0px&#8221; content_quote_text_shadow_vertical_length_tablet=&#8221;0px&#8221; content_quote_text_shadow_blur_strength_tablet=&#8221;1px&#8221; button_one_text_shadow_horizontal_length_tablet=&#8221;0px&#8221; button_one_text_shadow_vertical_length_tablet=&#8221;0px&#8221; button_one_text_shadow_blur_strength_tablet=&#8221;1px&#8221; button_two_text_shadow_horizontal_length_tablet=&#8221;0px&#8221; button_two_text_shadow_vertical_length_tablet=&#8221;0px&#8221; button_two_text_shadow_blur_strength_tablet=&#8221;1px&#8221; box_shadow_horizontal_tablet=&#8221;0px&#8221; box_shadow_vertical_tablet=&#8221;0px&#8221; box_shadow_blur_tablet=&#8221;40px&#8221; box_shadow_spread_tablet=&#8221;0px&#8221; box_shadow_horizontal_image_tablet=&#8221;0px&#8221; box_shadow_vertical_image_tablet=&#8221;0px&#8221; box_shadow_blur_image_tablet=&#8221;40px&#8221; box_shadow_spread_image_tablet=&#8221;0px&#8221; box_shadow_horizontal_button_one_tablet=&#8221;0px&#8221; box_shadow_vertical_button_one_tablet=&#8221;0px&#8221; box_shadow_blur_button_one_tablet=&#8221;40px&#8221; box_shadow_spread_button_one_tablet=&#8221;0px&#8221; box_shadow_horizontal_button_two_tablet=&#8221;0px&#8221; box_shadow_vertical_button_two_tablet=&#8221;0px&#8221; box_shadow_blur_button_two_tablet=&#8221;40px&#8221; box_shadow_spread_button_two_tablet=&#8221;0px&#8221; text_shadow_vertical_length_tablet=&#8221;0px&#8221; text_shadow_blur_strength_tablet=&#8221;1px&#8221; global_colors_info=&#8221;{}&#8221;][\/et_pb_fullwidth_header][\/et_pb_section][et_pb_section fb_built=&#8221;1&#8243; specialty=&#8221;on&#8221; padding_right_1=&#8221;0px&#8221; _builder_version=&#8221;4.16&#8243; inner_width_tablet=&#8221;50px&#8221; inner_max_width_tablet=&#8221;100px&#8221; inner_max_width_phone=&#8221;50px&#8221; custom_margin=&#8221;0px|||&#8221; custom_padding=&#8221;0px||0px|&#8221; z_index_tablet=&#8221;500&#8243; box_shadow_horizontal_tablet=&#8221;0px&#8221; box_shadow_vertical_tablet=&#8221;0px&#8221; box_shadow_blur_tablet=&#8221;40px&#8221; box_shadow_spread_tablet=&#8221;0px&#8221; global_colors_info=&#8221;{}&#8221;][et_pb_column type=&#8221;3_4&#8243; specialty_columns=&#8221;3&#8243; _builder_version=&#8221;4.16&#8243; custom_padding=&#8221;|||&#8221; global_colors_info=&#8221;{}&#8221; custom_padding__hover=&#8221;|||&#8221;][et_pb_row_inner use_custom_gutter=&#8221;on&#8221; gutter_width=&#8221;1&#8243; module_class=&#8221;left-inner-page&#8221; _builder_version=&#8221;4.16&#8243; custom_margin=&#8221;0px|0px||&#8221; custom_padding=&#8221;60px|40px||&#8221; z_index_tablet=&#8221;500&#8243; box_shadow_horizontal_tablet=&#8221;0px&#8221; box_shadow_vertical_tablet=&#8221;0px&#8221; box_shadow_blur_tablet=&#8221;40px&#8221; box_shadow_spread_tablet=&#8221;0px&#8221; global_colors_info=&#8221;{}&#8221;][et_pb_column_inner saved_specialty_column_type=&#8221;3_4&#8243; _builder_version=&#8221;4.16&#8243; custom_padding=&#8221;|||&#8221; global_colors_info=&#8221;{}&#8221; custom_padding__hover=&#8221;|||&#8221;][et_pb_text ul_item_indent=&#8221;13px&#8221; _builder_version=&#8221;4.18.0&#8243; header_3_text_color=&#8221;#1d458c&#8221; hover_enabled=&#8221;0&#8243; z_index_tablet=&#8221;500&#8243; text_text_shadow_horizontal_length_tablet=&#8221;0px&#8221; text_text_shadow_vertical_length_tablet=&#8221;0px&#8221; text_text_shadow_blur_strength_tablet=&#8221;1px&#8221; link_text_shadow_horizontal_length_tablet=&#8221;0px&#8221; link_text_shadow_vertical_length_tablet=&#8221;0px&#8221; link_text_shadow_blur_strength_tablet=&#8221;1px&#8221; ul_text_shadow_horizontal_length_tablet=&#8221;0px&#8221; ul_text_shadow_vertical_length_tablet=&#8221;0px&#8221; ul_text_shadow_blur_strength_tablet=&#8221;1px&#8221; ol_text_shadow_horizontal_length_tablet=&#8221;0px&#8221; ol_text_shadow_vertical_length_tablet=&#8221;0px&#8221; ol_text_shadow_blur_strength_tablet=&#8221;1px&#8221; quote_text_shadow_horizontal_length_tablet=&#8221;0px&#8221; quote_text_shadow_vertical_length_tablet=&#8221;0px&#8221; quote_text_shadow_blur_strength_tablet=&#8221;1px&#8221; header_text_shadow_horizontal_length_tablet=&#8221;0px&#8221; header_text_shadow_vertical_length_tablet=&#8221;0px&#8221; header_text_shadow_blur_strength_tablet=&#8221;1px&#8221; header_2_text_shadow_horizontal_length_tablet=&#8221;0px&#8221; header_2_text_shadow_vertical_length_tablet=&#8221;0px&#8221; header_2_text_shadow_blur_strength_tablet=&#8221;1px&#8221; header_3_text_shadow_horizontal_length_tablet=&#8221;0px&#8221; header_3_text_shadow_vertical_length_tablet=&#8221;0px&#8221; header_3_text_shadow_blur_strength_tablet=&#8221;1px&#8221; header_4_text_shadow_horizontal_length_tablet=&#8221;0px&#8221; header_4_text_shadow_vertical_length_tablet=&#8221;0px&#8221; header_4_text_shadow_blur_strength_tablet=&#8221;1px&#8221; header_5_text_shadow_horizontal_length_tablet=&#8221;0px&#8221; header_5_text_shadow_vertical_length_tablet=&#8221;0px&#8221; header_5_text_shadow_blur_strength_tablet=&#8221;1px&#8221; header_6_text_shadow_horizontal_length_tablet=&#8221;0px&#8221; header_6_text_shadow_vertical_length_tablet=&#8221;0px&#8221; header_6_text_shadow_blur_strength_tablet=&#8221;1px&#8221; box_shadow_horizontal_tablet=&#8221;0px&#8221; box_shadow_vertical_tablet=&#8221;0px&#8221; box_shadow_blur_tablet=&#8221;40px&#8221; box_shadow_spread_tablet=&#8221;0px&#8221; global_colors_info=&#8221;{}&#8221; sticky_enabled=&#8221;0&#8243;]<\/p>\n<h3>From strategic planning to market research, Brakke delivers success you can measure<\/h3>\n<p>We can customize our services to meet your specific needs, and primarily focus on these five practice areas:<\/p>\n<p>&nbsp;<\/p>\n<ul>\n<li><a href=\"\/consulting\/\"><strong>Consulting<\/strong><\/a>. The Brakke consulting team is experienced in providing animal health companies and executives with strategic advice and solutions that drive the growth of their businesses.<\/li>\n<\/ul>\n<ul>\n<li><a href=\"\/our-services\/information\/market-research\/\"><strong>Market Research<\/strong><\/a>. Brakke consultants leverage the largest veterinary advisory\/survey panel in the industry, along with proprietary market insights, to conduct custom market research projects that support planning and decision making. We also produce market research for multiple clients. From benchmarking sales forces to detailing animal health and veterinary product segments to exploring major issues facing the industry \u2013 we\u2019ve been doing this longer than anyone else in the industry.<\/li>\n<\/ul>\n<ul>\n<li><a href=\"\/our-services\/transactions\/\"><strong>Transactions<\/strong><\/a>. Brakke Consulting has long been a leader in supporting business development and licensing transactions in the animal health industry. Our broad range of services in this area involve mergers, acquisitions, divestitures, licensing, and partnerships. We also support due diligence processes related to any transaction.<\/li>\n<\/ul>\n<ul>\n<li><a href=\"\/our-services\/information\/\"><strong>Information<\/strong><\/a>. Ranging from our popular industry overview presentations made at major veterinary trade shows, and custom overviews for companies, to our weekly Brakke newsletter, and Brakke Viewpoint,\u00a0 animal health industry history book, and more, our firm is a trusted resource for useful data and insights.<\/li>\n<\/ul>\n<ul>\n<li><a href=\"\/our-services\/recruiting\/\"><strong>Recruiting<\/strong><\/a>. Brakke Consulting&#8217;s recruitment experts have decades of experience supporting the people needs of animal health companies, specifically for sales and management level positions. We carry out customized search assignments for all organizational levels and also manage an online animal health jobs website, <a href=\"http:\/\/www.animalhealthjobs.com\" target=\"_blank\" rel=\"noopener noreferrer\">www.animalhealthjobs.com<\/a>.<\/li>\n<\/ul>\n<p>[\/et_pb_text][\/et_pb_column_inner][\/et_pb_row_inner][\/et_pb_column][et_pb_column type=&#8221;1_4&#8243; _builder_version=&#8221;4.16&#8243; custom_padding=&#8221;|||&#8221; global_colors_info=&#8221;{}&#8221; custom_padding__hover=&#8221;|||&#8221;][et_pb_sidebar area=&#8221;sidebar-1&#8243; module_class=&#8221;divi_sidebar&#8221; _builder_version=&#8221;4.18.0&#8243; _dynamic_attributes=&#8221;link_option_url&#8221; custom_padding=&#8221;|0px||&#8221; link_option_url=&#8221;@ET-DC@eyJkeW5hbWljIjp0cnVlLCJjb250ZW50IjoiaG9tZV91cmwiLCJzZXR0aW5ncyI6e319@&#8221; z_index_tablet=&#8221;500&#8243; custom_css_main_element=&#8221;border-right:none;&#8221; header_text_shadow_horizontal_length_tablet=&#8221;0px&#8221; header_text_shadow_vertical_length_tablet=&#8221;0px&#8221; header_text_shadow_blur_strength_tablet=&#8221;1px&#8221; body_text_shadow_horizontal_length_tablet=&#8221;0px&#8221; body_text_shadow_vertical_length_tablet=&#8221;0px&#8221; body_text_shadow_blur_strength_tablet=&#8221;1px&#8221; box_shadow_horizontal_tablet=&#8221;0px&#8221; box_shadow_vertical_tablet=&#8221;0px&#8221; box_shadow_blur_tablet=&#8221;40px&#8221; box_shadow_spread_tablet=&#8221;0px&#8221; text_shadow_horizontal_length_tablet=&#8221;0px&#8221; text_shadow_vertical_length_tablet=&#8221;0px&#8221; text_shadow_blur_strength_tablet=&#8221;1px&#8221; global_module=&#8221;26426&#8243; saved_tabs=&#8221;all&#8221; global_colors_info=&#8221;{}&#8221;][\/et_pb_sidebar][\/et_pb_column][\/et_pb_section]<\/p>\n","protected":false},"excerpt":{"rendered":"<p>Do planejamento estrat\u00e9gico \u00e0 pesquisa de mercado, a Brakke oferece sucesso que voc\u00ea pode medir. Podemos personalizar nossos servi\u00e7os para atender \u00e0s suas necessidades espec\u00edficas e focar principalmente nestas cinco \u00e1reas de pr\u00e1tica: Consultoria. A equipe de consultoria da Brakke tem experi\u00eancia em fornecer a empresas e executivos de sa\u00fade animal consultoria estrat\u00e9gica e solu\u00e7\u00f5es que impulsionam o crescimento de seus neg\u00f3cios. Pesquisa de mercado. Os consultores da Brakke aproveitam o maior painel de consultoria\/pesquisa veterin\u00e1ria do setor, juntamente com insights de mercado propriet\u00e1rios, para conduzir projetos personalizados de pesquisa de mercado que apoiam o planejamento e a tomada de decis\u00f5es. Tamb\u00e9m produzimos pesquisas de mercado para v\u00e1rios clientes. Desde a avalia\u00e7\u00e3o comparativa das for\u00e7as de vendas at\u00e9 o detalhamento dos segmentos de produtos veterin\u00e1rios e de sa\u00fade animal, at\u00e9 a explora\u00e7\u00e3o dos principais problemas enfrentados pela ind\u00fastria \u2013 fazemos isso h\u00e1 mais tempo do que qualquer outra pessoa na ind\u00fastria. Transa\u00e7\u00f5es. A Brakke Consulting \u00e9 h\u00e1 muito tempo l\u00edder no apoio ao desenvolvimento de neg\u00f3cios e transa\u00e7\u00f5es de licenciamento na ind\u00fastria de sa\u00fade animal. Nossa ampla gama de servi\u00e7os nesta \u00e1rea envolve fus\u00f5es, aquisi\u00e7\u00f5es, desinvestimentos, licenciamentos e parcerias. Tamb\u00e9m apoiamos processos de due diligence relacionados a qualquer transa\u00e7\u00e3o. Informa\u00e7\u00e3o. Desde nossas populares apresenta\u00e7\u00f5es de vis\u00e3o geral do setor feitas nas principais feiras veterin\u00e1rias e vis\u00f5es gerais personalizadas para empresas, at\u00e9 nosso boletim informativo semanal Brakke e Brakke Viewpoint, livro de hist\u00f3ria da ind\u00fastria de sa\u00fade animal e muito mais, nossa empresa \u00e9 um recurso confi\u00e1vel para dados e insights \u00fateis . Recrutamento. Recrutamento da Brakke Consulting<\/p>\n<div class=\"view-full-post\"><a href=\"https:\/\/brakkeconsulting.com\/pt\/about-us\/our-services\/\" class=\"view-full-post-btn\">Ver postagem completa<\/a><\/div>\n<p>;<\/p>","protected":false},"author":1,"featured_media":0,"parent":2,"menu_order":0,"comment_status":"closed","ping_status":"closed","template":"","meta":{"_acf_changed":false,"_et_pb_use_builder":"on","_et_pb_old_content":"","_et_gb_content_width":"","footnotes":"","_links_to":"","_links_to_target":""},"class_list":["post-26551","page","type-page","status-publish","hentry"],"acf":[],"yoast_head":"<!-- This site is optimized with the Yoast SEO plugin v27.0 - https:\/\/yoast.com\/product\/yoast-seo-wordpress\/ -->\n<title>Brakke Consulting Services | Veterinary Consultants<\/title>\n<meta name=\"description\" content=\"From strategic planning to market research, Brakke delivers success you can measure. Results-oriented solutions we customize our services to meet your specific needs.\" \/>\n<meta name=\"robots\" content=\"index, follow, max-snippet:-1, max-image-preview:large, max-video-preview:-1\" \/>\n<link rel=\"canonical\" href=\"https:\/\/brakkeconsulting.com\/pt\/about-us\/our-services\/\" \/>\n<meta property=\"og:locale\" content=\"pt_PT\" \/>\n<meta property=\"og:type\" content=\"article\" \/>\n<meta property=\"og:title\" content=\"Brakke Consulting Services | Veterinary Consultants\" \/>\n<meta property=\"og:description\" content=\"From strategic planning to market research, Brakke delivers success you can measure. Results-oriented solutions we customize our services to meet your specific needs.\" \/>\n<meta property=\"og:url\" content=\"https:\/\/brakkeconsulting.com\/pt\/about-us\/our-services\/\" \/>\n<meta property=\"og:site_name\" content=\"Brakke Consulting Website\" \/>\n<meta property=\"article:modified_time\" content=\"2024-08-08T19:00:39+00:00\" \/>\n<meta name=\"twitter:card\" content=\"summary_large_image\" \/>\n<meta name=\"twitter:label1\" content=\"Tempo estimado de leitura\" \/>\n\t<meta name=\"twitter:data1\" content=\"2 minutos\" \/>\n<script type=\"application\/ld+json\" class=\"yoast-schema-graph\">{\"@context\":\"https:\/\/schema.org\",\"@graph\":[{\"@type\":\"WebPage\",\"@id\":\"https:\/\/brakkeconsulting.com\/about-us\/our-services\/\",\"url\":\"https:\/\/brakkeconsulting.com\/about-us\/our-services\/\",\"name\":\"Brakke Consulting Services | Veterinary Consultants\",\"isPartOf\":{\"@id\":\"https:\/\/brakkeconsulting.com\/#website\"},\"datePublished\":\"2019-08-16T14:30:08+00:00\",\"dateModified\":\"2024-08-08T19:00:39+00:00\",\"description\":\"From strategic planning to market research, Brakke delivers success you can measure. Results-oriented solutions we customize our services to meet your specific needs.\",\"breadcrumb\":{\"@id\":\"https:\/\/brakkeconsulting.com\/about-us\/our-services\/#breadcrumb\"},\"inLanguage\":\"pt-PT\",\"potentialAction\":[{\"@type\":\"ReadAction\",\"target\":[\"https:\/\/brakkeconsulting.com\/about-us\/our-services\/\"]}]},{\"@type\":\"BreadcrumbList\",\"@id\":\"https:\/\/brakkeconsulting.com\/about-us\/our-services\/#breadcrumb\",\"itemListElement\":[{\"@type\":\"ListItem\",\"position\":1,\"name\":\"Home\",\"item\":\"https:\/\/brakkeconsulting.com\/\"},{\"@type\":\"ListItem\",\"position\":2,\"name\":\"Brakke Consulting\",\"item\":\"https:\/\/brakkeconsulting.com\/about-us\/\"},{\"@type\":\"ListItem\",\"position\":3,\"name\":\"Our Services\"}]},{\"@type\":\"WebSite\",\"@id\":\"https:\/\/brakkeconsulting.com\/#website\",\"url\":\"https:\/\/brakkeconsulting.com\/\",\"name\":\"Brakke Consulting Website\",\"description\":\"\",\"potentialAction\":[{\"@type\":\"SearchAction\",\"target\":{\"@type\":\"EntryPoint\",\"urlTemplate\":\"https:\/\/brakkeconsulting.com\/?s={search_term_string}\"},\"query-input\":{\"@type\":\"PropertyValueSpecification\",\"valueRequired\":true,\"valueName\":\"search_term_string\"}}],\"inLanguage\":\"pt-PT\"}]}<\/script>\n<!-- \/ Yoast SEO plugin. -->","yoast_head_json":{"title":"Servi\u00e7os de Consultoria Brakke | Consultores Veterin\u00e1rios","description":"Do planejamento estrat\u00e9gico \u00e0 pesquisa de mercado, a Brakke oferece resultados mensur\u00e1veis. Solu\u00e7\u00f5es orientadas a resultados: personalizamos nossos servi\u00e7os para atender \u00e0s suas necessidades espec\u00edficas.","robots":{"index":"index","follow":"follow","max-snippet":"max-snippet:-1","max-image-preview":"max-image-preview:large","max-video-preview":"max-video-preview:-1"},"canonical":"https:\/\/brakkeconsulting.com\/pt\/about-us\/our-services\/","og_locale":"pt_PT","og_type":"article","og_title":"Brakke Consulting Services | Veterinary Consultants","og_description":"From strategic planning to market research, Brakke delivers success you can measure. Results-oriented solutions we customize our services to meet your specific needs.","og_url":"https:\/\/brakkeconsulting.com\/pt\/about-us\/our-services\/","og_site_name":"Brakke Consulting Website","article_modified_time":"2024-08-08T19:00:39+00:00","twitter_card":"summary_large_image","twitter_misc":{"Tempo estimado de leitura":"2 minutos"},"schema":{"@context":"https:\/\/schema.org","@graph":[{"@type":"WebPage","@id":"https:\/\/brakkeconsulting.com\/about-us\/our-services\/","url":"https:\/\/brakkeconsulting.com\/about-us\/our-services\/","name":"Servi\u00e7os de Consultoria Brakke | Consultores Veterin\u00e1rios","isPartOf":{"@id":"https:\/\/brakkeconsulting.com\/#website"},"datePublished":"2019-08-16T14:30:08+00:00","dateModified":"2024-08-08T19:00:39+00:00","description":"Do planejamento estrat\u00e9gico \u00e0 pesquisa de mercado, a Brakke oferece resultados mensur\u00e1veis. Solu\u00e7\u00f5es orientadas a resultados: personalizamos nossos servi\u00e7os para atender \u00e0s suas necessidades espec\u00edficas.","breadcrumb":{"@id":"https:\/\/brakkeconsulting.com\/about-us\/our-services\/#breadcrumb"},"inLanguage":"pt-PT","potentialAction":[{"@type":"ReadAction","target":["https:\/\/brakkeconsulting.com\/about-us\/our-services\/"]}]},{"@type":"BreadcrumbList","@id":"https:\/\/brakkeconsulting.com\/about-us\/our-services\/#breadcrumb","itemListElement":[{"@type":"ListItem","position":1,"name":"Home","item":"https:\/\/brakkeconsulting.com\/"},{"@type":"ListItem","position":2,"name":"Brakke Consulting","item":"https:\/\/brakkeconsulting.com\/about-us\/"},{"@type":"ListItem","position":3,"name":"Our Services"}]},{"@type":"WebSite","@id":"https:\/\/brakkeconsulting.com\/#website","url":"https:\/\/brakkeconsulting.com\/","name":"Site da Brakke Consulting","description":"","potentialAction":[{"@type":"SearchAction","target":{"@type":"EntryPoint","urlTemplate":"https:\/\/brakkeconsulting.com\/?s={search_term_string}"},"query-input":{"@type":"PropertyValueSpecification","valueRequired":true,"valueName":"search_term_string"}}],"inLanguage":"pt-PT"}]}},"_links":{"self":[{"href":"https:\/\/brakkeconsulting.com\/pt\/wp-json\/wp\/v2\/pages\/26551","targetHints":{"allow":["GET"]}}],"collection":[{"href":"https:\/\/brakkeconsulting.com\/pt\/wp-json\/wp\/v2\/pages"}],"about":[{"href":"https:\/\/brakkeconsulting.com\/pt\/wp-json\/wp\/v2\/types\/page"}],"author":[{"embeddable":true,"href":"https:\/\/brakkeconsulting.com\/pt\/wp-json\/wp\/v2\/users\/1"}],"replies":[{"embeddable":true,"href":"https:\/\/brakkeconsulting.com\/pt\/wp-json\/wp\/v2\/comments?post=26551"}],"version-history":[{"count":33,"href":"https:\/\/brakkeconsulting.com\/pt\/wp-json\/wp\/v2\/pages\/26551\/revisions"}],"predecessor-version":[{"id":32623,"href":"https:\/\/brakkeconsulting.com\/pt\/wp-json\/wp\/v2\/pages\/26551\/revisions\/32623"}],"up":[{"embeddable":true,"href":"https:\/\/brakkeconsulting.com\/pt\/wp-json\/wp\/v2\/pages\/2"}],"wp:attachment":[{"href":"https:\/\/brakkeconsulting.com\/pt\/wp-json\/wp\/v2\/media?parent=26551"}],"curies":[{"name":"wp","href":"https:\/\/api.w.org\/{rel}","templated":true}]}}