{"id":25971,"date":"2019-02-08T12:37:38","date_gmt":"2019-02-08T18:37:38","guid":{"rendered":"\/?page_id=25971"},"modified":"2019-05-09T16:31:11","modified_gmt":"2019-05-09T22:31:11","slug":"field-sales-veterinary-teams-of-leading-animal-health-companies","status":"publish","type":"page","link":"https:\/\/brakkeconsulting.com\/pt\/our-services\/information\/market-research\/multi-client-studies\/field-sales-veterinary-teams-of-leading-animal-health-companies\/","title":{"rendered":"Vendas de campo e equipes veterin\u00e1rias das principais empresas de sa\u00fade animal 2019"},"content":{"rendered":"<p>\u201cEquipes de vendas de campo e veterin\u00e1rias das principais empresas de sa\u00fade animal\u201d \u00e9 um censo de representantes de vendas de campo, representantes de vendas internas, gerenciamento de vendas, veterin\u00e1rios e gerentes de servi\u00e7os profissionais e outros especialistas de campo dos EUA para 11 empresas de diagn\u00f3stico e sa\u00fade animal.<\/p>\n<p>O relat\u00f3rio fornece informa\u00e7\u00f5es n\u00e3o apenas sobre tamanho, mas tamb\u00e9m estrutura organizacional para organiza\u00e7\u00f5es de campo, relatadas separadamente para os mercados de animais de companhia, equinos e animais para alimenta\u00e7\u00e3o. As equipes de vendas e servi\u00e7os de alimentos para animais s\u00e3o divididas por esp\u00e9cie. As equipes de vendas para empresas farmac\u00eauticas e empresas de diagn\u00f3stico s\u00e3o relatadas separadamente.<\/p>\n<p>As empresas inclu\u00eddas no relat\u00f3rio incluem:<\/p>\n<p>Sa\u00fade Animal Bayer<br \/>\nBoehringer Ingelheim Sa\u00fade Animal<br \/>\nceva<br \/>\nDechra<br \/>\nElanco Sa\u00fade Animal<br \/>\nHeska<br \/>\nIDEXX<br \/>\nMerck Sa\u00fade Animal<br \/>\nVirbac<br \/>\nVetoquinol<br \/>\nZoetis<\/p>\n<p>Para mais informa\u00e7\u00f5es, contacte-nos em <a href=\"mailto:info@brakkeconsulting.com\">info@brakkeconsulting.com<\/a>, ou 336-396-3916.<\/p>","protected":false},"excerpt":{"rendered":"<p>\u201cEquipes veterin\u00e1rias e de vendas de campo das principais empresas de sa\u00fade animal\u201d \u00e9 um censo de representantes de vendas de campo, representantes de vendas internas, gerenciamento de vendas, veterin\u00e1rios de servi\u00e7os profissionais e gerenciamento e outros especialistas de campo dos EUA para 11 empresas de sa\u00fade animal e diagn\u00f3stico. O relat\u00f3rio fornece informa\u00e7\u00f5es n\u00e3o apenas sobre o tamanho, mas tamb\u00e9m sobre a estrutura organizacional das organiza\u00e7\u00f5es de campo, relatadas separadamente para os mercados de animais de companhia, equinos e animais para alimenta\u00e7\u00e3o. As equipes de vendas e servi\u00e7os de animais para alimenta\u00e7\u00e3o s\u00e3o divididas por esp\u00e9cie. As equipes de vendas de empresas farmac\u00eauticas e de diagn\u00f3stico s\u00e3o relatadas separadamente. As empresas inclu\u00eddas no relat\u00f3rio incluem: Bayer Animal Health Boehringer Ingelheim Animal Health Ceva Dechra Elanco Animal Health Heska IDEXX Merck Animal Health Virbac Vetoquinol Zoetis Para obter mais informa\u00e7\u00f5es, entre em contato conosco pelo e-mail info@brakkeconsulting.com ou pelo telefone 336-396-3916.<\/p>","protected":false},"author":1,"featured_media":0,"parent":127,"menu_order":0,"comment_status":"closed","ping_status":"closed","template":"","meta":{"_acf_changed":false,"_et_pb_use_builder":"","_et_pb_old_content":"","_et_gb_content_width":"","footnotes":"","_links_to":"","_links_to_target":""},"class_list":["post-25971","page","type-page","status-publish","hentry"],"acf":[],"yoast_head":"<!-- This site is optimized with the Yoast SEO plugin v27.0 - https:\/\/yoast.com\/product\/yoast-seo-wordpress\/ -->\n<title>Brakke Consulting, Inc. animal health consultants<\/title>\n<meta name=\"description\" content=\"For over 30 years, Brakke Consulting has been the leading management consulting firm specializing in the animal health, veterinary and pet industries.\" \/>\n<meta name=\"robots\" content=\"index, follow, max-snippet:-1, max-image-preview:large, max-video-preview:-1\" \/>\n<link rel=\"canonical\" href=\"https:\/\/brakkeconsulting.com\/pt\/our-services\/information\/market-research\/multi-client-studies\/field-sales-veterinary-teams-of-leading-animal-health-companies\/\" \/>\n<meta property=\"og:locale\" content=\"pt_PT\" \/>\n<meta property=\"og:type\" content=\"article\" \/>\n<meta property=\"og:title\" content=\"Brakke Consulting, Inc. animal health consultants\" \/>\n<meta property=\"og:description\" content=\"For over 30 years, Brakke Consulting has been the leading management consulting firm specializing in the animal health, veterinary and pet industries.\" \/>\n<meta property=\"og:url\" content=\"https:\/\/brakkeconsulting.com\/pt\/our-services\/information\/market-research\/multi-client-studies\/field-sales-veterinary-teams-of-leading-animal-health-companies\/\" \/>\n<meta property=\"og:site_name\" content=\"Brakke Consulting Website\" \/>\n<meta property=\"article:modified_time\" content=\"2019-05-09T22:31:11+00:00\" \/>\n<meta name=\"twitter:card\" content=\"summary_large_image\" \/>\n<meta name=\"twitter:label1\" content=\"Tempo estimado de leitura\" \/>\n\t<meta name=\"twitter:data1\" content=\"1 minuto\" \/>\n<script type=\"application\/ld+json\" class=\"yoast-schema-graph\">{\"@context\":\"https:\/\/schema.org\",\"@graph\":[{\"@type\":\"WebPage\",\"@id\":\"https:\/\/brakkeconsulting.com\/our-services\/information\/market-research\/multi-client-studies\/field-sales-veterinary-teams-of-leading-animal-health-companies\/\",\"url\":\"https:\/\/brakkeconsulting.com\/our-services\/information\/market-research\/multi-client-studies\/field-sales-veterinary-teams-of-leading-animal-health-companies\/\",\"name\":\"Brakke Consulting, Inc. animal health consultants\",\"isPartOf\":{\"@id\":\"https:\/\/brakkeconsulting.com\/#website\"},\"datePublished\":\"2019-02-08T18:37:38+00:00\",\"dateModified\":\"2019-05-09T22:31:11+00:00\",\"description\":\"For over 30 years, Brakke Consulting has been the leading management consulting firm specializing in the animal health, veterinary and pet industries.\",\"breadcrumb\":{\"@id\":\"https:\/\/brakkeconsulting.com\/our-services\/information\/market-research\/multi-client-studies\/field-sales-veterinary-teams-of-leading-animal-health-companies\/#breadcrumb\"},\"inLanguage\":\"pt-PT\",\"potentialAction\":[{\"@type\":\"ReadAction\",\"target\":[\"https:\/\/brakkeconsulting.com\/our-services\/information\/market-research\/multi-client-studies\/field-sales-veterinary-teams-of-leading-animal-health-companies\/\"]}]},{\"@type\":\"BreadcrumbList\",\"@id\":\"https:\/\/brakkeconsulting.com\/our-services\/information\/market-research\/multi-client-studies\/field-sales-veterinary-teams-of-leading-animal-health-companies\/#breadcrumb\",\"itemListElement\":[{\"@type\":\"ListItem\",\"position\":1,\"name\":\"Home\",\"item\":\"https:\/\/brakkeconsulting.com\/\"},{\"@type\":\"ListItem\",\"position\":2,\"name\":\"Our Services\",\"item\":\"https:\/\/brakkeconsulting.com\/pt\/our-services\/\"},{\"@type\":\"ListItem\",\"position\":3,\"name\":\"Information\",\"item\":\"https:\/\/brakkeconsulting.com\/pt\/our-services\/information\/\"},{\"@type\":\"ListItem\",\"position\":4,\"name\":\"MARKET RESEARCH\",\"item\":\"https:\/\/brakkeconsulting.com\/pt\/our-services\/information\/market-research\/\"},{\"@type\":\"ListItem\",\"position\":5,\"name\":\"Multi-Client Studies\",\"item\":\"https:\/\/brakkeconsulting.com\/pt\/our-services\/information\/market-research\/multi-client-studies\/\"},{\"@type\":\"ListItem\",\"position\":6,\"name\":\"Field Sales &#038; Veterinary Teams of Leading Animal Health Companies 2019\"}]},{\"@type\":\"WebSite\",\"@id\":\"https:\/\/brakkeconsulting.com\/#website\",\"url\":\"https:\/\/brakkeconsulting.com\/\",\"name\":\"Brakke Consulting Website\",\"description\":\"\",\"potentialAction\":[{\"@type\":\"SearchAction\",\"target\":{\"@type\":\"EntryPoint\",\"urlTemplate\":\"https:\/\/brakkeconsulting.com\/?s={search_term_string}\"},\"query-input\":{\"@type\":\"PropertyValueSpecification\",\"valueRequired\":true,\"valueName\":\"search_term_string\"}}],\"inLanguage\":\"pt-PT\"}]}<\/script>\n<!-- \/ Yoast SEO plugin. -->","yoast_head_json":{"title":"Brakke Consulting, Inc. consultores em sa\u00fade animal","description":"H\u00e1 mais de 30 anos, a Brakke Consulting \u00e9 a principal empresa de consultoria de gest\u00e3o especializada nos setores de sa\u00fade animal, veterin\u00e1ria e animais de estima\u00e7\u00e3o.","robots":{"index":"index","follow":"follow","max-snippet":"max-snippet:-1","max-image-preview":"max-image-preview:large","max-video-preview":"max-video-preview:-1"},"canonical":"https:\/\/brakkeconsulting.com\/pt\/our-services\/information\/market-research\/multi-client-studies\/field-sales-veterinary-teams-of-leading-animal-health-companies\/","og_locale":"pt_PT","og_type":"article","og_title":"Brakke Consulting, Inc. animal health consultants","og_description":"For over 30 years, Brakke Consulting has been the leading management consulting firm specializing in the animal health, veterinary and pet industries.","og_url":"https:\/\/brakkeconsulting.com\/pt\/our-services\/information\/market-research\/multi-client-studies\/field-sales-veterinary-teams-of-leading-animal-health-companies\/","og_site_name":"Brakke Consulting Website","article_modified_time":"2019-05-09T22:31:11+00:00","twitter_card":"summary_large_image","twitter_misc":{"Tempo estimado de leitura":"1 minuto"},"schema":{"@context":"https:\/\/schema.org","@graph":[{"@type":"WebPage","@id":"https:\/\/brakkeconsulting.com\/our-services\/information\/market-research\/multi-client-studies\/field-sales-veterinary-teams-of-leading-animal-health-companies\/","url":"https:\/\/brakkeconsulting.com\/our-services\/information\/market-research\/multi-client-studies\/field-sales-veterinary-teams-of-leading-animal-health-companies\/","name":"Brakke Consulting, Inc. consultores em sa\u00fade animal","isPartOf":{"@id":"https:\/\/brakkeconsulting.com\/#website"},"datePublished":"2019-02-08T18:37:38+00:00","dateModified":"2019-05-09T22:31:11+00:00","description":"H\u00e1 mais de 30 anos, a Brakke Consulting \u00e9 a principal empresa de consultoria de gest\u00e3o especializada nos setores de sa\u00fade animal, veterin\u00e1ria e animais de estima\u00e7\u00e3o.","breadcrumb":{"@id":"https:\/\/brakkeconsulting.com\/our-services\/information\/market-research\/multi-client-studies\/field-sales-veterinary-teams-of-leading-animal-health-companies\/#breadcrumb"},"inLanguage":"pt-PT","potentialAction":[{"@type":"ReadAction","target":["https:\/\/brakkeconsulting.com\/our-services\/information\/market-research\/multi-client-studies\/field-sales-veterinary-teams-of-leading-animal-health-companies\/"]}]},{"@type":"BreadcrumbList","@id":"https:\/\/brakkeconsulting.com\/our-services\/information\/market-research\/multi-client-studies\/field-sales-veterinary-teams-of-leading-animal-health-companies\/#breadcrumb","itemListElement":[{"@type":"ListItem","position":1,"name":"Home","item":"https:\/\/brakkeconsulting.com\/"},{"@type":"ListItem","position":2,"name":"Our Services","item":"https:\/\/brakkeconsulting.com\/pt\/our-services\/"},{"@type":"ListItem","position":3,"name":"Information","item":"https:\/\/brakkeconsulting.com\/pt\/our-services\/information\/"},{"@type":"ListItem","position":4,"name":"MARKET RESEARCH","item":"https:\/\/brakkeconsulting.com\/pt\/our-services\/information\/market-research\/"},{"@type":"ListItem","position":5,"name":"Multi-Client Studies","item":"https:\/\/brakkeconsulting.com\/pt\/our-services\/information\/market-research\/multi-client-studies\/"},{"@type":"ListItem","position":6,"name":"Field Sales &#038; Veterinary Teams of Leading Animal Health Companies 2019"}]},{"@type":"WebSite","@id":"https:\/\/brakkeconsulting.com\/#website","url":"https:\/\/brakkeconsulting.com\/","name":"Site da Brakke Consulting","description":"","potentialAction":[{"@type":"SearchAction","target":{"@type":"EntryPoint","urlTemplate":"https:\/\/brakkeconsulting.com\/?s={search_term_string}"},"query-input":{"@type":"PropertyValueSpecification","valueRequired":true,"valueName":"search_term_string"}}],"inLanguage":"pt-PT"}]}},"_links":{"self":[{"href":"https:\/\/brakkeconsulting.com\/pt\/wp-json\/wp\/v2\/pages\/25971","targetHints":{"allow":["GET"]}}],"collection":[{"href":"https:\/\/brakkeconsulting.com\/pt\/wp-json\/wp\/v2\/pages"}],"about":[{"href":"https:\/\/brakkeconsulting.com\/pt\/wp-json\/wp\/v2\/types\/page"}],"author":[{"embeddable":true,"href":"https:\/\/brakkeconsulting.com\/pt\/wp-json\/wp\/v2\/users\/1"}],"replies":[{"embeddable":true,"href":"https:\/\/brakkeconsulting.com\/pt\/wp-json\/wp\/v2\/comments?post=25971"}],"version-history":[{"count":3,"href":"https:\/\/brakkeconsulting.com\/pt\/wp-json\/wp\/v2\/pages\/25971\/revisions"}],"predecessor-version":[{"id":26057,"href":"https:\/\/brakkeconsulting.com\/pt\/wp-json\/wp\/v2\/pages\/25971\/revisions\/26057"}],"up":[{"embeddable":true,"href":"https:\/\/brakkeconsulting.com\/pt\/wp-json\/wp\/v2\/pages\/127"}],"wp:attachment":[{"href":"https:\/\/brakkeconsulting.com\/pt\/wp-json\/wp\/v2\/media?parent=25971"}],"curies":[{"name":"wp","href":"https:\/\/api.w.org\/{rel}","templated":true}]}}