{"id":25818,"date":"2018-08-16T11:10:53","date_gmt":"2018-08-16T17:10:53","guid":{"rendered":"\/?page_id=25818"},"modified":"2019-05-09T16:33:50","modified_gmt":"2019-05-09T22:33:50","slug":"the-companion-animal-veterinary-telehealth-landscape","status":"publish","type":"page","link":"https:\/\/brakkeconsulting.com\/pt\/our-services\/information\/market-research\/multi-client-studies\/the-companion-animal-veterinary-telehealth-landscape\/","title":{"rendered":"O cen\u00e1rio de telessa\u00fade veterin\u00e1ria de animais de companhia, outubro de 2018"},"content":{"rendered":"<p>A telessa\u00fade e a telemedicina s\u00e3o um dos t\u00f3picos mais quentes da medicina humana. Mais da metade de todos os hospitais humanos usam alguma forma de telessa\u00fade, e o principal provedor de telessa\u00fade possui mais de 20 milh\u00f5es de assinantes. Nos \u00faltimos anos, a medicina veterin\u00e1ria tamb\u00e9m viu o lan\u00e7amento de provedores de telessa\u00fade destinados a conectar donos de animais e veterin\u00e1rios usando novas tecnologias.<\/p>\n<p>O que exatamente \u00e9 a telessa\u00fade veterin\u00e1ria? \u00c9 legal? Quem s\u00e3o as empresas que oferecem servi\u00e7os de telessa\u00fade? Quantos veterin\u00e1rios j\u00e1 est\u00e3o integrando a telessa\u00fade em suas pr\u00e1ticas e quantos est\u00e3o pensando nisso? Que tipo de servi\u00e7os de telessa\u00fade os veterin\u00e1rios desejam? Quantos donos de animais est\u00e3o cientes dessas op\u00e7\u00f5es de sa\u00fade e as est\u00e3o usando?<\/p>\n<p>O novo relat\u00f3rio da Brakke Consulting, <strong>O cen\u00e1rio de telessa\u00fade veterin\u00e1ria de animais de companhia<\/strong>, responde a essas perguntas e muito mais. O relat\u00f3rio inclui:<br \/>\n\u2022 A evolu\u00e7\u00e3o da telessa\u00fade veterin\u00e1ria<br \/>\n\u2022 Uma revis\u00e3o dos regulamentos que regem a telessa\u00fade veterin\u00e1ria<br \/>\n\u2022 Uma vis\u00e3o geral dos participantes no espa\u00e7o de telessa\u00fade veterin\u00e1ria<br \/>\n\u2022 Uma pesquisa com cerca de 450 veterin\u00e1rios de animais de companhia investigando sua conscientiza\u00e7\u00e3o e uso da telessa\u00fade veterin\u00e1ria, interesse em usar a telessa\u00fade no futuro e os servi\u00e7os que eles desejariam em uma plataforma de telessa\u00fade.<br \/>\n\u2022 Uma pesquisa com 500 donos de animais investigando sua conscientiza\u00e7\u00e3o e uso de telessa\u00fade para animais de estima\u00e7\u00e3o, interesse em telessa\u00fade e as maneiras pelas quais eles usariam a telessa\u00fade para seus animais de estima\u00e7\u00e3o<br \/>\n\u2022 Reflex\u00f5es sobre o futuro da telessa\u00fade veterin\u00e1ria<\/p>\n<p>Para obter mais informa\u00e7\u00f5es, entre em contato com Lynn Fondon DVM MBA em <a href=\"mailto:info@brakkeconsulting.com\">info@brakkeconsulting.com<\/a>.<\/p>","protected":false},"excerpt":{"rendered":"<p>A telessa\u00fade e a telemedicina s\u00e3o um dos t\u00f3picos mais quentes da medicina humana. Mais da metade de todos os hospitais humanos usam alguma forma de telessa\u00fade, e o provedor l\u00edder de telessa\u00fade possui mais de 20 milh\u00f5es de assinantes. Nos \u00faltimos anos, a medicina veterin\u00e1ria tamb\u00e9m assistiu ao lan\u00e7amento de prestadores de telessa\u00fade destinados a conectar propriet\u00e1rios de animais de estima\u00e7\u00e3o e veterin\u00e1rios atrav\u00e9s de novas tecnologias. O que exatamente \u00e9 telessa\u00fade veterin\u00e1ria? \u00c9 legal? Quem s\u00e3o as empresas que oferecem servi\u00e7os de telessa\u00fade? Quantos veterin\u00e1rios j\u00e1 est\u00e3o integrando a telessa\u00fade em suas pr\u00e1ticas e quantos est\u00e3o pensando nisso? Que tipo de servi\u00e7os de telessa\u00fade os veterin\u00e1rios desejam? Quantos donos de animais de estima\u00e7\u00e3o est\u00e3o cientes dessas op\u00e7\u00f5es de sa\u00fade e as utilizam? O novo relat\u00f3rio da Brakke Consulting, The Companion Animal Veterinary Telehealth Landscape, responde a essas perguntas e muito mais. O relat\u00f3rio inclui: \u2022 A evolu\u00e7\u00e3o da telessa\u00fade veterin\u00e1ria \u2022 Uma revis\u00e3o dos regulamentos que regem a telessa\u00fade veterin\u00e1ria \u2022 Uma vis\u00e3o geral dos intervenientes no espa\u00e7o da telessa\u00fade veterin\u00e1ria \u2022 Um inqu\u00e9rito a cerca de 450 veterin\u00e1rios de animais de companhia que sondam o seu conhecimento e utiliza\u00e7\u00e3o da telessa\u00fade veterin\u00e1ria, interesse em utilizar a telessa\u00fade no futuro e os servi\u00e7os que desejariam numa plataforma de telessa\u00fade. \u2022 Uma pesquisa com 500 propriet\u00e1rios de animais de estima\u00e7\u00e3o que investigou sua conscientiza\u00e7\u00e3o e uso da telessa\u00fade para animais de estima\u00e7\u00e3o, interesse em telessa\u00fade e as maneiras pelas quais eles usariam a telessa\u00fade para seus<\/p>\n<div class=\"view-full-post\"><a href=\"https:\/\/brakkeconsulting.com\/pt\/our-services\/information\/market-research\/multi-client-studies\/the-companion-animal-veterinary-telehealth-landscape\/\" class=\"view-full-post-btn\">Ver postagem completa<\/a><\/div>\n<p>;<\/p>","protected":false},"author":1,"featured_media":0,"parent":127,"menu_order":0,"comment_status":"closed","ping_status":"closed","template":"","meta":{"_acf_changed":false,"_et_pb_use_builder":"","_et_pb_old_content":"","_et_gb_content_width":"","footnotes":"","_links_to":"","_links_to_target":""},"class_list":["post-25818","page","type-page","status-publish","hentry"],"acf":[],"yoast_head":"<!-- This site is optimized with the Yoast SEO plugin v27.0 - https:\/\/yoast.com\/product\/yoast-seo-wordpress\/ -->\n<title>Veterinary Telehealth Landscape report | veterinary telemedicine<\/title>\n<meta name=\"description\" content=\"The Companion Animal Veterinary Telehealth Landscape report provides an overview of telehealth services for pets.\" \/>\n<meta name=\"robots\" content=\"index, follow, max-snippet:-1, max-image-preview:large, max-video-preview:-1\" \/>\n<link rel=\"canonical\" href=\"https:\/\/brakkeconsulting.com\/pt\/our-services\/information\/market-research\/multi-client-studies\/the-companion-animal-veterinary-telehealth-landscape\/\" \/>\n<meta property=\"og:locale\" content=\"pt_PT\" \/>\n<meta property=\"og:type\" content=\"article\" \/>\n<meta property=\"og:title\" content=\"Veterinary Telehealth Landscape report | veterinary telemedicine\" \/>\n<meta property=\"og:description\" content=\"The Companion Animal Veterinary Telehealth Landscape report provides an overview of telehealth services for pets.\" \/>\n<meta property=\"og:url\" content=\"https:\/\/brakkeconsulting.com\/pt\/our-services\/information\/market-research\/multi-client-studies\/the-companion-animal-veterinary-telehealth-landscape\/\" \/>\n<meta property=\"og:site_name\" content=\"Brakke Consulting Website\" \/>\n<meta property=\"article:modified_time\" content=\"2019-05-09T22:33:50+00:00\" \/>\n<meta name=\"twitter:card\" content=\"summary_large_image\" \/>\n<meta name=\"twitter:label1\" content=\"Tempo estimado de leitura\" \/>\n\t<meta name=\"twitter:data1\" content=\"1 minuto\" \/>\n<script type=\"application\/ld+json\" class=\"yoast-schema-graph\">{\"@context\":\"https:\/\/schema.org\",\"@graph\":[{\"@type\":\"WebPage\",\"@id\":\"https:\/\/brakkeconsulting.com\/zh\/our-services\/information\/market-research\/multi-client-studies\/the-companion-animal-veterinary-telehealth-landscape\/\",\"url\":\"https:\/\/brakkeconsulting.com\/zh\/our-services\/information\/market-research\/multi-client-studies\/the-companion-animal-veterinary-telehealth-landscape\/\",\"name\":\"Veterinary Telehealth Landscape report | veterinary telemedicine\",\"isPartOf\":{\"@id\":\"https:\/\/brakkeconsulting.com\/pt\/#website\"},\"datePublished\":\"2018-08-16T17:10:53+00:00\",\"dateModified\":\"2019-05-09T22:33:50+00:00\",\"description\":\"The Companion Animal Veterinary Telehealth Landscape report provides an overview of telehealth services for pets.\",\"breadcrumb\":{\"@id\":\"https:\/\/brakkeconsulting.com\/zh\/our-services\/information\/market-research\/multi-client-studies\/the-companion-animal-veterinary-telehealth-landscape\/#breadcrumb\"},\"inLanguage\":\"pt-PT\",\"potentialAction\":[{\"@type\":\"ReadAction\",\"target\":[\"https:\/\/brakkeconsulting.com\/zh\/our-services\/information\/market-research\/multi-client-studies\/the-companion-animal-veterinary-telehealth-landscape\/\"]}]},{\"@type\":\"BreadcrumbList\",\"@id\":\"https:\/\/brakkeconsulting.com\/zh\/our-services\/information\/market-research\/multi-client-studies\/the-companion-animal-veterinary-telehealth-landscape\/#breadcrumb\",\"itemListElement\":[{\"@type\":\"ListItem\",\"position\":1,\"name\":\"Home\",\"item\":\"https:\/\/brakkeconsulting.com\/pt\/\"},{\"@type\":\"ListItem\",\"position\":2,\"name\":\"Our Services\",\"item\":\"https:\/\/brakkeconsulting.com\/our-services\/\"},{\"@type\":\"ListItem\",\"position\":3,\"name\":\"Information\",\"item\":\"https:\/\/brakkeconsulting.com\/our-services\/information\/\"},{\"@type\":\"ListItem\",\"position\":4,\"name\":\"MARKET RESEARCH\",\"item\":\"https:\/\/brakkeconsulting.com\/our-services\/information\/market-research\/\"},{\"@type\":\"ListItem\",\"position\":5,\"name\":\"Multi-Client Studies\",\"item\":\"https:\/\/brakkeconsulting.com\/our-services\/information\/market-research\/multi-client-studies\/\"},{\"@type\":\"ListItem\",\"position\":6,\"name\":\"The Companion Animal Veterinary Telehealth Landscape, October 2018\"}]},{\"@type\":\"WebSite\",\"@id\":\"https:\/\/brakkeconsulting.com\/pt\/#website\",\"url\":\"https:\/\/brakkeconsulting.com\/pt\/\",\"name\":\"Brakke Consulting Website\",\"description\":\"\",\"potentialAction\":[{\"@type\":\"SearchAction\",\"target\":{\"@type\":\"EntryPoint\",\"urlTemplate\":\"https:\/\/brakkeconsulting.com\/pt\/?s={search_term_string}\"},\"query-input\":{\"@type\":\"PropertyValueSpecification\",\"valueRequired\":true,\"valueName\":\"search_term_string\"}}],\"inLanguage\":\"pt-PT\"}]}<\/script>\n<!-- \/ Yoast SEO plugin. -->","yoast_head_json":{"title":"Veterinary Telehealth Landscape report | veterinary telemedicine","description":"The Companion Animal Veterinary Telehealth Landscape report provides an overview of telehealth services for pets.","robots":{"index":"index","follow":"follow","max-snippet":"max-snippet:-1","max-image-preview":"max-image-preview:large","max-video-preview":"max-video-preview:-1"},"canonical":"https:\/\/brakkeconsulting.com\/pt\/our-services\/information\/market-research\/multi-client-studies\/the-companion-animal-veterinary-telehealth-landscape\/","og_locale":"pt_PT","og_type":"article","og_title":"Veterinary Telehealth Landscape report | veterinary telemedicine","og_description":"The Companion Animal Veterinary Telehealth Landscape report provides an overview of telehealth services for pets.","og_url":"https:\/\/brakkeconsulting.com\/pt\/our-services\/information\/market-research\/multi-client-studies\/the-companion-animal-veterinary-telehealth-landscape\/","og_site_name":"Brakke Consulting Website","article_modified_time":"2019-05-09T22:33:50+00:00","twitter_card":"summary_large_image","twitter_misc":{"Tempo estimado de leitura":"1 minuto"},"schema":{"@context":"https:\/\/schema.org","@graph":[{"@type":"WebPage","@id":"https:\/\/brakkeconsulting.com\/zh\/our-services\/information\/market-research\/multi-client-studies\/the-companion-animal-veterinary-telehealth-landscape\/","url":"https:\/\/brakkeconsulting.com\/zh\/our-services\/information\/market-research\/multi-client-studies\/the-companion-animal-veterinary-telehealth-landscape\/","name":"Veterinary Telehealth Landscape report | veterinary telemedicine","isPartOf":{"@id":"https:\/\/brakkeconsulting.com\/pt\/#website"},"datePublished":"2018-08-16T17:10:53+00:00","dateModified":"2019-05-09T22:33:50+00:00","description":"The Companion Animal Veterinary Telehealth Landscape report provides an overview of telehealth services for pets.","breadcrumb":{"@id":"https:\/\/brakkeconsulting.com\/zh\/our-services\/information\/market-research\/multi-client-studies\/the-companion-animal-veterinary-telehealth-landscape\/#breadcrumb"},"inLanguage":"pt-PT","potentialAction":[{"@type":"ReadAction","target":["https:\/\/brakkeconsulting.com\/zh\/our-services\/information\/market-research\/multi-client-studies\/the-companion-animal-veterinary-telehealth-landscape\/"]}]},{"@type":"BreadcrumbList","@id":"https:\/\/brakkeconsulting.com\/zh\/our-services\/information\/market-research\/multi-client-studies\/the-companion-animal-veterinary-telehealth-landscape\/#breadcrumb","itemListElement":[{"@type":"ListItem","position":1,"name":"Home","item":"https:\/\/brakkeconsulting.com\/pt\/"},{"@type":"ListItem","position":2,"name":"Our Services","item":"https:\/\/brakkeconsulting.com\/our-services\/"},{"@type":"ListItem","position":3,"name":"Information","item":"https:\/\/brakkeconsulting.com\/our-services\/information\/"},{"@type":"ListItem","position":4,"name":"MARKET RESEARCH","item":"https:\/\/brakkeconsulting.com\/our-services\/information\/market-research\/"},{"@type":"ListItem","position":5,"name":"Multi-Client Studies","item":"https:\/\/brakkeconsulting.com\/our-services\/information\/market-research\/multi-client-studies\/"},{"@type":"ListItem","position":6,"name":"The Companion Animal Veterinary Telehealth Landscape, October 2018"}]},{"@type":"WebSite","@id":"https:\/\/brakkeconsulting.com\/pt\/#website","url":"https:\/\/brakkeconsulting.com\/pt\/","name":"Site da Brakke Consulting","description":"","potentialAction":[{"@type":"SearchAction","target":{"@type":"EntryPoint","urlTemplate":"https:\/\/brakkeconsulting.com\/pt\/?s={search_term_string}"},"query-input":{"@type":"PropertyValueSpecification","valueRequired":true,"valueName":"search_term_string"}}],"inLanguage":"pt-PT"}]}},"_links":{"self":[{"href":"https:\/\/brakkeconsulting.com\/pt\/wp-json\/wp\/v2\/pages\/25818","targetHints":{"allow":["GET"]}}],"collection":[{"href":"https:\/\/brakkeconsulting.com\/pt\/wp-json\/wp\/v2\/pages"}],"about":[{"href":"https:\/\/brakkeconsulting.com\/pt\/wp-json\/wp\/v2\/types\/page"}],"author":[{"embeddable":true,"href":"https:\/\/brakkeconsulting.com\/pt\/wp-json\/wp\/v2\/users\/1"}],"replies":[{"embeddable":true,"href":"https:\/\/brakkeconsulting.com\/pt\/wp-json\/wp\/v2\/comments?post=25818"}],"version-history":[{"count":3,"href":"https:\/\/brakkeconsulting.com\/pt\/wp-json\/wp\/v2\/pages\/25818\/revisions"}],"predecessor-version":[{"id":25837,"href":"https:\/\/brakkeconsulting.com\/pt\/wp-json\/wp\/v2\/pages\/25818\/revisions\/25837"}],"up":[{"embeddable":true,"href":"https:\/\/brakkeconsulting.com\/pt\/wp-json\/wp\/v2\/pages\/127"}],"wp:attachment":[{"href":"https:\/\/brakkeconsulting.com\/pt\/wp-json\/wp\/v2\/media?parent=25818"}],"curies":[{"name":"wp","href":"https:\/\/api.w.org\/{rel}","templated":true}]}}