{"id":25772,"date":"2018-06-27T11:43:48","date_gmt":"2018-06-27T17:43:48","guid":{"rendered":"\/?page_id=25772"},"modified":"2021-01-21T18:42:38","modified_gmt":"2021-01-22T00:42:38","slug":"us-flea-control-and-heartworm-markets","status":"publish","type":"page","link":"https:\/\/brakkeconsulting.com\/pt\/our-services\/information\/market-research\/multi-client-studies\/us-flea-control-and-heartworm-markets\/","title":{"rendered":"Mercados de controle de pulgas e dirofilariose dos EUA, dezembro de 2020"},"content":{"rendered":"<p>[et_pb_section fb_built=&#8221;1&#8243; specialty=&#8221;on&#8221; padding_right_1=&#8221;0px&#8221; _builder_version=&#8221;3.25.2&#8243; inner_width_tablet=&#8221;50px&#8221; inner_max_width_tablet=&#8221;100px&#8221; inner_max_width_phone=&#8221;50px&#8221; custom_margin=&#8221;0px|||&#8221; custom_padding=&#8221;0px|||&#8221; z_index_tablet=&#8221;500&#8243; box_shadow_horizontal_tablet=&#8221;0px&#8221; box_shadow_vertical_tablet=&#8221;0px&#8221; box_shadow_blur_tablet=&#8221;40px&#8221; box_shadow_spread_tablet=&#8221;0px&#8221;][et_pb_column type=&#8221;3_4&#8243; specialty_columns=&#8221;3&#8243; _builder_version=&#8221;3.25&#8243; custom_padding=&#8221;|||&#8221; custom_padding__hover=&#8221;|||&#8221;][et_pb_row_inner use_custom_gutter=&#8221;on&#8221; gutter_width=&#8221;1&#8243; module_class=&#8221;left-inner-page&#8221; _builder_version=&#8221;3.25.2&#8243; custom_margin=&#8221;0px|0px||&#8221; custom_padding=&#8221;60px|40px||&#8221; z_index_tablet=&#8221;500&#8243; box_shadow_horizontal_tablet=&#8221;0px&#8221; box_shadow_vertical_tablet=&#8221;0px&#8221; box_shadow_blur_tablet=&#8221;40px&#8221; box_shadow_spread_tablet=&#8221;0px&#8221;][et_pb_column_inner saved_specialty_column_type=&#8221;3_4&#8243; _builder_version=&#8221;3.0.47&#8243; custom_padding=&#8221;|||&#8221; custom_padding__hover=&#8221;|||&#8221;][et_pb_text _builder_version=&#8221;4.7.4&#8243; z_index_tablet=&#8221;500&#8243; text_text_shadow_horizontal_length_tablet=&#8221;0px&#8221; text_text_shadow_vertical_length_tablet=&#8221;0px&#8221; text_text_shadow_blur_strength_tablet=&#8221;1px&#8221; link_text_shadow_horizontal_length_tablet=&#8221;0px&#8221; link_text_shadow_vertical_length_tablet=&#8221;0px&#8221; link_text_shadow_blur_strength_tablet=&#8221;1px&#8221; ul_text_shadow_horizontal_length_tablet=&#8221;0px&#8221; ul_text_shadow_vertical_length_tablet=&#8221;0px&#8221; ul_text_shadow_blur_strength_tablet=&#8221;1px&#8221; ol_text_shadow_horizontal_length_tablet=&#8221;0px&#8221; ol_text_shadow_vertical_length_tablet=&#8221;0px&#8221; ol_text_shadow_blur_strength_tablet=&#8221;1px&#8221; quote_text_shadow_horizontal_length_tablet=&#8221;0px&#8221; quote_text_shadow_vertical_length_tablet=&#8221;0px&#8221; quote_text_shadow_blur_strength_tablet=&#8221;1px&#8221; header_text_shadow_horizontal_length_tablet=&#8221;0px&#8221; header_text_shadow_vertical_length_tablet=&#8221;0px&#8221; header_text_shadow_blur_strength_tablet=&#8221;1px&#8221; header_2_text_shadow_horizontal_length_tablet=&#8221;0px&#8221; header_2_text_shadow_vertical_length_tablet=&#8221;0px&#8221; header_2_text_shadow_blur_strength_tablet=&#8221;1px&#8221; header_3_text_shadow_horizontal_length_tablet=&#8221;0px&#8221; header_3_text_shadow_vertical_length_tablet=&#8221;0px&#8221; header_3_text_shadow_blur_strength_tablet=&#8221;1px&#8221; header_4_text_shadow_horizontal_length_tablet=&#8221;0px&#8221; header_4_text_shadow_vertical_length_tablet=&#8221;0px&#8221; header_4_text_shadow_blur_strength_tablet=&#8221;1px&#8221; header_5_text_shadow_horizontal_length_tablet=&#8221;0px&#8221; header_5_text_shadow_vertical_length_tablet=&#8221;0px&#8221; header_5_text_shadow_blur_strength_tablet=&#8221;1px&#8221; header_6_text_shadow_horizontal_length_tablet=&#8221;0px&#8221; header_6_text_shadow_vertical_length_tablet=&#8221;0px&#8221; header_6_text_shadow_blur_strength_tablet=&#8221;1px&#8221; box_shadow_horizontal_tablet=&#8221;0px&#8221; box_shadow_vertical_tablet=&#8221;0px&#8221; box_shadow_blur_tablet=&#8221;40px&#8221; box_shadow_spread_tablet=&#8221;0px&#8221;]<\/p>\n<h2>US Flea Control and Heartworm Markets, December 2020<\/p>\n<\/h2>\n<p>A new study from Brakke Consulting takes an in-depth look at flea, tick and heartworm products, the largest segment of the companion animal market.<\/p>\n<p>\u201dThe flea control and heartworm preventatives market has been one of the most innovative areas in animal health, with a variety of new active ingredients and novel formulations,\u201d said Lynn Fondon DVM MBA, Brakke Consulting Senior Consultant.\u00a0 \u201cSales of flea control products continue to grow, and the newest generation of oral flea and tick products are transforming the landscape once again.\u201d<\/p>\n<p>The study, <strong>The US Flea Control and Heartworm Markets<\/strong>, profiles the veterinary and OTC markets for flea and tick products and heartworm preventatives, including veterinary product sales and pricing. The report includes detailed information on the introduction and subsequent performance of generic versions of the Frontline\u00ae and Advantage\u00ae flea and tick products.\u00a0 It also provides a look at products launched this year, including Simparica Trio\u00ae and Bravecto Plus\u00ae; the launch of generic competitors to Revolution\u00ae; and the launch of Amazon\u2019s house brand of fipronil spot-on. Additionally, parasiticides that are in the pipeline and expected to reach the US market in the next 2-3 years are discussed in the report.<\/p>\n<p>The report \u2013 published annually by Brakke for over two decades \u2013 gathered information from a variety of sources, including published information, industry interviews and a survey of 335 small animal veterinarians and 500 pet owners.<\/p>\n<p>The<strong> US Flea Control and Heartworm Markets<\/strong> report is available from Brakke Consulting for $7,995. For more information, interested companies should contact <a href=\"mailto:lfondon@brakkeconsulting.com\">lfondon@brakkeconsulting.com<\/a>.<\/p>\n<p>&nbsp;<\/p>\n<p>[\/et_pb_text][\/et_pb_column_inner][\/et_pb_row_inner][\/et_pb_column][et_pb_column type=&#8221;1_4&#8243; _builder_version=&#8221;3.25&#8243; custom_padding=&#8221;|||&#8221; custom_padding__hover=&#8221;|||&#8221;][et_pb_sidebar area=&#8221;sidebar-1&#8243; module_class=&#8221;divi_sidebar&#8221; _builder_version=&#8221;3.25.2&#8243; custom_padding=&#8221;|0px||&#8221; z_index_tablet=&#8221;500&#8243; header_text_shadow_horizontal_length_tablet=&#8221;0px&#8221; header_text_shadow_vertical_length_tablet=&#8221;0px&#8221; header_text_shadow_blur_strength_tablet=&#8221;1px&#8221; body_text_shadow_horizontal_length_tablet=&#8221;0px&#8221; body_text_shadow_vertical_length_tablet=&#8221;0px&#8221; body_text_shadow_blur_strength_tablet=&#8221;1px&#8221; box_shadow_horizontal_tablet=&#8221;0px&#8221; box_shadow_vertical_tablet=&#8221;0px&#8221; box_shadow_blur_tablet=&#8221;40px&#8221; box_shadow_spread_tablet=&#8221;0px&#8221; text_shadow_horizontal_length_tablet=&#8221;0px&#8221; text_shadow_vertical_length_tablet=&#8221;0px&#8221; text_shadow_blur_strength_tablet=&#8221;1px&#8221;][\/et_pb_sidebar][\/et_pb_column][\/et_pb_section]<\/p>\n","protected":false},"excerpt":{"rendered":"<p>Mercados de controle de pulgas e dirofilariose dos EUA, dezembro de 2020 Um novo estudo da Brakke Consulting analisa em profundidade os produtos contra pulgas, carrapatos e dirofilariose, o maior segmento do mercado de animais de companhia. \u201cO mercado de controle de pulgas e preventivos contra dirofilariose tem sido uma das \u00e1reas mais inovadoras em sa\u00fade animal, com uma variedade de novos ingredientes ativos e novas formula\u00e7\u00f5es\u201d, disse Lynn Fondon DVM MBA, Consultora S\u00eanior da Brakke Consulting. \u201cAs vendas de produtos para controle de pulgas continuam a crescer, e a mais nova gera\u00e7\u00e3o de produtos orais contra pulgas e carrapatos est\u00e1 transformando o cen\u00e1rio mais uma vez.\u201d O estudo, The US Flea Control and Heartworm Markets, tra\u00e7a o perfil dos mercados veterin\u00e1rios e de venda livre para produtos contra pulgas e carrapatos e preventivos contra dirofilariose, incluindo vendas e pre\u00e7os de produtos veterin\u00e1rios. O relat\u00f3rio inclui informa\u00e7\u00f5es detalhadas sobre a introdu\u00e7\u00e3o e o desempenho subsequente de vers\u00f5es gen\u00e9ricas dos produtos contra pulgas e carrapatos Frontline\u00ae e Advantage\u00ae. Tamb\u00e9m d\u00e1 uma olhada nos produtos lan\u00e7ados este ano, incluindo Simparica Trio\u00ae e Bravecto Plus\u00ae; o lan\u00e7amento de concorrentes gen\u00e9ricos ao Revolution\u00ae; e o lan\u00e7amento da marca pr\u00f3pria de fipronil spot-on da Amazon. Al\u00e9m disso, os parasiticidas que est\u00e3o em prepara\u00e7\u00e3o e que dever\u00e3o chegar ao mercado dos EUA nos pr\u00f3ximos 2 a 3 anos s\u00e3o discutidos no relat\u00f3rio. O relat\u00f3rio \u2013 publicado anualmente pela Brakke h\u00e1 mais de duas d\u00e9cadas \u2013 reuniu informa\u00e7\u00f5es de uma variedade de<\/p>\n<div class=\"view-full-post\"><a href=\"https:\/\/brakkeconsulting.com\/pt\/our-services\/information\/market-research\/multi-client-studies\/us-flea-control-and-heartworm-markets\/\" class=\"view-full-post-btn\">Ver postagem completa<\/a><\/div>\n<p>;<\/p>","protected":false},"author":1,"featured_media":0,"parent":127,"menu_order":0,"comment_status":"closed","ping_status":"closed","template":"","meta":{"_acf_changed":false,"_et_pb_use_builder":"on","_et_pb_old_content":"","_et_gb_content_width":"","footnotes":"","_links_to":"","_links_to_target":""},"class_list":["post-25772","page","type-page","status-publish","hentry"],"acf":[],"yoast_head":"<!-- This site is optimized with the Yoast SEO plugin v27.0 - https:\/\/yoast.com\/product\/yoast-seo-wordpress\/ -->\n<title>Brakke Consulting | animal health | veterinary | inormation | flea tick heartworm report | studies<\/title>\n<meta name=\"description\" content=\"Brakke Consulting\u2019s 2017 update of our annual study addresses the fascinating dynamics of the flea and heartworm preventatives markets.\u00a0\" \/>\n<meta name=\"robots\" content=\"index, follow, max-snippet:-1, max-image-preview:large, max-video-preview:-1\" \/>\n<link rel=\"canonical\" href=\"https:\/\/brakkeconsulting.com\/pt\/our-services\/information\/market-research\/multi-client-studies\/us-flea-control-and-heartworm-markets\/\" \/>\n<meta property=\"og:locale\" content=\"pt_PT\" \/>\n<meta property=\"og:type\" content=\"article\" \/>\n<meta property=\"og:title\" content=\"Brakke Consulting | animal health | veterinary | inormation | flea tick heartworm report | studies\" \/>\n<meta property=\"og:description\" content=\"Brakke Consulting\u2019s 2017 update of our annual study addresses the fascinating dynamics of the flea and heartworm preventatives markets.\u00a0\" \/>\n<meta property=\"og:url\" content=\"https:\/\/brakkeconsulting.com\/pt\/our-services\/information\/market-research\/multi-client-studies\/us-flea-control-and-heartworm-markets\/\" \/>\n<meta property=\"og:site_name\" content=\"Brakke Consulting Website\" \/>\n<meta property=\"article:modified_time\" content=\"2021-01-22T00:42:38+00:00\" \/>\n<meta name=\"twitter:card\" content=\"summary_large_image\" \/>\n<meta name=\"twitter:label1\" content=\"Tempo estimado de leitura\" \/>\n\t<meta name=\"twitter:data1\" content=\"4 minutos\" \/>\n<script type=\"application\/ld+json\" class=\"yoast-schema-graph\">{\"@context\":\"https:\/\/schema.org\",\"@graph\":[{\"@type\":\"WebPage\",\"@id\":\"https:\/\/brakkeconsulting.com\/ja\/our-services\/information\/market-research\/multi-client-studies\/us-flea-control-and-heartworm-markets\/\",\"url\":\"https:\/\/brakkeconsulting.com\/ja\/our-services\/information\/market-research\/multi-client-studies\/us-flea-control-and-heartworm-markets\/\",\"name\":\"Brakke Consulting | animal health | veterinary | inormation | flea tick heartworm report | studies\",\"isPartOf\":{\"@id\":\"https:\/\/brakkeconsulting.com\/pt\/#website\"},\"datePublished\":\"2018-06-27T17:43:48+00:00\",\"dateModified\":\"2021-01-22T00:42:38+00:00\",\"description\":\"Brakke Consulting\u2019s 2017 update of our annual study addresses the fascinating dynamics of the flea and heartworm preventatives markets.\u00a0\",\"breadcrumb\":{\"@id\":\"https:\/\/brakkeconsulting.com\/ja\/our-services\/information\/market-research\/multi-client-studies\/us-flea-control-and-heartworm-markets\/#breadcrumb\"},\"inLanguage\":\"pt-PT\",\"potentialAction\":[{\"@type\":\"ReadAction\",\"target\":[\"https:\/\/brakkeconsulting.com\/ja\/our-services\/information\/market-research\/multi-client-studies\/us-flea-control-and-heartworm-markets\/\"]}]},{\"@type\":\"BreadcrumbList\",\"@id\":\"https:\/\/brakkeconsulting.com\/ja\/our-services\/information\/market-research\/multi-client-studies\/us-flea-control-and-heartworm-markets\/#breadcrumb\",\"itemListElement\":[{\"@type\":\"ListItem\",\"position\":1,\"name\":\"Home\",\"item\":\"https:\/\/brakkeconsulting.com\/pt\/\"},{\"@type\":\"ListItem\",\"position\":2,\"name\":\"Our Services\",\"item\":\"https:\/\/brakkeconsulting.com\/our-services\/\"},{\"@type\":\"ListItem\",\"position\":3,\"name\":\"Information\",\"item\":\"https:\/\/brakkeconsulting.com\/our-services\/information\/\"},{\"@type\":\"ListItem\",\"position\":4,\"name\":\"MARKET RESEARCH\",\"item\":\"https:\/\/brakkeconsulting.com\/ja\/our-services\/information\/market-research\/\"},{\"@type\":\"ListItem\",\"position\":5,\"name\":\"Multi-Client Studies\",\"item\":\"https:\/\/brakkeconsulting.com\/pt\/our-services\/information\/market-research\/multi-client-studies\/\"},{\"@type\":\"ListItem\",\"position\":6,\"name\":\"US Flea Control and Heartworm Markets, December 2020\"}]},{\"@type\":\"WebSite\",\"@id\":\"https:\/\/brakkeconsulting.com\/pt\/#website\",\"url\":\"https:\/\/brakkeconsulting.com\/pt\/\",\"name\":\"Brakke Consulting Website\",\"description\":\"\",\"potentialAction\":[{\"@type\":\"SearchAction\",\"target\":{\"@type\":\"EntryPoint\",\"urlTemplate\":\"https:\/\/brakkeconsulting.com\/pt\/?s={search_term_string}\"},\"query-input\":{\"@type\":\"PropertyValueSpecification\",\"valueRequired\":true,\"valueName\":\"search_term_string\"}}],\"inLanguage\":\"pt-PT\"}]}<\/script>\n<!-- \/ Yoast SEO plugin. -->","yoast_head_json":{"title":"Brakke Consulting | animal health | veterinary | inormation | flea tick heartworm report | studies","description":"Brakke Consulting\u2019s 2017 update of our annual study addresses the fascinating dynamics of the flea and heartworm preventatives markets.\u00a0","robots":{"index":"index","follow":"follow","max-snippet":"max-snippet:-1","max-image-preview":"max-image-preview:large","max-video-preview":"max-video-preview:-1"},"canonical":"https:\/\/brakkeconsulting.com\/pt\/our-services\/information\/market-research\/multi-client-studies\/us-flea-control-and-heartworm-markets\/","og_locale":"pt_PT","og_type":"article","og_title":"Brakke Consulting | animal health | veterinary | inormation | flea tick heartworm report | studies","og_description":"Brakke Consulting\u2019s 2017 update of our annual study addresses the fascinating dynamics of the flea and heartworm preventatives markets.\u00a0","og_url":"https:\/\/brakkeconsulting.com\/pt\/our-services\/information\/market-research\/multi-client-studies\/us-flea-control-and-heartworm-markets\/","og_site_name":"Brakke Consulting Website","article_modified_time":"2021-01-22T00:42:38+00:00","twitter_card":"summary_large_image","twitter_misc":{"Tempo estimado de leitura":"4 minutos"},"schema":{"@context":"https:\/\/schema.org","@graph":[{"@type":"WebPage","@id":"https:\/\/brakkeconsulting.com\/ja\/our-services\/information\/market-research\/multi-client-studies\/us-flea-control-and-heartworm-markets\/","url":"https:\/\/brakkeconsulting.com\/ja\/our-services\/information\/market-research\/multi-client-studies\/us-flea-control-and-heartworm-markets\/","name":"Brakke Consulting | animal health | veterinary | inormation | flea tick heartworm report | studies","isPartOf":{"@id":"https:\/\/brakkeconsulting.com\/pt\/#website"},"datePublished":"2018-06-27T17:43:48+00:00","dateModified":"2021-01-22T00:42:38+00:00","description":"Brakke Consulting\u2019s 2017 update of our annual study addresses the fascinating dynamics of the flea and heartworm preventatives markets.\u00a0","breadcrumb":{"@id":"https:\/\/brakkeconsulting.com\/ja\/our-services\/information\/market-research\/multi-client-studies\/us-flea-control-and-heartworm-markets\/#breadcrumb"},"inLanguage":"pt-PT","potentialAction":[{"@type":"ReadAction","target":["https:\/\/brakkeconsulting.com\/ja\/our-services\/information\/market-research\/multi-client-studies\/us-flea-control-and-heartworm-markets\/"]}]},{"@type":"BreadcrumbList","@id":"https:\/\/brakkeconsulting.com\/ja\/our-services\/information\/market-research\/multi-client-studies\/us-flea-control-and-heartworm-markets\/#breadcrumb","itemListElement":[{"@type":"ListItem","position":1,"name":"Home","item":"https:\/\/brakkeconsulting.com\/pt\/"},{"@type":"ListItem","position":2,"name":"Our Services","item":"https:\/\/brakkeconsulting.com\/our-services\/"},{"@type":"ListItem","position":3,"name":"Information","item":"https:\/\/brakkeconsulting.com\/our-services\/information\/"},{"@type":"ListItem","position":4,"name":"MARKET RESEARCH","item":"https:\/\/brakkeconsulting.com\/ja\/our-services\/information\/market-research\/"},{"@type":"ListItem","position":5,"name":"Multi-Client Studies","item":"https:\/\/brakkeconsulting.com\/pt\/our-services\/information\/market-research\/multi-client-studies\/"},{"@type":"ListItem","position":6,"name":"US Flea Control and Heartworm Markets, December 2020"}]},{"@type":"WebSite","@id":"https:\/\/brakkeconsulting.com\/pt\/#website","url":"https:\/\/brakkeconsulting.com\/pt\/","name":"Site da Brakke Consulting","description":"","potentialAction":[{"@type":"SearchAction","target":{"@type":"EntryPoint","urlTemplate":"https:\/\/brakkeconsulting.com\/pt\/?s={search_term_string}"},"query-input":{"@type":"PropertyValueSpecification","valueRequired":true,"valueName":"search_term_string"}}],"inLanguage":"pt-PT"}]}},"_links":{"self":[{"href":"https:\/\/brakkeconsulting.com\/pt\/wp-json\/wp\/v2\/pages\/25772","targetHints":{"allow":["GET"]}}],"collection":[{"href":"https:\/\/brakkeconsulting.com\/pt\/wp-json\/wp\/v2\/pages"}],"about":[{"href":"https:\/\/brakkeconsulting.com\/pt\/wp-json\/wp\/v2\/types\/page"}],"author":[{"embeddable":true,"href":"https:\/\/brakkeconsulting.com\/pt\/wp-json\/wp\/v2\/users\/1"}],"replies":[{"embeddable":true,"href":"https:\/\/brakkeconsulting.com\/pt\/wp-json\/wp\/v2\/comments?post=25772"}],"version-history":[{"count":12,"href":"https:\/\/brakkeconsulting.com\/pt\/wp-json\/wp\/v2\/pages\/25772\/revisions"}],"predecessor-version":[{"id":28933,"href":"https:\/\/brakkeconsulting.com\/pt\/wp-json\/wp\/v2\/pages\/25772\/revisions\/28933"}],"up":[{"embeddable":true,"href":"https:\/\/brakkeconsulting.com\/pt\/wp-json\/wp\/v2\/pages\/127"}],"wp:attachment":[{"href":"https:\/\/brakkeconsulting.com\/pt\/wp-json\/wp\/v2\/media?parent=25772"}],"curies":[{"name":"wp","href":"https:\/\/api.w.org\/{rel}","templated":true}]}}