{"id":25672,"date":"2018-05-15T10:46:11","date_gmt":"2018-05-15T15:46:11","guid":{"rendered":"\/?page_id=25672"},"modified":"2018-06-25T07:55:41","modified_gmt":"2018-06-25T13:55:41","slug":"webinar-for-veterinarians","status":"publish","type":"page","link":"https:\/\/brakkeconsulting.com\/pt\/our-services\/information\/industry-presentations\/webinar-for-veterinarians\/","title":{"rendered":"Webinar para veterin\u00e1rios"},"content":{"rendered":"<p><span style=\"font-size: 12pt;\"><strong>T\u00d3PICOS QUENTE NA PR\u00c1TICA VETERIN\u00c1RIA<br \/>\n<\/strong><span style=\"font-size: 10pt;\"><strong>Um webinar especial de uma hora para profissionais sobre\u00a0<\/strong><\/span><\/span><span style=\"font-size: 10pt;\"><strong>quest\u00f5es importantes enfrentadas pelos veterin\u00e1rios<\/strong><\/span><\/p>\n<p><span style=\"font-size: 10pt;\">Palestrante: John Volk, Consultor S\u00eanior, Brakke Consulting, Inc.<\/span><\/p>\n<p><span style=\"font-size: 10pt;\"> A Brakke Consulting \u00e9 a empresa de consultoria l\u00edder no setor global de sa\u00fade animal. John Volk \u00e9 um especialista altamente conceituado em pr\u00e1tica veterin\u00e1ria e \u00e9 o principal autor de v\u00e1rios estudos de refer\u00eancia, incluindo o recente Merck Animal Health Veterinary Wellbeing Study.<\/span><\/p>\n<p><span style=\"font-size: 10pt;\">T\u00f3picos abordados no webinar: <\/span><\/p>\n<p><span style=\"font-size: 10pt;\"><strong><em>\u201cConcentra\u00e7\u00e3o de Fornecedores e o que significa praticar\u201d<\/em><\/strong><\/span><br \/>\n<span style=\"font-size: 10pt;\"> As fus\u00f5es e consolida\u00e7\u00f5es de empresas e distribuidores de sa\u00fade animal est\u00e3o mudando o cen\u00e1rio da cadeia de suprimentos de produtos e servi\u00e7os. Como eles afetar\u00e3o a maneira como voc\u00ea compra, os pre\u00e7os que paga e os servi\u00e7os que recebe dos fornecedores?<\/span><\/p>\n<p><span style=\"font-size: 10pt;\"><em><strong>\u201cConsolida\u00e7\u00e3o da pr\u00e1tica veterin\u00e1ria: bolha ou tend\u00eancia de longo prazo?\u201d<\/strong><\/em><\/span><br \/>\n<span style=\"font-size: 10pt;\"> Hoje, mais de 10% de consult\u00f3rios gerais e talvez 40% de consult\u00f3rios especializados s\u00e3o de propriedade corporativa. O que isso significa para os propriet\u00e1rios de consult\u00f3rios? Associados? E aqueles associados que desejam possuir?<\/span><\/p>\n<p><span style=\"font-size: 10pt;\"><em><strong>\u201cPlanos de cuidados preventivos: s\u00e3o essenciais para o seu futuro?<\/strong><\/em><\/span><br \/>\n<span style=\"font-size: 10pt;\"> Banfield os iniciou. Agora, muitas empresas os oferecem. Por que os clientes gostam deles? O que eles podem significar para praticar o crescimento? Qu\u00e3o importante \u00e9 para voc\u00ea oferec\u00ea-los?<\/span><\/p>\n<p><span style=\"font-size: 10pt;\"><em><strong>\u201cVeterin\u00e1rios Saud\u00e1veis, Pr\u00e1tica Saud\u00e1vel\u201d<\/strong><\/em><\/span><br \/>\n<span style=\"font-size: 10pt;\"> Novas pesquisas lan\u00e7am luz sobre a quantidade de estresse na pr\u00e1tica veterin\u00e1ria e como isso afeta os indiv\u00edduos. Os resultados do novo Estudo de Bem-Estar Veterin\u00e1rio da Merck Animal Health trazem informa\u00e7\u00f5es importantes para todos os veterin\u00e1rios.<\/span><\/p>\n<p><span style=\"font-size: 10pt;\"><strong>Taxa de inscri\u00e7\u00e3o: $79 por pessoa<\/strong>.\u00a0<span style=\"color: #ff0000;\"><strong>AS INSCRI\u00c7\u00d5ES J\u00c1 EST\u00c3O ENCERRADAS.<\/strong><\/span><\/span><\/p>\n<p><strong>O webinar ser\u00e1 apresentado quatro vezes; escolha a sess\u00e3o mais conveniente para voc\u00ea:<\/strong><\/p>\n<p><span style=\"font-size: 10pt;\">27 de junho, das 11h \u00e0s 12h15 EDT<\/span><\/p>\n<p><span style=\"font-size: 10pt;\">27 de junho, das 16h30 \u00e0s 17h45 EDT\u00a0<\/span><\/p>\n<p>28 de junho, das 11h \u00e0s 12h15 EDT<\/p>\n<p><span style=\"font-size: 10pt;\">28 de junho, das 16h30 \u00e0s 17h45 EDT<\/span><\/p>\n<p><strong>OBSERVA\u00c7\u00c3O IMPORTANTE: Depois de enviar sua inscri\u00e7\u00e3o para o webinar, voc\u00ea receber\u00e1 um e-mail dentro de 2 dias \u00fateis de John Volk (customercare @ gotowebinar.com) com as informa\u00e7\u00f5es de login do webinar. Se voc\u00ea n\u00e3o receber dentro desse prazo, ligue para Jane Morgan em (972) 243-4033.<\/strong><\/p>\n<p>&nbsp;<\/p>","protected":false},"excerpt":{"rendered":"<p>TEMAS QUENTES NA PR\u00c1TICA VETERIN\u00c1RIA Um webinar especial de uma hora para profissionais sobre quest\u00f5es importantes enfrentadas pelos veterin\u00e1rios Palestrante: John Volk, Consultor S\u00eanior, Brakke Consulting, Inc. Brakke Consulting \u00e9 a empresa de consultoria l\u00edder no neg\u00f3cio global de sa\u00fade animal. John Volk \u00e9 um especialista altamente conceituado na pr\u00e1tica veterin\u00e1ria e \u00e9 o autor principal de v\u00e1rios estudos importantes, incluindo o recente Estudo de Bem-Estar Veterin\u00e1rio da Merck Animal Health. T\u00f3picos abordados no webinar: \u201cConcentra\u00e7\u00e3o de fornecedores e o que significa praticar\u201d As fus\u00f5es e consolida\u00e7\u00f5es de empresas e distribuidores de sa\u00fade animal est\u00e3o mudando o cen\u00e1rio da cadeia de fornecimento de produtos e servi\u00e7os. Como eles impactar\u00e3o a forma como voc\u00ea compra, os pre\u00e7os que voc\u00ea paga e os servi\u00e7os que voc\u00ea recebe dos fornecedores? \u201cConsolida\u00e7\u00e3o da pr\u00e1tica veterin\u00e1ria: bolha ou tend\u00eancia de longo prazo?\u201d Hoje, mais de 10% de cl\u00ednicas gerais e talvez 40% de cl\u00ednicas especializadas s\u00e3o de propriedade corporativa. O que isso significa para os propriet\u00e1rios de consult\u00f3rios? Associados? E aqueles associados que desejam possuir? \u201cPlanos de cuidados preventivos: s\u00e3o essenciais para o seu futuro? Banfield os iniciou. Agora, muitas empresas os oferecem. Por que os clientes gostam deles? O que eles podem significar para praticar o crescimento? Qu\u00e3o importante \u00e9 para voc\u00ea oferec\u00ea-los? \u201cVeterin\u00e1rios Saud\u00e1veis, Pr\u00e1tica Saud\u00e1vel\u201d Novas pesquisas esclarecem a quantidade de estresse na pr\u00e1tica veterin\u00e1ria e como isso afeta os indiv\u00edduos. Os resultados do novo Merck Animal<\/p>\n<div class=\"view-full-post\"><a href=\"https:\/\/brakkeconsulting.com\/pt\/our-services\/information\/industry-presentations\/webinar-for-veterinarians\/\" class=\"view-full-post-btn\">Ver postagem completa<\/a><\/div>\n<p>;<\/p>","protected":false},"author":1,"featured_media":0,"parent":137,"menu_order":0,"comment_status":"closed","ping_status":"closed","template":"","meta":{"_acf_changed":false,"_et_pb_use_builder":"","_et_pb_old_content":"","_et_gb_content_width":"","footnotes":"","_links_to":"","_links_to_target":""},"class_list":["post-25672","page","type-page","status-publish","hentry"],"acf":[],"yoast_head":"<!-- This site is optimized with the Yoast SEO plugin v27.0 - https:\/\/yoast.com\/product\/yoast-seo-wordpress\/ -->\n<title>Brakke Consulting, Inc. animal health consultants<\/title>\n<meta name=\"description\" content=\"For over 30 years, Brakke Consulting has been the leading management consulting firm specializing in the animal health, veterinary and pet industries.\" \/>\n<meta name=\"robots\" content=\"index, follow, max-snippet:-1, max-image-preview:large, max-video-preview:-1\" \/>\n<link rel=\"canonical\" href=\"https:\/\/brakkeconsulting.com\/pt\/our-services\/information\/industry-presentations\/webinar-for-veterinarians\/\" \/>\n<meta property=\"og:locale\" content=\"pt_PT\" \/>\n<meta property=\"og:type\" content=\"article\" \/>\n<meta property=\"og:title\" content=\"Brakke Consulting, Inc. animal health consultants\" \/>\n<meta property=\"og:description\" content=\"For over 30 years, Brakke Consulting has been the leading management consulting firm specializing in the animal health, veterinary and pet industries.\" \/>\n<meta property=\"og:url\" content=\"https:\/\/brakkeconsulting.com\/pt\/our-services\/information\/industry-presentations\/webinar-for-veterinarians\/\" \/>\n<meta property=\"og:site_name\" content=\"Brakke Consulting Website\" \/>\n<meta property=\"article:modified_time\" content=\"2018-06-25T13:55:41+00:00\" \/>\n<meta name=\"twitter:card\" content=\"summary_large_image\" \/>\n<meta name=\"twitter:label1\" content=\"Tempo estimado de leitura\" \/>\n\t<meta name=\"twitter:data1\" content=\"2 minutos\" \/>\n<script type=\"application\/ld+json\" class=\"yoast-schema-graph\">{\"@context\":\"https:\/\/schema.org\",\"@graph\":[{\"@type\":\"WebPage\",\"@id\":\"https:\/\/brakkeconsulting.com\/our-services\/information\/industry-presentations\/webinar-for-veterinarians\/\",\"url\":\"https:\/\/brakkeconsulting.com\/our-services\/information\/industry-presentations\/webinar-for-veterinarians\/\",\"name\":\"Brakke Consulting, Inc. animal health consultants\",\"isPartOf\":{\"@id\":\"https:\/\/brakkeconsulting.com\/pt\/#website\"},\"datePublished\":\"2018-05-15T15:46:11+00:00\",\"dateModified\":\"2018-06-25T13:55:41+00:00\",\"description\":\"For over 30 years, Brakke Consulting has been the leading management consulting firm specializing in the animal health, veterinary and pet industries.\",\"breadcrumb\":{\"@id\":\"https:\/\/brakkeconsulting.com\/our-services\/information\/industry-presentations\/webinar-for-veterinarians\/#breadcrumb\"},\"inLanguage\":\"pt-PT\",\"potentialAction\":[{\"@type\":\"ReadAction\",\"target\":[\"https:\/\/brakkeconsulting.com\/our-services\/information\/industry-presentations\/webinar-for-veterinarians\/\"]}]},{\"@type\":\"BreadcrumbList\",\"@id\":\"https:\/\/brakkeconsulting.com\/our-services\/information\/industry-presentations\/webinar-for-veterinarians\/#breadcrumb\",\"itemListElement\":[{\"@type\":\"ListItem\",\"position\":1,\"name\":\"Home\",\"item\":\"https:\/\/brakkeconsulting.com\/pt\/\"},{\"@type\":\"ListItem\",\"position\":2,\"name\":\"Our Services\",\"item\":\"https:\/\/brakkeconsulting.com\/our-services\/\"},{\"@type\":\"ListItem\",\"position\":3,\"name\":\"Information\",\"item\":\"https:\/\/brakkeconsulting.com\/our-services\/information\/\"},{\"@type\":\"ListItem\",\"position\":4,\"name\":\"Industry Presentations\",\"item\":\"https:\/\/brakkeconsulting.com\/our-services\/information\/industry-presentations\/\"},{\"@type\":\"ListItem\",\"position\":5,\"name\":\"Webinar for veterinarians\"}]},{\"@type\":\"WebSite\",\"@id\":\"https:\/\/brakkeconsulting.com\/pt\/#website\",\"url\":\"https:\/\/brakkeconsulting.com\/pt\/\",\"name\":\"Brakke Consulting Website\",\"description\":\"\",\"potentialAction\":[{\"@type\":\"SearchAction\",\"target\":{\"@type\":\"EntryPoint\",\"urlTemplate\":\"https:\/\/brakkeconsulting.com\/pt\/?s={search_term_string}\"},\"query-input\":{\"@type\":\"PropertyValueSpecification\",\"valueRequired\":true,\"valueName\":\"search_term_string\"}}],\"inLanguage\":\"pt-PT\"}]}<\/script>\n<!-- \/ Yoast SEO plugin. -->","yoast_head_json":{"title":"Brakke Consulting, Inc. consultores em sa\u00fade animal","description":"H\u00e1 mais de 30 anos, a Brakke Consulting \u00e9 a principal empresa de consultoria de gest\u00e3o especializada nos setores de sa\u00fade animal, veterin\u00e1ria e animais de estima\u00e7\u00e3o.","robots":{"index":"index","follow":"follow","max-snippet":"max-snippet:-1","max-image-preview":"max-image-preview:large","max-video-preview":"max-video-preview:-1"},"canonical":"https:\/\/brakkeconsulting.com\/pt\/our-services\/information\/industry-presentations\/webinar-for-veterinarians\/","og_locale":"pt_PT","og_type":"article","og_title":"Brakke Consulting, Inc. animal health consultants","og_description":"For over 30 years, Brakke Consulting has been the leading management consulting firm specializing in the animal health, veterinary and pet industries.","og_url":"https:\/\/brakkeconsulting.com\/pt\/our-services\/information\/industry-presentations\/webinar-for-veterinarians\/","og_site_name":"Brakke Consulting Website","article_modified_time":"2018-06-25T13:55:41+00:00","twitter_card":"summary_large_image","twitter_misc":{"Tempo estimado de leitura":"2 minutos"},"schema":{"@context":"https:\/\/schema.org","@graph":[{"@type":"WebPage","@id":"https:\/\/brakkeconsulting.com\/our-services\/information\/industry-presentations\/webinar-for-veterinarians\/","url":"https:\/\/brakkeconsulting.com\/our-services\/information\/industry-presentations\/webinar-for-veterinarians\/","name":"Brakke Consulting, Inc. consultores em sa\u00fade animal","isPartOf":{"@id":"https:\/\/brakkeconsulting.com\/pt\/#website"},"datePublished":"2018-05-15T15:46:11+00:00","dateModified":"2018-06-25T13:55:41+00:00","description":"H\u00e1 mais de 30 anos, a Brakke Consulting \u00e9 a principal empresa de consultoria de gest\u00e3o especializada nos setores de sa\u00fade animal, veterin\u00e1ria e animais de estima\u00e7\u00e3o.","breadcrumb":{"@id":"https:\/\/brakkeconsulting.com\/our-services\/information\/industry-presentations\/webinar-for-veterinarians\/#breadcrumb"},"inLanguage":"pt-PT","potentialAction":[{"@type":"ReadAction","target":["https:\/\/brakkeconsulting.com\/our-services\/information\/industry-presentations\/webinar-for-veterinarians\/"]}]},{"@type":"BreadcrumbList","@id":"https:\/\/brakkeconsulting.com\/our-services\/information\/industry-presentations\/webinar-for-veterinarians\/#breadcrumb","itemListElement":[{"@type":"ListItem","position":1,"name":"Home","item":"https:\/\/brakkeconsulting.com\/pt\/"},{"@type":"ListItem","position":2,"name":"Our Services","item":"https:\/\/brakkeconsulting.com\/our-services\/"},{"@type":"ListItem","position":3,"name":"Information","item":"https:\/\/brakkeconsulting.com\/our-services\/information\/"},{"@type":"ListItem","position":4,"name":"Industry Presentations","item":"https:\/\/brakkeconsulting.com\/our-services\/information\/industry-presentations\/"},{"@type":"ListItem","position":5,"name":"Webinar for veterinarians"}]},{"@type":"WebSite","@id":"https:\/\/brakkeconsulting.com\/pt\/#website","url":"https:\/\/brakkeconsulting.com\/pt\/","name":"Site da Brakke Consulting","description":"","potentialAction":[{"@type":"SearchAction","target":{"@type":"EntryPoint","urlTemplate":"https:\/\/brakkeconsulting.com\/pt\/?s={search_term_string}"},"query-input":{"@type":"PropertyValueSpecification","valueRequired":true,"valueName":"search_term_string"}}],"inLanguage":"pt-PT"}]}},"_links":{"self":[{"href":"https:\/\/brakkeconsulting.com\/pt\/wp-json\/wp\/v2\/pages\/25672","targetHints":{"allow":["GET"]}}],"collection":[{"href":"https:\/\/brakkeconsulting.com\/pt\/wp-json\/wp\/v2\/pages"}],"about":[{"href":"https:\/\/brakkeconsulting.com\/pt\/wp-json\/wp\/v2\/types\/page"}],"author":[{"embeddable":true,"href":"https:\/\/brakkeconsulting.com\/pt\/wp-json\/wp\/v2\/users\/1"}],"replies":[{"embeddable":true,"href":"https:\/\/brakkeconsulting.com\/pt\/wp-json\/wp\/v2\/comments?post=25672"}],"version-history":[{"count":10,"href":"https:\/\/brakkeconsulting.com\/pt\/wp-json\/wp\/v2\/pages\/25672\/revisions"}],"predecessor-version":[{"id":25748,"href":"https:\/\/brakkeconsulting.com\/pt\/wp-json\/wp\/v2\/pages\/25672\/revisions\/25748"}],"up":[{"embeddable":true,"href":"https:\/\/brakkeconsulting.com\/pt\/wp-json\/wp\/v2\/pages\/137"}],"wp:attachment":[{"href":"https:\/\/brakkeconsulting.com\/pt\/wp-json\/wp\/v2\/media?parent=25672"}],"curies":[{"name":"wp","href":"https:\/\/api.w.org\/{rel}","templated":true}]}}