{"id":191,"date":"2018-01-22T07:59:42","date_gmt":"2018-01-22T07:59:42","guid":{"rendered":"\/?page_id=191"},"modified":"2018-01-22T07:59:42","modified_gmt":"2018-01-22T07:59:42","slug":"food-animal-sales-team-study-july-2015","status":"publish","type":"page","link":"https:\/\/brakkeconsulting.com\/pt\/our-services\/information\/market-research\/multi-client-studies\/food-animal-sales-team-study-july-2015\/","title":{"rendered":"Estudo da equipe de vendas de alimentos para animais, julho de 2015"},"content":{"rendered":"<p><a href=\"\/wp-content\/uploads\/2018\/01\/Brakke-Ipsos-FAST-TOC.pdf\" target=\"_blank\" rel=\"noopener\"><strong>\u00cdndice<\/strong><\/a><\/p>\n<p>Um dos investimentos mais significativos que uma empresa de sa\u00fade animal faz \u00e9 recrutar, treinar, gerenciar, apoiar e reter pessoal de vendas de campo para representar a empresa nos mercados de carne bovina, leite e su\u00ednos.<\/p>\n<p>Mas qu\u00e3o eficaz \u00e9 essa equipe de vendas? Quais s\u00e3o seus pontos fortes e fracos? Onde ela supera os concorrentes? Onde \u00e9 superado? Quais capacidades ou atributos precisam ser melhorados? Qual investimento em treinamento ou outras mudan\u00e7as beneficiaria mais a empresa?<\/p>\n<p>A Brakke Consulting e a Ipsos Agriculture and Animal Health respondem a essas perguntas e muito mais com um estudo abrangente avaliando a efic\u00e1cia das equipes de vendas nos mercados de carne bovina, latic\u00ednios e su\u00ednos.<\/p>\n<p>O estudo foi realizado entre produtores e veterin\u00e1rios nos seguintes mercados e submercados:<\/p>\n<p><u>Carne bovina<\/u><br \/>\nbezerro<br \/>\nestoquista<br \/>\nConfinamento<\/p>\n<p><u>Latic\u00ednio<\/u><br \/>\nTradicional<br \/>\nGrande escala<\/p>\n<p><u>su\u00edna<\/u><br \/>\nIntegrador<br \/>\nIndependente<\/p>\n<p>As equipes de vendas avaliadas incluem:<\/p>\n<ul>\n<li>Bayer Healthcare LLC Sa\u00fade Animal<\/li>\n<li>Boehringer Ingelheim Vetmedica<\/li>\n<li>Elanco Animal Health\/Novartis Animal Health<\/li>\n<li>Merck Sa\u00fade Animal<\/li>\n<li>Merial, Ltda.<\/li>\n<li>Zoetis<\/li>\n<\/ul>\n<p>Para obter mais informa\u00e7\u00f5es, entre em contato com o gerente de projeto Cary Christensen em 913.205.6578 ou <a href=\"mailto:info@brakkeconsulting.com\">info@brakkeconsulting.com<\/a>.<\/p>","protected":false},"excerpt":{"rendered":"<p>\u00cdndice Um dos investimentos mais significativos que uma empresa de sa\u00fade animal faz \u00e9 recrutar, treinar, gerenciar, apoiar e reter pessoal de vendas em campo para representar a empresa nos mercados de carne bovina, latic\u00ednios e su\u00ednos. Mas qu\u00e3o eficaz \u00e9 essa equipe de vendas? Quais s\u00e3o seus pontos fortes e fracos? Onde ele supera os concorrentes? Onde \u00e9 superado? Quais capacidades ou atributos precisam mais de melhorias? Que investimento em forma\u00e7\u00e3o ou outras mudan\u00e7as beneficiaria mais a empresa? A Brakke Consulting e a Ipsos Agriculture and Animal Health respondem a essas perguntas e muito mais com um estudo abrangente que avalia a efic\u00e1cia das equipes de vendas nos mercados de carne bovina, latic\u00ednios e su\u00ednos. O estudo foi conduzido entre produtores e veterin\u00e1rios nos seguintes mercados e submercados: Carne Bovinos Estocagem Confinamento Latic\u00ednios Tradicional Integrador de Su\u00ednos em Grande Escala As equipes de vendas independentes avaliadas incluem: Bayer Healthcare LLC Sa\u00fade Animal Boehringer Ingelheim Vetmedica Elanco Animal Health\/Novartis Sa\u00fade Animal Merck Animal Health Merial, Ltd. Zoetis Para obter mais informa\u00e7\u00f5es, entre em contato com o gerente de projeto Cary Christensen pelo telefone 913.205.6578 ou info@brakkeconsulting.com.<\/p>","protected":false},"author":1,"featured_media":0,"parent":127,"menu_order":0,"comment_status":"closed","ping_status":"closed","template":"","meta":{"_acf_changed":false,"_et_pb_use_builder":"","_et_pb_old_content":"","_et_gb_content_width":"","footnotes":"","_links_to":"","_links_to_target":""},"class_list":["post-191","page","type-page","status-publish","hentry"],"acf":[],"yoast_head":"<!-- This site is optimized with the Yoast SEO plugin v27.0 - https:\/\/yoast.com\/product\/yoast-seo-wordpress\/ -->\n<title>Brakke Consulting, Inc. animal health consultants<\/title>\n<meta name=\"description\" content=\"For over 30 years, Brakke Consulting has been the leading management consulting firm specializing in the animal health, veterinary and pet industries.\" \/>\n<meta name=\"robots\" content=\"index, follow, max-snippet:-1, max-image-preview:large, max-video-preview:-1\" \/>\n<link rel=\"canonical\" href=\"https:\/\/brakkeconsulting.com\/pt\/our-services\/information\/market-research\/multi-client-studies\/food-animal-sales-team-study-july-2015\/\" \/>\n<meta property=\"og:locale\" content=\"pt_PT\" \/>\n<meta property=\"og:type\" content=\"article\" \/>\n<meta property=\"og:title\" content=\"Brakke Consulting, Inc. animal health consultants\" \/>\n<meta property=\"og:description\" content=\"For over 30 years, Brakke Consulting has been the leading management consulting firm specializing in the animal health, veterinary and pet industries.\" \/>\n<meta property=\"og:url\" content=\"https:\/\/brakkeconsulting.com\/pt\/our-services\/information\/market-research\/multi-client-studies\/food-animal-sales-team-study-july-2015\/\" \/>\n<meta property=\"og:site_name\" content=\"Brakke Consulting Website\" \/>\n<meta name=\"twitter:card\" content=\"summary_large_image\" \/>\n<meta name=\"twitter:label1\" content=\"Tempo estimado de leitura\" \/>\n\t<meta name=\"twitter:data1\" content=\"1 minuto\" \/>\n<script type=\"application\/ld+json\" class=\"yoast-schema-graph\">{\"@context\":\"https:\/\/schema.org\",\"@graph\":[{\"@type\":\"WebPage\",\"@id\":\"https:\/\/brakkeconsulting.com\/pt\/our-services\/information\/market-research\/multi-client-studies\/food-animal-sales-team-study-july-2015\/\",\"url\":\"https:\/\/brakkeconsulting.com\/pt\/our-services\/information\/market-research\/multi-client-studies\/food-animal-sales-team-study-july-2015\/\",\"name\":\"Brakke Consulting, Inc. animal health consultants\",\"isPartOf\":{\"@id\":\"https:\/\/brakkeconsulting.com\/pt\/#website\"},\"datePublished\":\"2018-01-22T07:59:42+00:00\",\"description\":\"For over 30 years, Brakke Consulting has been the leading management consulting firm specializing in the animal health, veterinary and pet industries.\",\"breadcrumb\":{\"@id\":\"https:\/\/brakkeconsulting.com\/pt\/our-services\/information\/market-research\/multi-client-studies\/food-animal-sales-team-study-july-2015\/#breadcrumb\"},\"inLanguage\":\"pt-PT\",\"potentialAction\":[{\"@type\":\"ReadAction\",\"target\":[\"https:\/\/brakkeconsulting.com\/pt\/our-services\/information\/market-research\/multi-client-studies\/food-animal-sales-team-study-july-2015\/\"]}]},{\"@type\":\"BreadcrumbList\",\"@id\":\"https:\/\/brakkeconsulting.com\/pt\/our-services\/information\/market-research\/multi-client-studies\/food-animal-sales-team-study-july-2015\/#breadcrumb\",\"itemListElement\":[{\"@type\":\"ListItem\",\"position\":1,\"name\":\"Home\",\"item\":\"https:\/\/brakkeconsulting.com\/pt\/\"},{\"@type\":\"ListItem\",\"position\":2,\"name\":\"Our Services\",\"item\":\"https:\/\/brakkeconsulting.com\/our-services\/\"},{\"@type\":\"ListItem\",\"position\":3,\"name\":\"Information\",\"item\":\"https:\/\/brakkeconsulting.com\/our-services\/information\/\"},{\"@type\":\"ListItem\",\"position\":4,\"name\":\"MARKET RESEARCH\",\"item\":\"https:\/\/brakkeconsulting.com\/ja\/our-services\/information\/market-research\/\"},{\"@type\":\"ListItem\",\"position\":5,\"name\":\"Multi-Client Studies\",\"item\":\"https:\/\/brakkeconsulting.com\/pt\/our-services\/information\/market-research\/multi-client-studies\/\"},{\"@type\":\"ListItem\",\"position\":6,\"name\":\"Food Animal Sales Team Study, July 2015\"}]},{\"@type\":\"WebSite\",\"@id\":\"https:\/\/brakkeconsulting.com\/pt\/#website\",\"url\":\"https:\/\/brakkeconsulting.com\/pt\/\",\"name\":\"Brakke Consulting Website\",\"description\":\"\",\"potentialAction\":[{\"@type\":\"SearchAction\",\"target\":{\"@type\":\"EntryPoint\",\"urlTemplate\":\"https:\/\/brakkeconsulting.com\/pt\/?s={search_term_string}\"},\"query-input\":{\"@type\":\"PropertyValueSpecification\",\"valueRequired\":true,\"valueName\":\"search_term_string\"}}],\"inLanguage\":\"pt-PT\"}]}<\/script>\n<!-- \/ Yoast SEO plugin. -->","yoast_head_json":{"title":"Brakke Consulting, Inc. consultores em sa\u00fade animal","description":"H\u00e1 mais de 30 anos, a Brakke Consulting \u00e9 a principal empresa de consultoria de gest\u00e3o especializada nos setores de sa\u00fade animal, veterin\u00e1ria e animais de estima\u00e7\u00e3o.","robots":{"index":"index","follow":"follow","max-snippet":"max-snippet:-1","max-image-preview":"max-image-preview:large","max-video-preview":"max-video-preview:-1"},"canonical":"https:\/\/brakkeconsulting.com\/pt\/our-services\/information\/market-research\/multi-client-studies\/food-animal-sales-team-study-july-2015\/","og_locale":"pt_PT","og_type":"article","og_title":"Brakke Consulting, Inc. animal health consultants","og_description":"For over 30 years, Brakke Consulting has been the leading management consulting firm specializing in the animal health, veterinary and pet industries.","og_url":"https:\/\/brakkeconsulting.com\/pt\/our-services\/information\/market-research\/multi-client-studies\/food-animal-sales-team-study-july-2015\/","og_site_name":"Brakke Consulting Website","twitter_card":"summary_large_image","twitter_misc":{"Tempo estimado de leitura":"1 minuto"},"schema":{"@context":"https:\/\/schema.org","@graph":[{"@type":"WebPage","@id":"https:\/\/brakkeconsulting.com\/pt\/our-services\/information\/market-research\/multi-client-studies\/food-animal-sales-team-study-july-2015\/","url":"https:\/\/brakkeconsulting.com\/pt\/our-services\/information\/market-research\/multi-client-studies\/food-animal-sales-team-study-july-2015\/","name":"Brakke Consulting, Inc. consultores em sa\u00fade animal","isPartOf":{"@id":"https:\/\/brakkeconsulting.com\/pt\/#website"},"datePublished":"2018-01-22T07:59:42+00:00","description":"H\u00e1 mais de 30 anos, a Brakke Consulting \u00e9 a principal empresa de consultoria de gest\u00e3o especializada nos setores de sa\u00fade animal, veterin\u00e1ria e animais de estima\u00e7\u00e3o.","breadcrumb":{"@id":"https:\/\/brakkeconsulting.com\/pt\/our-services\/information\/market-research\/multi-client-studies\/food-animal-sales-team-study-july-2015\/#breadcrumb"},"inLanguage":"pt-PT","potentialAction":[{"@type":"ReadAction","target":["https:\/\/brakkeconsulting.com\/pt\/our-services\/information\/market-research\/multi-client-studies\/food-animal-sales-team-study-july-2015\/"]}]},{"@type":"BreadcrumbList","@id":"https:\/\/brakkeconsulting.com\/pt\/our-services\/information\/market-research\/multi-client-studies\/food-animal-sales-team-study-july-2015\/#breadcrumb","itemListElement":[{"@type":"ListItem","position":1,"name":"Home","item":"https:\/\/brakkeconsulting.com\/pt\/"},{"@type":"ListItem","position":2,"name":"Our Services","item":"https:\/\/brakkeconsulting.com\/our-services\/"},{"@type":"ListItem","position":3,"name":"Information","item":"https:\/\/brakkeconsulting.com\/our-services\/information\/"},{"@type":"ListItem","position":4,"name":"MARKET RESEARCH","item":"https:\/\/brakkeconsulting.com\/ja\/our-services\/information\/market-research\/"},{"@type":"ListItem","position":5,"name":"Multi-Client Studies","item":"https:\/\/brakkeconsulting.com\/pt\/our-services\/information\/market-research\/multi-client-studies\/"},{"@type":"ListItem","position":6,"name":"Food Animal Sales Team Study, July 2015"}]},{"@type":"WebSite","@id":"https:\/\/brakkeconsulting.com\/pt\/#website","url":"https:\/\/brakkeconsulting.com\/pt\/","name":"Site da Brakke Consulting","description":"","potentialAction":[{"@type":"SearchAction","target":{"@type":"EntryPoint","urlTemplate":"https:\/\/brakkeconsulting.com\/pt\/?s={search_term_string}"},"query-input":{"@type":"PropertyValueSpecification","valueRequired":true,"valueName":"search_term_string"}}],"inLanguage":"pt-PT"}]}},"_links":{"self":[{"href":"https:\/\/brakkeconsulting.com\/pt\/wp-json\/wp\/v2\/pages\/191","targetHints":{"allow":["GET"]}}],"collection":[{"href":"https:\/\/brakkeconsulting.com\/pt\/wp-json\/wp\/v2\/pages"}],"about":[{"href":"https:\/\/brakkeconsulting.com\/pt\/wp-json\/wp\/v2\/types\/page"}],"author":[{"embeddable":true,"href":"https:\/\/brakkeconsulting.com\/pt\/wp-json\/wp\/v2\/users\/1"}],"replies":[{"embeddable":true,"href":"https:\/\/brakkeconsulting.com\/pt\/wp-json\/wp\/v2\/comments?post=191"}],"version-history":[{"count":1,"href":"https:\/\/brakkeconsulting.com\/pt\/wp-json\/wp\/v2\/pages\/191\/revisions"}],"predecessor-version":[{"id":193,"href":"https:\/\/brakkeconsulting.com\/pt\/wp-json\/wp\/v2\/pages\/191\/revisions\/193"}],"up":[{"embeddable":true,"href":"https:\/\/brakkeconsulting.com\/pt\/wp-json\/wp\/v2\/pages\/127"}],"wp:attachment":[{"href":"https:\/\/brakkeconsulting.com\/pt\/wp-json\/wp\/v2\/media?parent=191"}],"curies":[{"name":"wp","href":"https:\/\/api.w.org\/{rel}","templated":true}]}}