{"id":179,"date":"2018-01-22T07:54:15","date_gmt":"2018-01-22T07:54:15","guid":{"rendered":"\/?page_id=179"},"modified":"2019-05-09T16:35:24","modified_gmt":"2019-05-09T22:35:24","slug":"us-veterinary-generic-drugs-market","status":"publish","type":"page","link":"https:\/\/brakkeconsulting.com\/pt\/our-services\/information\/market-research\/multi-client-studies\/us-veterinary-generic-drugs-market\/","title":{"rendered":"Mercado de Medicamentos Gen\u00e9ricos Veterin\u00e1rios dos EUA, setembro de 2016"},"content":{"rendered":"<p><a href=\"\/wp-content\/uploads\/2018\/01\/2016_Generics_Study_TOC.pdf\" target=\"_blank\" rel=\"noopener noreferrer\"><strong>\u00cdndice<\/strong> <\/a><\/p>\n<p>O relat\u00f3rio da Brakke Consulting sobre o mercado americano de produtos gen\u00e9ricos de pequenas embalagens \u00e9 uma an\u00e1lise aprofundada de uma parte do mercado que intriga muitos participantes da ind\u00fastria. O relat\u00f3rio inclui informa\u00e7\u00f5es como:<\/p>\n<ul>\n<li>a origem e evolu\u00e7\u00e3o dos gen\u00e9ricos de sa\u00fade animal<\/li>\n<li>tamanho estimado do mercado<\/li>\n<li>uso de gen\u00e9ricos em animais grandes versus pequenos<\/li>\n<li>perfis de fabricantes de gen\u00e9ricos<\/li>\n<\/ul>\n<p>O relat\u00f3rio tamb\u00e9m inclui pesquisas com veterin\u00e1rios e produtores de pequenos animais, animais mistos e equinos, sondando sua compreens\u00e3o e percep\u00e7\u00e3o de produtos gen\u00e9ricos, uso atual e futuro esperado.<\/p>\n<p>Para obter mais informa\u00e7\u00f5es, entre em contato com o gerente de projeto Lynn Fondon, DVM, MBA, em 336-396-3916 ou <a href=\"mailto:info@brakkeconsulting.com\">info@brakkeconsulting.com<\/a>.<\/p>","protected":false},"excerpt":{"rendered":"<p>\u00cdndice O relat\u00f3rio da Brakke Consulting sobre o mercado dos EUA para produtos gen\u00e9ricos de embalagens pequenas \u00e9 uma an\u00e1lise aprofundada de uma parte do mercado que intriga muitos participantes do setor. O relat\u00f3rio inclui informa\u00e7\u00f5es como: a origem e evolu\u00e7\u00e3o dos gen\u00e9ricos de sa\u00fade animal tamanho estimado do mercado uso de gen\u00e9ricos em animais grandes versus pequenos perfis de fabricantes de gen\u00e9ricos O relat\u00f3rio tamb\u00e9m inclui pesquisas com veterin\u00e1rios e produtores de pequenos animais, animais mistos e equinos, sondando sua compreens\u00e3o e percep\u00e7\u00e3o de produtos gen\u00e9ricos, uso atual e futuro esperado. Para obter mais informa\u00e7\u00f5es, entre em contato com a gerente de projeto Lynn Fondon, DVM, MBA, pelo telefone 336-396-3916 ou info@brakkeconsulting.com.<\/p>","protected":false},"author":1,"featured_media":0,"parent":127,"menu_order":0,"comment_status":"closed","ping_status":"closed","template":"","meta":{"_acf_changed":false,"_et_pb_use_builder":"","_et_pb_old_content":"","_et_gb_content_width":"","footnotes":"","_links_to":"","_links_to_target":""},"class_list":["post-179","page","type-page","status-publish","hentry"],"acf":[],"yoast_head":"<!-- This site is optimized with the Yoast SEO plugin v27.0 - https:\/\/yoast.com\/product\/yoast-seo-wordpress\/ -->\n<title>Brakke Consulting | animal health consulting | veterinary | information | generics<\/title>\n<meta name=\"description\" content=\"In-depth report on the US market for small package generic products, including surveys of companion animal, equine and food animal veterinarians.\" \/>\n<meta name=\"robots\" content=\"index, follow, max-snippet:-1, max-image-preview:large, max-video-preview:-1\" \/>\n<link rel=\"canonical\" href=\"https:\/\/brakkeconsulting.com\/pt\/our-services\/information\/market-research\/multi-client-studies\/us-veterinary-generic-drugs-market\/\" \/>\n<meta property=\"og:locale\" content=\"pt_PT\" \/>\n<meta property=\"og:type\" content=\"article\" \/>\n<meta property=\"og:title\" content=\"Brakke Consulting | animal health consulting | veterinary | information | generics\" \/>\n<meta property=\"og:description\" content=\"In-depth report on the US market for small package generic products, including surveys of companion animal, equine and food animal veterinarians.\" \/>\n<meta property=\"og:url\" content=\"https:\/\/brakkeconsulting.com\/pt\/our-services\/information\/market-research\/multi-client-studies\/us-veterinary-generic-drugs-market\/\" \/>\n<meta property=\"og:site_name\" content=\"Brakke Consulting Website\" \/>\n<meta property=\"article:modified_time\" content=\"2019-05-09T22:35:24+00:00\" \/>\n<meta name=\"twitter:card\" content=\"summary_large_image\" \/>\n<meta name=\"twitter:label1\" content=\"Tempo estimado de leitura\" \/>\n\t<meta name=\"twitter:data1\" content=\"1 minuto\" \/>\n<script type=\"application\/ld+json\" class=\"yoast-schema-graph\">{\"@context\":\"https:\/\/schema.org\",\"@graph\":[{\"@type\":\"WebPage\",\"@id\":\"https:\/\/brakkeconsulting.com\/our-services\/information\/market-research\/multi-client-studies\/us-veterinary-generic-drugs-market\/\",\"url\":\"https:\/\/brakkeconsulting.com\/our-services\/information\/market-research\/multi-client-studies\/us-veterinary-generic-drugs-market\/\",\"name\":\"Brakke Consulting | animal health consulting | veterinary | information | generics\",\"isPartOf\":{\"@id\":\"https:\/\/brakkeconsulting.com\/#website\"},\"datePublished\":\"2018-01-22T07:54:15+00:00\",\"dateModified\":\"2019-05-09T22:35:24+00:00\",\"description\":\"In-depth report on the US market for small package generic products, including surveys of companion animal, equine and food animal veterinarians.\",\"breadcrumb\":{\"@id\":\"https:\/\/brakkeconsulting.com\/our-services\/information\/market-research\/multi-client-studies\/us-veterinary-generic-drugs-market\/#breadcrumb\"},\"inLanguage\":\"pt-PT\",\"potentialAction\":[{\"@type\":\"ReadAction\",\"target\":[\"https:\/\/brakkeconsulting.com\/our-services\/information\/market-research\/multi-client-studies\/us-veterinary-generic-drugs-market\/\"]}]},{\"@type\":\"BreadcrumbList\",\"@id\":\"https:\/\/brakkeconsulting.com\/our-services\/information\/market-research\/multi-client-studies\/us-veterinary-generic-drugs-market\/#breadcrumb\",\"itemListElement\":[{\"@type\":\"ListItem\",\"position\":1,\"name\":\"Home\",\"item\":\"https:\/\/brakkeconsulting.com\/\"},{\"@type\":\"ListItem\",\"position\":2,\"name\":\"Our Services\",\"item\":\"https:\/\/brakkeconsulting.com\/pt\/our-services\/\"},{\"@type\":\"ListItem\",\"position\":3,\"name\":\"Information\",\"item\":\"https:\/\/brakkeconsulting.com\/pt\/our-services\/information\/\"},{\"@type\":\"ListItem\",\"position\":4,\"name\":\"MARKET RESEARCH\",\"item\":\"https:\/\/brakkeconsulting.com\/pt\/our-services\/information\/market-research\/\"},{\"@type\":\"ListItem\",\"position\":5,\"name\":\"Multi-Client Studies\",\"item\":\"https:\/\/brakkeconsulting.com\/pt\/our-services\/information\/market-research\/multi-client-studies\/\"},{\"@type\":\"ListItem\",\"position\":6,\"name\":\"US Veterinary Generic Drugs Market, September 2016\"}]},{\"@type\":\"WebSite\",\"@id\":\"https:\/\/brakkeconsulting.com\/#website\",\"url\":\"https:\/\/brakkeconsulting.com\/\",\"name\":\"Brakke Consulting Website\",\"description\":\"\",\"potentialAction\":[{\"@type\":\"SearchAction\",\"target\":{\"@type\":\"EntryPoint\",\"urlTemplate\":\"https:\/\/brakkeconsulting.com\/?s={search_term_string}\"},\"query-input\":{\"@type\":\"PropertyValueSpecification\",\"valueRequired\":true,\"valueName\":\"search_term_string\"}}],\"inLanguage\":\"pt-PT\"}]}<\/script>\n<!-- \/ Yoast SEO plugin. -->","yoast_head_json":{"title":"Brakke Consulting | animal health consulting | veterinary | information | generics","description":"In-depth report on the US market for small package generic products, including surveys of companion animal, equine and food animal veterinarians.","robots":{"index":"index","follow":"follow","max-snippet":"max-snippet:-1","max-image-preview":"max-image-preview:large","max-video-preview":"max-video-preview:-1"},"canonical":"https:\/\/brakkeconsulting.com\/pt\/our-services\/information\/market-research\/multi-client-studies\/us-veterinary-generic-drugs-market\/","og_locale":"pt_PT","og_type":"article","og_title":"Brakke Consulting | animal health consulting | veterinary | information | generics","og_description":"In-depth report on the US market for small package generic products, including surveys of companion animal, equine and food animal veterinarians.","og_url":"https:\/\/brakkeconsulting.com\/pt\/our-services\/information\/market-research\/multi-client-studies\/us-veterinary-generic-drugs-market\/","og_site_name":"Brakke Consulting Website","article_modified_time":"2019-05-09T22:35:24+00:00","twitter_card":"summary_large_image","twitter_misc":{"Tempo estimado de leitura":"1 minuto"},"schema":{"@context":"https:\/\/schema.org","@graph":[{"@type":"WebPage","@id":"https:\/\/brakkeconsulting.com\/our-services\/information\/market-research\/multi-client-studies\/us-veterinary-generic-drugs-market\/","url":"https:\/\/brakkeconsulting.com\/our-services\/information\/market-research\/multi-client-studies\/us-veterinary-generic-drugs-market\/","name":"Brakke Consulting | animal health consulting | veterinary | information | generics","isPartOf":{"@id":"https:\/\/brakkeconsulting.com\/#website"},"datePublished":"2018-01-22T07:54:15+00:00","dateModified":"2019-05-09T22:35:24+00:00","description":"In-depth report on the US market for small package generic products, including surveys of companion animal, equine and food animal veterinarians.","breadcrumb":{"@id":"https:\/\/brakkeconsulting.com\/our-services\/information\/market-research\/multi-client-studies\/us-veterinary-generic-drugs-market\/#breadcrumb"},"inLanguage":"pt-PT","potentialAction":[{"@type":"ReadAction","target":["https:\/\/brakkeconsulting.com\/our-services\/information\/market-research\/multi-client-studies\/us-veterinary-generic-drugs-market\/"]}]},{"@type":"BreadcrumbList","@id":"https:\/\/brakkeconsulting.com\/our-services\/information\/market-research\/multi-client-studies\/us-veterinary-generic-drugs-market\/#breadcrumb","itemListElement":[{"@type":"ListItem","position":1,"name":"Home","item":"https:\/\/brakkeconsulting.com\/"},{"@type":"ListItem","position":2,"name":"Our Services","item":"https:\/\/brakkeconsulting.com\/pt\/our-services\/"},{"@type":"ListItem","position":3,"name":"Information","item":"https:\/\/brakkeconsulting.com\/pt\/our-services\/information\/"},{"@type":"ListItem","position":4,"name":"MARKET RESEARCH","item":"https:\/\/brakkeconsulting.com\/pt\/our-services\/information\/market-research\/"},{"@type":"ListItem","position":5,"name":"Multi-Client Studies","item":"https:\/\/brakkeconsulting.com\/pt\/our-services\/information\/market-research\/multi-client-studies\/"},{"@type":"ListItem","position":6,"name":"US Veterinary Generic Drugs Market, September 2016"}]},{"@type":"WebSite","@id":"https:\/\/brakkeconsulting.com\/#website","url":"https:\/\/brakkeconsulting.com\/","name":"Site da Brakke Consulting","description":"","potentialAction":[{"@type":"SearchAction","target":{"@type":"EntryPoint","urlTemplate":"https:\/\/brakkeconsulting.com\/?s={search_term_string}"},"query-input":{"@type":"PropertyValueSpecification","valueRequired":true,"valueName":"search_term_string"}}],"inLanguage":"pt-PT"}]}},"_links":{"self":[{"href":"https:\/\/brakkeconsulting.com\/pt\/wp-json\/wp\/v2\/pages\/179","targetHints":{"allow":["GET"]}}],"collection":[{"href":"https:\/\/brakkeconsulting.com\/pt\/wp-json\/wp\/v2\/pages"}],"about":[{"href":"https:\/\/brakkeconsulting.com\/pt\/wp-json\/wp\/v2\/types\/page"}],"author":[{"embeddable":true,"href":"https:\/\/brakkeconsulting.com\/pt\/wp-json\/wp\/v2\/users\/1"}],"replies":[{"embeddable":true,"href":"https:\/\/brakkeconsulting.com\/pt\/wp-json\/wp\/v2\/comments?post=179"}],"version-history":[{"count":2,"href":"https:\/\/brakkeconsulting.com\/pt\/wp-json\/wp\/v2\/pages\/179\/revisions"}],"predecessor-version":[{"id":26062,"href":"https:\/\/brakkeconsulting.com\/pt\/wp-json\/wp\/v2\/pages\/179\/revisions\/26062"}],"up":[{"embeddable":true,"href":"https:\/\/brakkeconsulting.com\/pt\/wp-json\/wp\/v2\/pages\/127"}],"wp:attachment":[{"href":"https:\/\/brakkeconsulting.com\/pt\/wp-json\/wp\/v2\/media?parent=179"}],"curies":[{"name":"wp","href":"https:\/\/api.w.org\/{rel}","templated":true}]}}