{"id":174,"date":"2018-01-22T07:50:16","date_gmt":"2018-01-22T07:50:16","guid":{"rendered":"\/?page_id=174"},"modified":"2019-05-09T16:33:16","modified_gmt":"2019-05-09T22:33:16","slug":"sales-force-effectiveness-study","status":"publish","type":"page","link":"https:\/\/brakkeconsulting.com\/pt\/our-services\/information\/market-research\/multi-client-studies\/sales-force-effectiveness-study\/","title":{"rendered":"Estudo de Efic\u00e1cia da For\u00e7a de Vendas \u2013 Dezembro de 2018"},"content":{"rendered":"<p>Os principais fabricantes veterin\u00e1rios t\u00eam for\u00e7as de vendas de campo chamando veterin\u00e1rios de animais de companhia e essas organiza\u00e7\u00f5es de vendas representam grandes custos para as empresas. Entender como os veterin\u00e1rios percebem o desempenho da for\u00e7a de vendas de uma empresa em termos absolutos e em compara\u00e7\u00e3o com os principais concorrentes \u00e9 uma informa\u00e7\u00e3o importante para a ger\u00eancia de vendas e a alta ger\u00eancia da empresa.<\/p>\n<p>Com base na pesquisa de marketing anterior da Brakke Consulting, sabemos que os veterin\u00e1rios t\u00eam fortes sentimentos sobre:<\/p>\n<ol>\n<li>Representantes de vendas em geral,<\/li>\n<li>Quais representantes, se houver, eles ver\u00e3o ou n\u00e3o,<\/li>\n<li>O que eles esperam dos representantes e<\/li>\n<li>O que os representantes podem fazer que influenciou compras passadas e pode influenciar compras futuras.<\/li>\n<\/ol>\n<p>O Estudo de Efic\u00e1cia da For\u00e7a de Vendas de 2018 da Brakke Consulting inclui uma pesquisa on-line aprofundada com 1000 veterin\u00e1rios de animais de companhia nos EUA que classificaram o desempenho das 20 maiores for\u00e7as de vendas da empresa. O relat\u00f3rio tamb\u00e9m inclui compara\u00e7\u00f5es de desempenho em rela\u00e7\u00e3o ao relat\u00f3rio SFES de 2016 para empresas avaliadas em estudos anteriores. O relat\u00f3rio de 2018 tamb\u00e9m incluir\u00e1 novo conte\u00fado cobrindo representantes de vendas internos e uma an\u00e1lise das diferen\u00e7as entre pr\u00e1ticas veterin\u00e1rias de propriedade corporativa e de propriedade independente.<\/p>\n<p>Para mais informa\u00e7\u00f5es, entre em contato com o gerente de projeto Bob Jones pelo telefone 336.643.1590 ou\u00a0<a href=\"mailto:info@brakkeconsulting.com\">info@brakkeconsulting.com<\/a>.<\/p>","protected":false},"excerpt":{"rendered":"<p>Os principais fabricantes de produtos veterin\u00e1rios t\u00eam equipes de vendas de campo que recorrem a veterin\u00e1rios de animais de companhia, e essas organiza\u00e7\u00f5es de vendas representam custos significativos para as empresas. Entender como os veterin\u00e1rios percebem o desempenho da equipe de vendas de uma empresa em termos absolutos e em compara\u00e7\u00e3o com os principais concorrentes \u00e9 uma informa\u00e7\u00e3o importante para a gest\u00e3o de vendas e a alta administra\u00e7\u00e3o da empresa. Com base em pesquisas de marketing anteriores da Brakke Consulting, sabemos que os veterin\u00e1rios t\u00eam fortes opini\u00f5es sobre: Representantes de vendas em geral; Quais representantes eles ver\u00e3o ou n\u00e3o, se houver; O que esperam dos representantes; e O que os representantes podem fazer que influenciou as compras anteriores e pode influenciar as compras futuras. O Estudo de Efic\u00e1cia da Equipe de Vendas de 2018 da Brakke Consulting inclui uma pesquisa online aprofundada com 1.000 veterin\u00e1rios de animais de companhia nos EUA, que avaliaram o desempenho das 20 maiores equipes de vendas das empresas. O relat\u00f3rio tamb\u00e9m inclui compara\u00e7\u00f5es de desempenho em rela\u00e7\u00e3o ao relat\u00f3rio SFES de 2016 para empresas avaliadas em estudos anteriores. O relat\u00f3rio de 2018 tamb\u00e9m incluir\u00e1 novo conte\u00fado abrangendo representantes de vendas internos e uma an\u00e1lise das diferen\u00e7as entre cl\u00ednicas veterin\u00e1rias de propriedade corporativa e independente. Para mais informa\u00e7\u00f5es, entre em contato com o gerente de projeto Bob Jones pelo telefone 336.643.1590 ou pelo e-mail info@brakkeconsulting.com.<\/p>","protected":false},"author":1,"featured_media":0,"parent":127,"menu_order":0,"comment_status":"closed","ping_status":"closed","template":"","meta":{"_acf_changed":false,"_et_pb_use_builder":"","_et_pb_old_content":"","_et_gb_content_width":"","footnotes":"","_links_to":"","_links_to_target":""},"class_list":["post-174","page","type-page","status-publish","hentry"],"acf":[],"yoast_head":"<!-- This site is optimized with the Yoast SEO plugin v27.0 - https:\/\/yoast.com\/product\/yoast-seo-wordpress\/ -->\n<title>Brakke Consulting | animal health consulting | veterinary | information | sales force benchmarking<\/title>\n<meta name=\"description\" content=\"Report detailing how veterinarians perceive the performance of animal health companies&#039; sales force in absolute terms and as compared to major competitors\" \/>\n<meta name=\"robots\" content=\"index, follow, max-snippet:-1, max-image-preview:large, max-video-preview:-1\" \/>\n<link rel=\"canonical\" href=\"https:\/\/brakkeconsulting.com\/pt\/our-services\/information\/market-research\/multi-client-studies\/sales-force-effectiveness-study\/\" \/>\n<meta property=\"og:locale\" content=\"pt_PT\" \/>\n<meta property=\"og:type\" content=\"article\" \/>\n<meta property=\"og:title\" content=\"Brakke Consulting | animal health consulting | veterinary | information | sales force benchmarking\" \/>\n<meta property=\"og:description\" content=\"Report detailing how veterinarians perceive the performance of animal health companies&#039; sales force in absolute terms and as compared to major competitors\" \/>\n<meta property=\"og:url\" content=\"https:\/\/brakkeconsulting.com\/pt\/our-services\/information\/market-research\/multi-client-studies\/sales-force-effectiveness-study\/\" \/>\n<meta property=\"og:site_name\" content=\"Brakke Consulting Website\" \/>\n<meta property=\"article:modified_time\" content=\"2019-05-09T22:33:16+00:00\" \/>\n<meta name=\"twitter:card\" content=\"summary_large_image\" \/>\n<meta name=\"twitter:label1\" content=\"Tempo estimado de leitura\" \/>\n\t<meta name=\"twitter:data1\" content=\"1 minuto\" \/>\n<script type=\"application\/ld+json\" class=\"yoast-schema-graph\">{\"@context\":\"https:\/\/schema.org\",\"@graph\":[{\"@type\":\"WebPage\",\"@id\":\"https:\/\/brakkeconsulting.com\/our-services\/information\/market-research\/multi-client-studies\/sales-force-effectiveness-study\/\",\"url\":\"https:\/\/brakkeconsulting.com\/our-services\/information\/market-research\/multi-client-studies\/sales-force-effectiveness-study\/\",\"name\":\"Brakke Consulting | animal health consulting | veterinary | information | sales force benchmarking\",\"isPartOf\":{\"@id\":\"https:\/\/brakkeconsulting.com\/#website\"},\"datePublished\":\"2018-01-22T07:50:16+00:00\",\"dateModified\":\"2019-05-09T22:33:16+00:00\",\"description\":\"Report detailing how veterinarians perceive the performance of animal health companies' sales force in absolute terms and as compared to major competitors\",\"breadcrumb\":{\"@id\":\"https:\/\/brakkeconsulting.com\/our-services\/information\/market-research\/multi-client-studies\/sales-force-effectiveness-study\/#breadcrumb\"},\"inLanguage\":\"pt-PT\",\"potentialAction\":[{\"@type\":\"ReadAction\",\"target\":[\"https:\/\/brakkeconsulting.com\/our-services\/information\/market-research\/multi-client-studies\/sales-force-effectiveness-study\/\"]}]},{\"@type\":\"BreadcrumbList\",\"@id\":\"https:\/\/brakkeconsulting.com\/our-services\/information\/market-research\/multi-client-studies\/sales-force-effectiveness-study\/#breadcrumb\",\"itemListElement\":[{\"@type\":\"ListItem\",\"position\":1,\"name\":\"Home\",\"item\":\"https:\/\/brakkeconsulting.com\/\"},{\"@type\":\"ListItem\",\"position\":2,\"name\":\"Our Services\",\"item\":\"https:\/\/brakkeconsulting.com\/pt\/our-services\/\"},{\"@type\":\"ListItem\",\"position\":3,\"name\":\"Information\",\"item\":\"https:\/\/brakkeconsulting.com\/pt\/our-services\/information\/\"},{\"@type\":\"ListItem\",\"position\":4,\"name\":\"MARKET RESEARCH\",\"item\":\"https:\/\/brakkeconsulting.com\/pt\/our-services\/information\/market-research\/\"},{\"@type\":\"ListItem\",\"position\":5,\"name\":\"Multi-Client Studies\",\"item\":\"https:\/\/brakkeconsulting.com\/pt\/our-services\/information\/market-research\/multi-client-studies\/\"},{\"@type\":\"ListItem\",\"position\":6,\"name\":\"Sales Force Effectiveness Study &#8211; December 2018\"}]},{\"@type\":\"WebSite\",\"@id\":\"https:\/\/brakkeconsulting.com\/#website\",\"url\":\"https:\/\/brakkeconsulting.com\/\",\"name\":\"Brakke Consulting Website\",\"description\":\"\",\"potentialAction\":[{\"@type\":\"SearchAction\",\"target\":{\"@type\":\"EntryPoint\",\"urlTemplate\":\"https:\/\/brakkeconsulting.com\/?s={search_term_string}\"},\"query-input\":{\"@type\":\"PropertyValueSpecification\",\"valueRequired\":true,\"valueName\":\"search_term_string\"}}],\"inLanguage\":\"pt-PT\"}]}<\/script>\n<!-- \/ Yoast SEO plugin. -->","yoast_head_json":{"title":"Brakke Consulting | animal health consulting | veterinary | information | sales force benchmarking","description":"Report detailing how veterinarians perceive the performance of animal health companies' sales force in absolute terms and as compared to major competitors","robots":{"index":"index","follow":"follow","max-snippet":"max-snippet:-1","max-image-preview":"max-image-preview:large","max-video-preview":"max-video-preview:-1"},"canonical":"https:\/\/brakkeconsulting.com\/pt\/our-services\/information\/market-research\/multi-client-studies\/sales-force-effectiveness-study\/","og_locale":"pt_PT","og_type":"article","og_title":"Brakke Consulting | animal health consulting | veterinary | information | sales force benchmarking","og_description":"Report detailing how veterinarians perceive the performance of animal health companies' sales force in absolute terms and as compared to major competitors","og_url":"https:\/\/brakkeconsulting.com\/pt\/our-services\/information\/market-research\/multi-client-studies\/sales-force-effectiveness-study\/","og_site_name":"Brakke Consulting Website","article_modified_time":"2019-05-09T22:33:16+00:00","twitter_card":"summary_large_image","twitter_misc":{"Tempo estimado de leitura":"1 minuto"},"schema":{"@context":"https:\/\/schema.org","@graph":[{"@type":"WebPage","@id":"https:\/\/brakkeconsulting.com\/our-services\/information\/market-research\/multi-client-studies\/sales-force-effectiveness-study\/","url":"https:\/\/brakkeconsulting.com\/our-services\/information\/market-research\/multi-client-studies\/sales-force-effectiveness-study\/","name":"Brakke Consulting | animal health consulting | veterinary | information | sales force benchmarking","isPartOf":{"@id":"https:\/\/brakkeconsulting.com\/#website"},"datePublished":"2018-01-22T07:50:16+00:00","dateModified":"2019-05-09T22:33:16+00:00","description":"Report detailing how veterinarians perceive the performance of animal health companies' sales force in absolute terms and as compared to major competitors","breadcrumb":{"@id":"https:\/\/brakkeconsulting.com\/our-services\/information\/market-research\/multi-client-studies\/sales-force-effectiveness-study\/#breadcrumb"},"inLanguage":"pt-PT","potentialAction":[{"@type":"ReadAction","target":["https:\/\/brakkeconsulting.com\/our-services\/information\/market-research\/multi-client-studies\/sales-force-effectiveness-study\/"]}]},{"@type":"BreadcrumbList","@id":"https:\/\/brakkeconsulting.com\/our-services\/information\/market-research\/multi-client-studies\/sales-force-effectiveness-study\/#breadcrumb","itemListElement":[{"@type":"ListItem","position":1,"name":"Home","item":"https:\/\/brakkeconsulting.com\/"},{"@type":"ListItem","position":2,"name":"Our Services","item":"https:\/\/brakkeconsulting.com\/pt\/our-services\/"},{"@type":"ListItem","position":3,"name":"Information","item":"https:\/\/brakkeconsulting.com\/pt\/our-services\/information\/"},{"@type":"ListItem","position":4,"name":"MARKET RESEARCH","item":"https:\/\/brakkeconsulting.com\/pt\/our-services\/information\/market-research\/"},{"@type":"ListItem","position":5,"name":"Multi-Client Studies","item":"https:\/\/brakkeconsulting.com\/pt\/our-services\/information\/market-research\/multi-client-studies\/"},{"@type":"ListItem","position":6,"name":"Sales Force Effectiveness Study &#8211; December 2018"}]},{"@type":"WebSite","@id":"https:\/\/brakkeconsulting.com\/#website","url":"https:\/\/brakkeconsulting.com\/","name":"Site da Brakke Consulting","description":"","potentialAction":[{"@type":"SearchAction","target":{"@type":"EntryPoint","urlTemplate":"https:\/\/brakkeconsulting.com\/?s={search_term_string}"},"query-input":{"@type":"PropertyValueSpecification","valueRequired":true,"valueName":"search_term_string"}}],"inLanguage":"pt-PT"}]}},"_links":{"self":[{"href":"https:\/\/brakkeconsulting.com\/pt\/wp-json\/wp\/v2\/pages\/174","targetHints":{"allow":["GET"]}}],"collection":[{"href":"https:\/\/brakkeconsulting.com\/pt\/wp-json\/wp\/v2\/pages"}],"about":[{"href":"https:\/\/brakkeconsulting.com\/pt\/wp-json\/wp\/v2\/types\/page"}],"author":[{"embeddable":true,"href":"https:\/\/brakkeconsulting.com\/pt\/wp-json\/wp\/v2\/users\/1"}],"replies":[{"embeddable":true,"href":"https:\/\/brakkeconsulting.com\/pt\/wp-json\/wp\/v2\/comments?post=174"}],"version-history":[{"count":6,"href":"https:\/\/brakkeconsulting.com\/pt\/wp-json\/wp\/v2\/pages\/174\/revisions"}],"predecessor-version":[{"id":26059,"href":"https:\/\/brakkeconsulting.com\/pt\/wp-json\/wp\/v2\/pages\/174\/revisions\/26059"}],"up":[{"embeddable":true,"href":"https:\/\/brakkeconsulting.com\/pt\/wp-json\/wp\/v2\/pages\/127"}],"wp:attachment":[{"href":"https:\/\/brakkeconsulting.com\/pt\/wp-json\/wp\/v2\/media?parent=174"}],"curies":[{"name":"wp","href":"https:\/\/api.w.org\/{rel}","templated":true}]}}