{"id":171,"date":"2018-01-22T07:47:30","date_gmt":"2018-01-22T07:47:30","guid":{"rendered":"\/?page_id=171"},"modified":"2018-07-09T08:21:48","modified_gmt":"2018-07-09T14:21:48","slug":"new-strategies-health-performance-us-livestock-poultry-production","status":"publish","type":"page","link":"https:\/\/brakkeconsulting.com\/pt\/our-services\/information\/market-research\/multi-client-studies\/new-strategies-health-performance-us-livestock-poultry-production\/","title":{"rendered":"Novas estrat\u00e9gias para sa\u00fade e desempenho na produ\u00e7\u00e3o pecu\u00e1ria e av\u00edcola dos EUA, janeiro de 2017"},"content":{"rendered":"<p><a href=\"\/wp-content\/uploads\/2018\/01\/New_Strategies_TOC.pdf\" target=\"_blank\" rel=\"noopener\"><strong>\u00cdndice<\/strong><\/a><\/p>\n<p>Os produtores de gado e aves enfrentam grandes mudan\u00e7as com a perda de antibi\u00f3ticos de uso partilhado para promo\u00e7\u00e3o do crescimento e a nova Directiva sobre Alimenta\u00e7\u00e3o Veterin\u00e1ria (VFD) em vigor a partir de 1 de Janeiro de 2017. Alguns produtores est\u00e3o mesmo a explorar a produ\u00e7\u00e3o sem antibi\u00f3ticos em resposta \u00e0 procura dos consumidores.<\/p>\n<p>\u201cNovas estrat\u00e9gias para sa\u00fade e desempenho na produ\u00e7\u00e3o pecu\u00e1ria e av\u00edcola dos EUA\u201d, um novo estudo da Brakke Consulting, examina como os produtores est\u00e3o respondendo a esses novos desafios. Ele examina:<\/p>\n<ul>\n<li>Mudan\u00e7as nos sistemas de produ\u00e7\u00e3o<\/li>\n<li>Novas abordagens, tecnologias e produtores de produtos est\u00e3o adotando<\/li>\n<li>Novos aditivos para ra\u00e7\u00f5es que eles est\u00e3o considerando<\/li>\n<li>Quem e o que mais influenciam a tomada de decis\u00f5es<\/li>\n<li>Quais informa\u00e7\u00f5es iniciais s\u00e3o necess\u00e1rias para motivar um produtor a investigar um novo produto ou abordagem<\/li>\n<li>Qualidade da informa\u00e7\u00e3o e suporte de empresas fornecedoras espec\u00edficas<\/li>\n<li>Como os produtores medir\u00e3o os resultados das mudan\u00e7as<\/li>\n<\/ul>\n<p>O estudo \u00e9 baseado em pesquisas qualitativas e quantitativas entre produtores, veterin\u00e1rios e nutricionistas da produ\u00e7\u00e3o de carne bovina, leiteira, aves e su\u00ednos. Os relat\u00f3rios incluem um conjunto abrangente de an\u00e1lises, incluindo m\u00e9dias e medianas, testes de signific\u00e2ncia, an\u00e1lise de vari\u00e2ncia m\u00e9dia, an\u00e1lise de regress\u00e3o e compara\u00e7\u00f5es de grupos de pares.<\/p>\n<p>De interesse especial para os assinantes ser\u00e1 uma an\u00e1lise das percep\u00e7\u00f5es da imagem da empresa, qualidade do produto e atendimento ao cliente de fornecedores individuais de nutri\u00e7\u00e3o e sa\u00fade animal, incluindo empresas farmac\u00eauticas, ra\u00e7\u00f5es, aditivos para ra\u00e7\u00f5es e empresas de higiene ambiental.<\/p>\n<p>Para um prospecto detalhado ou informa\u00e7\u00f5es adicionais, entre em contato com o gerente do projeto John Volk, (773) 327-4941 ou <a href=\"mailto:info@brakkeconsulting.com\">info@brakkeconsulting.com<\/a>.<\/p>","protected":false},"excerpt":{"rendered":"<p>Os produtores de gado e aves enfrentam grandes mudan\u00e7as com a perda de antibi\u00f3ticos de uso partilhado para promo\u00e7\u00e3o do crescimento e a nova Directiva sobre Alimenta\u00e7\u00e3o Veterin\u00e1ria (VFD) em vigor a partir de 1 de Janeiro de 2017. Alguns produtores est\u00e3o at\u00e9 a explorar a produ\u00e7\u00e3o sem antibi\u00f3ticos em resposta \u00e0 procura dos consumidores. . \u201cNovas estrat\u00e9gias para sa\u00fade e desempenho na produ\u00e7\u00e3o pecu\u00e1ria e av\u00edcola dos EUA\u201d, um novo estudo da Brakke Consulting, examina como os produtores est\u00e3o respondendo a esses novos desafios. Ele examina: Mudan\u00e7as nos sistemas de produ\u00e7\u00e3o Novas abordagens, tecnologias e produtos que os produtores est\u00e3o adotando Novos aditivos para ra\u00e7\u00f5es que est\u00e3o considerando Quem e o que mais influenciam a tomada de decis\u00f5es Que informa\u00e7\u00f5es iniciais s\u00e3o necess\u00e1rias para motivar um produtor a investigar um novo produto ou abordagem Qualidade da informa\u00e7\u00e3o e apoio de empresas fornecedoras espec\u00edficas Como os produtores medir\u00e3o os resultados das mudan\u00e7as O estudo \u00e9 baseado em pesquisas qualitativas e quantitativas entre produtores, veterin\u00e1rios e nutricionistas na produ\u00e7\u00e3o de carne bovina, latic\u00ednios, aves e su\u00ednos. Os relat\u00f3rios incluem um conjunto abrangente de an\u00e1lises, incluindo m\u00e9dias e medianas, testes de signific\u00e2ncia, an\u00e1lise de vari\u00e2ncia m\u00e9dia, an\u00e1lise de regress\u00e3o e compara\u00e7\u00f5es de grupos de pares. De especial interesse para os assinantes ser\u00e1 uma an\u00e1lise das percep\u00e7\u00f5es da imagem da empresa, qualidade do produto e atendimento ao cliente de fornecedores individuais de sa\u00fade e nutri\u00e7\u00e3o animal, incluindo empresas farmac\u00eauticas, empresas de ra\u00e7\u00f5es, aditivos para ra\u00e7\u00f5es e higiene ambiental. Para um prospecto detalhado ou informa\u00e7\u00f5es adicionais, entre em contato com o gerente do projeto John Volk,<\/p>\n<div class=\"view-full-post\"><a href=\"https:\/\/brakkeconsulting.com\/pt\/our-services\/information\/market-research\/multi-client-studies\/new-strategies-health-performance-us-livestock-poultry-production\/\" class=\"view-full-post-btn\">Ver postagem completa<\/a><\/div>\n<p>;<\/p>","protected":false},"author":1,"featured_media":0,"parent":127,"menu_order":0,"comment_status":"closed","ping_status":"closed","template":"","meta":{"_acf_changed":false,"_et_pb_use_builder":"","_et_pb_old_content":"","_et_gb_content_width":"","footnotes":"","_links_to":"","_links_to_target":""},"class_list":["post-171","page","type-page","status-publish","hentry"],"acf":[],"yoast_head":"<!-- This site is optimized with the Yoast SEO plugin v27.0 - https:\/\/yoast.com\/product\/yoast-seo-wordpress\/ -->\n<title>Brakke Consulting, Inc. animal health consultants<\/title>\n<meta name=\"description\" content=\"For over 30 years, Brakke Consulting has been the leading management consulting firm specializing in the animal health, veterinary and pet industries.\" \/>\n<meta name=\"robots\" content=\"index, follow, max-snippet:-1, max-image-preview:large, max-video-preview:-1\" \/>\n<link rel=\"canonical\" href=\"https:\/\/brakkeconsulting.com\/pt\/our-services\/information\/market-research\/multi-client-studies\/new-strategies-health-performance-us-livestock-poultry-production\/\" \/>\n<meta property=\"og:locale\" content=\"pt_PT\" \/>\n<meta property=\"og:type\" content=\"article\" \/>\n<meta property=\"og:title\" content=\"Brakke Consulting, Inc. animal health consultants\" \/>\n<meta property=\"og:description\" content=\"For over 30 years, Brakke Consulting has been the leading management consulting firm specializing in the animal health, veterinary and pet industries.\" \/>\n<meta property=\"og:url\" content=\"https:\/\/brakkeconsulting.com\/pt\/our-services\/information\/market-research\/multi-client-studies\/new-strategies-health-performance-us-livestock-poultry-production\/\" \/>\n<meta property=\"og:site_name\" content=\"Brakke Consulting Website\" \/>\n<meta property=\"article:modified_time\" content=\"2018-07-09T14:21:48+00:00\" \/>\n<meta name=\"twitter:card\" content=\"summary_large_image\" \/>\n<meta name=\"twitter:label1\" content=\"Tempo estimado de leitura\" \/>\n\t<meta name=\"twitter:data1\" content=\"1 minuto\" \/>\n<script type=\"application\/ld+json\" class=\"yoast-schema-graph\">{\"@context\":\"https:\/\/schema.org\",\"@graph\":[{\"@type\":\"WebPage\",\"@id\":\"https:\/\/brakkeconsulting.com\/our-services\/information\/market-research\/multi-client-studies\/new-strategies-health-performance-us-livestock-poultry-production\/\",\"url\":\"https:\/\/brakkeconsulting.com\/our-services\/information\/market-research\/multi-client-studies\/new-strategies-health-performance-us-livestock-poultry-production\/\",\"name\":\"Brakke Consulting, Inc. animal health consultants\",\"isPartOf\":{\"@id\":\"https:\/\/brakkeconsulting.com\/#website\"},\"datePublished\":\"2018-01-22T07:47:30+00:00\",\"dateModified\":\"2018-07-09T14:21:48+00:00\",\"description\":\"For over 30 years, Brakke Consulting has been the leading management consulting firm specializing in the animal health, veterinary and pet industries.\",\"breadcrumb\":{\"@id\":\"https:\/\/brakkeconsulting.com\/our-services\/information\/market-research\/multi-client-studies\/new-strategies-health-performance-us-livestock-poultry-production\/#breadcrumb\"},\"inLanguage\":\"pt-PT\",\"potentialAction\":[{\"@type\":\"ReadAction\",\"target\":[\"https:\/\/brakkeconsulting.com\/our-services\/information\/market-research\/multi-client-studies\/new-strategies-health-performance-us-livestock-poultry-production\/\"]}]},{\"@type\":\"BreadcrumbList\",\"@id\":\"https:\/\/brakkeconsulting.com\/our-services\/information\/market-research\/multi-client-studies\/new-strategies-health-performance-us-livestock-poultry-production\/#breadcrumb\",\"itemListElement\":[{\"@type\":\"ListItem\",\"position\":1,\"name\":\"Home\",\"item\":\"https:\/\/brakkeconsulting.com\/\"},{\"@type\":\"ListItem\",\"position\":2,\"name\":\"Our Services\",\"item\":\"https:\/\/brakkeconsulting.com\/pt\/our-services\/\"},{\"@type\":\"ListItem\",\"position\":3,\"name\":\"Information\",\"item\":\"https:\/\/brakkeconsulting.com\/pt\/our-services\/information\/\"},{\"@type\":\"ListItem\",\"position\":4,\"name\":\"MARKET RESEARCH\",\"item\":\"https:\/\/brakkeconsulting.com\/pt\/our-services\/information\/market-research\/\"},{\"@type\":\"ListItem\",\"position\":5,\"name\":\"Multi-Client Studies\",\"item\":\"https:\/\/brakkeconsulting.com\/pt\/our-services\/information\/market-research\/multi-client-studies\/\"},{\"@type\":\"ListItem\",\"position\":6,\"name\":\"New Strategies for Health and Performance in US Livestock and Poultry Production, January 2017\"}]},{\"@type\":\"WebSite\",\"@id\":\"https:\/\/brakkeconsulting.com\/#website\",\"url\":\"https:\/\/brakkeconsulting.com\/\",\"name\":\"Brakke Consulting Website\",\"description\":\"\",\"potentialAction\":[{\"@type\":\"SearchAction\",\"target\":{\"@type\":\"EntryPoint\",\"urlTemplate\":\"https:\/\/brakkeconsulting.com\/?s={search_term_string}\"},\"query-input\":{\"@type\":\"PropertyValueSpecification\",\"valueRequired\":true,\"valueName\":\"search_term_string\"}}],\"inLanguage\":\"pt-PT\"}]}<\/script>\n<!-- \/ Yoast SEO plugin. -->","yoast_head_json":{"title":"Brakke Consulting, Inc. consultores em sa\u00fade animal","description":"H\u00e1 mais de 30 anos, a Brakke Consulting \u00e9 a principal empresa de consultoria de gest\u00e3o especializada nos setores de sa\u00fade animal, veterin\u00e1ria e animais de estima\u00e7\u00e3o.","robots":{"index":"index","follow":"follow","max-snippet":"max-snippet:-1","max-image-preview":"max-image-preview:large","max-video-preview":"max-video-preview:-1"},"canonical":"https:\/\/brakkeconsulting.com\/pt\/our-services\/information\/market-research\/multi-client-studies\/new-strategies-health-performance-us-livestock-poultry-production\/","og_locale":"pt_PT","og_type":"article","og_title":"Brakke Consulting, Inc. animal health consultants","og_description":"For over 30 years, Brakke Consulting has been the leading management consulting firm specializing in the animal health, veterinary and pet industries.","og_url":"https:\/\/brakkeconsulting.com\/pt\/our-services\/information\/market-research\/multi-client-studies\/new-strategies-health-performance-us-livestock-poultry-production\/","og_site_name":"Brakke Consulting Website","article_modified_time":"2018-07-09T14:21:48+00:00","twitter_card":"summary_large_image","twitter_misc":{"Tempo estimado de leitura":"1 minuto"},"schema":{"@context":"https:\/\/schema.org","@graph":[{"@type":"WebPage","@id":"https:\/\/brakkeconsulting.com\/our-services\/information\/market-research\/multi-client-studies\/new-strategies-health-performance-us-livestock-poultry-production\/","url":"https:\/\/brakkeconsulting.com\/our-services\/information\/market-research\/multi-client-studies\/new-strategies-health-performance-us-livestock-poultry-production\/","name":"Brakke Consulting, Inc. consultores em sa\u00fade animal","isPartOf":{"@id":"https:\/\/brakkeconsulting.com\/#website"},"datePublished":"2018-01-22T07:47:30+00:00","dateModified":"2018-07-09T14:21:48+00:00","description":"H\u00e1 mais de 30 anos, a Brakke Consulting \u00e9 a principal empresa de consultoria de gest\u00e3o especializada nos setores de sa\u00fade animal, veterin\u00e1ria e animais de estima\u00e7\u00e3o.","breadcrumb":{"@id":"https:\/\/brakkeconsulting.com\/our-services\/information\/market-research\/multi-client-studies\/new-strategies-health-performance-us-livestock-poultry-production\/#breadcrumb"},"inLanguage":"pt-PT","potentialAction":[{"@type":"ReadAction","target":["https:\/\/brakkeconsulting.com\/our-services\/information\/market-research\/multi-client-studies\/new-strategies-health-performance-us-livestock-poultry-production\/"]}]},{"@type":"BreadcrumbList","@id":"https:\/\/brakkeconsulting.com\/our-services\/information\/market-research\/multi-client-studies\/new-strategies-health-performance-us-livestock-poultry-production\/#breadcrumb","itemListElement":[{"@type":"ListItem","position":1,"name":"Home","item":"https:\/\/brakkeconsulting.com\/"},{"@type":"ListItem","position":2,"name":"Our Services","item":"https:\/\/brakkeconsulting.com\/pt\/our-services\/"},{"@type":"ListItem","position":3,"name":"Information","item":"https:\/\/brakkeconsulting.com\/pt\/our-services\/information\/"},{"@type":"ListItem","position":4,"name":"MARKET RESEARCH","item":"https:\/\/brakkeconsulting.com\/pt\/our-services\/information\/market-research\/"},{"@type":"ListItem","position":5,"name":"Multi-Client Studies","item":"https:\/\/brakkeconsulting.com\/pt\/our-services\/information\/market-research\/multi-client-studies\/"},{"@type":"ListItem","position":6,"name":"New Strategies for Health and Performance in US Livestock and Poultry Production, January 2017"}]},{"@type":"WebSite","@id":"https:\/\/brakkeconsulting.com\/#website","url":"https:\/\/brakkeconsulting.com\/","name":"Site da Brakke Consulting","description":"","potentialAction":[{"@type":"SearchAction","target":{"@type":"EntryPoint","urlTemplate":"https:\/\/brakkeconsulting.com\/?s={search_term_string}"},"query-input":{"@type":"PropertyValueSpecification","valueRequired":true,"valueName":"search_term_string"}}],"inLanguage":"pt-PT"}]}},"_links":{"self":[{"href":"https:\/\/brakkeconsulting.com\/pt\/wp-json\/wp\/v2\/pages\/171","targetHints":{"allow":["GET"]}}],"collection":[{"href":"https:\/\/brakkeconsulting.com\/pt\/wp-json\/wp\/v2\/pages"}],"about":[{"href":"https:\/\/brakkeconsulting.com\/pt\/wp-json\/wp\/v2\/types\/page"}],"author":[{"embeddable":true,"href":"https:\/\/brakkeconsulting.com\/pt\/wp-json\/wp\/v2\/users\/1"}],"replies":[{"embeddable":true,"href":"https:\/\/brakkeconsulting.com\/pt\/wp-json\/wp\/v2\/comments?post=171"}],"version-history":[{"count":1,"href":"https:\/\/brakkeconsulting.com\/pt\/wp-json\/wp\/v2\/pages\/171\/revisions"}],"predecessor-version":[{"id":173,"href":"https:\/\/brakkeconsulting.com\/pt\/wp-json\/wp\/v2\/pages\/171\/revisions\/173"}],"up":[{"embeddable":true,"href":"https:\/\/brakkeconsulting.com\/pt\/wp-json\/wp\/v2\/pages\/127"}],"wp:attachment":[{"href":"https:\/\/brakkeconsulting.com\/pt\/wp-json\/wp\/v2\/media?parent=171"}],"curies":[{"name":"wp","href":"https:\/\/api.w.org\/{rel}","templated":true}]}}