{"id":168,"date":"2018-01-22T07:45:18","date_gmt":"2018-01-22T07:45:18","guid":{"rendered":"\/?page_id=168"},"modified":"2019-05-16T12:13:09","modified_gmt":"2019-05-16T18:13:09","slug":"pain-management-products-dogs-cats","status":"publish","type":"page","link":"https:\/\/brakkeconsulting.com\/pt\/our-services\/information\/market-research\/multi-client-studies\/pain-management-products-dogs-cats\/","title":{"rendered":"Produtos para controle da dor em c\u00e3es e gatos, maio de 2019"},"content":{"rendered":"<p>O manejo da dor \u00e9 um dos principais t\u00f3picos da medicina veterin\u00e1ria atualmente. Embora os produtos para o tratamento da dor em c\u00e3es e gatos representassem uma pequena parte do mercado farmac\u00eautico h\u00e1 20 anos, representam agora um segmento de mercado substancial.<\/p>\n<p>O novo relat\u00f3rio da Brakke Consulting, Pain Management Products for Dogs and Cats, inclui informa\u00e7\u00f5es como:<\/p>\n<ul>\n<li>Vis\u00e3o geral da dor aguda e cr\u00f4nica em pequenos animais<\/li>\n<li>Revis\u00e3o dos produtos atualmente utilizados no tratamento da dor em c\u00e3es e gatos<\/li>\n<li>Discuss\u00e3o do impacto da crise dos opioides humanos no uso veterin\u00e1rio de opioides<\/li>\n<li>Estimativas de vendas e pre\u00e7os nos EUA dos principais produtos para o controle da dor<\/li>\n<li>Apresenta\u00e7\u00f5es de novos produtos<\/li>\n<li>An\u00e1lise aprofundada dos produtos de controle da dor em desenvolvimento<\/li>\n<li>Revis\u00e3o de suplementos nutricionais usados para dor cr\u00f4nica<\/li>\n<li>Revis\u00e3o de dietas terap\u00eauticas para cuidados articulares<\/li>\n<li>Discuss\u00e3o sobre o uso de canabin\u00f3ides no tratamento da dor em animais de estima\u00e7\u00e3o<\/li>\n<li>Vis\u00e3o geral das terapias complementares para o tratamento da dor<\/li>\n<li>Pesquisa com 370 veterin\u00e1rios de pequenos animais sobre o uso de produtos para controle da dor<\/li>\n<\/ul>\n<p>Para obter mais informa\u00e7\u00f5es, entre em contato com o gerente de projeto Lynn Fondon, DVM, MBA, em 336-396-3916 ou <a href=\"mailto:info@brakkeconsulting.com\">info@brakkeconsulting.com<\/a>.<\/p>","protected":false},"excerpt":{"rendered":"<p>O manejo da dor \u00e9 um dos principais t\u00f3picos da medicina veterin\u00e1ria atualmente. Embora os produtos para o tratamento da dor em c\u00e3es e gatos representassem uma pequena parte do mercado farmac\u00eautico h\u00e1 20 anos, representam agora um segmento de mercado substancial. O novo relat\u00f3rio da Brakke Consulting, Pain Management Products for Dogs and Cats, inclui informa\u00e7\u00f5es como: Vis\u00e3o geral da dor aguda e cr\u00f4nica em pequenos animais Revis\u00e3o dos produtos atualmente usados para tratar a dor em c\u00e3es e gatos Discuss\u00e3o do impacto da crise de opioides humanos sobre uso veterin\u00e1rio de opioides Estimativas de vendas e pre\u00e7os nos EUA dos principais produtos para controle da dor Lan\u00e7amento de novos produtos An\u00e1lise aprofundada de produtos para controle da dor em desenvolvimento Revis\u00e3o de suplementos nutricionais usados para dor cr\u00f4nica Revis\u00e3o de dietas terap\u00eauticas para cuidados com articula\u00e7\u00f5es Discuss\u00e3o do uso de canabin\u00f3ides no tratamento de animais de estima\u00e7\u00e3o dor Vis\u00e3o geral das terapias complementares para o controle da dor Pesquisa com 370 veterin\u00e1rios de pequenos animais sobre o uso de produtos para o controle da dor Para obter mais informa\u00e7\u00f5es, entre em contato com a gerente do projeto Lynn Fondon, DVM, MBA, pelo telefone 336-396-3916 ou info@brakkeconsulting.com.<\/p>","protected":false},"author":1,"featured_media":0,"parent":127,"menu_order":0,"comment_status":"closed","ping_status":"closed","template":"","meta":{"_acf_changed":false,"_et_pb_use_builder":"","_et_pb_old_content":"","_et_gb_content_width":"","footnotes":"","_links_to":"","_links_to_target":""},"class_list":["post-168","page","type-page","status-publish","hentry"],"acf":[],"yoast_head":"<!-- This site is optimized with the Yoast SEO plugin v27.0 - https:\/\/yoast.com\/product\/yoast-seo-wordpress\/ -->\n<title>Brakke Consulting | animal health consulting | veterinary | information | dog cat pain management<\/title>\n<meta name=\"description\" content=\"Comprehensive report detailing the products used for pain management in dogs and cats, including product sales and ground-level opinions from veterinarians.\" \/>\n<meta name=\"robots\" content=\"index, follow, max-snippet:-1, max-image-preview:large, max-video-preview:-1\" \/>\n<link rel=\"canonical\" href=\"https:\/\/brakkeconsulting.com\/pt\/our-services\/information\/market-research\/multi-client-studies\/pain-management-products-dogs-cats\/\" \/>\n<meta property=\"og:locale\" content=\"pt_PT\" \/>\n<meta property=\"og:type\" content=\"article\" \/>\n<meta property=\"og:title\" content=\"Brakke Consulting | animal health consulting | veterinary | information | dog cat pain management\" \/>\n<meta property=\"og:description\" content=\"Comprehensive report detailing the products used for pain management in dogs and cats, including product sales and ground-level opinions from veterinarians.\" \/>\n<meta property=\"og:url\" content=\"https:\/\/brakkeconsulting.com\/pt\/our-services\/information\/market-research\/multi-client-studies\/pain-management-products-dogs-cats\/\" \/>\n<meta property=\"og:site_name\" content=\"Brakke Consulting Website\" \/>\n<meta property=\"article:modified_time\" content=\"2019-05-16T18:13:09+00:00\" \/>\n<meta name=\"twitter:card\" content=\"summary_large_image\" \/>\n<meta name=\"twitter:label1\" content=\"Tempo estimado de leitura\" \/>\n\t<meta name=\"twitter:data1\" content=\"1 minuto\" \/>\n<script type=\"application\/ld+json\" class=\"yoast-schema-graph\">{\"@context\":\"https:\/\/schema.org\",\"@graph\":[{\"@type\":\"WebPage\",\"@id\":\"https:\/\/brakkeconsulting.com\/our-services\/information\/market-research\/multi-client-studies\/pain-management-products-dogs-cats\/\",\"url\":\"https:\/\/brakkeconsulting.com\/our-services\/information\/market-research\/multi-client-studies\/pain-management-products-dogs-cats\/\",\"name\":\"Brakke Consulting | animal health consulting | veterinary | information | dog cat pain management\",\"isPartOf\":{\"@id\":\"https:\/\/brakkeconsulting.com\/#website\"},\"datePublished\":\"2018-01-22T07:45:18+00:00\",\"dateModified\":\"2019-05-16T18:13:09+00:00\",\"description\":\"Comprehensive report detailing the products used for pain management in dogs and cats, including product sales and ground-level opinions from veterinarians.\",\"breadcrumb\":{\"@id\":\"https:\/\/brakkeconsulting.com\/our-services\/information\/market-research\/multi-client-studies\/pain-management-products-dogs-cats\/#breadcrumb\"},\"inLanguage\":\"pt-PT\",\"potentialAction\":[{\"@type\":\"ReadAction\",\"target\":[\"https:\/\/brakkeconsulting.com\/our-services\/information\/market-research\/multi-client-studies\/pain-management-products-dogs-cats\/\"]}]},{\"@type\":\"BreadcrumbList\",\"@id\":\"https:\/\/brakkeconsulting.com\/our-services\/information\/market-research\/multi-client-studies\/pain-management-products-dogs-cats\/#breadcrumb\",\"itemListElement\":[{\"@type\":\"ListItem\",\"position\":1,\"name\":\"Home\",\"item\":\"https:\/\/brakkeconsulting.com\/\"},{\"@type\":\"ListItem\",\"position\":2,\"name\":\"Our Services\",\"item\":\"https:\/\/brakkeconsulting.com\/pt\/our-services\/\"},{\"@type\":\"ListItem\",\"position\":3,\"name\":\"Information\",\"item\":\"https:\/\/brakkeconsulting.com\/pt\/our-services\/information\/\"},{\"@type\":\"ListItem\",\"position\":4,\"name\":\"MARKET RESEARCH\",\"item\":\"https:\/\/brakkeconsulting.com\/pt\/our-services\/information\/market-research\/\"},{\"@type\":\"ListItem\",\"position\":5,\"name\":\"Multi-Client Studies\",\"item\":\"https:\/\/brakkeconsulting.com\/pt\/our-services\/information\/market-research\/multi-client-studies\/\"},{\"@type\":\"ListItem\",\"position\":6,\"name\":\"Pain Management Products for Dogs and Cats, May 2019\"}]},{\"@type\":\"WebSite\",\"@id\":\"https:\/\/brakkeconsulting.com\/#website\",\"url\":\"https:\/\/brakkeconsulting.com\/\",\"name\":\"Brakke Consulting Website\",\"description\":\"\",\"potentialAction\":[{\"@type\":\"SearchAction\",\"target\":{\"@type\":\"EntryPoint\",\"urlTemplate\":\"https:\/\/brakkeconsulting.com\/?s={search_term_string}\"},\"query-input\":{\"@type\":\"PropertyValueSpecification\",\"valueRequired\":true,\"valueName\":\"search_term_string\"}}],\"inLanguage\":\"pt-PT\"}]}<\/script>\n<!-- \/ Yoast SEO plugin. -->","yoast_head_json":{"title":"Brakke Consulting | animal health consulting | veterinary | information | dog cat pain management","description":"Comprehensive report detailing the products used for pain management in dogs and cats, including product sales and ground-level opinions from veterinarians.","robots":{"index":"index","follow":"follow","max-snippet":"max-snippet:-1","max-image-preview":"max-image-preview:large","max-video-preview":"max-video-preview:-1"},"canonical":"https:\/\/brakkeconsulting.com\/pt\/our-services\/information\/market-research\/multi-client-studies\/pain-management-products-dogs-cats\/","og_locale":"pt_PT","og_type":"article","og_title":"Brakke Consulting | animal health consulting | veterinary | information | dog cat pain management","og_description":"Comprehensive report detailing the products used for pain management in dogs and cats, including product sales and ground-level opinions from veterinarians.","og_url":"https:\/\/brakkeconsulting.com\/pt\/our-services\/information\/market-research\/multi-client-studies\/pain-management-products-dogs-cats\/","og_site_name":"Brakke Consulting Website","article_modified_time":"2019-05-16T18:13:09+00:00","twitter_card":"summary_large_image","twitter_misc":{"Tempo estimado de leitura":"1 minuto"},"schema":{"@context":"https:\/\/schema.org","@graph":[{"@type":"WebPage","@id":"https:\/\/brakkeconsulting.com\/our-services\/information\/market-research\/multi-client-studies\/pain-management-products-dogs-cats\/","url":"https:\/\/brakkeconsulting.com\/our-services\/information\/market-research\/multi-client-studies\/pain-management-products-dogs-cats\/","name":"Brakke Consulting | animal health consulting | veterinary | information | dog cat pain management","isPartOf":{"@id":"https:\/\/brakkeconsulting.com\/#website"},"datePublished":"2018-01-22T07:45:18+00:00","dateModified":"2019-05-16T18:13:09+00:00","description":"Comprehensive report detailing the products used for pain management in dogs and cats, including product sales and ground-level opinions from veterinarians.","breadcrumb":{"@id":"https:\/\/brakkeconsulting.com\/our-services\/information\/market-research\/multi-client-studies\/pain-management-products-dogs-cats\/#breadcrumb"},"inLanguage":"pt-PT","potentialAction":[{"@type":"ReadAction","target":["https:\/\/brakkeconsulting.com\/our-services\/information\/market-research\/multi-client-studies\/pain-management-products-dogs-cats\/"]}]},{"@type":"BreadcrumbList","@id":"https:\/\/brakkeconsulting.com\/our-services\/information\/market-research\/multi-client-studies\/pain-management-products-dogs-cats\/#breadcrumb","itemListElement":[{"@type":"ListItem","position":1,"name":"Home","item":"https:\/\/brakkeconsulting.com\/"},{"@type":"ListItem","position":2,"name":"Our Services","item":"https:\/\/brakkeconsulting.com\/pt\/our-services\/"},{"@type":"ListItem","position":3,"name":"Information","item":"https:\/\/brakkeconsulting.com\/pt\/our-services\/information\/"},{"@type":"ListItem","position":4,"name":"MARKET RESEARCH","item":"https:\/\/brakkeconsulting.com\/pt\/our-services\/information\/market-research\/"},{"@type":"ListItem","position":5,"name":"Multi-Client Studies","item":"https:\/\/brakkeconsulting.com\/pt\/our-services\/information\/market-research\/multi-client-studies\/"},{"@type":"ListItem","position":6,"name":"Pain Management Products for Dogs and Cats, May 2019"}]},{"@type":"WebSite","@id":"https:\/\/brakkeconsulting.com\/#website","url":"https:\/\/brakkeconsulting.com\/","name":"Site da Brakke Consulting","description":"","potentialAction":[{"@type":"SearchAction","target":{"@type":"EntryPoint","urlTemplate":"https:\/\/brakkeconsulting.com\/?s={search_term_string}"},"query-input":{"@type":"PropertyValueSpecification","valueRequired":true,"valueName":"search_term_string"}}],"inLanguage":"pt-PT"}]}},"_links":{"self":[{"href":"https:\/\/brakkeconsulting.com\/pt\/wp-json\/wp\/v2\/pages\/168","targetHints":{"allow":["GET"]}}],"collection":[{"href":"https:\/\/brakkeconsulting.com\/pt\/wp-json\/wp\/v2\/pages"}],"about":[{"href":"https:\/\/brakkeconsulting.com\/pt\/wp-json\/wp\/v2\/types\/page"}],"author":[{"embeddable":true,"href":"https:\/\/brakkeconsulting.com\/pt\/wp-json\/wp\/v2\/users\/1"}],"replies":[{"embeddable":true,"href":"https:\/\/brakkeconsulting.com\/pt\/wp-json\/wp\/v2\/comments?post=168"}],"version-history":[{"count":6,"href":"https:\/\/brakkeconsulting.com\/pt\/wp-json\/wp\/v2\/pages\/168\/revisions"}],"predecessor-version":[{"id":26071,"href":"https:\/\/brakkeconsulting.com\/pt\/wp-json\/wp\/v2\/pages\/168\/revisions\/26071"}],"up":[{"embeddable":true,"href":"https:\/\/brakkeconsulting.com\/pt\/wp-json\/wp\/v2\/pages\/127"}],"wp:attachment":[{"href":"https:\/\/brakkeconsulting.com\/pt\/wp-json\/wp\/v2\/media?parent=168"}],"curies":[{"name":"wp","href":"https:\/\/api.w.org\/{rel}","templated":true}]}}