{"id":160,"date":"2018-01-21T23:14:50","date_gmt":"2018-01-21T23:14:50","guid":{"rendered":"\/?page_id=160"},"modified":"2018-03-09T09:58:38","modified_gmt":"2018-03-09T15:58:38","slug":"veterinary-technical-services-study","status":"publish","type":"page","link":"https:\/\/brakkeconsulting.com\/pt\/our-services\/information\/market-research\/multi-client-studies\/veterinary-technical-services-study\/","title":{"rendered":"Estudo de Servi\u00e7os T\u00e9cnicos Veterin\u00e1rios, mar\u00e7o de 2018"},"content":{"rendered":"<p>Para qualquer empresa que venda produtos e servi\u00e7os para cl\u00ednicas veterin\u00e1rias, um suporte de servi\u00e7o t\u00e9cnico s\u00f3lido \u00e9 uma fun\u00e7\u00e3o necess\u00e1ria. As equipes de servi\u00e7o t\u00e9cnico n\u00e3o apenas representam um investimento financeiro significativo, mas tamb\u00e9m podem ser respons\u00e1veis por 10% ou mais da comunica\u00e7\u00e3o voltada para o cliente de uma empresa.<\/p>\n<p>Muitas empresas t\u00eam utilizado uma ou mais pesquisas e ferramentas de benchmarking para avaliar a efic\u00e1cia de suas equipes de vendas por muitos anos. No entanto, tem havido um vazio de tais recursos dispon\u00edveis para avaliar as equipes t\u00e9cnicas veterin\u00e1rias. Este estudo determina as expectativas dos profissionais de animais de companhia em rela\u00e7\u00e3o aos servi\u00e7os t\u00e9cnicos veterin\u00e1rios e compara como as equipes de cada empresa atendem a essas expectativas. A equipe de servi\u00e7o t\u00e9cnico veterin\u00e1rio de cada empresa \u00e9 comparada a uma pequena lista de concorrentes importantes.<\/p>\n<p>Quais s\u00e3o as expectativas do profissional quanto ao suporte dos servi\u00e7os veterin\u00e1rios? Qu\u00e3o eficaz \u00e9 a equipe de servi\u00e7os veterin\u00e1rios? Quais s\u00e3o seus pontos fortes e fracos? Onde ela supera os concorrentes? Onde \u00e9 superado? Quais capacidades ou atributos precisam ser melhorados? Qual investimento em treinamento ou outras mudan\u00e7as beneficiaria mais a empresa?<\/p>\n<p>A Brakke Consulting e a Ipsos Agriculture and Animal Health respondem a essas perguntas e muito mais com um estudo abrangente que avalia a efic\u00e1cia das equipes de servi\u00e7o t\u00e9cnico veterin\u00e1rio de animais de companhia dos EUA.<\/p>\n<p>As equipes de Servi\u00e7os T\u00e9cnicos Veterin\u00e1rios avaliadas incluem:<\/p>\n<p>Abaxis<br \/>\nDiagn\u00f3stico Antech<br \/>\nBayer<br \/>\nBoehringer Ingelheim<br \/>\nceva<br \/>\nElanco<br \/>\nColinas<br \/>\nIDEXX<br \/>\nMerck<br \/>\nNestl\u00e9 Purina PetCare<br \/>\nRoyal Canin<br \/>\nVirbac<br \/>\nZoetis<\/p>\n<p>Para obter mais informa\u00e7\u00f5es, entre em contato com o gerente de projeto Cary Christensen em 913.205.6578 ou <a href=\"mailto:info@brakkeconsulting.com\">info@brakkeconsulting.com<\/a>.<\/p>","protected":false},"excerpt":{"rendered":"<p>Para qualquer empresa que venda produtos e servi\u00e7os para cl\u00ednicas veterin\u00e1rias, um s\u00f3lido suporte t\u00e9cnico \u00e9 uma fun\u00e7\u00e3o necess\u00e1ria. As equipes de servi\u00e7o t\u00e9cnico n\u00e3o apenas representam um investimento financeiro significativo, mas tamb\u00e9m podem ser respons\u00e1veis por 10% ou mais da comunica\u00e7\u00e3o com o cliente de uma empresa. Muitas empresas utilizam uma ou mais pesquisas e ferramentas de benchmarking para avaliar a efic\u00e1cia de suas equipes de vendas h\u00e1 muitos anos. No entanto, h\u00e1 uma car\u00eancia desses recursos dispon\u00edveis para avaliar equipes t\u00e9cnicas veterin\u00e1rias. Este estudo determina as expectativas dos profissionais de sa\u00fade que trabalham com animais de companhia em rela\u00e7\u00e3o aos servi\u00e7os t\u00e9cnicos veterin\u00e1rios e compara como as equipes de cada empresa atendem a essas expectativas. A equipe de servi\u00e7o t\u00e9cnico veterin\u00e1rio de cada empresa \u00e9 comparada a uma pequena lista de concorrentes-chave. Quais s\u00e3o as expectativas dos profissionais em rela\u00e7\u00e3o ao suporte aos servi\u00e7os veterin\u00e1rios? Qual a efic\u00e1cia da equipe de servi\u00e7os veterin\u00e1rios? Quais s\u00e3o seus pontos fortes e fracos? Onde ela supera os concorrentes? Onde ela \u00e9 superada? Quais capacidades ou atributos mais precisam ser aprimorados? Qual investimento em treinamento ou outras mudan\u00e7as beneficiaria mais a empresa? A Brakke Consulting e a Ipsos Agriculture and Animal Health respondem a essas e outras perguntas com um estudo abrangente que avalia a efic\u00e1cia das equipes de servi\u00e7os t\u00e9cnicos veterin\u00e1rios para animais de companhia nos EUA. As equipes de servi\u00e7os t\u00e9cnicos veterin\u00e1rios avaliadas incluem: Abaxis, Antech Diagnostics, Bayer, Boehringer, Ingelheim, Ceva, Elanco Hills, IDEXX, Merck, Nestl\u00e9, Purina PetCare, Royal Canin.<\/p>\n<div class=\"view-full-post\"><a href=\"https:\/\/brakkeconsulting.com\/pt\/our-services\/information\/market-research\/multi-client-studies\/veterinary-technical-services-study\/\" class=\"view-full-post-btn\">Ver postagem completa<\/a><\/div>\n<p>;<\/p>","protected":false},"author":1,"featured_media":0,"parent":127,"menu_order":0,"comment_status":"closed","ping_status":"closed","template":"","meta":{"_acf_changed":false,"_et_pb_use_builder":"","_et_pb_old_content":"","_et_gb_content_width":"","footnotes":"","_links_to":"","_links_to_target":""},"class_list":["post-160","page","type-page","status-publish","hentry"],"acf":[],"yoast_head":"<!-- This site is optimized with the Yoast SEO plugin v27.0 - https:\/\/yoast.com\/product\/yoast-seo-wordpress\/ -->\n<title>Brakke Consulting, Inc. animal health consultants<\/title>\n<meta name=\"description\" content=\"For over 30 years, Brakke Consulting has been the leading management consulting firm specializing in the animal health, veterinary and pet industries.\" \/>\n<meta name=\"robots\" content=\"index, follow, max-snippet:-1, max-image-preview:large, max-video-preview:-1\" \/>\n<link rel=\"canonical\" href=\"https:\/\/brakkeconsulting.com\/pt\/our-services\/information\/market-research\/multi-client-studies\/veterinary-technical-services-study\/\" \/>\n<meta property=\"og:locale\" content=\"pt_PT\" \/>\n<meta property=\"og:type\" content=\"article\" \/>\n<meta property=\"og:title\" content=\"Brakke Consulting, Inc. animal health consultants\" \/>\n<meta property=\"og:description\" content=\"For over 30 years, Brakke Consulting has been the leading management consulting firm specializing in the animal health, veterinary and pet industries.\" \/>\n<meta property=\"og:url\" content=\"https:\/\/brakkeconsulting.com\/pt\/our-services\/information\/market-research\/multi-client-studies\/veterinary-technical-services-study\/\" \/>\n<meta property=\"og:site_name\" content=\"Brakke Consulting Website\" \/>\n<meta property=\"article:modified_time\" content=\"2018-03-09T15:58:38+00:00\" \/>\n<meta name=\"twitter:card\" content=\"summary_large_image\" \/>\n<meta name=\"twitter:label1\" content=\"Tempo estimado de leitura\" \/>\n\t<meta name=\"twitter:data1\" content=\"1 minuto\" \/>\n<script type=\"application\/ld+json\" class=\"yoast-schema-graph\">{\"@context\":\"https:\/\/schema.org\",\"@graph\":[{\"@type\":\"WebPage\",\"@id\":\"https:\/\/brakkeconsulting.com\/zh\/our-services\/information\/market-research\/multi-client-studies\/veterinary-technical-services-study\/\",\"url\":\"https:\/\/brakkeconsulting.com\/zh\/our-services\/information\/market-research\/multi-client-studies\/veterinary-technical-services-study\/\",\"name\":\"Brakke Consulting, Inc. animal health consultants\",\"isPartOf\":{\"@id\":\"https:\/\/brakkeconsulting.com\/ja\/#website\"},\"datePublished\":\"2018-01-21T23:14:50+00:00\",\"dateModified\":\"2018-03-09T15:58:38+00:00\",\"description\":\"For over 30 years, Brakke Consulting has been the leading management consulting firm specializing in the animal health, veterinary and pet industries.\",\"breadcrumb\":{\"@id\":\"https:\/\/brakkeconsulting.com\/zh\/our-services\/information\/market-research\/multi-client-studies\/veterinary-technical-services-study\/#breadcrumb\"},\"inLanguage\":\"pt-PT\",\"potentialAction\":[{\"@type\":\"ReadAction\",\"target\":[\"https:\/\/brakkeconsulting.com\/zh\/our-services\/information\/market-research\/multi-client-studies\/veterinary-technical-services-study\/\"]}]},{\"@type\":\"BreadcrumbList\",\"@id\":\"https:\/\/brakkeconsulting.com\/zh\/our-services\/information\/market-research\/multi-client-studies\/veterinary-technical-services-study\/#breadcrumb\",\"itemListElement\":[{\"@type\":\"ListItem\",\"position\":1,\"name\":\"Home\",\"item\":\"https:\/\/brakkeconsulting.com\/ja\/\"},{\"@type\":\"ListItem\",\"position\":2,\"name\":\"Our Services\",\"item\":\"https:\/\/brakkeconsulting.com\/our-services\/\"},{\"@type\":\"ListItem\",\"position\":3,\"name\":\"Information\",\"item\":\"https:\/\/brakkeconsulting.com\/our-services\/information\/\"},{\"@type\":\"ListItem\",\"position\":4,\"name\":\"MARKET RESEARCH\",\"item\":\"https:\/\/brakkeconsulting.com\/ja\/our-services\/information\/market-research\/\"},{\"@type\":\"ListItem\",\"position\":5,\"name\":\"Multi-Client Studies\",\"item\":\"https:\/\/brakkeconsulting.com\/ja\/our-services\/information\/market-research\/multi-client-studies\/\"},{\"@type\":\"ListItem\",\"position\":6,\"name\":\"Veterinary Technical Services Study, March 2018\"}]},{\"@type\":\"WebSite\",\"@id\":\"https:\/\/brakkeconsulting.com\/ja\/#website\",\"url\":\"https:\/\/brakkeconsulting.com\/ja\/\",\"name\":\"Brakke Consulting Website\",\"description\":\"\",\"potentialAction\":[{\"@type\":\"SearchAction\",\"target\":{\"@type\":\"EntryPoint\",\"urlTemplate\":\"https:\/\/brakkeconsulting.com\/ja\/?s={search_term_string}\"},\"query-input\":{\"@type\":\"PropertyValueSpecification\",\"valueRequired\":true,\"valueName\":\"search_term_string\"}}],\"inLanguage\":\"pt-PT\"}]}<\/script>\n<!-- \/ Yoast SEO plugin. -->","yoast_head_json":{"title":"Brakke Consulting, Inc. consultores em sa\u00fade animal","description":"H\u00e1 mais de 30 anos, a Brakke Consulting \u00e9 a principal empresa de consultoria de gest\u00e3o especializada nos setores de sa\u00fade animal, veterin\u00e1ria e animais de estima\u00e7\u00e3o.","robots":{"index":"index","follow":"follow","max-snippet":"max-snippet:-1","max-image-preview":"max-image-preview:large","max-video-preview":"max-video-preview:-1"},"canonical":"https:\/\/brakkeconsulting.com\/pt\/our-services\/information\/market-research\/multi-client-studies\/veterinary-technical-services-study\/","og_locale":"pt_PT","og_type":"article","og_title":"Brakke Consulting, Inc. animal health consultants","og_description":"For over 30 years, Brakke Consulting has been the leading management consulting firm specializing in the animal health, veterinary and pet industries.","og_url":"https:\/\/brakkeconsulting.com\/pt\/our-services\/information\/market-research\/multi-client-studies\/veterinary-technical-services-study\/","og_site_name":"Brakke Consulting Website","article_modified_time":"2018-03-09T15:58:38+00:00","twitter_card":"summary_large_image","twitter_misc":{"Tempo estimado de leitura":"1 minuto"},"schema":{"@context":"https:\/\/schema.org","@graph":[{"@type":"WebPage","@id":"https:\/\/brakkeconsulting.com\/zh\/our-services\/information\/market-research\/multi-client-studies\/veterinary-technical-services-study\/","url":"https:\/\/brakkeconsulting.com\/zh\/our-services\/information\/market-research\/multi-client-studies\/veterinary-technical-services-study\/","name":"Brakke Consulting, Inc. consultores em sa\u00fade animal","isPartOf":{"@id":"https:\/\/brakkeconsulting.com\/ja\/#website"},"datePublished":"2018-01-21T23:14:50+00:00","dateModified":"2018-03-09T15:58:38+00:00","description":"H\u00e1 mais de 30 anos, a Brakke Consulting \u00e9 a principal empresa de consultoria de gest\u00e3o especializada nos setores de sa\u00fade animal, veterin\u00e1ria e animais de estima\u00e7\u00e3o.","breadcrumb":{"@id":"https:\/\/brakkeconsulting.com\/zh\/our-services\/information\/market-research\/multi-client-studies\/veterinary-technical-services-study\/#breadcrumb"},"inLanguage":"pt-PT","potentialAction":[{"@type":"ReadAction","target":["https:\/\/brakkeconsulting.com\/zh\/our-services\/information\/market-research\/multi-client-studies\/veterinary-technical-services-study\/"]}]},{"@type":"BreadcrumbList","@id":"https:\/\/brakkeconsulting.com\/zh\/our-services\/information\/market-research\/multi-client-studies\/veterinary-technical-services-study\/#breadcrumb","itemListElement":[{"@type":"ListItem","position":1,"name":"Home","item":"https:\/\/brakkeconsulting.com\/ja\/"},{"@type":"ListItem","position":2,"name":"Our Services","item":"https:\/\/brakkeconsulting.com\/our-services\/"},{"@type":"ListItem","position":3,"name":"Information","item":"https:\/\/brakkeconsulting.com\/our-services\/information\/"},{"@type":"ListItem","position":4,"name":"MARKET RESEARCH","item":"https:\/\/brakkeconsulting.com\/ja\/our-services\/information\/market-research\/"},{"@type":"ListItem","position":5,"name":"Multi-Client Studies","item":"https:\/\/brakkeconsulting.com\/ja\/our-services\/information\/market-research\/multi-client-studies\/"},{"@type":"ListItem","position":6,"name":"Veterinary Technical Services Study, March 2018"}]},{"@type":"WebSite","@id":"https:\/\/brakkeconsulting.com\/ja\/#website","url":"https:\/\/brakkeconsulting.com\/ja\/","name":"Site da Brakke Consulting","description":"","potentialAction":[{"@type":"SearchAction","target":{"@type":"EntryPoint","urlTemplate":"https:\/\/brakkeconsulting.com\/ja\/?s={search_term_string}"},"query-input":{"@type":"PropertyValueSpecification","valueRequired":true,"valueName":"search_term_string"}}],"inLanguage":"pt-PT"}]}},"_links":{"self":[{"href":"https:\/\/brakkeconsulting.com\/pt\/wp-json\/wp\/v2\/pages\/160","targetHints":{"allow":["GET"]}}],"collection":[{"href":"https:\/\/brakkeconsulting.com\/pt\/wp-json\/wp\/v2\/pages"}],"about":[{"href":"https:\/\/brakkeconsulting.com\/pt\/wp-json\/wp\/v2\/types\/page"}],"author":[{"embeddable":true,"href":"https:\/\/brakkeconsulting.com\/pt\/wp-json\/wp\/v2\/users\/1"}],"replies":[{"embeddable":true,"href":"https:\/\/brakkeconsulting.com\/pt\/wp-json\/wp\/v2\/comments?post=160"}],"version-history":[{"count":2,"href":"https:\/\/brakkeconsulting.com\/pt\/wp-json\/wp\/v2\/pages\/160\/revisions"}],"predecessor-version":[{"id":12102,"href":"https:\/\/brakkeconsulting.com\/pt\/wp-json\/wp\/v2\/pages\/160\/revisions\/12102"}],"up":[{"embeddable":true,"href":"https:\/\/brakkeconsulting.com\/pt\/wp-json\/wp\/v2\/pages\/127"}],"wp:attachment":[{"href":"https:\/\/brakkeconsulting.com\/pt\/wp-json\/wp\/v2\/media?parent=160"}],"curies":[{"name":"wp","href":"https:\/\/api.w.org\/{rel}","templated":true}]}}