{"id":157,"date":"2018-01-21T23:13:23","date_gmt":"2018-01-21T23:13:23","guid":{"rendered":"\/?page_id=157"},"modified":"2018-07-09T08:16:26","modified_gmt":"2018-07-09T14:16:26","slug":"equine-market-mega-study","status":"publish","type":"page","link":"https:\/\/brakkeconsulting.com\/pt\/our-services\/information\/market-research\/multi-client-studies\/equine-market-mega-study\/","title":{"rendered":"Megaestudo do mercado equino IV, janeiro de 2018"},"content":{"rendered":"<p>Esta pesquisa examinou os comportamentos de compra dos propriet\u00e1rios de cavalos por segmento da ind\u00fastria e por segmento comportamental. Com base em mais de 1.000 entrevistados em uma pesquisa nacional aleat\u00f3ria, o relat\u00f3rio examina a frequ\u00eancia de compra por marca e por tipo de ponto de venda, incluindo veterin\u00e1rios, fornecedores de cat\u00e1logos\/Internet, expositores de eventos e pontos de venda f\u00edsicos.<\/p>\n<p>Mais de 400 marcas! O estudo rastreia as compras de marcas individuais nestas categorias:<\/p>\n<ul>\n<li>Verm\u00edfugos<\/li>\n<li>Controle de insetos<\/li>\n<li>Alimentar<\/li>\n<li>guloseimas<\/li>\n<li>Cuidados com a pele, pelagem e cascos<\/li>\n<li>Linimentos, outros tratamentos musculares<\/li>\n<li>terapia conjunta<\/li>\n<li>Preven\u00e7\u00e3o de \u00falcera, tratamento<\/li>\n<li>Tratamento de feridas<\/li>\n<li>Tratamento da Dor<\/li>\n<li>Suplementos para articula\u00e7\u00f5es<\/li>\n<li>Suplementos para cascos<\/li>\n<li>Suplementos de pele e pelagem<\/li>\n<li>Eletr\u00f3litos<\/li>\n<li>suplementos de peso<\/li>\n<li>Vitaminas\/minerais gerais<\/li>\n<li>Suplementos de reprodu\u00e7\u00e3o<\/li>\n<li>suplementos digestivos<\/li>\n<li>Suplementos Calmantes<\/li>\n<li>Vacinas<\/li>\n<\/ul>\n<p>O estudo tamb\u00e9m mede o n\u00famero de leitores de publica\u00e7\u00f5es, cat\u00e1logos e sites individuais sobre equinos, e fornece uma riqueza de informa\u00e7\u00f5es sobre dados demogr\u00e1ficos e segmentos de propriet\u00e1rios de cavalos. A edi\u00e7\u00e3o de 2018 tamb\u00e9m mede o uso de m\u00eddias sociais e dispositivos m\u00f3veis.<\/p>\n<p>Equine Market MegaStudy IV \u00e9 uma ferramenta indispens\u00e1vel para qualquer empresa que forne\u00e7a produtos ou servi\u00e7os para a ind\u00fastria equina, ou que pretenda faz\u00ea-lo no futuro. Para obter mais informa\u00e7\u00f5es, entre em contato com o gerente de projeto John Volk em 773.327.4941 ou <a href=\"mailto:info@brakkeconsulting.com?subject=Equine%20Mega%20Study%20inquiry\">info@brakkeconsulting.com<\/a>.<\/p>","protected":false},"excerpt":{"rendered":"<p>Esta pesquisa examinou os comportamentos de compra dos propriet\u00e1rios de cavalos por segmento industrial e por segmento comportamental. Com base em mais de 1.000 entrevistados em uma pesquisa nacional aleat\u00f3ria, o relat\u00f3rio examina a frequ\u00eancia de compra por marca e por tipo de ponto de venda, incluindo veterin\u00e1rios, fornecedores de Internet\/cat\u00e1logo, expositores de eventos e lojas f\u00edsicas. Mais de 400 marcas! O estudo rastreia compras de marcas individuais nestas categorias: Verm\u00edfugos Controle de insetos Ra\u00e7\u00f5es Guloseimas Cuidados com a pele, pelagem e cascos Linimentos e outros tratamentos musculares Terapia articular Preven\u00e7\u00e3o de \u00falceras, tratamento Cuidados com feridas Controle da dor Suplementos para articula\u00e7\u00f5es Suplementos para cascos Suplementos para pele e pelagem Eletr\u00f3litos Suplementos de peso Vitaminas gerais \/Minerais Suplementos para Reprodu\u00e7\u00e3o Suplementos Digestivos Suplementos Calmantes Vacinas O estudo tamb\u00e9m mede o n\u00famero de leitores de publica\u00e7\u00f5es, cat\u00e1logos e sites individuais sobre equinos e fornece uma riqueza de informa\u00e7\u00f5es sobre dados demogr\u00e1ficos e segmentos de propriet\u00e1rios de cavalos. A edi\u00e7\u00e3o de 2018 tamb\u00e9m mede o uso de m\u00eddias sociais e dispositivos m\u00f3veis. Equine Market MegaStudy IV \u00e9 uma ferramenta indispens\u00e1vel para qualquer empresa que forne\u00e7a produtos ou servi\u00e7os para a ind\u00fastria equina, ou que pretenda faz\u00ea-lo no futuro. Para obter mais informa\u00e7\u00f5es, entre em contato com o gerente de projeto John Volk pelo telefone 773.327.4941 ou info@brakkeconsulting.com.<\/p>","protected":false},"author":1,"featured_media":0,"parent":127,"menu_order":0,"comment_status":"closed","ping_status":"closed","template":"","meta":{"_acf_changed":false,"_et_pb_use_builder":"","_et_pb_old_content":"","_et_gb_content_width":"","footnotes":"","_links_to":"","_links_to_target":""},"class_list":["post-157","page","type-page","status-publish","hentry"],"acf":[],"yoast_head":"<!-- This site is optimized with the Yoast SEO plugin v27.0 - https:\/\/yoast.com\/product\/yoast-seo-wordpress\/ -->\n<title>Brakke Consulting | animal health consulting | veterinary | information | equine | horse<\/title>\n<meta name=\"description\" content=\"Equine Mega Study investigates the buying behaviors of horse owners by industry segment and by behavioral segment. Over 400 horse brands included.\" \/>\n<meta name=\"robots\" content=\"index, follow, max-snippet:-1, max-image-preview:large, max-video-preview:-1\" \/>\n<link rel=\"canonical\" href=\"https:\/\/brakkeconsulting.com\/pt\/our-services\/information\/market-research\/multi-client-studies\/equine-market-mega-study\/\" \/>\n<meta property=\"og:locale\" content=\"pt_PT\" \/>\n<meta property=\"og:type\" content=\"article\" \/>\n<meta property=\"og:title\" content=\"Brakke Consulting | animal health consulting | veterinary | information | equine | horse\" \/>\n<meta property=\"og:description\" content=\"Equine Mega Study investigates the buying behaviors of horse owners by industry segment and by behavioral segment. Over 400 horse brands included.\" \/>\n<meta property=\"og:url\" content=\"https:\/\/brakkeconsulting.com\/pt\/our-services\/information\/market-research\/multi-client-studies\/equine-market-mega-study\/\" \/>\n<meta property=\"og:site_name\" content=\"Brakke Consulting Website\" \/>\n<meta property=\"article:modified_time\" content=\"2018-07-09T14:16:26+00:00\" \/>\n<meta name=\"twitter:card\" content=\"summary_large_image\" \/>\n<meta name=\"twitter:label1\" content=\"Tempo estimado de leitura\" \/>\n\t<meta name=\"twitter:data1\" content=\"1 minuto\" \/>\n<script type=\"application\/ld+json\" class=\"yoast-schema-graph\">{\"@context\":\"https:\/\/schema.org\",\"@graph\":[{\"@type\":\"WebPage\",\"@id\":\"https:\/\/brakkeconsulting.com\/our-services\/information\/market-research\/multi-client-studies\/equine-market-mega-study\/\",\"url\":\"https:\/\/brakkeconsulting.com\/our-services\/information\/market-research\/multi-client-studies\/equine-market-mega-study\/\",\"name\":\"Brakke Consulting | animal health consulting | veterinary | information | equine | horse\",\"isPartOf\":{\"@id\":\"https:\/\/brakkeconsulting.com\/zh\/#website\"},\"datePublished\":\"2018-01-21T23:13:23+00:00\",\"dateModified\":\"2018-07-09T14:16:26+00:00\",\"description\":\"Equine Mega Study investigates the buying behaviors of horse owners by industry segment and by behavioral segment. Over 400 horse brands included.\",\"breadcrumb\":{\"@id\":\"https:\/\/brakkeconsulting.com\/our-services\/information\/market-research\/multi-client-studies\/equine-market-mega-study\/#breadcrumb\"},\"inLanguage\":\"pt-PT\",\"potentialAction\":[{\"@type\":\"ReadAction\",\"target\":[\"https:\/\/brakkeconsulting.com\/our-services\/information\/market-research\/multi-client-studies\/equine-market-mega-study\/\"]}]},{\"@type\":\"BreadcrumbList\",\"@id\":\"https:\/\/brakkeconsulting.com\/our-services\/information\/market-research\/multi-client-studies\/equine-market-mega-study\/#breadcrumb\",\"itemListElement\":[{\"@type\":\"ListItem\",\"position\":1,\"name\":\"Home\",\"item\":\"https:\/\/brakkeconsulting.com\/\"},{\"@type\":\"ListItem\",\"position\":2,\"name\":\"Our Services\",\"item\":\"https:\/\/brakkeconsulting.com\/our-services\/\"},{\"@type\":\"ListItem\",\"position\":3,\"name\":\"Information\",\"item\":\"https:\/\/brakkeconsulting.com\/our-services\/information\/\"},{\"@type\":\"ListItem\",\"position\":4,\"name\":\"MARKET RESEARCH\",\"item\":\"https:\/\/brakkeconsulting.com\/pt\/our-services\/information\/market-research\/\"},{\"@type\":\"ListItem\",\"position\":5,\"name\":\"Multi-Client Studies\",\"item\":\"https:\/\/brakkeconsulting.com\/our-services\/information\/market-research\/multi-client-studies\/\"},{\"@type\":\"ListItem\",\"position\":6,\"name\":\"Equine Market Mega Study IV, January 2018\"}]},{\"@type\":\"WebSite\",\"@id\":\"https:\/\/brakkeconsulting.com\/zh\/#website\",\"url\":\"https:\/\/brakkeconsulting.com\/zh\/\",\"name\":\"Brakke Consulting Website\",\"description\":\"\",\"potentialAction\":[{\"@type\":\"SearchAction\",\"target\":{\"@type\":\"EntryPoint\",\"urlTemplate\":\"https:\/\/brakkeconsulting.com\/zh\/?s={search_term_string}\"},\"query-input\":{\"@type\":\"PropertyValueSpecification\",\"valueRequired\":true,\"valueName\":\"search_term_string\"}}],\"inLanguage\":\"pt-PT\"}]}<\/script>\n<!-- \/ Yoast SEO plugin. -->","yoast_head_json":{"title":"Brakke Consulting | animal health consulting | veterinary | information | equine | horse","description":"Equine Mega Study investigates the buying behaviors of horse owners by industry segment and by behavioral segment. Over 400 horse brands included.","robots":{"index":"index","follow":"follow","max-snippet":"max-snippet:-1","max-image-preview":"max-image-preview:large","max-video-preview":"max-video-preview:-1"},"canonical":"https:\/\/brakkeconsulting.com\/pt\/our-services\/information\/market-research\/multi-client-studies\/equine-market-mega-study\/","og_locale":"pt_PT","og_type":"article","og_title":"Brakke Consulting | animal health consulting | veterinary | information | equine | horse","og_description":"Equine Mega Study investigates the buying behaviors of horse owners by industry segment and by behavioral segment. Over 400 horse brands included.","og_url":"https:\/\/brakkeconsulting.com\/pt\/our-services\/information\/market-research\/multi-client-studies\/equine-market-mega-study\/","og_site_name":"Brakke Consulting Website","article_modified_time":"2018-07-09T14:16:26+00:00","twitter_card":"summary_large_image","twitter_misc":{"Tempo estimado de leitura":"1 minuto"},"schema":{"@context":"https:\/\/schema.org","@graph":[{"@type":"WebPage","@id":"https:\/\/brakkeconsulting.com\/our-services\/information\/market-research\/multi-client-studies\/equine-market-mega-study\/","url":"https:\/\/brakkeconsulting.com\/our-services\/information\/market-research\/multi-client-studies\/equine-market-mega-study\/","name":"Brakke Consulting | animal health consulting | veterinary | information | equine | horse","isPartOf":{"@id":"https:\/\/brakkeconsulting.com\/zh\/#website"},"datePublished":"2018-01-21T23:13:23+00:00","dateModified":"2018-07-09T14:16:26+00:00","description":"Equine Mega Study investigates the buying behaviors of horse owners by industry segment and by behavioral segment. Over 400 horse brands included.","breadcrumb":{"@id":"https:\/\/brakkeconsulting.com\/our-services\/information\/market-research\/multi-client-studies\/equine-market-mega-study\/#breadcrumb"},"inLanguage":"pt-PT","potentialAction":[{"@type":"ReadAction","target":["https:\/\/brakkeconsulting.com\/our-services\/information\/market-research\/multi-client-studies\/equine-market-mega-study\/"]}]},{"@type":"BreadcrumbList","@id":"https:\/\/brakkeconsulting.com\/our-services\/information\/market-research\/multi-client-studies\/equine-market-mega-study\/#breadcrumb","itemListElement":[{"@type":"ListItem","position":1,"name":"Home","item":"https:\/\/brakkeconsulting.com\/"},{"@type":"ListItem","position":2,"name":"Our Services","item":"https:\/\/brakkeconsulting.com\/our-services\/"},{"@type":"ListItem","position":3,"name":"Information","item":"https:\/\/brakkeconsulting.com\/our-services\/information\/"},{"@type":"ListItem","position":4,"name":"MARKET RESEARCH","item":"https:\/\/brakkeconsulting.com\/pt\/our-services\/information\/market-research\/"},{"@type":"ListItem","position":5,"name":"Multi-Client Studies","item":"https:\/\/brakkeconsulting.com\/our-services\/information\/market-research\/multi-client-studies\/"},{"@type":"ListItem","position":6,"name":"Equine Market Mega Study IV, January 2018"}]},{"@type":"WebSite","@id":"https:\/\/brakkeconsulting.com\/zh\/#website","url":"https:\/\/brakkeconsulting.com\/zh\/","name":"Site da Brakke Consulting","description":"","potentialAction":[{"@type":"SearchAction","target":{"@type":"EntryPoint","urlTemplate":"https:\/\/brakkeconsulting.com\/zh\/?s={search_term_string}"},"query-input":{"@type":"PropertyValueSpecification","valueRequired":true,"valueName":"search_term_string"}}],"inLanguage":"pt-PT"}]}},"_links":{"self":[{"href":"https:\/\/brakkeconsulting.com\/pt\/wp-json\/wp\/v2\/pages\/157","targetHints":{"allow":["GET"]}}],"collection":[{"href":"https:\/\/brakkeconsulting.com\/pt\/wp-json\/wp\/v2\/pages"}],"about":[{"href":"https:\/\/brakkeconsulting.com\/pt\/wp-json\/wp\/v2\/types\/page"}],"author":[{"embeddable":true,"href":"https:\/\/brakkeconsulting.com\/pt\/wp-json\/wp\/v2\/users\/1"}],"replies":[{"embeddable":true,"href":"https:\/\/brakkeconsulting.com\/pt\/wp-json\/wp\/v2\/comments?post=157"}],"version-history":[{"count":4,"href":"https:\/\/brakkeconsulting.com\/pt\/wp-json\/wp\/v2\/pages\/157\/revisions"}],"predecessor-version":[{"id":11961,"href":"https:\/\/brakkeconsulting.com\/pt\/wp-json\/wp\/v2\/pages\/157\/revisions\/11961"}],"up":[{"embeddable":true,"href":"https:\/\/brakkeconsulting.com\/pt\/wp-json\/wp\/v2\/pages\/127"}],"wp:attachment":[{"href":"https:\/\/brakkeconsulting.com\/pt\/wp-json\/wp\/v2\/media?parent=157"}],"curies":[{"name":"wp","href":"https:\/\/api.w.org\/{rel}","templated":true}]}}