{"id":137,"date":"2018-01-21T23:04:45","date_gmt":"2018-01-21T23:04:45","guid":{"rendered":"\/?page_id=137"},"modified":"2024-09-23T10:07:15","modified_gmt":"2024-09-23T16:07:15","slug":"industry-presentations","status":"publish","type":"page","link":"https:\/\/brakkeconsulting.com\/pt\/our-services\/information\/industry-presentations\/","title":{"rendered":"Apresenta\u00e7\u00f5es da ind\u00fastria"},"content":{"rendered":"<p>[et_pb_section fb_built=&#8221;1&#8243; fullwidth=&#8221;on&#8221; _builder_version=&#8221;4.16&#8243; inner_width_tablet=&#8221;50px&#8221; inner_max_width_tablet=&#8221;100px&#8221; inner_max_width_phone=&#8221;50px&#8221; custom_margin=&#8221;-30px|||&#8221; z_index_tablet=&#8221;500&#8243; box_shadow_horizontal_tablet=&#8221;0px&#8221; box_shadow_vertical_tablet=&#8221;0px&#8221; box_shadow_blur_tablet=&#8221;40px&#8221; box_shadow_spread_tablet=&#8221;0px&#8221; global_colors_info=&#8221;{}&#8221;][et_pb_fullwidth_header title=&#8221;Industry Presentations&#8221; subhead=&#8221;Data turned Into information&#8221; logo_image_url=&#8221;https:\/\/brakkeconsulting.com\/wp-content\/uploads\/2023\/08\/services-icon.png&#8221; module_class=&#8221;inner-header logoimage-left&#8221; _builder_version=&#8221;4.18.0&#8243; title_level=&#8221;h3&#8243; title_font=&#8221;|600|||||||&#8221; title_text_align=&#8221;left&#8221; title_text_color=&#8221;#253f8c&#8221; title_font_size=&#8221;28px&#8221; content_text_color=&#8221;#253f8c&#8221; subhead_font=&#8221;|600|||||||&#8221; subhead_text_align=&#8221;left&#8221; subhead_text_color=&#8221;#253f8c&#8221; background_color=&#8221;rgba(0,44,84,0.34)&#8221; background_image=&#8221;https:\/\/brakkeconsulting.com\/wp-content\/uploads\/2022\/11\/Depositphotos_61741201_S.jpg&#8221; background_position=&#8221;bottom_center&#8221; background_vertical_offset=&#8221;39%&#8221; custom_padding=&#8221;180px||180px|&#8221; z_index_tablet=&#8221;500&#8243; title_text_shadow_horizontal_length_tablet=&#8221;0px&#8221; title_text_shadow_vertical_length_tablet=&#8221;0px&#8221; title_text_shadow_blur_strength_tablet=&#8221;1px&#8221; content_text_shadow_horizontal_length_tablet=&#8221;0px&#8221; content_text_shadow_vertical_length_tablet=&#8221;0px&#8221; content_text_shadow_blur_strength_tablet=&#8221;1px&#8221; subhead_text_shadow_horizontal_length_tablet=&#8221;0px&#8221; subhead_text_shadow_vertical_length_tablet=&#8221;0px&#8221; subhead_text_shadow_blur_strength_tablet=&#8221;1px&#8221; content_link_text_shadow_horizontal_length_tablet=&#8221;0px&#8221; content_link_text_shadow_vertical_length_tablet=&#8221;0px&#8221; content_link_text_shadow_blur_strength_tablet=&#8221;1px&#8221; content_ul_text_shadow_horizontal_length_tablet=&#8221;0px&#8221; content_ul_text_shadow_vertical_length_tablet=&#8221;0px&#8221; content_ul_text_shadow_blur_strength_tablet=&#8221;1px&#8221; content_ol_text_shadow_horizontal_length_tablet=&#8221;0px&#8221; content_ol_text_shadow_vertical_length_tablet=&#8221;0px&#8221; content_ol_text_shadow_blur_strength_tablet=&#8221;1px&#8221; content_quote_text_shadow_horizontal_length_tablet=&#8221;0px&#8221; content_quote_text_shadow_vertical_length_tablet=&#8221;0px&#8221; content_quote_text_shadow_blur_strength_tablet=&#8221;1px&#8221; button_one_text_shadow_horizontal_length_tablet=&#8221;0px&#8221; button_one_text_shadow_vertical_length_tablet=&#8221;0px&#8221; button_one_text_shadow_blur_strength_tablet=&#8221;1px&#8221; button_two_text_shadow_horizontal_length_tablet=&#8221;0px&#8221; button_two_text_shadow_vertical_length_tablet=&#8221;0px&#8221; button_two_text_shadow_blur_strength_tablet=&#8221;1px&#8221; box_shadow_horizontal_tablet=&#8221;0px&#8221; box_shadow_vertical_tablet=&#8221;0px&#8221; box_shadow_blur_tablet=&#8221;40px&#8221; box_shadow_spread_tablet=&#8221;0px&#8221; box_shadow_horizontal_image_tablet=&#8221;0px&#8221; box_shadow_vertical_image_tablet=&#8221;0px&#8221; box_shadow_blur_image_tablet=&#8221;40px&#8221; box_shadow_spread_image_tablet=&#8221;0px&#8221; box_shadow_horizontal_button_one_tablet=&#8221;0px&#8221; box_shadow_vertical_button_one_tablet=&#8221;0px&#8221; box_shadow_blur_button_one_tablet=&#8221;40px&#8221; box_shadow_spread_button_one_tablet=&#8221;0px&#8221; box_shadow_horizontal_button_two_tablet=&#8221;0px&#8221; box_shadow_vertical_button_two_tablet=&#8221;0px&#8221; box_shadow_blur_button_two_tablet=&#8221;40px&#8221; box_shadow_spread_button_two_tablet=&#8221;0px&#8221; text_shadow_vertical_length_tablet=&#8221;0px&#8221; text_shadow_blur_strength_tablet=&#8221;1px&#8221; global_colors_info=&#8221;{}&#8221;][\/et_pb_fullwidth_header][\/et_pb_section][et_pb_section fb_built=&#8221;1&#8243; specialty=&#8221;on&#8221; padding_right_1=&#8221;0px&#8221; _builder_version=&#8221;4.16&#8243; inner_width_tablet=&#8221;50px&#8221; inner_max_width_tablet=&#8221;100px&#8221; inner_max_width_phone=&#8221;50px&#8221; custom_margin=&#8221;0px||0px|&#8221; custom_padding=&#8221;0px||0px|&#8221; z_index_tablet=&#8221;500&#8243; box_shadow_horizontal_tablet=&#8221;0px&#8221; box_shadow_vertical_tablet=&#8221;0px&#8221; box_shadow_blur_tablet=&#8221;40px&#8221; box_shadow_spread_tablet=&#8221;0px&#8221; global_colors_info=&#8221;{}&#8221;][et_pb_column type=&#8221;3_4&#8243; specialty_columns=&#8221;3&#8243; _builder_version=&#8221;4.16&#8243; custom_padding=&#8221;|||&#8221; global_colors_info=&#8221;{}&#8221; custom_padding__hover=&#8221;|||&#8221;][et_pb_row_inner use_custom_gutter=&#8221;on&#8221; gutter_width=&#8221;1&#8243; module_class=&#8221;left-inner-page&#8221; _builder_version=&#8221;4.16&#8243; custom_margin=&#8221;0px|0px|0px|&#8221; custom_padding=&#8221;0px|40px|0px|&#8221; z_index_tablet=&#8221;500&#8243; box_shadow_horizontal_tablet=&#8221;0px&#8221; box_shadow_vertical_tablet=&#8221;0px&#8221; box_shadow_blur_tablet=&#8221;40px&#8221; box_shadow_spread_tablet=&#8221;0px&#8221; global_colors_info=&#8221;{}&#8221;][et_pb_column_inner saved_specialty_column_type=&#8221;3_4&#8243; _builder_version=&#8221;4.16&#8243; custom_padding=&#8221;|||&#8221; global_colors_info=&#8221;{}&#8221; custom_padding__hover=&#8221;|||&#8221;][et_pb_text _builder_version=&#8221;4.18.0&#8243; _module_preset=&#8221;default&#8221; hover_enabled=&#8221;0&#8243; global_colors_info=&#8221;{}&#8221; sticky_enabled=&#8221;0&#8243;]<\/p>\n<p><strong><br \/>Transaction Insights: Unlocking the Secrets to Successful Business Deals in Animal Health<\/strong><\/p>\n<p><strong>A Three Session Virtual Event<\/strong><\/p>\n<p><strong>\ud83d\uddd3\ufe0f Date and Time:<\/strong> \u00a0\u00a0\u00a0\u00a0\u00a0 September 25, October 2<span style=\"font-size: 11.6667px;\">, <\/span>and October 16<sup>\u00a0<\/sup>at 1 pm ET<\/p>\n<p>\ud83d\udccd <strong>Location:<\/strong>\u00a0 \u00a0\u00a0\u00a0\u00a0\u00a0\u00a0\u00a0\u00a0\u00a0\u00a0\u00a0\u00a0\u00a0\u00a0\u00a0\u00a0 Zoom<\/p>\n<p>\ud83d\udcde <strong>Contact:<\/strong> \u00a0\u00a0\u00a0\u00a0\u00a0\u00a0\u00a0\u00a0\u00a0\u00a0\u00a0\u00a0\u00a0\u00a0\u00a0\u00a0\u00a0\u00a0 Amanda McDavid 336 -396-3916<\/p>\n<p>Are you seeking to navigate the complex landscape of buying and selling businesses or technology in the animal health and nutrition industry?\u00a0 Given the success of last year\u2019s relaunch, we are excited to announce our educational due diligence seminar for 2024, tailored specifically for animal health professionals.<br \/>It\u2019s more than just due diligence \u2013 we will help you unlock the secrets to successful deals in animal health. This one-day comprehensive seminar is designed to equip you with the knowledge, tools, and strategies to make informed decisions and to successfully manage a transaction in the animal health industry.<\/p>\n<p>Presenters include Senior Consultants, Jim Kroman, Paul Casady, and Randy Freides.<br \/>This Seminar will be a convenient virtual event.\u00a0 Each session will start at 1 pm ET and last 2 hours, followed by 30 minutes of questions, answers and discussions.\u00a0 Each session will be recorded in case you are unable to attend.<\/p>\n<p>Sign up by September 13th to receive our discount price of $1,000. Registration after September 13th, the price will be $1,200.\u00a0 For more information, contact Amanda McDavid at <a href=\"mailto:amcdavid@brakkeconsulting.com?subject=Due%20Diligence%20seminar\">amcdavid@brakkeconsulting.com<\/a>\u00a0or 336.396.3916.<\/p>\n<p>To view the event agenda, <a href=\"https:\/\/brakkeconsulting.com\/wp-content\/uploads\/2024\/08\/DD-Agenda-2024-Virtual.pdf\">click here.<\/a><br \/>To register, <a href=\"https:\/\/brakkeconsulting.com\/product\/2024-transaction-insights-unlocking-the-secrets-to-successful-business-deals-in-animal-health\/\">click here<\/a>.<\/p>\n<h2>\u00a0<\/h2>\n<p>[\/et_pb_text][\/et_pb_column_inner][\/et_pb_row_inner][\/et_pb_column][et_pb_column type=&#8221;1_4&#8243; _builder_version=&#8221;4.16&#8243; custom_padding=&#8221;|||&#8221; global_colors_info=&#8221;{}&#8221; custom_padding__hover=&#8221;|||&#8221;][et_pb_sidebar area=&#8221;sidebar-1&#8243; module_class=&#8221;divi_sidebar&#8221; _builder_version=&#8221;4.18.0&#8243; _dynamic_attributes=&#8221;link_option_url&#8221; custom_padding=&#8221;|0px||&#8221; link_option_url=&#8221;@ET-DC@eyJkeW5hbWljIjp0cnVlLCJjb250ZW50IjoiaG9tZV91cmwiLCJzZXR0aW5ncyI6e319@&#8221; z_index_tablet=&#8221;500&#8243; custom_css_main_element=&#8221;border-right:none;&#8221; header_text_shadow_horizontal_length_tablet=&#8221;0px&#8221; header_text_shadow_vertical_length_tablet=&#8221;0px&#8221; header_text_shadow_blur_strength_tablet=&#8221;1px&#8221; body_text_shadow_horizontal_length_tablet=&#8221;0px&#8221; body_text_shadow_vertical_length_tablet=&#8221;0px&#8221; body_text_shadow_blur_strength_tablet=&#8221;1px&#8221; box_shadow_horizontal_tablet=&#8221;0px&#8221; box_shadow_vertical_tablet=&#8221;0px&#8221; box_shadow_blur_tablet=&#8221;40px&#8221; box_shadow_spread_tablet=&#8221;0px&#8221; text_shadow_horizontal_length_tablet=&#8221;0px&#8221; text_shadow_vertical_length_tablet=&#8221;0px&#8221; text_shadow_blur_strength_tablet=&#8221;1px&#8221; global_module=&#8221;26426&#8243; saved_tabs=&#8221;all&#8221; global_colors_info=&#8221;{}&#8221;][\/et_pb_sidebar][\/et_pb_column][\/et_pb_section][et_pb_section fb_built=&#8221;1&#8243; _builder_version=&#8221;4.18.0&#8243; _module_preset=&#8221;default&#8221; global_colors_info=&#8221;{}&#8221;][\/et_pb_section]<\/p>\n","protected":false},"excerpt":{"rendered":"<p>Transaction Insights: Desvendando os segredos para neg\u00f3cios bem-sucedidos em sa\u00fade animal Um evento virtual de tr\u00eas sess\u00f5es \ud83d\uddd3\ufe0f Data e hora: 25 de setembro, 2 de outubro e 16 de outubro \u00e0s 13h ET \ud83d\udccd Local: Zoom \ud83d\udcde Contato: Amanda McDavid 336 -396-3916 Voc\u00ea est\u00e1 procurando navegar no cen\u00e1rio complexo de compra e venda de neg\u00f3cios ou tecnologia no setor de sa\u00fade e nutri\u00e7\u00e3o animal? Dado o sucesso do relan\u00e7amento do ano passado, estamos animados em anunciar nosso semin\u00e1rio educacional de due diligence para 2024, adaptado especificamente para profissionais de sa\u00fade animal. \u00c9 mais do que apenas due diligence - ajudaremos voc\u00ea a desvendar os segredos para neg\u00f3cios bem-sucedidos em sa\u00fade animal. Este semin\u00e1rio abrangente de um dia foi projetado para equip\u00e1-lo com o conhecimento, as ferramentas e as estrat\u00e9gias para tomar decis\u00f5es informadas e gerenciar com sucesso uma transa\u00e7\u00e3o no setor de sa\u00fade animal. Os apresentadores incluem os consultores seniores Jim Kroman, Paul Casady e Randy Freides. Este semin\u00e1rio ser\u00e1 um evento virtual conveniente. Cada sess\u00e3o come\u00e7ar\u00e1 \u00e0s 13h00 hor\u00e1rio do leste dos EUA e durar\u00e1 2 horas, seguidas por 30 minutos de perguntas, respostas e discuss\u00f5es. Cada sess\u00e3o ser\u00e1 gravada caso voc\u00ea n\u00e3o possa comparecer. Inscreva-se at\u00e9 13 de setembro para receber nosso pre\u00e7o com desconto de $1.000. Inscri\u00e7\u00e3o ap\u00f3s 13 de setembro, o pre\u00e7o ser\u00e1 de $1.200. Para mais informa\u00e7\u00f5es, entre em contato com Amanda McDavid em amcdavid@brakkeconsulting.com ou 336.396.3916.<\/p>\n<div class=\"view-full-post\"><a href=\"https:\/\/brakkeconsulting.com\/pt\/our-services\/information\/industry-presentations\/\" class=\"view-full-post-btn\">Ver postagem completa<\/a><\/div>\n<p>;<\/p>","protected":false},"author":1,"featured_media":0,"parent":36,"menu_order":0,"comment_status":"closed","ping_status":"closed","template":"","meta":{"_acf_changed":false,"_et_pb_use_builder":"on","_et_pb_old_content":"","_et_gb_content_width":"","footnotes":"","_links_to":"","_links_to_target":""},"class_list":["post-137","page","type-page","status-publish","hentry"],"acf":[],"yoast_head":"<!-- This site is optimized with the Yoast SEO plugin v27.0 - https:\/\/yoast.com\/product\/yoast-seo-wordpress\/ -->\n<title>Industry Presentations for Animal Health | Brakke Consulting<\/title>\n<meta name=\"description\" content=\"Our consultants often find themselves on the cutting edge of change, and develop an uncommon level of expertise in particular topics.\" \/>\n<meta name=\"robots\" content=\"index, follow, max-snippet:-1, max-image-preview:large, max-video-preview:-1\" \/>\n<link rel=\"canonical\" href=\"https:\/\/brakkeconsulting.com\/pt\/our-services\/information\/industry-presentations\/\" \/>\n<meta property=\"og:locale\" content=\"pt_PT\" \/>\n<meta property=\"og:type\" content=\"article\" \/>\n<meta property=\"og:title\" content=\"Industry Presentations for Animal Health | Brakke Consulting\" \/>\n<meta property=\"og:description\" content=\"Our consultants often find themselves on the cutting edge of change, and develop an uncommon level of expertise in particular topics.\" \/>\n<meta property=\"og:url\" content=\"https:\/\/brakkeconsulting.com\/pt\/our-services\/information\/industry-presentations\/\" \/>\n<meta property=\"og:site_name\" content=\"Brakke Consulting Website\" \/>\n<meta property=\"article:modified_time\" content=\"2024-09-23T16:07:15+00:00\" \/>\n<meta name=\"twitter:card\" content=\"summary_large_image\" \/>\n<meta name=\"twitter:label1\" content=\"Tempo estimado de leitura\" \/>\n\t<meta name=\"twitter:data1\" content=\"2 minutos\" \/>\n<script type=\"application\/ld+json\" class=\"yoast-schema-graph\">{\"@context\":\"https:\/\/schema.org\",\"@graph\":[{\"@type\":\"WebPage\",\"@id\":\"https:\/\/brakkeconsulting.com\/our-services\/information\/industry-presentations\/\",\"url\":\"https:\/\/brakkeconsulting.com\/our-services\/information\/industry-presentations\/\",\"name\":\"Industry Presentations for Animal Health | Brakke Consulting\",\"isPartOf\":{\"@id\":\"https:\/\/brakkeconsulting.com\/#website\"},\"datePublished\":\"2018-01-21T23:04:45+00:00\",\"dateModified\":\"2024-09-23T16:07:15+00:00\",\"description\":\"Our consultants often find themselves on the cutting edge of change, and develop an uncommon level of expertise in particular topics.\",\"breadcrumb\":{\"@id\":\"https:\/\/brakkeconsulting.com\/our-services\/information\/industry-presentations\/#breadcrumb\"},\"inLanguage\":\"pt-PT\",\"potentialAction\":[{\"@type\":\"ReadAction\",\"target\":[\"https:\/\/brakkeconsulting.com\/our-services\/information\/industry-presentations\/\"]}]},{\"@type\":\"BreadcrumbList\",\"@id\":\"https:\/\/brakkeconsulting.com\/our-services\/information\/industry-presentations\/#breadcrumb\",\"itemListElement\":[{\"@type\":\"ListItem\",\"position\":1,\"name\":\"Home\",\"item\":\"https:\/\/brakkeconsulting.com\/\"},{\"@type\":\"ListItem\",\"position\":2,\"name\":\"Our Services\",\"item\":\"https:\/\/brakkeconsulting.com\/pt\/our-services\/\"},{\"@type\":\"ListItem\",\"position\":3,\"name\":\"Information\",\"item\":\"https:\/\/brakkeconsulting.com\/pt\/our-services\/information\/\"},{\"@type\":\"ListItem\",\"position\":4,\"name\":\"Industry Presentations\"}]},{\"@type\":\"WebSite\",\"@id\":\"https:\/\/brakkeconsulting.com\/#website\",\"url\":\"https:\/\/brakkeconsulting.com\/\",\"name\":\"Brakke Consulting Website\",\"description\":\"\",\"potentialAction\":[{\"@type\":\"SearchAction\",\"target\":{\"@type\":\"EntryPoint\",\"urlTemplate\":\"https:\/\/brakkeconsulting.com\/?s={search_term_string}\"},\"query-input\":{\"@type\":\"PropertyValueSpecification\",\"valueRequired\":true,\"valueName\":\"search_term_string\"}}],\"inLanguage\":\"pt-PT\"}]}<\/script>\n<!-- \/ Yoast SEO plugin. -->","yoast_head_json":{"title":"Apresenta\u00e7\u00f5es para o setor de sa\u00fade animal | Brakke Consulting","description":"Nossos consultores frequentemente se encontram na vanguarda da mudan\u00e7a e desenvolvem um n\u00edvel incomum de especializa\u00e7\u00e3o em t\u00f3picos espec\u00edficos.","robots":{"index":"index","follow":"follow","max-snippet":"max-snippet:-1","max-image-preview":"max-image-preview:large","max-video-preview":"max-video-preview:-1"},"canonical":"https:\/\/brakkeconsulting.com\/pt\/our-services\/information\/industry-presentations\/","og_locale":"pt_PT","og_type":"article","og_title":"Industry Presentations for Animal Health | Brakke Consulting","og_description":"Our consultants often find themselves on the cutting edge of change, and develop an uncommon level of expertise in particular topics.","og_url":"https:\/\/brakkeconsulting.com\/pt\/our-services\/information\/industry-presentations\/","og_site_name":"Brakke Consulting Website","article_modified_time":"2024-09-23T16:07:15+00:00","twitter_card":"summary_large_image","twitter_misc":{"Tempo estimado de leitura":"2 minutos"},"schema":{"@context":"https:\/\/schema.org","@graph":[{"@type":"WebPage","@id":"https:\/\/brakkeconsulting.com\/our-services\/information\/industry-presentations\/","url":"https:\/\/brakkeconsulting.com\/our-services\/information\/industry-presentations\/","name":"Apresenta\u00e7\u00f5es para o setor de sa\u00fade animal | Brakke Consulting","isPartOf":{"@id":"https:\/\/brakkeconsulting.com\/#website"},"datePublished":"2018-01-21T23:04:45+00:00","dateModified":"2024-09-23T16:07:15+00:00","description":"Nossos consultores frequentemente se encontram na vanguarda da mudan\u00e7a e desenvolvem um n\u00edvel incomum de especializa\u00e7\u00e3o em t\u00f3picos espec\u00edficos.","breadcrumb":{"@id":"https:\/\/brakkeconsulting.com\/our-services\/information\/industry-presentations\/#breadcrumb"},"inLanguage":"pt-PT","potentialAction":[{"@type":"ReadAction","target":["https:\/\/brakkeconsulting.com\/our-services\/information\/industry-presentations\/"]}]},{"@type":"BreadcrumbList","@id":"https:\/\/brakkeconsulting.com\/our-services\/information\/industry-presentations\/#breadcrumb","itemListElement":[{"@type":"ListItem","position":1,"name":"Home","item":"https:\/\/brakkeconsulting.com\/"},{"@type":"ListItem","position":2,"name":"Our Services","item":"https:\/\/brakkeconsulting.com\/pt\/our-services\/"},{"@type":"ListItem","position":3,"name":"Information","item":"https:\/\/brakkeconsulting.com\/pt\/our-services\/information\/"},{"@type":"ListItem","position":4,"name":"Industry Presentations"}]},{"@type":"WebSite","@id":"https:\/\/brakkeconsulting.com\/#website","url":"https:\/\/brakkeconsulting.com\/","name":"Site da Brakke Consulting","description":"","potentialAction":[{"@type":"SearchAction","target":{"@type":"EntryPoint","urlTemplate":"https:\/\/brakkeconsulting.com\/?s={search_term_string}"},"query-input":{"@type":"PropertyValueSpecification","valueRequired":true,"valueName":"search_term_string"}}],"inLanguage":"pt-PT"}]}},"_links":{"self":[{"href":"https:\/\/brakkeconsulting.com\/pt\/wp-json\/wp\/v2\/pages\/137","targetHints":{"allow":["GET"]}}],"collection":[{"href":"https:\/\/brakkeconsulting.com\/pt\/wp-json\/wp\/v2\/pages"}],"about":[{"href":"https:\/\/brakkeconsulting.com\/pt\/wp-json\/wp\/v2\/types\/page"}],"author":[{"embeddable":true,"href":"https:\/\/brakkeconsulting.com\/pt\/wp-json\/wp\/v2\/users\/1"}],"replies":[{"embeddable":true,"href":"https:\/\/brakkeconsulting.com\/pt\/wp-json\/wp\/v2\/comments?post=137"}],"version-history":[{"count":56,"href":"https:\/\/brakkeconsulting.com\/pt\/wp-json\/wp\/v2\/pages\/137\/revisions"}],"predecessor-version":[{"id":34041,"href":"https:\/\/brakkeconsulting.com\/pt\/wp-json\/wp\/v2\/pages\/137\/revisions\/34041"}],"up":[{"embeddable":true,"href":"https:\/\/brakkeconsulting.com\/pt\/wp-json\/wp\/v2\/pages\/36"}],"wp:attachment":[{"href":"https:\/\/brakkeconsulting.com\/pt\/wp-json\/wp\/v2\/media?parent=137"}],"curies":[{"name":"wp","href":"https:\/\/api.w.org\/{rel}","templated":true}]}}