{"id":134,"date":"2018-01-21T23:02:14","date_gmt":"2018-01-21T23:02:14","guid":{"rendered":"\/?page_id=134"},"modified":"2025-11-20T12:50:14","modified_gmt":"2025-11-20T18:50:14","slug":"industry-overview","status":"publish","type":"page","link":"https:\/\/brakkeconsulting.com\/pt\/our-services\/information\/industry-overview\/","title":{"rendered":"Vis\u00e3o geral da ind\u00fastria"},"content":{"rendered":"<p>[et_pb_section fb_built=&#8221;1&#8243; fullwidth=&#8221;on&#8221; _builder_version=&#8221;4.16&#8243; inner_width_tablet=&#8221;50px&#8221; inner_max_width_tablet=&#8221;100px&#8221; inner_max_width_phone=&#8221;50px&#8221; custom_margin=&#8221;-30px|||&#8221; z_index_tablet=&#8221;500&#8243; box_shadow_horizontal_tablet=&#8221;0px&#8221; box_shadow_vertical_tablet=&#8221;0px&#8221; box_shadow_blur_tablet=&#8221;40px&#8221; box_shadow_spread_tablet=&#8221;0px&#8221; global_colors_info=&#8221;{}&#8221;][et_pb_fullwidth_header title=&#8221;Annual Industry Overview &#8221; subhead=&#8221;We are the experts in animal health&#8221; logo_image_url=&#8221;http:\/\/secureservercdn.net\/198.71.233.109\/86x.76d.myftpupload.com\/wp-content\/uploads\/2019\/09\/services-icon.png&#8221; module_class=&#8221;inner-header logoimage-left&#8221; _builder_version=&#8221;4.18.0&#8243; title_level=&#8221;h3&#8243; title_font=&#8221;|600|||||||&#8221; title_text_align=&#8221;left&#8221; title_text_color=&#8221;#253f8c&#8221; title_font_size=&#8221;28px&#8221; content_text_color=&#8221;#253f8c&#8221; subhead_font=&#8221;|600|||||||&#8221; subhead_text_align=&#8221;left&#8221; subhead_text_color=&#8221;#253f8c&#8221; background_color=&#8221;rgba(0,44,84,0.34)&#8221; background_image=&#8221;https:\/\/brakkeconsulting.com\/wp-content\/uploads\/2024\/10\/iStock-496668187.jpg&#8221; custom_padding=&#8221;180px||180px|&#8221; z_index_tablet=&#8221;500&#8243; title_text_shadow_horizontal_length_tablet=&#8221;0px&#8221; title_text_shadow_vertical_length_tablet=&#8221;0px&#8221; title_text_shadow_blur_strength_tablet=&#8221;1px&#8221; content_text_shadow_horizontal_length_tablet=&#8221;0px&#8221; content_text_shadow_vertical_length_tablet=&#8221;0px&#8221; content_text_shadow_blur_strength_tablet=&#8221;1px&#8221; subhead_text_shadow_horizontal_length_tablet=&#8221;0px&#8221; subhead_text_shadow_vertical_length_tablet=&#8221;0px&#8221; subhead_text_shadow_blur_strength_tablet=&#8221;1px&#8221; content_link_text_shadow_horizontal_length_tablet=&#8221;0px&#8221; content_link_text_shadow_vertical_length_tablet=&#8221;0px&#8221; content_link_text_shadow_blur_strength_tablet=&#8221;1px&#8221; content_ul_text_shadow_horizontal_length_tablet=&#8221;0px&#8221; content_ul_text_shadow_vertical_length_tablet=&#8221;0px&#8221; content_ul_text_shadow_blur_strength_tablet=&#8221;1px&#8221; content_ol_text_shadow_horizontal_length_tablet=&#8221;0px&#8221; content_ol_text_shadow_vertical_length_tablet=&#8221;0px&#8221; content_ol_text_shadow_blur_strength_tablet=&#8221;1px&#8221; content_quote_text_shadow_horizontal_length_tablet=&#8221;0px&#8221; content_quote_text_shadow_vertical_length_tablet=&#8221;0px&#8221; content_quote_text_shadow_blur_strength_tablet=&#8221;1px&#8221; button_one_text_shadow_horizontal_length_tablet=&#8221;0px&#8221; button_one_text_shadow_vertical_length_tablet=&#8221;0px&#8221; button_one_text_shadow_blur_strength_tablet=&#8221;1px&#8221; button_two_text_shadow_horizontal_length_tablet=&#8221;0px&#8221; button_two_text_shadow_vertical_length_tablet=&#8221;0px&#8221; button_two_text_shadow_blur_strength_tablet=&#8221;1px&#8221; box_shadow_horizontal_tablet=&#8221;0px&#8221; box_shadow_vertical_tablet=&#8221;0px&#8221; box_shadow_blur_tablet=&#8221;40px&#8221; box_shadow_spread_tablet=&#8221;0px&#8221; box_shadow_horizontal_image_tablet=&#8221;0px&#8221; box_shadow_vertical_image_tablet=&#8221;0px&#8221; box_shadow_blur_image_tablet=&#8221;40px&#8221; box_shadow_spread_image_tablet=&#8221;0px&#8221; box_shadow_horizontal_button_one_tablet=&#8221;0px&#8221; box_shadow_vertical_button_one_tablet=&#8221;0px&#8221; box_shadow_blur_button_one_tablet=&#8221;40px&#8221; box_shadow_spread_button_one_tablet=&#8221;0px&#8221; box_shadow_horizontal_button_two_tablet=&#8221;0px&#8221; box_shadow_vertical_button_two_tablet=&#8221;0px&#8221; box_shadow_blur_button_two_tablet=&#8221;40px&#8221; box_shadow_spread_button_two_tablet=&#8221;0px&#8221; text_shadow_vertical_length_tablet=&#8221;0px&#8221; text_shadow_blur_strength_tablet=&#8221;1px&#8221; global_colors_info=&#8221;{}&#8221;][\/et_pb_fullwidth_header][\/et_pb_section][et_pb_section fb_built=&#8221;1&#8243; specialty=&#8221;on&#8221; padding_right_1=&#8221;0px&#8221; _builder_version=&#8221;4.18.0&#8243; inner_width_tablet=&#8221;50px&#8221; inner_max_width_tablet=&#8221;100px&#8221; inner_max_width_phone=&#8221;50px&#8221; custom_margin=&#8221;0px||0px|&#8221; custom_padding=&#8221;0px||0px|&#8221; z_index_tablet=&#8221;500&#8243; box_shadow_horizontal_tablet=&#8221;0px&#8221; box_shadow_vertical_tablet=&#8221;0px&#8221; box_shadow_blur_tablet=&#8221;40px&#8221; box_shadow_spread_tablet=&#8221;0px&#8221; global_colors_info=&#8221;{}&#8221;][et_pb_column type=&#8221;3_4&#8243; specialty_columns=&#8221;3&#8243; _builder_version=&#8221;4.16&#8243; custom_padding=&#8221;|||&#8221; global_colors_info=&#8221;{}&#8221; custom_padding__hover=&#8221;|||&#8221;][et_pb_row_inner _builder_version=&#8221;4.18.0&#8243; _module_preset=&#8221;default&#8221; global_colors_info=&#8221;{}&#8221;][et_pb_column_inner saved_specialty_column_type=&#8221;3_4&#8243; _builder_version=&#8221;4.18.0&#8243; _module_preset=&#8221;default&#8221; global_colors_info=&#8221;{}&#8221;][\/et_pb_column_inner][\/et_pb_row_inner][et_pb_row_inner use_custom_gutter=&#8221;on&#8221; gutter_width=&#8221;1&#8243; module_class=&#8221;left-inner-page&#8221; _builder_version=&#8221;4.16&#8243; custom_margin=&#8221;0px|0px|0px|&#8221; custom_padding=&#8221;0px|40px|0px|&#8221; z_index_tablet=&#8221;500&#8243; box_shadow_horizontal_tablet=&#8221;0px&#8221; box_shadow_vertical_tablet=&#8221;0px&#8221; box_shadow_blur_tablet=&#8221;40px&#8221; box_shadow_spread_tablet=&#8221;0px&#8221; global_colors_info=&#8221;{}&#8221;][et_pb_column_inner saved_specialty_column_type=&#8221;3_4&#8243; _builder_version=&#8221;4.16&#8243; custom_padding=&#8221;|||&#8221; global_colors_info=&#8221;{}&#8221; custom_padding__hover=&#8221;|||&#8221;][et_pb_text _builder_version=&#8221;4.18.0&#8243; _module_preset=&#8221;default&#8221; hover_enabled=&#8221;0&#8243; global_colors_info=&#8221;{}&#8221; sticky_enabled=&#8221;0&#8243;]<\/p>\n<p><strong>Brakke Consulting 2026 Industry\u00a0Overview<\/strong><\/p>\n<p><strong>Presented at VMX:<\/strong> \u00a0Monday, January 19th, 2-4 pm, Florida Ballroom B-C<br \/><strong>Presented at WVC:<\/strong> Monday, February 16th , 2-4 pm, Four Seasons Ballroom 4<\/p>\n<p>How did the top animal health companies perform in 2025?\u00a0 Did growth slow?\u00a0 What innovation in animal health can we expect and how will the animal health industry bring innovation to market?\u00a0 Answers to these questions and more will be covered at Brakke Consulting\u2019s annual Industry\u00a0Overview\u00a0at the VMX and WVC conferences next year.<\/p>\n<p><strong>Key topics and presenters include:<\/strong><br \/>Industry and Top Global Company 2025\u00a0Performance, presented by<strong> Bob Jones<\/strong><br \/>Pet Care: Head Winds or Market Correction?, presented by<strong> John Volk<\/strong><br \/>Innovation in Animal Health: What in the world is it, presented by<strong> Chuck Johnson<\/strong><br \/>Where Innovation Meets Investment: What\u2019s wrong and how to fix it, presented by <strong>Alexis Nahama<\/strong><\/p>\n<p>Also, again at both events, you&#8217;ll also hear directly from a panel of executive leaders in the animal health industry. Moderated by <strong>Paul Casady,<\/strong> this year\u2019s VMX leadership panel features <strong>Jamie Brannan, Executive Vice President and Chief Commercial Officer for Zoetis<\/strong>. In his role, he is responsible for all Zoetis commercial operations across the globe. The discussion will be around Challenges and Opportunities in 2026 in animal health.<\/p>\n<p>This information-packed 2-hour session will be especially valuable for executive leadership, sales and marketing, strategy, and finance managers and decision makers in the animal health industry.<\/p>\n<p>Registration cost is $399 per person. Special group pricing for teams of five or more\u2014pay for four participants, and the fifth is complimentary. <strong>Click below <\/strong>to register, or to register a group of five or more, please email <strong>Amanda McDavid or call 336-396-3916<\/strong> for assistance.<\/p>\n<p>We look forward to seeing you there!<\/p>\n<ul>\n<li><a href=\"https:\/\/brakkeconsulting.com\/product\/2026-brakke-consulting-industry-overview-vmx\/\">2026 Brakke Consulting Industry Overview &#8211; VMX<\/a><\/li>\n<li><a href=\"https:\/\/brakkeconsulting.com\/product\/2026-brakke-consulting-industry-overview-wvc\/\">2026 Brakke Consulting Industry Overview \u2013 WVC<\/a><\/li>\n<\/ul>\n<p>[\/et_pb_text][\/et_pb_column_inner][\/et_pb_row_inner][et_pb_row_inner _builder_version=&#8221;4.18.0&#8243; _module_preset=&#8221;default&#8221; global_colors_info=&#8221;{}&#8221;][et_pb_column_inner saved_specialty_column_type=&#8221;3_4&#8243; _builder_version=&#8221;4.18.0&#8243; _module_preset=&#8221;default&#8221; global_colors_info=&#8221;{}&#8221;][\/et_pb_column_inner][\/et_pb_row_inner][et_pb_row_inner _builder_version=&#8221;4.18.0&#8243; _module_preset=&#8221;default&#8221; global_colors_info=&#8221;{}&#8221;][et_pb_column_inner saved_specialty_column_type=&#8221;3_4&#8243; _builder_version=&#8221;4.18.0&#8243; _module_preset=&#8221;default&#8221; global_colors_info=&#8221;{}&#8221;][\/et_pb_column_inner][\/et_pb_row_inner][\/et_pb_column][et_pb_column type=&#8221;1_4&#8243; _builder_version=&#8221;4.16&#8243; custom_padding=&#8221;|||&#8221; global_colors_info=&#8221;{}&#8221; custom_padding__hover=&#8221;|||&#8221;][et_pb_sidebar area=&#8221;sidebar-1&#8243; module_class=&#8221;divi_sidebar&#8221; _builder_version=&#8221;4.18.0&#8243; _dynamic_attributes=&#8221;link_option_url&#8221; custom_padding=&#8221;|0px||&#8221; link_option_url=&#8221;@ET-DC@eyJkeW5hbWljIjp0cnVlLCJjb250ZW50IjoiaG9tZV91cmwiLCJzZXR0aW5ncyI6e319@&#8221; z_index_tablet=&#8221;500&#8243; custom_css_main_element=&#8221;border-right:none;&#8221; header_text_shadow_horizontal_length_tablet=&#8221;0px&#8221; header_text_shadow_vertical_length_tablet=&#8221;0px&#8221; header_text_shadow_blur_strength_tablet=&#8221;1px&#8221; body_text_shadow_horizontal_length_tablet=&#8221;0px&#8221; body_text_shadow_vertical_length_tablet=&#8221;0px&#8221; body_text_shadow_blur_strength_tablet=&#8221;1px&#8221; box_shadow_horizontal_tablet=&#8221;0px&#8221; box_shadow_vertical_tablet=&#8221;0px&#8221; box_shadow_blur_tablet=&#8221;40px&#8221; box_shadow_spread_tablet=&#8221;0px&#8221; text_shadow_horizontal_length_tablet=&#8221;0px&#8221; text_shadow_vertical_length_tablet=&#8221;0px&#8221; text_shadow_blur_strength_tablet=&#8221;1px&#8221; global_module=&#8221;26426&#8243; saved_tabs=&#8221;all&#8221; global_colors_info=&#8221;{}&#8221;][\/et_pb_sidebar][\/et_pb_column][\/et_pb_section]<\/p>\n","protected":false},"excerpt":{"rendered":"<p>Vis\u00e3o Geral do Setor da Brakke Consulting para 2026 Apresentada na VMX: segunda-feira, 19 de janeiro, das 14h \u00e0s 16h, Sal\u00e3o Florida B-C Apresentada na WVC: segunda-feira, 16 de fevereiro, das 14h \u00e0s 16h, Sal\u00e3o Four Seasons 4 Como se sa\u00edram as principais empresas de sa\u00fade animal em 2025? O crescimento desacelerou? Que inova\u00e7\u00f5es em sa\u00fade animal podemos esperar e como o setor de sa\u00fade animal levar\u00e1 essas inova\u00e7\u00f5es ao mercado? As respostas para essas e outras perguntas ser\u00e3o abordadas na Vis\u00e3o Geral anual do Setor da Brakke Consulting nas confer\u00eancias VMX e WVC no pr\u00f3ximo ano. Os principais t\u00f3picos e palestrantes incluem: Desempenho da Ind\u00fastria e das Principais Empresas Globais em 2025, apresentado por Bob Jones; Cuidados com Animais de Estima\u00e7\u00e3o: Ventos Contr\u00e1rios ou Corre\u00e7\u00e3o de Mercado?, apresentado por John Volk; Inova\u00e7\u00e3o em Sa\u00fade Animal: O que \u00e9 isso, afinal?, apresentado por Chuck Johnson; Onde a Inova\u00e7\u00e3o Encontra o Investimento: O que est\u00e1 errado e como corrigir, apresentado por Alexis Nahama. Al\u00e9m disso, em ambos os eventos, voc\u00ea tamb\u00e9m ouvir\u00e1 diretamente um painel de l\u00edderes executivos da ind\u00fastria de sa\u00fade animal. Moderado por Paul Casady, o painel de lideran\u00e7a do VMX deste ano contar\u00e1 com Jamie Brannan, Vice-Presidente Executivo e Diretor Comercial da Zoetis. Em sua fun\u00e7\u00e3o, ele \u00e9 respons\u00e1vel por todas as opera\u00e7\u00f5es comerciais da Zoetis em todo o mundo. A discuss\u00e3o ser\u00e1 sobre os Desafios e Oportunidades em 2026 na \u00e1rea de sa\u00fade animal. Esta sess\u00e3o de 2 horas, repleta de informa\u00e7\u00f5es, ser\u00e1 especialmente valiosa para l\u00edderes executivos, gerentes de vendas e marketing, estrat\u00e9gia e finan\u00e7as, e tomadores de decis\u00e3o.<\/p>\n<div class=\"view-full-post\"><a href=\"https:\/\/brakkeconsulting.com\/pt\/our-services\/information\/industry-overview\/\" class=\"view-full-post-btn\">Ver postagem completa<\/a><\/div>\n<p>;<\/p>","protected":false},"author":1,"featured_media":0,"parent":36,"menu_order":0,"comment_status":"closed","ping_status":"closed","template":"","meta":{"_acf_changed":false,"_et_pb_use_builder":"on","_et_pb_old_content":"","_et_gb_content_width":"","footnotes":"","_links_to":"","_links_to_target":""},"class_list":["post-134","page","type-page","status-publish","hentry"],"acf":[],"yoast_head":"<!-- This site is optimized with the Yoast SEO plugin v27.0 - https:\/\/yoast.com\/product\/yoast-seo-wordpress\/ -->\n<title>Animal Health Industry | Trends &amp; Overview | Brakke Consulting<\/title>\n<meta name=\"description\" content=\"Brakke Consulting\u2019s presentation offers a concise overview of the worldwide animal health industry as well as astute insights into the industry\u2019s direction.\" \/>\n<meta name=\"robots\" content=\"index, follow, max-snippet:-1, max-image-preview:large, max-video-preview:-1\" \/>\n<link rel=\"canonical\" href=\"https:\/\/brakkeconsulting.com\/pt\/our-services\/information\/industry-overview\/\" \/>\n<meta property=\"og:locale\" content=\"pt_PT\" \/>\n<meta property=\"og:type\" content=\"article\" \/>\n<meta property=\"og:title\" content=\"Animal Health Industry | Trends &amp; Overview | Brakke Consulting\" \/>\n<meta property=\"og:description\" content=\"Brakke Consulting\u2019s presentation offers a concise overview of the worldwide animal health industry as well as astute insights into the industry\u2019s direction.\" \/>\n<meta property=\"og:url\" content=\"https:\/\/brakkeconsulting.com\/pt\/our-services\/information\/industry-overview\/\" \/>\n<meta property=\"og:site_name\" content=\"Brakke Consulting Website\" \/>\n<meta property=\"article:modified_time\" content=\"2025-11-20T18:50:14+00:00\" \/>\n<meta name=\"twitter:card\" content=\"summary_large_image\" \/>\n<meta name=\"twitter:label1\" content=\"Tempo estimado de leitura\" \/>\n\t<meta name=\"twitter:data1\" content=\"2 minutos\" \/>\n<script type=\"application\/ld+json\" class=\"yoast-schema-graph\">{\"@context\":\"https:\/\/schema.org\",\"@graph\":[{\"@type\":\"WebPage\",\"@id\":\"https:\/\/brakkeconsulting.com\/our-services\/information\/industry-overview\/\",\"url\":\"https:\/\/brakkeconsulting.com\/our-services\/information\/industry-overview\/\",\"name\":\"Animal Health Industry | Trends & Overview | Brakke Consulting\",\"isPartOf\":{\"@id\":\"https:\/\/brakkeconsulting.com\/#website\"},\"datePublished\":\"2018-01-21T23:02:14+00:00\",\"dateModified\":\"2025-11-20T18:50:14+00:00\",\"description\":\"Brakke Consulting\u2019s presentation offers a concise overview of the worldwide animal health industry as well as astute insights into the industry\u2019s direction.\",\"breadcrumb\":{\"@id\":\"https:\/\/brakkeconsulting.com\/our-services\/information\/industry-overview\/#breadcrumb\"},\"inLanguage\":\"pt-PT\",\"potentialAction\":[{\"@type\":\"ReadAction\",\"target\":[\"https:\/\/brakkeconsulting.com\/our-services\/information\/industry-overview\/\"]}]},{\"@type\":\"BreadcrumbList\",\"@id\":\"https:\/\/brakkeconsulting.com\/our-services\/information\/industry-overview\/#breadcrumb\",\"itemListElement\":[{\"@type\":\"ListItem\",\"position\":1,\"name\":\"Home\",\"item\":\"https:\/\/brakkeconsulting.com\/\"},{\"@type\":\"ListItem\",\"position\":2,\"name\":\"Our Services\",\"item\":\"https:\/\/brakkeconsulting.com\/pt\/our-services\/\"},{\"@type\":\"ListItem\",\"position\":3,\"name\":\"Information\",\"item\":\"https:\/\/brakkeconsulting.com\/pt\/our-services\/information\/\"},{\"@type\":\"ListItem\",\"position\":4,\"name\":\"Industry Overview\"}]},{\"@type\":\"WebSite\",\"@id\":\"https:\/\/brakkeconsulting.com\/#website\",\"url\":\"https:\/\/brakkeconsulting.com\/\",\"name\":\"Brakke Consulting Website\",\"description\":\"\",\"potentialAction\":[{\"@type\":\"SearchAction\",\"target\":{\"@type\":\"EntryPoint\",\"urlTemplate\":\"https:\/\/brakkeconsulting.com\/?s={search_term_string}\"},\"query-input\":{\"@type\":\"PropertyValueSpecification\",\"valueRequired\":true,\"valueName\":\"search_term_string\"}}],\"inLanguage\":\"pt-PT\"}]}<\/script>\n<!-- \/ Yoast SEO plugin. -->","yoast_head_json":{"title":"Ind\u00fastria de Sa\u00fade Animal | Tend\u00eancias e Vis\u00e3o Geral | Brakke Consulting","description":"A apresenta\u00e7\u00e3o da Brakke Consulting oferece uma vis\u00e3o geral concisa da ind\u00fastria mundial de sa\u00fade animal, bem como insights perspicazes sobre a dire\u00e7\u00e3o que o setor est\u00e1 tomando.","robots":{"index":"index","follow":"follow","max-snippet":"max-snippet:-1","max-image-preview":"max-image-preview:large","max-video-preview":"max-video-preview:-1"},"canonical":"https:\/\/brakkeconsulting.com\/pt\/our-services\/information\/industry-overview\/","og_locale":"pt_PT","og_type":"article","og_title":"Animal Health Industry | Trends & Overview | Brakke Consulting","og_description":"Brakke Consulting\u2019s presentation offers a concise overview of the worldwide animal health industry as well as astute insights into the industry\u2019s direction.","og_url":"https:\/\/brakkeconsulting.com\/pt\/our-services\/information\/industry-overview\/","og_site_name":"Brakke Consulting Website","article_modified_time":"2025-11-20T18:50:14+00:00","twitter_card":"summary_large_image","twitter_misc":{"Tempo estimado de leitura":"2 minutos"},"schema":{"@context":"https:\/\/schema.org","@graph":[{"@type":"WebPage","@id":"https:\/\/brakkeconsulting.com\/our-services\/information\/industry-overview\/","url":"https:\/\/brakkeconsulting.com\/our-services\/information\/industry-overview\/","name":"Ind\u00fastria de Sa\u00fade Animal | Tend\u00eancias e Vis\u00e3o Geral | Brakke Consulting","isPartOf":{"@id":"https:\/\/brakkeconsulting.com\/#website"},"datePublished":"2018-01-21T23:02:14+00:00","dateModified":"2025-11-20T18:50:14+00:00","description":"A apresenta\u00e7\u00e3o da Brakke Consulting oferece uma vis\u00e3o geral concisa da ind\u00fastria mundial de sa\u00fade animal, bem como insights perspicazes sobre a dire\u00e7\u00e3o que o setor est\u00e1 tomando.","breadcrumb":{"@id":"https:\/\/brakkeconsulting.com\/our-services\/information\/industry-overview\/#breadcrumb"},"inLanguage":"pt-PT","potentialAction":[{"@type":"ReadAction","target":["https:\/\/brakkeconsulting.com\/our-services\/information\/industry-overview\/"]}]},{"@type":"BreadcrumbList","@id":"https:\/\/brakkeconsulting.com\/our-services\/information\/industry-overview\/#breadcrumb","itemListElement":[{"@type":"ListItem","position":1,"name":"Home","item":"https:\/\/brakkeconsulting.com\/"},{"@type":"ListItem","position":2,"name":"Our Services","item":"https:\/\/brakkeconsulting.com\/pt\/our-services\/"},{"@type":"ListItem","position":3,"name":"Information","item":"https:\/\/brakkeconsulting.com\/pt\/our-services\/information\/"},{"@type":"ListItem","position":4,"name":"Industry Overview"}]},{"@type":"WebSite","@id":"https:\/\/brakkeconsulting.com\/#website","url":"https:\/\/brakkeconsulting.com\/","name":"Site da Brakke Consulting","description":"","potentialAction":[{"@type":"SearchAction","target":{"@type":"EntryPoint","urlTemplate":"https:\/\/brakkeconsulting.com\/?s={search_term_string}"},"query-input":{"@type":"PropertyValueSpecification","valueRequired":true,"valueName":"search_term_string"}}],"inLanguage":"pt-PT"}]}},"_links":{"self":[{"href":"https:\/\/brakkeconsulting.com\/pt\/wp-json\/wp\/v2\/pages\/134","targetHints":{"allow":["GET"]}}],"collection":[{"href":"https:\/\/brakkeconsulting.com\/pt\/wp-json\/wp\/v2\/pages"}],"about":[{"href":"https:\/\/brakkeconsulting.com\/pt\/wp-json\/wp\/v2\/types\/page"}],"author":[{"embeddable":true,"href":"https:\/\/brakkeconsulting.com\/pt\/wp-json\/wp\/v2\/users\/1"}],"replies":[{"embeddable":true,"href":"https:\/\/brakkeconsulting.com\/pt\/wp-json\/wp\/v2\/comments?post=134"}],"version-history":[{"count":131,"href":"https:\/\/brakkeconsulting.com\/pt\/wp-json\/wp\/v2\/pages\/134\/revisions"}],"predecessor-version":[{"id":35730,"href":"https:\/\/brakkeconsulting.com\/pt\/wp-json\/wp\/v2\/pages\/134\/revisions\/35730"}],"up":[{"embeddable":true,"href":"https:\/\/brakkeconsulting.com\/pt\/wp-json\/wp\/v2\/pages\/36"}],"wp:attachment":[{"href":"https:\/\/brakkeconsulting.com\/pt\/wp-json\/wp\/v2\/media?parent=134"}],"curies":[{"name":"wp","href":"https:\/\/api.w.org\/{rel}","templated":true}]}}