{"id":12029,"date":"2018-02-02T14:55:03","date_gmt":"2018-02-02T20:55:03","guid":{"rendered":"\/?page_id=12029"},"modified":"2019-04-09T13:40:29","modified_gmt":"2019-04-09T19:40:29","slug":"animal-health-history-book","status":"publish","type":"page","link":"https:\/\/brakkeconsulting.com\/pt\/our-services\/information\/animal-health-history-book\/","title":{"rendered":"Livro de Hist\u00f3ria da Sa\u00fade Animal"},"content":{"rendered":"<p><strong><span style=\"font-size: 12pt;\">A ind\u00fastria de sa\u00fade animal dos EUA: seus pioneiros e seu legado de inova\u00e7\u00e3o<\/span><\/strong><\/p>\n<p><img loading=\"lazy\" decoding=\"async\" class=\"alignnone size-full wp-image-12030\" src=\"\/wp-content\/uploads\/2018\/02\/AHBookCover1.jpg\" alt=\"\" width=\"201\" height=\"251\" \/><\/p>\n<p><a href=\"\/wp-content\/uploads\/2018\/02\/Book-Order-Form-2017.pdf\" target=\"_blank\" rel=\"noopener noreferrer\">baixar formul\u00e1rio de pedido<\/a><\/p>\n<p>No final do s\u00e9culo 19, a c\u00f3lera su\u00edna era uma amea\u00e7a terr\u00edvel, eliminando 10% da popula\u00e7\u00e3o su\u00edna dos EUA em seu pico. A luta contra a c\u00f3lera deu origem \u00e0 ind\u00fastria de sa\u00fade animal dos Estados Unidos. A cura exigiu pesquisa cient\u00edfica sem precedentes e o desenvolvimento, aprova\u00e7\u00e3o e entrega de produtos inovadores. Esse tipo de pesquisa, produ\u00e7\u00e3o e distribui\u00e7\u00e3o de produtos de sa\u00fade animal tornou-se a base para o que \u00e9 hoje uma ind\u00fastria de $5 bilh\u00f5es. Este livro documenta a hist\u00f3ria das empresas e associa\u00e7\u00f5es que impactaram significativamente esse desenvolvimento e captura as vozes de muitos dos principais atores nos prim\u00f3rdios da ind\u00fastria.<\/p>\n<p>Cap\u00edtulo 1 \u2013 O come\u00e7o: Porcos, doen\u00e7as e homens duros e rudes<br \/>\nCap\u00edtulo 2 \u2013 Uma ind\u00fastria floresce: de carrapatos de gado a pulgas de c\u00e3es<br \/>\nCap\u00edtulo 3 \u2013 Ci\u00eancia que trabalha para viver e para viver (hist\u00f3rias da empresa)<br \/>\nCap\u00edtulo 4 - Movimentadores de medicamentos (hist\u00f3ricos de distribuidores)<br \/>\nCap\u00edtulo 5 \u2013 For\u00e7a nos n\u00fameros: A forma\u00e7\u00e3o das principais associa\u00e7\u00f5es do setor<br \/>\nCap\u00edtulo 6 \u2013 Voz da ind\u00fastria: um olhar para tr\u00e1s e um olhar para frente<\/p>\n<p>Detalhes:<br \/>\nEditora: Advanstar Communications \u2013 capa dura, livro para presente \u2013 144 p\u00e1ginas<br \/>\nDimens\u00f5es: 10 x 11,62 polegadas, Peso: aprox. 2 libras.<\/p>\n<p>O livro est\u00e1 dispon\u00edvel para remessa imediata por $35,00 por c\u00f3pia, mais remessa e manuseio.<\/p>\n<p>Para obter informa\u00e7\u00f5es, entre em contato com Jessica Montgomery em 972-243-4033 ou <a href=\"mailto:info@brakkeconsulting.com\">info@brakkeconsulting.com<\/a>.<\/p>","protected":false},"excerpt":{"rendered":"<p>A ind\u00fastria de sa\u00fade animal dos EUA: seus pioneiros e seu legado de inova\u00e7\u00e3o baixe o formul\u00e1rio de pedido No final do s\u00e9culo XIX, a c\u00f3lera su\u00edna era uma amea\u00e7a terr\u00edvel, destruindo 10% da popula\u00e7\u00e3o su\u00edna dos EUA em seu auge. A luta contra a c\u00f3lera impulsionou a exist\u00eancia da ind\u00fastria de sa\u00fade animal dos EUA. A cura exigiu investiga\u00e7\u00e3o cient\u00edfica sem precedentes e o desenvolvimento, aprova\u00e7\u00e3o e entrega de produtos inovadores. Este tipo de investiga\u00e7\u00e3o, produ\u00e7\u00e3o e distribui\u00e7\u00e3o de produtos de sa\u00fade animal tornou-se a base para o que \u00e9 hoje uma ind\u00fastria de $5 mil milh\u00f5es. Este livro documenta a hist\u00f3ria das empresas e associa\u00e7\u00f5es que impactaram significativamente este desenvolvimento e capta as vozes de muitos dos principais intervenientes nos primeiros dias da ind\u00fastria. Cap\u00edtulo 1 \u2013 O in\u00edcio: Porcos, doen\u00e7as e homens dur\u00f5es e rudes Cap\u00edtulo 2 \u2013 Uma ind\u00fastria floresce: Dos carrapatos do gado \u00e0s pulgas dos c\u00e3es Cap\u00edtulo 3 \u2013 A ci\u00eancia que funciona para ganhar a vida e para os vivos (hist\u00f3rias de empresas) Cap\u00edtulo 4 \u2013 Movimentadores de medicamentos (hist\u00f3rias de distribuidores) Cap\u00edtulo 5 \u2013 For\u00e7a nos n\u00fameros: A forma\u00e7\u00e3o de associa\u00e7\u00f5es industriais importantes Cap\u00edtulo 6 \u2013 Voz da ind\u00fastria: Um olhar para tr\u00e1s e um olhar para o futuro Detalhes: Editora: Advanstar Communications \u2013 Capa dura, livro estilo presente \u2013 144 p\u00e1ginas Dimens\u00f5es : 10 x 11,62 polegadas, Peso: aprox. 2 libras. O livro est\u00e1 dispon\u00edvel para envio imediato por $35,00<\/p>\n<div class=\"view-full-post\"><a href=\"https:\/\/brakkeconsulting.com\/pt\/our-services\/information\/animal-health-history-book\/\" class=\"view-full-post-btn\">Ver postagem completa<\/a><\/div>\n<p>;<\/p>","protected":false},"author":1,"featured_media":0,"parent":36,"menu_order":0,"comment_status":"closed","ping_status":"closed","template":"","meta":{"_acf_changed":false,"_et_pb_use_builder":"","_et_pb_old_content":"","_et_gb_content_width":"","footnotes":"","_links_to":"","_links_to_target":""},"class_list":["post-12029","page","type-page","status-publish","hentry"],"acf":[],"yoast_head":"<!-- This site is optimized with the Yoast SEO plugin v27.0 - https:\/\/yoast.com\/product\/yoast-seo-wordpress\/ -->\n<title>Brakke Consulting, Inc. animal health consultants<\/title>\n<meta name=\"description\" content=\"For over 30 years, Brakke Consulting has been the leading management consulting firm specializing in the animal health, veterinary and pet industries.\" \/>\n<meta name=\"robots\" content=\"index, follow, max-snippet:-1, max-image-preview:large, max-video-preview:-1\" \/>\n<link rel=\"canonical\" href=\"https:\/\/brakkeconsulting.com\/pt\/our-services\/information\/animal-health-history-book\/\" \/>\n<meta property=\"og:locale\" content=\"pt_PT\" \/>\n<meta property=\"og:type\" content=\"article\" \/>\n<meta property=\"og:title\" content=\"Brakke Consulting, Inc. animal health consultants\" \/>\n<meta property=\"og:description\" content=\"For over 30 years, Brakke Consulting has been the leading management consulting firm specializing in the animal health, veterinary and pet industries.\" \/>\n<meta property=\"og:url\" content=\"https:\/\/brakkeconsulting.com\/pt\/our-services\/information\/animal-health-history-book\/\" \/>\n<meta property=\"og:site_name\" content=\"Brakke Consulting Website\" \/>\n<meta property=\"article:modified_time\" content=\"2019-04-09T19:40:29+00:00\" \/>\n<meta name=\"twitter:card\" content=\"summary_large_image\" \/>\n<meta name=\"twitter:label1\" content=\"Tempo estimado de leitura\" \/>\n\t<meta name=\"twitter:data1\" content=\"1 minuto\" \/>\n<script type=\"application\/ld+json\" class=\"yoast-schema-graph\">{\"@context\":\"https:\/\/schema.org\",\"@graph\":[{\"@type\":\"WebPage\",\"@id\":\"https:\/\/brakkeconsulting.com\/our-services\/information\/animal-health-history-book\/\",\"url\":\"https:\/\/brakkeconsulting.com\/our-services\/information\/animal-health-history-book\/\",\"name\":\"Brakke Consulting, Inc. animal health consultants\",\"isPartOf\":{\"@id\":\"https:\/\/brakkeconsulting.com\/#website\"},\"datePublished\":\"2018-02-02T20:55:03+00:00\",\"dateModified\":\"2019-04-09T19:40:29+00:00\",\"description\":\"For over 30 years, Brakke Consulting has been the leading management consulting firm specializing in the animal health, veterinary and pet industries.\",\"breadcrumb\":{\"@id\":\"https:\/\/brakkeconsulting.com\/our-services\/information\/animal-health-history-book\/#breadcrumb\"},\"inLanguage\":\"pt-PT\",\"potentialAction\":[{\"@type\":\"ReadAction\",\"target\":[\"https:\/\/brakkeconsulting.com\/our-services\/information\/animal-health-history-book\/\"]}]},{\"@type\":\"BreadcrumbList\",\"@id\":\"https:\/\/brakkeconsulting.com\/our-services\/information\/animal-health-history-book\/#breadcrumb\",\"itemListElement\":[{\"@type\":\"ListItem\",\"position\":1,\"name\":\"Home\",\"item\":\"https:\/\/brakkeconsulting.com\/\"},{\"@type\":\"ListItem\",\"position\":2,\"name\":\"Our Services\",\"item\":\"https:\/\/brakkeconsulting.com\/pt\/our-services\/\"},{\"@type\":\"ListItem\",\"position\":3,\"name\":\"Information\",\"item\":\"https:\/\/brakkeconsulting.com\/pt\/our-services\/information\/\"},{\"@type\":\"ListItem\",\"position\":4,\"name\":\"Animal Health History book\"}]},{\"@type\":\"WebSite\",\"@id\":\"https:\/\/brakkeconsulting.com\/#website\",\"url\":\"https:\/\/brakkeconsulting.com\/\",\"name\":\"Brakke Consulting Website\",\"description\":\"\",\"potentialAction\":[{\"@type\":\"SearchAction\",\"target\":{\"@type\":\"EntryPoint\",\"urlTemplate\":\"https:\/\/brakkeconsulting.com\/?s={search_term_string}\"},\"query-input\":{\"@type\":\"PropertyValueSpecification\",\"valueRequired\":true,\"valueName\":\"search_term_string\"}}],\"inLanguage\":\"pt-PT\"}]}<\/script>\n<!-- \/ Yoast SEO plugin. -->","yoast_head_json":{"title":"Brakke Consulting, Inc. consultores em sa\u00fade animal","description":"H\u00e1 mais de 30 anos, a Brakke Consulting \u00e9 a principal empresa de consultoria de gest\u00e3o especializada nos setores de sa\u00fade animal, veterin\u00e1ria e animais de estima\u00e7\u00e3o.","robots":{"index":"index","follow":"follow","max-snippet":"max-snippet:-1","max-image-preview":"max-image-preview:large","max-video-preview":"max-video-preview:-1"},"canonical":"https:\/\/brakkeconsulting.com\/pt\/our-services\/information\/animal-health-history-book\/","og_locale":"pt_PT","og_type":"article","og_title":"Brakke Consulting, Inc. animal health consultants","og_description":"For over 30 years, Brakke Consulting has been the leading management consulting firm specializing in the animal health, veterinary and pet industries.","og_url":"https:\/\/brakkeconsulting.com\/pt\/our-services\/information\/animal-health-history-book\/","og_site_name":"Brakke Consulting Website","article_modified_time":"2019-04-09T19:40:29+00:00","twitter_card":"summary_large_image","twitter_misc":{"Tempo estimado de leitura":"1 minuto"},"schema":{"@context":"https:\/\/schema.org","@graph":[{"@type":"WebPage","@id":"https:\/\/brakkeconsulting.com\/our-services\/information\/animal-health-history-book\/","url":"https:\/\/brakkeconsulting.com\/our-services\/information\/animal-health-history-book\/","name":"Brakke Consulting, Inc. consultores em sa\u00fade animal","isPartOf":{"@id":"https:\/\/brakkeconsulting.com\/#website"},"datePublished":"2018-02-02T20:55:03+00:00","dateModified":"2019-04-09T19:40:29+00:00","description":"H\u00e1 mais de 30 anos, a Brakke Consulting \u00e9 a principal empresa de consultoria de gest\u00e3o especializada nos setores de sa\u00fade animal, veterin\u00e1ria e animais de estima\u00e7\u00e3o.","breadcrumb":{"@id":"https:\/\/brakkeconsulting.com\/our-services\/information\/animal-health-history-book\/#breadcrumb"},"inLanguage":"pt-PT","potentialAction":[{"@type":"ReadAction","target":["https:\/\/brakkeconsulting.com\/our-services\/information\/animal-health-history-book\/"]}]},{"@type":"BreadcrumbList","@id":"https:\/\/brakkeconsulting.com\/our-services\/information\/animal-health-history-book\/#breadcrumb","itemListElement":[{"@type":"ListItem","position":1,"name":"Home","item":"https:\/\/brakkeconsulting.com\/"},{"@type":"ListItem","position":2,"name":"Our Services","item":"https:\/\/brakkeconsulting.com\/pt\/our-services\/"},{"@type":"ListItem","position":3,"name":"Information","item":"https:\/\/brakkeconsulting.com\/pt\/our-services\/information\/"},{"@type":"ListItem","position":4,"name":"Animal Health History book"}]},{"@type":"WebSite","@id":"https:\/\/brakkeconsulting.com\/#website","url":"https:\/\/brakkeconsulting.com\/","name":"Site da Brakke Consulting","description":"","potentialAction":[{"@type":"SearchAction","target":{"@type":"EntryPoint","urlTemplate":"https:\/\/brakkeconsulting.com\/?s={search_term_string}"},"query-input":{"@type":"PropertyValueSpecification","valueRequired":true,"valueName":"search_term_string"}}],"inLanguage":"pt-PT"}]}},"_links":{"self":[{"href":"https:\/\/brakkeconsulting.com\/pt\/wp-json\/wp\/v2\/pages\/12029","targetHints":{"allow":["GET"]}}],"collection":[{"href":"https:\/\/brakkeconsulting.com\/pt\/wp-json\/wp\/v2\/pages"}],"about":[{"href":"https:\/\/brakkeconsulting.com\/pt\/wp-json\/wp\/v2\/types\/page"}],"author":[{"embeddable":true,"href":"https:\/\/brakkeconsulting.com\/pt\/wp-json\/wp\/v2\/users\/1"}],"replies":[{"embeddable":true,"href":"https:\/\/brakkeconsulting.com\/pt\/wp-json\/wp\/v2\/comments?post=12029"}],"version-history":[{"count":4,"href":"https:\/\/brakkeconsulting.com\/pt\/wp-json\/wp\/v2\/pages\/12029\/revisions"}],"predecessor-version":[{"id":26020,"href":"https:\/\/brakkeconsulting.com\/pt\/wp-json\/wp\/v2\/pages\/12029\/revisions\/26020"}],"up":[{"embeddable":true,"href":"https:\/\/brakkeconsulting.com\/pt\/wp-json\/wp\/v2\/pages\/36"}],"wp:attachment":[{"href":"https:\/\/brakkeconsulting.com\/pt\/wp-json\/wp\/v2\/media?parent=12029"}],"curies":[{"name":"wp","href":"https:\/\/api.w.org\/{rel}","templated":true}]}}