{"id":12013,"date":"2018-02-02T09:52:51","date_gmt":"2018-02-02T15:52:51","guid":{"rendered":"\/?page_id=12013"},"modified":"2018-05-21T11:13:39","modified_gmt":"2018-05-21T17:13:39","slug":"brakke-consulting-inc-u-s-animal-health-industry-webinar","status":"publish","type":"page","link":"https:\/\/brakkeconsulting.com\/pt\/our-services\/information\/industry-overview\/brakke-consulting-inc-u-s-animal-health-industry-webinar\/","title":{"rendered":"Brakke Consulting, Inc. Webinar da Ind\u00fastria de Sa\u00fade Animal"},"content":{"rendered":"<p><strong>Data:<\/strong>\u00a0<strong>ter\u00e7a-feira, 22 de maio de 2018<\/strong><br \/>\n<strong>Hor\u00e1rio: 10:00 \u2013 12:00 CDT<br \/>\nCusto: $395 por participante<\/strong><\/p>\n<p>Um webinar especial de duas horas sobre a turbul\u00eancia que afeta a ind\u00fastria global de sa\u00fade animal ser\u00e1 apresentado pela Brakke Consulting na ter\u00e7a-feira, 22 de maio, \u00e0s 10h CDT.<\/p>\n<p>Intitulado \u201cInd\u00fastria de Sa\u00fade Animal: Revolu\u00e7\u00e3o ou Evolu\u00e7\u00e3o?\u201d, o webinar abordar\u00e1 as principais mudan\u00e7as que afetam a ind\u00fastria e as colocar\u00e1 em perspectiva.<\/p>\n<p>Os t\u00f3picos incluem:<br \/>\n\u2022 M\u00e9tricas e crescimento do setor<br \/>\n\u2022 Motores de mudan\u00e7a<br \/>\n\u2022 Desempenho das empresas l\u00edderes<br \/>\n\u2022 Transi\u00e7\u00e3o na distribui\u00e7\u00e3o veterin\u00e1ria<br \/>\n\u2022 M\u00e9tricas e consolida\u00e7\u00e3o da pr\u00e1tica veterin\u00e1ria<br \/>\n\u2022 Inova\u00e7\u00e3o em diagn\u00f3sticos<br \/>\n\u2022 Perspectivas para 2018, 2019 e al\u00e9m<\/p>\n<p>\u201cNos \u00faltimos dias, a maior distribuidora anunciou que estava se desfazendo de seu neg\u00f3cio de sa\u00fade animal. Uma das maiores empresas de sa\u00fade animal anunciou um decl\u00ednio de 24% em seu neg\u00f3cio de alimentos para animais. Enquanto isso, a consolida\u00e7\u00e3o das pr\u00e1ticas veterin\u00e1rias continua a acelerar\u201d, diz Ron Brakke, presidente da Brakke Consulting. \u201cEssas s\u00e3o continua\u00e7\u00f5es de tend\u00eancias . . . ou mudan\u00e7as radicais na dire\u00e7\u00e3o da ind\u00fastria? Este webinar fornecer\u00e1 nossas perspectivas.\u201d<\/p>\n<p>Dois dos especialistas mais experientes de Brakke, Dr. Bob Jones e John Volk, apresentar\u00e3o o webinar. Os participantes ter\u00e3o a oportunidade de participar da discuss\u00e3o e fazer perguntas. Al\u00e9m disso, cada participante receber\u00e1 uma c\u00f3pia completa da apresenta\u00e7\u00e3o.<\/p>\n<p>As inscri\u00e7\u00f5es est\u00e3o encerradas.<\/p>\n<p>Para obter mais informa\u00e7\u00f5es, ligue para 972.243.4033 ou envie um e-mail para Jane Morgan em <a href=\"mailto:jmorgan@brakkeconsulting.com\">jmorgan@brakkeconsulting.com<\/a><\/p>","protected":false},"excerpt":{"rendered":"<p>Data: ter\u00e7a-feira, 22 de maio de 2018 Hor\u00e1rio: 10h00 - 12h00 CDT Custo: $395 por participante Um webinar especial de duas horas sobre a turbul\u00eancia que afeta a ind\u00fastria global de sa\u00fade animal ser\u00e1 apresentado pela Brakke Consulting na ter\u00e7a-feira, maio 22 \u00e0s 10h CDT. Intitulado \u201cInd\u00fastria da Sa\u00fade Animal: Revolu\u00e7\u00e3o ou Evolu\u00e7\u00e3o?\u201d, o webinar abordar\u00e1 as principais mudan\u00e7as que impactam a ind\u00fastria e as colocar\u00e1 em perspectiva. Os t\u00f3picos incluem: \u2022 M\u00e9tricas e crescimento da ind\u00fastria \u2022 Motores de mudan\u00e7a \u2022 Desempenho das empresas l\u00edderes \u2022 Transi\u00e7\u00e3o na distribui\u00e7\u00e3o veterin\u00e1ria \u2022 M\u00e9tricas e consolida\u00e7\u00e3o da pr\u00e1tica veterin\u00e1ria \u2022 Inova\u00e7\u00e3o em diagn\u00f3sticos \u2022 Perspectivas para 2018, 2019 e al\u00e9m \u201cNos \u00faltimos dias o maior distribuidor anunciou que estava se desfazendo de seu neg\u00f3cio de sa\u00fade animal. Uma das maiores empresas de sa\u00fade animal anunciou um decl\u00ednio de 24% no seu neg\u00f3cio de alimenta\u00e7\u00e3o animal. Enquanto isso, a consolida\u00e7\u00e3o das pr\u00e1ticas veterin\u00e1rias continua a acelerar\u201d, afirma Ron Brakke, presidente da Brakke Consulting. \u201cEssas s\u00e3o continua\u00e7\u00f5es de tend\u00eancias. . . ou mudan\u00e7as radicais na dire\u00e7\u00e3o da ind\u00fastria? Este webinar fornecer\u00e1 nossas perspectivas.\u201d Dois dos especialistas mais experientes da Brakke, Dr. Bob Jones e John Volk, apresentar\u00e3o o webinar. Os participantes ter\u00e3o a oportunidade de participar da discuss\u00e3o e fazer perguntas. Al\u00e9m disso, cada participante receber\u00e1 uma c\u00f3pia completa da apresenta\u00e7\u00e3o. As inscri\u00e7\u00f5es est\u00e3o encerradas. Para maiores informa\u00e7\u00f5es<\/p>\n<div class=\"view-full-post\"><a href=\"https:\/\/brakkeconsulting.com\/pt\/our-services\/information\/industry-overview\/brakke-consulting-inc-u-s-animal-health-industry-webinar\/\" class=\"view-full-post-btn\">Ver postagem completa<\/a><\/div>\n<p>;<\/p>","protected":false},"author":1,"featured_media":0,"parent":134,"menu_order":0,"comment_status":"closed","ping_status":"closed","template":"","meta":{"_acf_changed":false,"_et_pb_use_builder":"","_et_pb_old_content":"","_et_gb_content_width":"","footnotes":"","_links_to":"","_links_to_target":""},"class_list":["post-12013","page","type-page","status-publish","hentry"],"acf":[],"yoast_head":"<!-- This site is optimized with the Yoast SEO plugin v27.0 - https:\/\/yoast.com\/product\/yoast-seo-wordpress\/ -->\n<title>Brakke Consulting, Inc. animal health consultants<\/title>\n<meta name=\"description\" content=\"For over 30 years, Brakke Consulting has been the leading management consulting firm specializing in the animal health, veterinary and pet industries.\" \/>\n<meta name=\"robots\" content=\"index, follow, max-snippet:-1, max-image-preview:large, max-video-preview:-1\" \/>\n<link rel=\"canonical\" href=\"https:\/\/brakkeconsulting.com\/pt\/our-services\/information\/industry-overview\/brakke-consulting-inc-u-s-animal-health-industry-webinar\/\" \/>\n<meta property=\"og:locale\" content=\"pt_PT\" \/>\n<meta property=\"og:type\" content=\"article\" \/>\n<meta property=\"og:title\" content=\"Brakke Consulting, Inc. animal health consultants\" \/>\n<meta property=\"og:description\" content=\"For over 30 years, Brakke Consulting has been the leading management consulting firm specializing in the animal health, veterinary and pet industries.\" \/>\n<meta property=\"og:url\" content=\"https:\/\/brakkeconsulting.com\/pt\/our-services\/information\/industry-overview\/brakke-consulting-inc-u-s-animal-health-industry-webinar\/\" \/>\n<meta property=\"og:site_name\" content=\"Brakke Consulting Website\" \/>\n<meta property=\"article:modified_time\" content=\"2018-05-21T17:13:39+00:00\" \/>\n<meta name=\"twitter:card\" content=\"summary_large_image\" \/>\n<meta name=\"twitter:label1\" content=\"Tempo estimado de leitura\" \/>\n\t<meta name=\"twitter:data1\" content=\"1 minuto\" \/>\n<script type=\"application\/ld+json\" class=\"yoast-schema-graph\">{\"@context\":\"https:\/\/schema.org\",\"@graph\":[{\"@type\":\"WebPage\",\"@id\":\"https:\/\/brakkeconsulting.com\/ja\/our-services\/information\/industry-overview\/brakke-consulting-inc-u-s-animal-health-industry-webinar\/\",\"url\":\"https:\/\/brakkeconsulting.com\/ja\/our-services\/information\/industry-overview\/brakke-consulting-inc-u-s-animal-health-industry-webinar\/\",\"name\":\"Brakke Consulting, Inc. animal health consultants\",\"isPartOf\":{\"@id\":\"https:\/\/brakkeconsulting.com\/zh\/#website\"},\"datePublished\":\"2018-02-02T15:52:51+00:00\",\"dateModified\":\"2018-05-21T17:13:39+00:00\",\"description\":\"For over 30 years, Brakke Consulting has been the leading management consulting firm specializing in the animal health, veterinary and pet industries.\",\"breadcrumb\":{\"@id\":\"https:\/\/brakkeconsulting.com\/ja\/our-services\/information\/industry-overview\/brakke-consulting-inc-u-s-animal-health-industry-webinar\/#breadcrumb\"},\"inLanguage\":\"pt-PT\",\"potentialAction\":[{\"@type\":\"ReadAction\",\"target\":[\"https:\/\/brakkeconsulting.com\/ja\/our-services\/information\/industry-overview\/brakke-consulting-inc-u-s-animal-health-industry-webinar\/\"]}]},{\"@type\":\"BreadcrumbList\",\"@id\":\"https:\/\/brakkeconsulting.com\/ja\/our-services\/information\/industry-overview\/brakke-consulting-inc-u-s-animal-health-industry-webinar\/#breadcrumb\",\"itemListElement\":[{\"@type\":\"ListItem\",\"position\":1,\"name\":\"Home\",\"item\":\"https:\/\/brakkeconsulting.com\/zh\/\"},{\"@type\":\"ListItem\",\"position\":2,\"name\":\"Our Services\",\"item\":\"https:\/\/brakkeconsulting.com\/our-services\/\"},{\"@type\":\"ListItem\",\"position\":3,\"name\":\"Information\",\"item\":\"https:\/\/brakkeconsulting.com\/zh\/our-services\/information\/\"},{\"@type\":\"ListItem\",\"position\":4,\"name\":\"Industry Overview\",\"item\":\"https:\/\/brakkeconsulting.com\/ja\/our-services\/information\/industry-overview\/\"},{\"@type\":\"ListItem\",\"position\":5,\"name\":\"Brakke Consulting, Inc. Animal Health Industry Webinar\"}]},{\"@type\":\"WebSite\",\"@id\":\"https:\/\/brakkeconsulting.com\/zh\/#website\",\"url\":\"https:\/\/brakkeconsulting.com\/zh\/\",\"name\":\"Brakke Consulting Website\",\"description\":\"\",\"potentialAction\":[{\"@type\":\"SearchAction\",\"target\":{\"@type\":\"EntryPoint\",\"urlTemplate\":\"https:\/\/brakkeconsulting.com\/zh\/?s={search_term_string}\"},\"query-input\":{\"@type\":\"PropertyValueSpecification\",\"valueRequired\":true,\"valueName\":\"search_term_string\"}}],\"inLanguage\":\"pt-PT\"}]}<\/script>\n<!-- \/ Yoast SEO plugin. -->","yoast_head_json":{"title":"Brakke Consulting, Inc. consultores em sa\u00fade animal","description":"H\u00e1 mais de 30 anos, a Brakke Consulting \u00e9 a principal empresa de consultoria de gest\u00e3o especializada nos setores de sa\u00fade animal, veterin\u00e1ria e animais de estima\u00e7\u00e3o.","robots":{"index":"index","follow":"follow","max-snippet":"max-snippet:-1","max-image-preview":"max-image-preview:large","max-video-preview":"max-video-preview:-1"},"canonical":"https:\/\/brakkeconsulting.com\/pt\/our-services\/information\/industry-overview\/brakke-consulting-inc-u-s-animal-health-industry-webinar\/","og_locale":"pt_PT","og_type":"article","og_title":"Brakke Consulting, Inc. animal health consultants","og_description":"For over 30 years, Brakke Consulting has been the leading management consulting firm specializing in the animal health, veterinary and pet industries.","og_url":"https:\/\/brakkeconsulting.com\/pt\/our-services\/information\/industry-overview\/brakke-consulting-inc-u-s-animal-health-industry-webinar\/","og_site_name":"Brakke Consulting Website","article_modified_time":"2018-05-21T17:13:39+00:00","twitter_card":"summary_large_image","twitter_misc":{"Tempo estimado de leitura":"1 minuto"},"schema":{"@context":"https:\/\/schema.org","@graph":[{"@type":"WebPage","@id":"https:\/\/brakkeconsulting.com\/ja\/our-services\/information\/industry-overview\/brakke-consulting-inc-u-s-animal-health-industry-webinar\/","url":"https:\/\/brakkeconsulting.com\/ja\/our-services\/information\/industry-overview\/brakke-consulting-inc-u-s-animal-health-industry-webinar\/","name":"Brakke Consulting, Inc. consultores em sa\u00fade animal","isPartOf":{"@id":"https:\/\/brakkeconsulting.com\/zh\/#website"},"datePublished":"2018-02-02T15:52:51+00:00","dateModified":"2018-05-21T17:13:39+00:00","description":"H\u00e1 mais de 30 anos, a Brakke Consulting \u00e9 a principal empresa de consultoria de gest\u00e3o especializada nos setores de sa\u00fade animal, veterin\u00e1ria e animais de estima\u00e7\u00e3o.","breadcrumb":{"@id":"https:\/\/brakkeconsulting.com\/ja\/our-services\/information\/industry-overview\/brakke-consulting-inc-u-s-animal-health-industry-webinar\/#breadcrumb"},"inLanguage":"pt-PT","potentialAction":[{"@type":"ReadAction","target":["https:\/\/brakkeconsulting.com\/ja\/our-services\/information\/industry-overview\/brakke-consulting-inc-u-s-animal-health-industry-webinar\/"]}]},{"@type":"BreadcrumbList","@id":"https:\/\/brakkeconsulting.com\/ja\/our-services\/information\/industry-overview\/brakke-consulting-inc-u-s-animal-health-industry-webinar\/#breadcrumb","itemListElement":[{"@type":"ListItem","position":1,"name":"Home","item":"https:\/\/brakkeconsulting.com\/zh\/"},{"@type":"ListItem","position":2,"name":"Our Services","item":"https:\/\/brakkeconsulting.com\/our-services\/"},{"@type":"ListItem","position":3,"name":"Information","item":"https:\/\/brakkeconsulting.com\/zh\/our-services\/information\/"},{"@type":"ListItem","position":4,"name":"Industry Overview","item":"https:\/\/brakkeconsulting.com\/ja\/our-services\/information\/industry-overview\/"},{"@type":"ListItem","position":5,"name":"Brakke Consulting, Inc. Animal Health Industry Webinar"}]},{"@type":"WebSite","@id":"https:\/\/brakkeconsulting.com\/zh\/#website","url":"https:\/\/brakkeconsulting.com\/zh\/","name":"Site da Brakke Consulting","description":"","potentialAction":[{"@type":"SearchAction","target":{"@type":"EntryPoint","urlTemplate":"https:\/\/brakkeconsulting.com\/zh\/?s={search_term_string}"},"query-input":{"@type":"PropertyValueSpecification","valueRequired":true,"valueName":"search_term_string"}}],"inLanguage":"pt-PT"}]}},"_links":{"self":[{"href":"https:\/\/brakkeconsulting.com\/pt\/wp-json\/wp\/v2\/pages\/12013","targetHints":{"allow":["GET"]}}],"collection":[{"href":"https:\/\/brakkeconsulting.com\/pt\/wp-json\/wp\/v2\/pages"}],"about":[{"href":"https:\/\/brakkeconsulting.com\/pt\/wp-json\/wp\/v2\/types\/page"}],"author":[{"embeddable":true,"href":"https:\/\/brakkeconsulting.com\/pt\/wp-json\/wp\/v2\/users\/1"}],"replies":[{"embeddable":true,"href":"https:\/\/brakkeconsulting.com\/pt\/wp-json\/wp\/v2\/comments?post=12013"}],"version-history":[{"count":10,"href":"https:\/\/brakkeconsulting.com\/pt\/wp-json\/wp\/v2\/pages\/12013\/revisions"}],"predecessor-version":[{"id":25691,"href":"https:\/\/brakkeconsulting.com\/pt\/wp-json\/wp\/v2\/pages\/12013\/revisions\/25691"}],"up":[{"embeddable":true,"href":"https:\/\/brakkeconsulting.com\/pt\/wp-json\/wp\/v2\/pages\/134"}],"wp:attachment":[{"href":"https:\/\/brakkeconsulting.com\/pt\/wp-json\/wp\/v2\/media?parent=12013"}],"curies":[{"name":"wp","href":"https:\/\/api.w.org\/{rel}","templated":true}]}}