{"id":120,"date":"2018-01-21T22:40:29","date_gmt":"2018-01-21T22:40:29","guid":{"rendered":"\/?page_id=120"},"modified":"2022-11-30T10:44:37","modified_gmt":"2022-11-30T16:44:37","slug":"custom-search-assignments","status":"publish","type":"page","link":"https:\/\/brakkeconsulting.com\/pt\/our-services\/recruiting\/custom-search-assignments\/","title":{"rendered":"Atribui\u00e7\u00f5es de pesquisa personalizada"},"content":{"rendered":"<p>[et_pb_section fb_built=&#8221;1&#8243; fullwidth=&#8221;on&#8221; _builder_version=&#8221;4.16&#8243; inner_width_tablet=&#8221;50px&#8221; inner_max_width_tablet=&#8221;100px&#8221; inner_max_width_phone=&#8221;50px&#8221; custom_margin=&#8221;-30px|||&#8221; z_index_tablet=&#8221;500&#8243; box_shadow_horizontal_tablet=&#8221;0px&#8221; box_shadow_vertical_tablet=&#8221;0px&#8221; box_shadow_blur_tablet=&#8221;40px&#8221; box_shadow_spread_tablet=&#8221;0px&#8221; global_colors_info=&#8221;{}&#8221;][et_pb_fullwidth_header title=&#8221;Custom Search Assignments&#8221; subhead=&#8221;It\u2019s all about people \u2013 we know them&#8221; logo_image_url=&#8221;https:\/\/brakkeconsulting.com\/wp-content\/uploads\/2019\/08\/rercruiting-icon.png&#8221; module_class=&#8221;inner-header  logoimage-left custom-search-assignment&#8221; _builder_version=&#8221;4.18.0&#8243; title_level=&#8221;h3&#8243; title_font=&#8221;|600|||||||&#8221; title_text_align=&#8221;left&#8221; title_text_color=&#8221;#253f8c&#8221; title_font_size=&#8221;28px&#8221; subhead_font=&#8221;|600|||||||&#8221; subhead_text_align=&#8221;left&#8221; subhead_text_color=&#8221;#253f8c&#8221; background_color=&#8221;rgba(0,44,84,0.34)&#8221; background_image=&#8221;https:\/\/brakkeconsulting.com\/wp-content\/uploads\/2022\/11\/Depositphotos_4948057_S.jpg&#8221; background_position=&#8221;bottom_center&#8221; background_vertical_offset=&#8221;37%&#8221; custom_padding=&#8221;180px||180px|&#8221; hover_enabled=&#8221;0&#8243; z_index_tablet=&#8221;500&#8243; title_text_shadow_horizontal_length_tablet=&#8221;0px&#8221; title_text_shadow_vertical_length_tablet=&#8221;0px&#8221; title_text_shadow_blur_strength_tablet=&#8221;1px&#8221; content_text_shadow_horizontal_length_tablet=&#8221;0px&#8221; content_text_shadow_vertical_length_tablet=&#8221;0px&#8221; content_text_shadow_blur_strength_tablet=&#8221;1px&#8221; subhead_text_shadow_horizontal_length_tablet=&#8221;0px&#8221; subhead_text_shadow_vertical_length_tablet=&#8221;0px&#8221; subhead_text_shadow_blur_strength_tablet=&#8221;1px&#8221; content_link_text_shadow_horizontal_length_tablet=&#8221;0px&#8221; content_link_text_shadow_vertical_length_tablet=&#8221;0px&#8221; content_link_text_shadow_blur_strength_tablet=&#8221;1px&#8221; content_ul_text_shadow_horizontal_length_tablet=&#8221;0px&#8221; content_ul_text_shadow_vertical_length_tablet=&#8221;0px&#8221; content_ul_text_shadow_blur_strength_tablet=&#8221;1px&#8221; content_ol_text_shadow_horizontal_length_tablet=&#8221;0px&#8221; content_ol_text_shadow_vertical_length_tablet=&#8221;0px&#8221; content_ol_text_shadow_blur_strength_tablet=&#8221;1px&#8221; content_quote_text_shadow_horizontal_length_tablet=&#8221;0px&#8221; content_quote_text_shadow_vertical_length_tablet=&#8221;0px&#8221; content_quote_text_shadow_blur_strength_tablet=&#8221;1px&#8221; button_one_text_shadow_horizontal_length_tablet=&#8221;0px&#8221; button_one_text_shadow_vertical_length_tablet=&#8221;0px&#8221; button_one_text_shadow_blur_strength_tablet=&#8221;1px&#8221; button_two_text_shadow_horizontal_length_tablet=&#8221;0px&#8221; button_two_text_shadow_vertical_length_tablet=&#8221;0px&#8221; button_two_text_shadow_blur_strength_tablet=&#8221;1px&#8221; box_shadow_horizontal_tablet=&#8221;0px&#8221; box_shadow_vertical_tablet=&#8221;0px&#8221; box_shadow_blur_tablet=&#8221;40px&#8221; box_shadow_spread_tablet=&#8221;0px&#8221; box_shadow_horizontal_image_tablet=&#8221;0px&#8221; box_shadow_vertical_image_tablet=&#8221;0px&#8221; box_shadow_blur_image_tablet=&#8221;40px&#8221; box_shadow_spread_image_tablet=&#8221;0px&#8221; box_shadow_horizontal_button_one_tablet=&#8221;0px&#8221; box_shadow_vertical_button_one_tablet=&#8221;0px&#8221; box_shadow_blur_button_one_tablet=&#8221;40px&#8221; box_shadow_spread_button_one_tablet=&#8221;0px&#8221; box_shadow_horizontal_button_two_tablet=&#8221;0px&#8221; box_shadow_vertical_button_two_tablet=&#8221;0px&#8221; box_shadow_blur_button_two_tablet=&#8221;40px&#8221; box_shadow_spread_button_two_tablet=&#8221;0px&#8221; text_shadow_horizontal_length_tablet=&#8221;0px&#8221; text_shadow_vertical_length_tablet=&#8221;0px&#8221; text_shadow_blur_strength_tablet=&#8221;1px&#8221; global_colors_info=&#8221;{}&#8221; sticky_enabled=&#8221;0&#8243;][\/et_pb_fullwidth_header][\/et_pb_section][et_pb_section fb_built=&#8221;1&#8243; specialty=&#8221;on&#8221; padding_right_1=&#8221;0px&#8221; _builder_version=&#8221;4.16&#8243; inner_width_tablet=&#8221;50px&#8221; inner_max_width_tablet=&#8221;100px&#8221; inner_max_width_phone=&#8221;50px&#8221; custom_margin=&#8221;0px||0px|&#8221; custom_padding=&#8221;0px||0px|&#8221; z_index_tablet=&#8221;500&#8243; box_shadow_horizontal_tablet=&#8221;0px&#8221; box_shadow_vertical_tablet=&#8221;0px&#8221; box_shadow_blur_tablet=&#8221;40px&#8221; box_shadow_spread_tablet=&#8221;0px&#8221; global_colors_info=&#8221;{}&#8221;][et_pb_column type=&#8221;3_4&#8243; specialty_columns=&#8221;3&#8243; _builder_version=&#8221;4.16&#8243; custom_padding=&#8221;|||&#8221; global_colors_info=&#8221;{}&#8221; custom_padding__hover=&#8221;|||&#8221;][et_pb_row_inner use_custom_gutter=&#8221;on&#8221; gutter_width=&#8221;1&#8243; module_class=&#8221;left-inner-page&#8221; _builder_version=&#8221;4.16&#8243; custom_margin=&#8221;0px|0px||&#8221; custom_padding=&#8221;60px|40px||&#8221; z_index_tablet=&#8221;500&#8243; box_shadow_horizontal_tablet=&#8221;0px&#8221; box_shadow_vertical_tablet=&#8221;0px&#8221; box_shadow_blur_tablet=&#8221;40px&#8221; box_shadow_spread_tablet=&#8221;0px&#8221; global_colors_info=&#8221;{}&#8221;][et_pb_column_inner saved_specialty_column_type=&#8221;3_4&#8243; _builder_version=&#8221;4.16&#8243; custom_padding=&#8221;|||&#8221; global_colors_info=&#8221;{}&#8221; custom_padding__hover=&#8221;|||&#8221;][et_pb_text _builder_version=&#8221;4.16&#8243; header_4_line_height=&#8221;1.2em&#8221; z_index_tablet=&#8221;500&#8243; text_text_shadow_horizontal_length_tablet=&#8221;0px&#8221; text_text_shadow_vertical_length_tablet=&#8221;0px&#8221; text_text_shadow_blur_strength_tablet=&#8221;1px&#8221; link_text_shadow_horizontal_length_tablet=&#8221;0px&#8221; link_text_shadow_vertical_length_tablet=&#8221;0px&#8221; link_text_shadow_blur_strength_tablet=&#8221;1px&#8221; ul_text_shadow_horizontal_length_tablet=&#8221;0px&#8221; ul_text_shadow_vertical_length_tablet=&#8221;0px&#8221; ul_text_shadow_blur_strength_tablet=&#8221;1px&#8221; ol_text_shadow_horizontal_length_tablet=&#8221;0px&#8221; ol_text_shadow_vertical_length_tablet=&#8221;0px&#8221; ol_text_shadow_blur_strength_tablet=&#8221;1px&#8221; quote_text_shadow_horizontal_length_tablet=&#8221;0px&#8221; quote_text_shadow_vertical_length_tablet=&#8221;0px&#8221; quote_text_shadow_blur_strength_tablet=&#8221;1px&#8221; header_text_shadow_horizontal_length_tablet=&#8221;0px&#8221; header_text_shadow_vertical_length_tablet=&#8221;0px&#8221; header_text_shadow_blur_strength_tablet=&#8221;1px&#8221; header_2_text_shadow_horizontal_length_tablet=&#8221;0px&#8221; header_2_text_shadow_vertical_length_tablet=&#8221;0px&#8221; header_2_text_shadow_blur_strength_tablet=&#8221;1px&#8221; header_3_text_shadow_horizontal_length_tablet=&#8221;0px&#8221; header_3_text_shadow_vertical_length_tablet=&#8221;0px&#8221; header_3_text_shadow_blur_strength_tablet=&#8221;1px&#8221; header_4_text_shadow_horizontal_length_tablet=&#8221;0px&#8221; header_4_text_shadow_vertical_length_tablet=&#8221;0px&#8221; header_4_text_shadow_blur_strength_tablet=&#8221;1px&#8221; header_5_text_shadow_horizontal_length_tablet=&#8221;0px&#8221; header_5_text_shadow_vertical_length_tablet=&#8221;0px&#8221; header_5_text_shadow_blur_strength_tablet=&#8221;1px&#8221; header_6_text_shadow_horizontal_length_tablet=&#8221;0px&#8221; header_6_text_shadow_vertical_length_tablet=&#8221;0px&#8221; header_6_text_shadow_blur_strength_tablet=&#8221;1px&#8221; box_shadow_horizontal_tablet=&#8221;0px&#8221; box_shadow_vertical_tablet=&#8221;0px&#8221; box_shadow_blur_tablet=&#8221;40px&#8221; box_shadow_spread_tablet=&#8221;0px&#8221; global_colors_info=&#8221;{}&#8221;]<\/p>\n<p>Brakke Consulting\u2019s dedicated Executive Recruiting team is uniquely positioned to partner with animal health and nutrition companies through it\u2019s combination of unmatched industry knowledge and individualized service so that you are able to find the right person for your team.<\/p>\n<p>And finding that right person is actually getting harder, despite all the social media and work-related media, like LinkedIn, that can be accessed today.\u00a0 Our team can cut through the clutter, saving time and money, and find the right match for your important hire.\u00a0 Sometimes, you need an expert, a human to help.<\/p>\n<p><u>Our Process<\/u><\/p>\n<p>Our process begins with an in-depth meeting \u2013 in person, online, or by phone. We define your needs, both skills and experience, providing a written summary to confirm these needs. We also take the time to understand the culture of your company and learn how important cultural fit is for your company. Then the search begins. We use all tools appropriate for your search. These can include our database of resumes, inquiries on our website, <a href=\"http:\/\/www.animalhealthjobs.com\">www.animalhealthjobs.com<\/a>, and, most importantly, \u00a0our network of consultants and contacts experienced in all aspects of the animal health and nutrition industry.<\/p>\n<p>We refine the candidate list and present an agreed-upon list to you, which includes our own written summary and qualitative assessment of each candidate. That package also includes a fit and alignment description of each candidate based on a proven talent evaluative tool. We are available to help you assess, choose, make an offer to, and hire your best candidate.<\/p>\n<p><u>Services Available<\/u><\/p>\n<ul>\n<li>Position Description Writing<\/li>\n<li>Compensation Framing<\/li>\n<li>Networking, Outreach, and Recruiting<\/li>\n<li>Candidate Presentation<\/li>\n<li>Qualitative Fit and Alignment Assessment<\/li>\n<li>Offer Tendering and Negotiation<\/li>\n<\/ul>\n<p>We work with you one-on-one to ensure you hire the very best candidate based on your specific needs.<\/p>\n<p><u>What Makes Brakke Consulting Special <\/u><\/p>\n<ul>\n<li><strong>Individualized Service<\/strong> \u2013 We dedicate one Consultant to lead your search, backed up by an experienced support team. We focus only on sales and executive search in animal health and nutrition.<\/li>\n<li><strong>Industry Reach<\/strong> \u2013 Our unmatched network of consultant who specialize in a wide array of functional, species, and geographical areas is typically one or two handshakes away from most key industry individuals, including those who may not be actively seeking but might find your position attractive.<\/li>\n<li><strong>Networking Capabilities<\/strong> \u2013 We draw upon our database of almost 5,000 candidates directly from appropriate industry professionals along with our weekly newsletter subscriber list of \u00a0animal health professionals. We can also post your position on <a href=\"http:\/\/www.animalhealthjobs.com\">animalhealthjobs.com<\/a>. Each of these assets saves you valuable time and pinpointing individuals with both the <em>technical and industry experience<\/em> you seek.<\/li>\n<li><strong>Specialized Assessment Diagnostics <\/strong>\u2013 For every candidate we present, we include an insightful and vetted talent profile which helps you find the right candidate that will fit the needs of the job. \u00a0<\/li>\n<li><strong>Discretion and Confidentiality <\/strong>\u2013 For over 35 years, with hundreds of clients and projects, we have earned our reputation for safeguarding your reputation and circumstances.<\/li>\n<\/ul>\n<p>&nbsp;<\/p>\n<p>[\/et_pb_text][\/et_pb_column_inner][\/et_pb_row_inner][\/et_pb_column][et_pb_column type=&#8221;1_4&#8243; _builder_version=&#8221;4.16&#8243; custom_padding=&#8221;|||&#8221; global_colors_info=&#8221;{}&#8221; custom_padding__hover=&#8221;|||&#8221;][et_pb_sidebar area=&#8221;sidebar-1&#8243; module_class=&#8221;divi_sidebar&#8221; _builder_version=&#8221;4.18.0&#8243; _dynamic_attributes=&#8221;link_option_url&#8221; custom_padding=&#8221;|0px||&#8221; link_option_url=&#8221;@ET-DC@eyJkeW5hbWljIjp0cnVlLCJjb250ZW50IjoiaG9tZV91cmwiLCJzZXR0aW5ncyI6e319@&#8221; z_index_tablet=&#8221;500&#8243; custom_css_main_element=&#8221;border-right:none;&#8221; header_text_shadow_horizontal_length_tablet=&#8221;0px&#8221; header_text_shadow_vertical_length_tablet=&#8221;0px&#8221; header_text_shadow_blur_strength_tablet=&#8221;1px&#8221; body_text_shadow_horizontal_length_tablet=&#8221;0px&#8221; body_text_shadow_vertical_length_tablet=&#8221;0px&#8221; body_text_shadow_blur_strength_tablet=&#8221;1px&#8221; box_shadow_horizontal_tablet=&#8221;0px&#8221; box_shadow_vertical_tablet=&#8221;0px&#8221; box_shadow_blur_tablet=&#8221;40px&#8221; box_shadow_spread_tablet=&#8221;0px&#8221; text_shadow_horizontal_length_tablet=&#8221;0px&#8221; text_shadow_vertical_length_tablet=&#8221;0px&#8221; text_shadow_blur_strength_tablet=&#8221;1px&#8221; global_module=&#8221;26426&#8243; saved_tabs=&#8221;all&#8221; global_colors_info=&#8221;{}&#8221;][\/et_pb_sidebar][\/et_pb_column][\/et_pb_section]<\/p>\n","protected":false},"excerpt":{"rendered":"<p>A equipe dedicada de recrutamento de executivos da Brakke Consulting est\u00e1 exclusivamente posicionada para fazer parceria com empresas de sa\u00fade e nutri\u00e7\u00e3o animal atrav\u00e9s de sua combina\u00e7\u00e3o de conhecimento incompar\u00e1vel do setor e servi\u00e7o individualizado para que voc\u00ea seja capaz de encontrar a pessoa certa para sua equipe. E encontrar a pessoa certa est\u00e1 cada vez mais dif\u00edcil, apesar de todas as redes sociais e meios de comunica\u00e7\u00e3o relacionados com o trabalho, como o LinkedIn, que podem ser acedidos hoje em dia. Nossa equipe pode eliminar a desordem, economizando tempo e dinheiro, e encontrar a combina\u00e7\u00e3o certa para sua importante contrata\u00e7\u00e3o. \u00c0s vezes, voc\u00ea precisa de um especialista, um humano para ajudar. Nosso Processo Nosso processo come\u00e7a com uma reuni\u00e3o aprofundada \u2013 pessoalmente, online ou por telefone. Definimos as suas necessidades, tanto de compet\u00eancias como de experi\u00eancia, fornecendo um resumo escrito para confirmar essas necessidades. Tamb\u00e9m dedicamos tempo para entender a cultura da sua empresa e aprender como a adequa\u00e7\u00e3o cultural \u00e9 importante para ela. Ent\u00e3o a busca come\u00e7a. Utilizamos todas as ferramentas adequadas \u00e0 sua pesquisa. Estes podem incluir a nossa base de dados de curr\u00edculos, consultas no nosso website, www.animalhealthjobs.com, e, o mais importante, a nossa rede de consultores e contactos com experi\u00eancia em todos os aspectos da ind\u00fastria de sa\u00fade e nutri\u00e7\u00e3o animal. Refinamos a lista de candidatos e apresentamos a voc\u00ea uma lista acordada, que inclui nosso pr\u00f3prio resumo escrito e avalia\u00e7\u00e3o qualitativa de cada candidato. Esse pacote tamb\u00e9m inclui um<\/p>\n<div class=\"view-full-post\"><a href=\"https:\/\/brakkeconsulting.com\/pt\/our-services\/recruiting\/custom-search-assignments\/\" class=\"view-full-post-btn\">Ver postagem completa<\/a><\/div>\n<p>;<\/p>","protected":false},"author":1,"featured_media":0,"parent":38,"menu_order":0,"comment_status":"closed","ping_status":"closed","template":"","meta":{"_acf_changed":false,"_et_pb_use_builder":"on","_et_pb_old_content":"","_et_gb_content_width":"","footnotes":"","_links_to":"","_links_to_target":""},"class_list":["post-120","page","type-page","status-publish","hentry"],"acf":[],"yoast_head":"<!-- This site is optimized with the Yoast SEO plugin v27.0 - https:\/\/yoast.com\/product\/yoast-seo-wordpress\/ -->\n<title>Custom Search Assignments | Brakke Consulting<\/title>\n<meta name=\"description\" content=\"Brakke Consulting provides a unique resource for clients seeking qualified, experienced, proven personnel to meet the needs of their companies.\" \/>\n<meta name=\"robots\" content=\"index, follow, max-snippet:-1, max-image-preview:large, max-video-preview:-1\" \/>\n<link rel=\"canonical\" href=\"https:\/\/brakkeconsulting.com\/pt\/our-services\/recruiting\/custom-search-assignments\/\" \/>\n<meta property=\"og:locale\" content=\"pt_PT\" \/>\n<meta property=\"og:type\" content=\"article\" \/>\n<meta property=\"og:title\" content=\"Custom Search Assignments | Brakke Consulting\" \/>\n<meta property=\"og:description\" content=\"Brakke Consulting provides a unique resource for clients seeking qualified, experienced, proven personnel to meet the needs of their companies.\" \/>\n<meta property=\"og:url\" content=\"https:\/\/brakkeconsulting.com\/pt\/our-services\/recruiting\/custom-search-assignments\/\" \/>\n<meta property=\"og:site_name\" content=\"Brakke Consulting Website\" \/>\n<meta property=\"article:modified_time\" content=\"2022-11-30T16:44:37+00:00\" \/>\n<meta name=\"twitter:card\" content=\"summary_large_image\" \/>\n<meta name=\"twitter:label1\" content=\"Tempo estimado de leitura\" \/>\n\t<meta name=\"twitter:data1\" content=\"3 minutos\" \/>\n<script type=\"application\/ld+json\" class=\"yoast-schema-graph\">{\"@context\":\"https:\/\/schema.org\",\"@graph\":[{\"@type\":\"WebPage\",\"@id\":\"https:\/\/brakkeconsulting.com\/our-services\/recruiting\/custom-search-assignments\/\",\"url\":\"https:\/\/brakkeconsulting.com\/our-services\/recruiting\/custom-search-assignments\/\",\"name\":\"Custom Search Assignments | Brakke Consulting\",\"isPartOf\":{\"@id\":\"https:\/\/brakkeconsulting.com\/pt\/#website\"},\"datePublished\":\"2018-01-21T22:40:29+00:00\",\"dateModified\":\"2022-11-30T16:44:37+00:00\",\"description\":\"Brakke Consulting provides a unique resource for clients seeking qualified, experienced, proven personnel to meet the needs of their companies.\",\"breadcrumb\":{\"@id\":\"https:\/\/brakkeconsulting.com\/our-services\/recruiting\/custom-search-assignments\/#breadcrumb\"},\"inLanguage\":\"pt-PT\",\"potentialAction\":[{\"@type\":\"ReadAction\",\"target\":[\"https:\/\/brakkeconsulting.com\/our-services\/recruiting\/custom-search-assignments\/\"]}]},{\"@type\":\"BreadcrumbList\",\"@id\":\"https:\/\/brakkeconsulting.com\/our-services\/recruiting\/custom-search-assignments\/#breadcrumb\",\"itemListElement\":[{\"@type\":\"ListItem\",\"position\":1,\"name\":\"Home\",\"item\":\"https:\/\/brakkeconsulting.com\/pt\/\"},{\"@type\":\"ListItem\",\"position\":2,\"name\":\"Our Services\",\"item\":\"https:\/\/brakkeconsulting.com\/our-services\/\"},{\"@type\":\"ListItem\",\"position\":3,\"name\":\"Recruiting\",\"item\":\"https:\/\/brakkeconsulting.com\/our-services\/recruiting\/\"},{\"@type\":\"ListItem\",\"position\":4,\"name\":\"Custom Search Assignments\"}]},{\"@type\":\"WebSite\",\"@id\":\"https:\/\/brakkeconsulting.com\/pt\/#website\",\"url\":\"https:\/\/brakkeconsulting.com\/pt\/\",\"name\":\"Brakke Consulting Website\",\"description\":\"\",\"potentialAction\":[{\"@type\":\"SearchAction\",\"target\":{\"@type\":\"EntryPoint\",\"urlTemplate\":\"https:\/\/brakkeconsulting.com\/pt\/?s={search_term_string}\"},\"query-input\":{\"@type\":\"PropertyValueSpecification\",\"valueRequired\":true,\"valueName\":\"search_term_string\"}}],\"inLanguage\":\"pt-PT\"}]}<\/script>\n<!-- \/ Yoast SEO plugin. -->","yoast_head_json":{"title":"Projetos de Busca Personalizados | Brakke Consulting","description":"A Brakke Consulting oferece um recurso exclusivo para clientes que buscam pessoal qualificado, experiente e com hist\u00f3rico comprovado para atender \u00e0s necessidades de suas empresas.","robots":{"index":"index","follow":"follow","max-snippet":"max-snippet:-1","max-image-preview":"max-image-preview:large","max-video-preview":"max-video-preview:-1"},"canonical":"https:\/\/brakkeconsulting.com\/pt\/our-services\/recruiting\/custom-search-assignments\/","og_locale":"pt_PT","og_type":"article","og_title":"Custom Search Assignments | Brakke Consulting","og_description":"Brakke Consulting provides a unique resource for clients seeking qualified, experienced, proven personnel to meet the needs of their companies.","og_url":"https:\/\/brakkeconsulting.com\/pt\/our-services\/recruiting\/custom-search-assignments\/","og_site_name":"Brakke Consulting Website","article_modified_time":"2022-11-30T16:44:37+00:00","twitter_card":"summary_large_image","twitter_misc":{"Tempo estimado de leitura":"3 minutos"},"schema":{"@context":"https:\/\/schema.org","@graph":[{"@type":"WebPage","@id":"https:\/\/brakkeconsulting.com\/our-services\/recruiting\/custom-search-assignments\/","url":"https:\/\/brakkeconsulting.com\/our-services\/recruiting\/custom-search-assignments\/","name":"Projetos de Busca Personalizados | Brakke Consulting","isPartOf":{"@id":"https:\/\/brakkeconsulting.com\/pt\/#website"},"datePublished":"2018-01-21T22:40:29+00:00","dateModified":"2022-11-30T16:44:37+00:00","description":"A Brakke Consulting oferece um recurso exclusivo para clientes que buscam pessoal qualificado, experiente e com hist\u00f3rico comprovado para atender \u00e0s necessidades de suas empresas.","breadcrumb":{"@id":"https:\/\/brakkeconsulting.com\/our-services\/recruiting\/custom-search-assignments\/#breadcrumb"},"inLanguage":"pt-PT","potentialAction":[{"@type":"ReadAction","target":["https:\/\/brakkeconsulting.com\/our-services\/recruiting\/custom-search-assignments\/"]}]},{"@type":"BreadcrumbList","@id":"https:\/\/brakkeconsulting.com\/our-services\/recruiting\/custom-search-assignments\/#breadcrumb","itemListElement":[{"@type":"ListItem","position":1,"name":"Home","item":"https:\/\/brakkeconsulting.com\/pt\/"},{"@type":"ListItem","position":2,"name":"Our Services","item":"https:\/\/brakkeconsulting.com\/our-services\/"},{"@type":"ListItem","position":3,"name":"Recruiting","item":"https:\/\/brakkeconsulting.com\/our-services\/recruiting\/"},{"@type":"ListItem","position":4,"name":"Custom Search Assignments"}]},{"@type":"WebSite","@id":"https:\/\/brakkeconsulting.com\/pt\/#website","url":"https:\/\/brakkeconsulting.com\/pt\/","name":"Site da Brakke Consulting","description":"","potentialAction":[{"@type":"SearchAction","target":{"@type":"EntryPoint","urlTemplate":"https:\/\/brakkeconsulting.com\/pt\/?s={search_term_string}"},"query-input":{"@type":"PropertyValueSpecification","valueRequired":true,"valueName":"search_term_string"}}],"inLanguage":"pt-PT"}]}},"_links":{"self":[{"href":"https:\/\/brakkeconsulting.com\/pt\/wp-json\/wp\/v2\/pages\/120","targetHints":{"allow":["GET"]}}],"collection":[{"href":"https:\/\/brakkeconsulting.com\/pt\/wp-json\/wp\/v2\/pages"}],"about":[{"href":"https:\/\/brakkeconsulting.com\/pt\/wp-json\/wp\/v2\/types\/page"}],"author":[{"embeddable":true,"href":"https:\/\/brakkeconsulting.com\/pt\/wp-json\/wp\/v2\/users\/1"}],"replies":[{"embeddable":true,"href":"https:\/\/brakkeconsulting.com\/pt\/wp-json\/wp\/v2\/comments?post=120"}],"version-history":[{"count":18,"href":"https:\/\/brakkeconsulting.com\/pt\/wp-json\/wp\/v2\/pages\/120\/revisions"}],"predecessor-version":[{"id":31478,"href":"https:\/\/brakkeconsulting.com\/pt\/wp-json\/wp\/v2\/pages\/120\/revisions\/31478"}],"up":[{"embeddable":true,"href":"https:\/\/brakkeconsulting.com\/pt\/wp-json\/wp\/v2\/pages\/38"}],"wp:attachment":[{"href":"https:\/\/brakkeconsulting.com\/pt\/wp-json\/wp\/v2\/media?parent=120"}],"curies":[{"name":"wp","href":"https:\/\/api.w.org\/{rel}","templated":true}]}}