{"id":11868,"date":"2018-01-24T19:11:30","date_gmt":"2018-01-25T01:11:30","guid":{"rendered":"\/events\/categories\/"},"modified":"2018-01-24T19:11:30","modified_gmt":"2018-01-25T01:11:30","slug":"categories","status":"publish","type":"page","link":"https:\/\/brakkeconsulting.com\/pt\/events\/categories\/","title":{"rendered":"Categorias"},"content":{"rendered":"<p>CONTE\u00daDO<\/p>","protected":false},"excerpt":{"rendered":"<p>CONTE\u00daDO<\/p>","protected":false},"author":1,"featured_media":0,"parent":11866,"menu_order":0,"comment_status":"closed","ping_status":"closed","template":"","meta":{"_acf_changed":false,"_et_pb_use_builder":"","_et_pb_old_content":"","_et_gb_content_width":"","footnotes":"","_links_to":"","_links_to_target":""},"class_list":["post-11868","page","type-page","status-publish","hentry"],"acf":[],"yoast_head":"<!-- This site is optimized with the Yoast SEO plugin v27.0 - https:\/\/yoast.com\/product\/yoast-seo-wordpress\/ -->\n<title>Brakke Consulting, Inc. animal health consultants<\/title>\n<meta name=\"description\" content=\"For over 30 years, Brakke Consulting has been the leading management consulting firm specializing in the animal health, veterinary and pet industries.\" \/>\n<meta name=\"robots\" content=\"index, follow, max-snippet:-1, max-image-preview:large, max-video-preview:-1\" \/>\n<link rel=\"canonical\" href=\"https:\/\/brakkeconsulting.com\/pt\/events\/categories\/\" \/>\n<meta property=\"og:locale\" content=\"pt_PT\" \/>\n<meta property=\"og:type\" content=\"article\" \/>\n<meta property=\"og:title\" content=\"Brakke Consulting, Inc. animal health consultants\" \/>\n<meta property=\"og:description\" content=\"For over 30 years, Brakke Consulting has been the leading management consulting firm specializing in the animal health, veterinary and pet industries.\" \/>\n<meta property=\"og:url\" content=\"https:\/\/brakkeconsulting.com\/pt\/events\/categories\/\" \/>\n<meta property=\"og:site_name\" content=\"Brakke Consulting Website\" \/>\n<meta name=\"twitter:card\" content=\"summary_large_image\" \/>\n<script type=\"application\/ld+json\" class=\"yoast-schema-graph\">{\"@context\":\"https:\/\/schema.org\",\"@graph\":[{\"@type\":\"WebPage\",\"@id\":\"https:\/\/brakkeconsulting.com\/events\/categories\/\",\"url\":\"https:\/\/brakkeconsulting.com\/events\/categories\/\",\"name\":\"Brakke Consulting, Inc. animal health consultants\",\"isPartOf\":{\"@id\":\"https:\/\/brakkeconsulting.com\/#website\"},\"datePublished\":\"2018-01-25T01:11:30+00:00\",\"description\":\"For over 30 years, Brakke Consulting has been the leading management consulting firm specializing in the animal health, veterinary and pet industries.\",\"breadcrumb\":{\"@id\":\"https:\/\/brakkeconsulting.com\/events\/categories\/#breadcrumb\"},\"inLanguage\":\"pt-PT\",\"potentialAction\":[{\"@type\":\"ReadAction\",\"target\":[\"https:\/\/brakkeconsulting.com\/events\/categories\/\"]}]},{\"@type\":\"BreadcrumbList\",\"@id\":\"https:\/\/brakkeconsulting.com\/events\/categories\/#breadcrumb\",\"itemListElement\":[{\"@type\":\"ListItem\",\"position\":1,\"name\":\"Home\",\"item\":\"https:\/\/brakkeconsulting.com\/\"},{\"@type\":\"ListItem\",\"position\":2,\"name\":\"Events\",\"item\":\"https:\/\/brakkeconsulting.com\/events\/\"},{\"@type\":\"ListItem\",\"position\":3,\"name\":\"Categories\"}]},{\"@type\":\"WebSite\",\"@id\":\"https:\/\/brakkeconsulting.com\/#website\",\"url\":\"https:\/\/brakkeconsulting.com\/\",\"name\":\"Brakke Consulting Website\",\"description\":\"\",\"potentialAction\":[{\"@type\":\"SearchAction\",\"target\":{\"@type\":\"EntryPoint\",\"urlTemplate\":\"https:\/\/brakkeconsulting.com\/?s={search_term_string}\"},\"query-input\":{\"@type\":\"PropertyValueSpecification\",\"valueRequired\":true,\"valueName\":\"search_term_string\"}}],\"inLanguage\":\"pt-PT\"}]}<\/script>\n<!-- \/ Yoast SEO plugin. -->","yoast_head_json":{"title":"Brakke Consulting, Inc. consultores em sa\u00fade animal","description":"H\u00e1 mais de 30 anos, a Brakke Consulting \u00e9 a principal empresa de consultoria de gest\u00e3o especializada nos setores de sa\u00fade animal, veterin\u00e1ria e animais de estima\u00e7\u00e3o.","robots":{"index":"index","follow":"follow","max-snippet":"max-snippet:-1","max-image-preview":"max-image-preview:large","max-video-preview":"max-video-preview:-1"},"canonical":"https:\/\/brakkeconsulting.com\/pt\/events\/categories\/","og_locale":"pt_PT","og_type":"article","og_title":"Brakke Consulting, Inc. animal health consultants","og_description":"For over 30 years, Brakke Consulting has been the leading management consulting firm specializing in the animal health, veterinary and pet industries.","og_url":"https:\/\/brakkeconsulting.com\/pt\/events\/categories\/","og_site_name":"Brakke Consulting Website","twitter_card":"summary_large_image","schema":{"@context":"https:\/\/schema.org","@graph":[{"@type":"WebPage","@id":"https:\/\/brakkeconsulting.com\/events\/categories\/","url":"https:\/\/brakkeconsulting.com\/events\/categories\/","name":"Brakke Consulting, Inc. consultores em sa\u00fade animal","isPartOf":{"@id":"https:\/\/brakkeconsulting.com\/#website"},"datePublished":"2018-01-25T01:11:30+00:00","description":"H\u00e1 mais de 30 anos, a Brakke Consulting \u00e9 a principal empresa de consultoria de gest\u00e3o especializada nos setores de sa\u00fade animal, veterin\u00e1ria e animais de estima\u00e7\u00e3o.","breadcrumb":{"@id":"https:\/\/brakkeconsulting.com\/events\/categories\/#breadcrumb"},"inLanguage":"pt-PT","potentialAction":[{"@type":"ReadAction","target":["https:\/\/brakkeconsulting.com\/events\/categories\/"]}]},{"@type":"BreadcrumbList","@id":"https:\/\/brakkeconsulting.com\/events\/categories\/#breadcrumb","itemListElement":[{"@type":"ListItem","position":1,"name":"Home","item":"https:\/\/brakkeconsulting.com\/"},{"@type":"ListItem","position":2,"name":"Events","item":"https:\/\/brakkeconsulting.com\/events\/"},{"@type":"ListItem","position":3,"name":"Categories"}]},{"@type":"WebSite","@id":"https:\/\/brakkeconsulting.com\/#website","url":"https:\/\/brakkeconsulting.com\/","name":"Site da Brakke Consulting","description":"","potentialAction":[{"@type":"SearchAction","target":{"@type":"EntryPoint","urlTemplate":"https:\/\/brakkeconsulting.com\/?s={search_term_string}"},"query-input":{"@type":"PropertyValueSpecification","valueRequired":true,"valueName":"search_term_string"}}],"inLanguage":"pt-PT"}]}},"_links":{"self":[{"href":"https:\/\/brakkeconsulting.com\/pt\/wp-json\/wp\/v2\/pages\/11868","targetHints":{"allow":["GET"]}}],"collection":[{"href":"https:\/\/brakkeconsulting.com\/pt\/wp-json\/wp\/v2\/pages"}],"about":[{"href":"https:\/\/brakkeconsulting.com\/pt\/wp-json\/wp\/v2\/types\/page"}],"author":[{"embeddable":true,"href":"https:\/\/brakkeconsulting.com\/pt\/wp-json\/wp\/v2\/users\/1"}],"replies":[{"embeddable":true,"href":"https:\/\/brakkeconsulting.com\/pt\/wp-json\/wp\/v2\/comments?post=11868"}],"version-history":[{"count":0,"href":"https:\/\/brakkeconsulting.com\/pt\/wp-json\/wp\/v2\/pages\/11868\/revisions"}],"up":[{"embeddable":true,"href":"https:\/\/brakkeconsulting.com\/pt\/wp-json\/wp\/v2\/pages\/11866"}],"wp:attachment":[{"href":"https:\/\/brakkeconsulting.com\/pt\/wp-json\/wp\/v2\/media?parent=11868"}],"curies":[{"name":"wp","href":"https:\/\/api.w.org\/{rel}","templated":true}]}}